{"id":15,"date":"2016-04-05T15:39:47","date_gmt":"2016-04-05T15:39:47","guid":{"rendered":"https:\/\/tecnologia.ufpr.br\/cceq\/?page_id=15"},"modified":"2017-11-24T18:36:16","modified_gmt":"2017-11-24T20:36:16","slug":"comissao-organizadora-de-estagio","status":"publish","type":"page","link":"https:\/\/tecnologia.ufpr.br\/cceq\/comissao-organizadora-de-estagio","title":{"rendered":"COE"},"content":{"rendered":"<h2><span style=\"color: #000080\">\u00a0Comiss\u00e3o Orientadora do Est\u00e1gio<\/span><\/h2>\n<blockquote><p><span style=\"color: #000000;font-size: 14pt\"><strong>Todo contrato de est\u00e1gio (obrigat\u00f3rio ou n\u00e3o obrigat\u00f3rio) deve ser avaliado pela COE e assinado por um de seus membros antes do coordenador do curso.\u00a0\u00a0A COE ir\u00e1 avaliar a qualidade e adequa\u00e7\u00e3o do plano de est\u00e1gio do aluno.<\/strong><\/span><\/p><\/blockquote>\n<h2><span style=\"color: #000080\">Coordenador de Est\u00e1gio<\/span><\/h2>\n<ul>\n<li><span style=\"color: #000000\"><strong>Prof. Dr. Arion Zandon\u00e1 Filho<\/strong><\/span><\/li>\n<li>e-mail institucional : <a href=\"mailto:a.zandona@ufpr.br\" target=\"_blank\" rel=\"noopener\">a.zandona@ufpr.br<\/a><\/li>\n<li>telefone: \u00a0(041) 3361 &#8211; 3574<\/li>\n<\/ul>\n<h2><span style=\"color: #000080\">Membros da COE: Comiss\u00e3o Orientadora de Est\u00e1gio do DEQ\/UFPR<\/span><\/h2>\n<hr \/>\n<p><strong><span style=\"color: #000000\">Representantes:\u00a0<\/span><\/strong>\u00a0<a href=\"https:\/\/tecnologia.ufpr.br\/cceq\/wp-content\/uploads\/sites\/5\/2016\/04\/image2016-09-22-133203.pdf\" target=\"_blank\" rel=\"noopener\">Portaria da Nomea\u00e7\u00e3o<\/a>\u00a0.\u00a0<span style=\"text-decoration: underline\"><strong>\u00a0Vig\u00eancia : 16\/09\/2016 a 16\/09\/2018<\/strong><\/span><\/p>\n<ul>\n<li><span style=\"color: #000000\"><strong>Prof. Dr. Arion Zandona Filho \u00a0 e-mail:\u00a0<a href=\"mailto:a.zandona@ufpr.br\" target=\"_blank\" rel=\"noopener\">a.zandona@ufpr.br<\/a>\u00a0 \u00a0, ramal 041 3361 3574<\/strong><\/span><\/li>\n<li><span style=\"color: #000000\"><strong>Profa. Dra. Arislete Dantas de Aquino \u00a0e-mail:\u00a0<a style=\"color: #000000\" href=\"mailto:arislete@ufpr.br\">arislete@ufpr.br<\/a>, ramal 041 \u00a03361-3577<\/strong><\/span><\/li>\n<li><span style=\"color: #000000\"><strong>Prof. Dr. Luiz Fernando de Lima Luz Junior \u00a0 e-mail:\u00a0<a style=\"color: #000000\" href=\"mailto:luzjr@ufpr.br\">luzjr@ufpr.br<\/a>, ramal : \u00a0041 3361 &#8211; 3581<\/strong><\/span><\/li>\n<li><span style=\"color: #000000\"><strong>Profa. Dra. Miryam Lorena M. N. Cerutti &#8211; e-mail:\u00a0<a style=\"color: #000000\" href=\"mailto:loremnc@ufpr.br\" target=\"_blank\" rel=\"noopener\">loremnc@ufpr.br <\/a>ramal: \u00a0041 3361-3562<\/strong><\/span><\/li>\n<\/ul>\n<h4><\/h4>\n<h4><span style=\"color: #000080\">Atribui\u00e7\u00f5es\/Fun\u00e7\u00f5es da COE<\/span><\/h4>\n<hr \/>\n<p>Segundo\u00a0RESOLU\u00c7\u00c3O N\u00ba 46\/10-CEPE<\/p>\n<p>Art. 16. Cada colegiado de curso contar\u00e1 com uma Comiss\u00e3o Orientadora de Est\u00e1gios (COE), composta de professores indicados pelos departamentos respons\u00e1veis pelo curso a que se refere, com mandatos vari\u00e1veis de um a dois anos, de acordo com o que for fixado pelo colegiado de curso.<\/p>\n<p><span style=\"color: #0000ff\"><strong>Compete \u00e0 COE:<\/strong><\/span><\/p>\n<ul>\n<li>I- planejar e avaliar as atividades referentes aos est\u00e1gios (obrigat\u00f3rios e n\u00e3o-obrigat\u00f3rios), de conformidade com os planos did\u00e1ticos dos professores orientadores, de forma a garantir o cumprimento das diretrizes gerais do est\u00e1gio na UFPR;<\/li>\n<li>II- representar-se junto ao colegiado de curso a fim de articular a defini\u00e7\u00e3o de pol\u00edticas de desenvolvimento, acompanhamento e avalia\u00e7\u00e3o do est\u00e1gio junto ao curso;<\/li>\n<li>III- contatar as institui\u00e7\u00f5es concedentes de est\u00e1gio para an\u00e1lise de condi\u00e7\u00f5es do campo e das informa\u00e7\u00f5es quanto \u00e0 celebra\u00e7\u00e3o de conv\u00eanios, quando necess\u00e1rios, e\/ou celebra\u00e7\u00e3o de acordos de coopera\u00e7\u00e3o espec\u00edficos ao curso que lhe seja afeto; e<\/li>\n<li>IV- manter fluxo de informa\u00e7\u00f5es relativas ao acompanhamento e desenvolvimento dos est\u00e1gios em processo, bem como assegurar a socializa\u00e7\u00e3o de informa\u00e7\u00f5es junto \u00e0s coordena\u00e7\u00f5es de curso e ao campo de est\u00e1gio.<\/li>\n<\/ul>\n<p>&nbsp;<\/p>\n<ul>\n<li>Em rela\u00e7\u00e3o ao Est\u00e1gio, compete aos <strong>Colegiados de Curso:<\/strong><\/li>\n<li>I- aprovar a regulamenta\u00e7\u00e3o espec\u00edfica para os est\u00e1gios obrigat\u00f3rios e n\u00e3o obrigat\u00f3rios no \u00e2mbito do respectivo curso, elaborada pelas comiss\u00f5es orientadoras de est\u00e1gio com a participa\u00e7\u00e3o dos professores orientadores;<\/li>\n<li>e II- supervisionar a execu\u00e7\u00e3o e o desenvolvimento dos est\u00e1gios no \u00e2mbito do respectivo curso.<\/li>\n<\/ul>\n<hr \/>\n<h3><\/h3>\n<hr \/>\n<p><em>\u00a9 2016\/2017 Elaine Vosniak Takeshita DEQ\/UFPR<a id=\"\u00a9 2016\/2017 Elaine Vosniak Takeshita DEQ\/UFPR\"><\/a><\/em><\/p>\n<hr \/>\n<p>&nbsp;<\/p>\n","protected":false},"excerpt":{"rendered":"<p>\u00a0Comiss\u00e3o Orientadora do Est\u00e1gio Todo contrato de est\u00e1gio (obrigat\u00f3rio ou n\u00e3o obrigat\u00f3rio) deve ser avaliado pela COE e assinado por um de seus membros antes do coordenador do curso.\u00a0\u00a0A COE ir\u00e1 avaliar a qualidade e adequa\u00e7\u00e3o do plano de est\u00e1gio do aluno. Coordenador de Est\u00e1gio&#8230;<br \/><a class=\"read-more-button\" href=\"https:\/\/tecnologia.ufpr.br\/cceq\/comissao-organizadora-de-estagio\">Read more<\/a><\/p>\n","protected":false},"author":1,"featured_media":0,"parent":0,"menu_order":0,"comment_status":"closed","ping_status":"closed","template":"","meta":{"footnotes":""},"_links":{"self":[{"href":"https:\/\/tecnologia.ufpr.br\/cceq\/wp-json\/wp\/v2\/pages\/15"}],"collection":[{"href":"https:\/\/tecnologia.ufpr.br\/cceq\/wp-json\/wp\/v2\/pages"}],"about":[{"href":"https:\/\/tecnologia.ufpr.br\/cceq\/wp-json\/wp\/v2\/types\/page"}],"author":[{"embeddable":true,"href":"https:\/\/tecnologia.ufpr.br\/cceq\/wp-json\/wp\/v2\/users\/1"}],"replies":[{"embeddable":true,"href":"https:\/\/tecnologia.ufpr.br\/cceq\/wp-json\/wp\/v2\/comments?post=15"}],"version-history":[{"count":27,"href":"https:\/\/tecnologia.ufpr.br\/cceq\/wp-json\/wp\/v2\/pages\/15\/revisions"}],"predecessor-version":[{"id":2115,"href":"https:\/\/tecnologia.ufpr.br\/cceq\/wp-json\/wp\/v2\/pages\/15\/revisions\/2115"}],"wp:attachment":[{"href":"https:\/\/tecnologia.ufpr.br\/cceq\/wp-json\/wp\/v2\/media?parent=15"}],"curies":[{"name":"wp","href":"https:\/\/api.w.org\/{rel}","templated":true}]}}