{"id":1209,"date":"2016-04-27T19:21:29","date_gmt":"2016-04-27T19:21:29","guid":{"rendered":"https:\/\/tecnologia.ufpr.br\/cceq\/?page_id=1209"},"modified":"2017-11-24T19:17:58","modified_gmt":"2017-11-24T21:17:58","slug":"historico-do-curriculo","status":"publish","type":"page","link":"https:\/\/tecnologia.ufpr.br\/cceq\/historico-do-curriculo","title":{"rendered":"Hist\u00f3rico do Curr\u00edculo"},"content":{"rendered":"<p>O Curso de Engenharia Qu\u00edmica passou por reformas curriculares desde a sua cria\u00e7\u00e3o.\u00a0Veja aqui os curr\u00edculos antigos e o vigente.<\/p>\n<ul>\n<li><strong>1980 \u00a0Carga hor\u00e1ria total: 4425 horas<\/strong>\n<ul>\n<li>1986: Guia do Curso: documento completo em arquivo:\u00a0<a href=\"https:\/\/tecnologia.ufpr.br\/cceq\/wp-content\/uploads\/sites\/5\/2016\/04\/Pages-from-Guia-de-EQ-1986-Digitalizado-3.pdf\" target=\"_blank\" rel=\"noopener\">Capa Guia do Curso 1986<\/a><\/li>\n<\/ul>\n<\/li>\n<\/ul>\n<p><strong>Acesse aqui:\u00a0<a href=\"https:\/\/tecnologia.ufpr.br\/cceq\/wp-content\/uploads\/sites\/5\/2016\/04\/Curr\u00edculo-1980.pdf\" target=\"_blank\" rel=\"noopener\">Curr\u00edculo 1980<\/a><\/strong><\/p>\n<ul>\n<li><strong>1981 \u00a0Carga hor\u00e1ria total: 4635\u00a0horas<\/strong><\/li>\n<\/ul>\n<p><strong>Acesse aqui:\u00a0<a href=\"https:\/\/tecnologia.ufpr.br\/cceq\/wp-content\/uploads\/sites\/5\/2016\/04\/Curr\u00edculo-1981.pdf\" target=\"_blank\" rel=\"noopener\">Curr\u00edculo 1981<\/a><\/strong><\/p>\n<ul>\n<li><strong>1991 \u00a0Carga hor\u00e1ria total: 4350\u00a0horas<\/strong><\/li>\n<\/ul>\n<p><strong>Acesse aqui:\u00a0<a href=\"https:\/\/tecnologia.ufpr.br\/cceq\/wp-content\/uploads\/sites\/5\/2016\/04\/Curr\u00edculo-1991.pdf\" target=\"_blank\" rel=\"noopener\">Curr\u00edculo 1991<\/a><\/strong><\/p>\n<ul>\n<li><strong>2001 \u00a0Carga hor\u00e1ria total: 4030\u00a0horas<\/strong><\/li>\n<\/ul>\n<p><strong>Acesse aqui:\u00a0<a href=\"https:\/\/tecnologia.ufpr.br\/cceq\/curriculo-do-curso\/\">Curr\u00edculo 2001<\/a><\/strong><\/p>\n<p>&nbsp;<\/p>\n<p><strong>Em 2001:\u00a0<\/strong><strong>N<sup>o<\/sup>\u00a0 DE VAGAS:\u00a0 88 (oitenta e oito)\/ano entrada somente por vestibular<\/strong><\/p>\n<p><strong>Em 2008: Ades\u00e3o ao Reuni, com o aumento das vagas de ingresso por vestibular de 44 para 52 vagas por semestre<\/strong><\/p>\n<p>&nbsp;<\/p>\n<p>&nbsp;<\/p>\n<p>&nbsp;<\/p>\n<hr \/>\n<p>\u00a9 2016\/2017 Elaine Vosniak Takeshita DEQ\/UFPR<\/p>\n<hr \/>\n<p>&nbsp;<\/p>\n","protected":false},"excerpt":{"rendered":"<p>O Curso de Engenharia Qu\u00edmica passou por reformas curriculares desde a sua cria\u00e7\u00e3o.\u00a0Veja aqui os curr\u00edculos antigos e o vigente. 1980 \u00a0Carga hor\u00e1ria total: 4425 horas 1986: Guia do Curso: documento completo em arquivo:\u00a0Capa Guia do Curso 1986 Acesse aqui:\u00a0Curr\u00edculo 1980 1981 \u00a0Carga hor\u00e1ria total:&#8230;<br \/><a class=\"read-more-button\" href=\"https:\/\/tecnologia.ufpr.br\/cceq\/historico-do-curriculo\">Read more<\/a><\/p>\n","protected":false},"author":1003,"featured_media":0,"parent":0,"menu_order":0,"comment_status":"closed","ping_status":"closed","template":"","meta":{"footnotes":""},"_links":{"self":[{"href":"https:\/\/tecnologia.ufpr.br\/cceq\/wp-json\/wp\/v2\/pages\/1209"}],"collection":[{"href":"https:\/\/tecnologia.ufpr.br\/cceq\/wp-json\/wp\/v2\/pages"}],"about":[{"href":"https:\/\/tecnologia.ufpr.br\/cceq\/wp-json\/wp\/v2\/types\/page"}],"author":[{"embeddable":true,"href":"https:\/\/tecnologia.ufpr.br\/cceq\/wp-json\/wp\/v2\/users\/1003"}],"replies":[{"embeddable":true,"href":"https:\/\/tecnologia.ufpr.br\/cceq\/wp-json\/wp\/v2\/comments?post=1209"}],"version-history":[{"count":9,"href":"https:\/\/tecnologia.ufpr.br\/cceq\/wp-json\/wp\/v2\/pages\/1209\/revisions"}],"predecessor-version":[{"id":3139,"href":"https:\/\/tecnologia.ufpr.br\/cceq\/wp-json\/wp\/v2\/pages\/1209\/revisions\/3139"}],"wp:attachment":[{"href":"https:\/\/tecnologia.ufpr.br\/cceq\/wp-json\/wp\/v2\/media?parent=1209"}],"curies":[{"name":"wp","href":"https:\/\/api.w.org\/{rel}","templated":true}]}}