{"id":11,"date":"2016-04-05T15:38:37","date_gmt":"2016-04-05T15:38:37","guid":{"rendered":"https:\/\/tecnologia.ufpr.br\/cceq\/?page_id=11"},"modified":"2018-08-20T17:17:45","modified_gmt":"2018-08-20T20:17:45","slug":"colegiado","status":"publish","type":"page","link":"https:\/\/tecnologia.ufpr.br\/cceq\/colegiado","title":{"rendered":"Colegiado do Curso"},"content":{"rendered":"<p><strong>Calend\u00e1rio de Reuni\u00f5es do Colegiado de Engenharia Qu\u00edmica para 2018<\/strong><\/p>\n<p>&nbsp;<\/p>\n<p>&nbsp;<\/p>\n<p><strong>O colegiado de curso \u00e9 \u00f3rg\u00e3o de coordena\u00e7\u00e3o did\u00e1tica, destinado a elaborar e implantar a pol\u00edtica de ensino nos respectivos cursos e acompanhar a sua execu\u00e7\u00e3o, ressalvada a compet\u00eancia do CEPE- Conselho de Ensino, Pesquisa e Extens\u00e3o<\/strong>.<\/p>\n<ul>\n<li>O colegiado de curso ser\u00e1 constitu\u00eddo por um coordenador, seu presidente, por um vice-coordenador, por um docente de cada departamento que participe do respectivo ensino, e por um quinto da representa\u00e7\u00e3o discente.<\/li>\n<li>O coordenador e o vice-coordenador ser\u00e3o eleitos para um mandato de dois anos, permitida uma reelei\u00e7\u00e3o;<\/li>\n<li>Os representantes dos departamentos nos colegiados de curso ter\u00e3o mandato de um ano, podendo ser reeleitos. Cada representante de departamento ter\u00e1 um suplente escolhido na mesma ocasi\u00e3o e pelo mesmo processo.<\/li>\n<li>Os representantes do corpo discente ser\u00e3o indicados pelos \u00f3rg\u00e3os de representa\u00e7\u00e3o estudantil.<\/li>\n<\/ul>\n<blockquote>\n<h3><span style=\"color: #000080\">Atribui\u00e7\u00f5es do Colegiado (informa\u00e7\u00f5es constantes do Regimento Geral da UFPR)<\/span><\/h3>\n<\/blockquote>\n<ul>\n<li>I- exercer a coordena\u00e7\u00e3o geral do curso e fixar as diretrizes do programa did\u00e1tico e suas disciplinas;<\/li>\n<li>II- promover a integra\u00e7\u00e3o dos planos de ensino das v\u00e1rias disciplinas, elaboradas pelos departamentos, para a organiza\u00e7\u00e3o do programa did\u00e1tico do curso;<\/li>\n<li>III- orientar, coordenar e fiscalizar a atividade do curso nas disciplinas que o integram, aprovando as altera\u00e7\u00f5es que julgar necess\u00e1rias;<\/li>\n<li>IV- propor ao Conselho de Ensino, Pesquisa e Extens\u00e3o as altera\u00e7\u00f5es no curr\u00edculo do curso, bem como sugerir normas, crit\u00e9rios e provid\u00eancias em mat\u00e9ria de sua compet\u00eancia;<\/li>\n<li>V- propor a institui\u00e7\u00e3o de per\u00edodo especial;<\/li>\n<li>VI- decidir os pedidos de reop\u00e7\u00e3o e opinar na transfer\u00eancia, verificando a equival\u00eancia dos estudos feitos e indicando as disciplinas a serem adaptadas ou dispensadas, ouvidos os departamentos;<\/li>\n<li>VII- decidir pedido de dispensa de disciplina, ouvido o departamento;<\/li>\n<li>VIII- compatibilizar os pr\u00e9-requisitos e co-requisitos estabelecidos pelos departamentos, a fim de possibilitar a flexibilidade dos curr\u00edculos e evitar a seria\u00e7\u00e3o do curso;<\/li>\n<li>IX- apreciar representa\u00e7\u00e3o de aluno em mat\u00e9ria did\u00e1tica;<\/li>\n<li>X- estabelecer normas ao desempenho dos professores orientadores a serem designados pelos departamentos;<\/li>\n<li>XI- dispensar das aulas regulares o aluno participante de curso intensivo, simp\u00f3sios, semin\u00e1rios, congressos ou aulas extraordin\u00e1rias, havendo equival\u00eancia nos estudos;<\/li>\n<li>XII- cumprir as determina\u00e7\u00f5es dos \u00f3rg\u00e3os da administra\u00e7\u00e3o superior e cooperar com os servi\u00e7os de ensino e pesquisa;<\/li>\n<li>XIII- processar e decidir pedido de revalida\u00e7\u00e3o de diploma e certificado expedido por estabelecimento de ensino superior de pa\u00eds estrangeiro, salvo nos casos previstos em legisla\u00e7\u00e3o espec\u00edfica;<\/li>\n<li>XIV- instaurar procedimento e propor aplica\u00e7\u00e3o de pena disciplinar;<\/li>\n<li>XV- fixar hor\u00e1rios das disciplinas ofertadas pelos departamentos, eliminando coincid\u00eancias;<\/li>\n<li>e XVI- exercer outras atribui\u00e7\u00f5es previstas em lei, regulamento ou regimento.<\/li>\n<\/ul>\n<blockquote>\n<h3><span style=\"color: #000080\">Representa\u00e7\u00e3o Estudantil (Regimento Geral da UFPR)<\/span><\/h3>\n<\/blockquote>\n<ul>\n<li>O corpo discente ter\u00e1 representa\u00e7\u00e3o, com direito a voz e voto, nos \u00f3rg\u00e3os colegiados e comiss\u00f5es.<\/li>\n<li>A representa\u00e7\u00e3o estudantil ter\u00e1 por objeto promover a coopera\u00e7\u00e3o da comunidade acad\u00eamica e o aprimoramento da institui\u00e7\u00e3o, vedadas atividades de natureza pol\u00edtico-partid\u00e1ria.<\/li>\n<li>S\u00e3o \u00f3rg\u00e3os da representa\u00e7\u00e3o estudantil: I- o Diret\u00f3rio Central dos Estudantes da Universidade; e II- os diret\u00f3rios e centros acad\u00eamicos.<\/li>\n<li>Caber\u00e1 ao Diret\u00f3rio Central dos Estudantes a indica\u00e7\u00e3o da representa\u00e7\u00e3o junto aos \u00f3rg\u00e3os da Administra\u00e7\u00e3o Superior e aos diret\u00f3rios e centros acad\u00eamicos a representa\u00e7\u00e3o junto aos departamentos did\u00e1ticos, conselhos setoriais e colegiados de curso, atendidos os seguintes princ\u00edpios: a) nos departamentos did\u00e1ticos, dentre alunos matriculados em suas disciplinas; b) junto ao conselho setorial, dentre alunos dos cursos do respectivo setor; c) dentre alunos de cada curso, no respectivo colegiado de curso; e d) dentre alunos de todos os cursos, nos \u00f3rg\u00e3os da administra\u00e7\u00e3o superior.<\/li>\n<li>O mandato dos representantes ser\u00e1 de um ano permitida uma recondu\u00e7\u00e3o.<\/li>\n<li>Perder\u00e1 o mandato o representante que deixar de comparecer injustificadamente a tr\u00eas reuni\u00f5es consecutivas e cinco alternadas, sendo indicado novo representante para substitu\u00ed-lo pelo diret\u00f3rio competente ou centro acad\u00eamico competente.<\/li>\n<\/ul>\n<p>&nbsp;<\/p>\n<h1><\/h1>\n<p>&nbsp;<\/p>\n<p><em>\u00a9 2017 Elaine Vosniak Takeshita DEQ\/UFPR<\/em><\/p>\n","protected":false},"excerpt":{"rendered":"<p>Calend\u00e1rio de Reuni\u00f5es do Colegiado de Engenharia Qu\u00edmica para 2018 &nbsp; &nbsp; O colegiado de curso \u00e9 \u00f3rg\u00e3o de coordena\u00e7\u00e3o did\u00e1tica, destinado a elaborar e implantar a pol\u00edtica de ensino nos respectivos cursos e acompanhar a sua execu\u00e7\u00e3o, ressalvada a compet\u00eancia do CEPE- Conselho de&#8230;<br \/><a class=\"read-more-button\" href=\"https:\/\/tecnologia.ufpr.br\/cceq\/colegiado\">Read more<\/a><\/p>\n","protected":false},"author":1,"featured_media":0,"parent":0,"menu_order":0,"comment_status":"closed","ping_status":"closed","template":"","meta":{"footnotes":""},"_links":{"self":[{"href":"https:\/\/tecnologia.ufpr.br\/cceq\/wp-json\/wp\/v2\/pages\/11"}],"collection":[{"href":"https:\/\/tecnologia.ufpr.br\/cceq\/wp-json\/wp\/v2\/pages"}],"about":[{"href":"https:\/\/tecnologia.ufpr.br\/cceq\/wp-json\/wp\/v2\/types\/page"}],"author":[{"embeddable":true,"href":"https:\/\/tecnologia.ufpr.br\/cceq\/wp-json\/wp\/v2\/users\/1"}],"replies":[{"embeddable":true,"href":"https:\/\/tecnologia.ufpr.br\/cceq\/wp-json\/wp\/v2\/comments?post=11"}],"version-history":[{"count":17,"href":"https:\/\/tecnologia.ufpr.br\/cceq\/wp-json\/wp\/v2\/pages\/11\/revisions"}],"predecessor-version":[{"id":3803,"href":"https:\/\/tecnologia.ufpr.br\/cceq\/wp-json\/wp\/v2\/pages\/11\/revisions\/3803"}],"wp:attachment":[{"href":"https:\/\/tecnologia.ufpr.br\/cceq\/wp-json\/wp\/v2\/media?parent=11"}],"curies":[{"name":"wp","href":"https:\/\/api.w.org\/{rel}","templated":true}]}}