{"id":1010,"date":"2016-04-20T23:25:21","date_gmt":"2016-04-20T23:25:21","guid":{"rendered":"https:\/\/tecnologia.ufpr.br\/cceq\/?page_id=1010"},"modified":"2017-11-24T18:50:54","modified_gmt":"2017-11-24T20:50:54","slug":"conteconosco","status":"publish","type":"page","link":"https:\/\/tecnologia.ufpr.br\/cceq\/conteconosco","title":{"rendered":"ConteConosco"},"content":{"rendered":"<p>&nbsp;<\/p>\n<p>PROGRAMA DE REPRESS\u00c3O \u00c0 VIOL\u00caNCIA E A DISCRIMINA\u00c7\u00c3O NA UFPR<\/p>\n<div style=\"text-align: justify\">A UFPR acredita que o respeito \u00e9 parte insepar\u00e1vel do senso cr\u00edtico e da dignidade humana. Acredita que uma universidade deve formar cidad\u00e3os, n\u00e3o s\u00f3 profissionais. Acredita que seus valores devem expressar a certeza de uma sociedade mais justa e solid\u00e1ria. Acredita no ser humano e em nossa capacidade de transformar.<\/div>\n<div style=\"text-align: justify\"><\/div>\n<div style=\"text-align: justify\">A UFPR convida voc\u00ea tamb\u00e9m a acreditar. Por esta a\u00e7\u00e3o pioneira, comunidade acad\u00eamica e sociedade uniram as vozes para que pud\u00e9ssemos falar, sem medo ou preconceitos, sobre o que foi calado durante tanto tempo. E este \u00e9 s\u00f3 o come\u00e7o. Esta \u00e9 a oportunidade que a universidade mais antiga do Brasil abre para os espa\u00e7os que se dizem de ensino tamb\u00e9m se abram ao aprendizado de que transforma\u00e7\u00e3o social s\u00f3 acontece quando compreendemos as riquezas e as especificidades da diversidade humana.<\/div>\n<div style=\"text-align: justify\">SITE: <em><strong>\u00a0<a title=\"Conte conosco\" href=\"http:\/\/www.conteconosco.ufpr.br\/\" target=\"_blank\" rel=\"noopener\">www.conteconosco.ufpr.br<\/a><\/strong><\/em><\/div>\n<div><\/div>\n<div><strong><a href=\"http:\/\/www.conteconosco.ufpr.br\/formulario\" target=\"_blank\" rel=\"noopener\"><img loading=\"lazy\" decoding=\"async\" class=\"alignleft wp-image-71 size-full\" src=\"http:\/\/www.conteconosco.ufpr.br\/wp-content\/uploads\/2015\/08\/botao_cliqueaqui2.png\" alt=\"Quer relatar algum caso ou precisa de alguma orienta\u00e7\u00e3o? Clique aqui e acesse nossa plataforma de acolhimento.\" width=\"500\" height=\"152\" \/><\/a><\/strong><\/div>\n<div><\/div>\n<div><\/div>\n<div><\/div>\n<div><\/div>\n<div><\/div>\n<div><\/div>\n<div><\/div>\n<div><\/div>\n<div><\/div>\n<div><\/div>\n<div><\/div>\n<div><\/div>\n<div>\n<hr \/>\n<p><em>\u00a9 2016\/2017 Elaine Vosniak Takeshita DEQ\/UFPR<a id=\"\u00a9 2016\/2017 Elaine Vosniak Takeshita DEQ\/UFPR\"><\/a><\/em><\/p>\n<hr \/>\n<p>&nbsp;<\/p>\n<\/div>\n","protected":false},"excerpt":{"rendered":"<p>&nbsp; PROGRAMA DE REPRESS\u00c3O \u00c0 VIOL\u00caNCIA E A DISCRIMINA\u00c7\u00c3O NA UFPR A UFPR acredita que o respeito \u00e9 parte insepar\u00e1vel do senso cr\u00edtico e da dignidade humana. Acredita que uma universidade deve formar cidad\u00e3os, n\u00e3o s\u00f3 profissionais. Acredita que seus valores devem expressar a certeza&#8230;<br \/><a class=\"read-more-button\" href=\"https:\/\/tecnologia.ufpr.br\/cceq\/conteconosco\">Read more<\/a><\/p>\n","protected":false},"author":1003,"featured_media":0,"parent":0,"menu_order":0,"comment_status":"closed","ping_status":"closed","template":"","meta":{"footnotes":""},"_links":{"self":[{"href":"https:\/\/tecnologia.ufpr.br\/cceq\/wp-json\/wp\/v2\/pages\/1010"}],"collection":[{"href":"https:\/\/tecnologia.ufpr.br\/cceq\/wp-json\/wp\/v2\/pages"}],"about":[{"href":"https:\/\/tecnologia.ufpr.br\/cceq\/wp-json\/wp\/v2\/types\/page"}],"author":[{"embeddable":true,"href":"https:\/\/tecnologia.ufpr.br\/cceq\/wp-json\/wp\/v2\/users\/1003"}],"replies":[{"embeddable":true,"href":"https:\/\/tecnologia.ufpr.br\/cceq\/wp-json\/wp\/v2\/comments?post=1010"}],"version-history":[{"count":3,"href":"https:\/\/tecnologia.ufpr.br\/cceq\/wp-json\/wp\/v2\/pages\/1010\/revisions"}],"predecessor-version":[{"id":3110,"href":"https:\/\/tecnologia.ufpr.br\/cceq\/wp-json\/wp\/v2\/pages\/1010\/revisions\/3110"}],"wp:attachment":[{"href":"https:\/\/tecnologia.ufpr.br\/cceq\/wp-json\/wp\/v2\/media?parent=1010"}],"curies":[{"name":"wp","href":"https:\/\/api.w.org\/{rel}","templated":true}]}}