{"id":1003,"date":"2016-04-20T23:13:02","date_gmt":"2016-04-20T23:13:02","guid":{"rendered":"https:\/\/tecnologia.ufpr.br\/cceq\/?page_id=1003"},"modified":"2016-06-16T17:14:36","modified_gmt":"2016-06-16T17:14:36","slug":"ejeq","status":"publish","type":"page","link":"https:\/\/tecnologia.ufpr.br\/cceq\/ejeq","title":{"rendered":"EJEQ"},"content":{"rendered":"<p><img decoding=\"async\" class=\"alignleft\" src=\"https:\/\/scontent.cdninstagram.com\/t51.2885-15\/s320x320\/e15\/12904994_1576844772629927_1433566536_n.jpg?ig_cache_key=MTIxMzgxNzc1ODUwNDUwMzc4Nw%3D%3D.2\" alt=\"\" \/>A<strong> Empresa J\u00fanior de Engenharia Qu\u00edmica (EJEQ)<\/strong> \u00e9 uma associa\u00e7\u00e3o civil, sem fins lucrativos, constitu\u00edda e gerida exclusivamente por alunos de gradua\u00e7\u00e3o do curso de Engenharia Qu\u00edmica da UFPR, que presta servi\u00e7os e desenvolve projetos para empresas, entidades e sociedade em geral, nas suas \u00e1reas de atua\u00e7\u00e3o, sob a orienta\u00e7\u00e3o de professores e profissionais especializados.<\/p>\n<p style=\"text-align: justify\"><strong>Por que a EJEQ existe?<\/strong><\/p>\n<p style=\"text-align: justify\">A EJEQ existe para promover o desenvolvimento profissional e pessoal dos membros e complementar a forma\u00e7\u00e3o acad\u00eamica por meio da presta\u00e7\u00e3o de servi\u00e7os a custos acess\u00edveis que contribuem para o desenvolvimento da sociedade e do Movimento Empresa J\u00fanior, permitindo que o esp\u00edrito empreendedor seja cultivado atendendo \u00e0s necessidades do mercado.<\/p>\n<p style=\"text-align: justify\"><strong>Miss\u00e3o<\/strong><\/p>\n<p style=\"text-align: justify\">Ser refer\u00eancia para a sociedade e a comunidade acad\u00eamica e formar agentes transformadores da sociedade.<\/p>\n<p style=\"text-align: justify\"><strong>Vis\u00e3o<\/strong><\/p>\n<p style=\"text-align: justify\">Contar com docentes atuantes e treinar membros para o mercado de trabalho. Al\u00e9m disso, captar novos projetos e execut\u00e1-los com qualidade, consolidar parcerias mutuamente ben\u00e9ficas e fortalecer a marca da EJEQ perante a sociedade e o MEJ.<\/p>\n<p style=\"text-align: justify\"><strong>Valores<\/strong><\/p>\n<ul>\n<li>Profissionalismo<\/li>\n<li>Empreendedorismo<\/li>\n<li>Honestidade<\/li>\n<li>Foco<\/li>\n<li>Dilig\u00eancia<\/li>\n<li>Sinergia<\/li>\n<li>Pr\u00f3-atividade<\/li>\n<\/ul>\n<p><strong>Movimento Empresa J\u00fanior (MEJ)<\/strong><\/p>\n<p style=\"text-align: justify\">O Movimento Empresa J\u00fanior (MEJ) surgiu na Fran\u00e7a, em 1967, possuindo como principal objetivo complementar a forma\u00e7\u00e3o acad\u00eamica de seus participantes fornecendo experi\u00eancias pr\u00e1ticas. Na d\u00e9cada de 80 o modelo franc\u00eas consolidou-se e come\u00e7ou a se difundir internacionalmente, chegando \u00e0 Su\u00ed\u00e7a, B\u00e9lgica, Espanha, EUA e tamb\u00e9m Brasil.<\/p>\n<p style=\"text-align: justify\">Em nosso pa\u00eds o movimento chega em 1988, atrav\u00e9s da C\u00e2mara de Com\u00e9rcio Franco-Brasileira. Em 18 de Setembro de 1992 \u00e9 fundada a Empresa J\u00fanior de Engenharia Qu\u00edmica (EJEQ): \u00e9 a Empresa J\u00fanior mais antiga em funcionamento da UFPR. A EJEQ \u00e9 fundadora e federada \u00e0 FEJEPAR (Federa\u00e7\u00e3o das Empresas Juniores do Estado do Paran\u00e1) e confederada a rede Brasil J\u00fanior, composta hoje por mais de 190 Empresas Juniores que obedecem rigorosos crit\u00e9rios de qualidade jur\u00eddica.<\/p>\n<p style=\"text-align: justify\">Uma <strong>Empresa J\u00fanior<\/strong> tem como objetivos:<\/p>\n<ul style=\"text-align: justify\">\n<li>\u00a0\u00a0\u00a0 \u00a0\u00a0\u00a0 Proporcionar ao estudante aplica\u00e7\u00e3o pr\u00e1tica de conhecimentos te\u00f3ricos, relativos \u00e0 \u00e1rea de forma\u00e7\u00e3o profissional espec\u00edfica;<\/li>\n<li>\u00a0\u00a0\u00a0 \u00a0\u00a0\u00a0 Desenvolver o esp\u00edrito cr\u00edtico, anal\u00edtico e empreendedor do aluno;<\/li>\n<li>\u00a0\u00a0\u00a0 \u00a0\u00a0\u00a0 Intensificar o relacionamento empresa-universidade;<\/li>\n<li>\u00a0\u00a0\u00a0 \u00a0\u00a0\u00a0 Facilitar o ingresso de futuros profissionais no mercado, colocando-os em contato direto com o seu mercado de trabalho;<\/li>\n<li>\u00a0\u00a0\u00a0 \u00a0\u00a0\u00a0 Contribuir com a sociedade, atrav\u00e9s de presta\u00e7\u00e3o de servi\u00e7os, proporcionando ao micro, pequeno e m\u00e9dio empres\u00e1rio especialmente, um trabalho de qualidade a pre\u00e7os acess\u00edveis;<\/li>\n<\/ul>\n<p>&nbsp;<\/p>\n<hr \/>\n<p>&nbsp;<\/p>\n<blockquote>\n<h4 style=\"text-align: justify\">INFORMATIVOS EJEQ<\/h4>\n<\/blockquote>\n<ul>\n<li style=\"text-align: justify\"><a href=\"https:\/\/tecnologia.ufpr.br\/cceq\/wp-content\/uploads\/sites\/5\/2016\/04\/Informativo-Externo-MAIO-2016.pdf\" rel=\"\">Informativo Externo &#8211; MAIO 2016<\/a><\/li>\n<\/ul>\n<p>&nbsp;<\/p>\n<hr \/>\n<p style=\"text-align: justify\"><strong>EJEQ \u2013 Empresa J\u00fanior de Engenharia Qu\u00edmica<\/strong><\/p>\n<p style=\"text-align: justify\">Rua Cel. Francisco Her\u00e1clito dos Santos, n\u00b0210<\/p>\n<p style=\"text-align: justify\">Bairro Jardim das Am\u00e9ricas \u2013 Complemento: Coordena\u00e7\u00e3o de Engenharia Qu\u00edmica, Centro Polit\u00e9cnico<\/p>\n<p>CEP: 81530-000<\/p>\n<p><strong>Contato:<\/strong><\/p>\n<p>(41) 3361-3053<\/p>\n<p><a href=\"mailto:ejeq@ejeq.com.br\" target=\"_blank\">ejeq@ejeq.com.br<\/a><\/p>\n<p><a href=\"http:\/\/www.ejeq.com.br\/\" target=\"_blank\">http:\/\/www.ejeq.com.br<\/a><\/p>\n<p><a href=\"http:\/\/www.facebook.com\/ejequfpr\" target=\"_blank\">http:\/\/www.facebook.com\/ejequfpr<\/a><\/p>\n<p><a href=\"http:\/\/www.twitter.com\/ejeq\">http:\/\/www.twitter.com\/ejeq<\/a><\/p>\n","protected":false},"excerpt":{"rendered":"<p>A Empresa J\u00fanior de Engenharia Qu\u00edmica (EJEQ) \u00e9 uma associa\u00e7\u00e3o civil, sem fins lucrativos, constitu\u00edda e gerida exclusivamente por alunos de gradua\u00e7\u00e3o do curso de Engenharia Qu\u00edmica da UFPR, que presta servi\u00e7os e desenvolve projetos para empresas, entidades e sociedade em geral, nas suas \u00e1reas&#8230;<br \/><a class=\"read-more-button\" href=\"https:\/\/tecnologia.ufpr.br\/cceq\/ejeq\">Read more<\/a><\/p>\n","protected":false},"author":1003,"featured_media":0,"parent":0,"menu_order":0,"comment_status":"closed","ping_status":"closed","template":"","meta":{"footnotes":""},"_links":{"self":[{"href":"https:\/\/tecnologia.ufpr.br\/cceq\/wp-json\/wp\/v2\/pages\/1003"}],"collection":[{"href":"https:\/\/tecnologia.ufpr.br\/cceq\/wp-json\/wp\/v2\/pages"}],"about":[{"href":"https:\/\/tecnologia.ufpr.br\/cceq\/wp-json\/wp\/v2\/types\/page"}],"author":[{"embeddable":true,"href":"https:\/\/tecnologia.ufpr.br\/cceq\/wp-json\/wp\/v2\/users\/1003"}],"replies":[{"embeddable":true,"href":"https:\/\/tecnologia.ufpr.br\/cceq\/wp-json\/wp\/v2\/comments?post=1003"}],"version-history":[{"count":7,"href":"https:\/\/tecnologia.ufpr.br\/cceq\/wp-json\/wp\/v2\/pages\/1003\/revisions"}],"predecessor-version":[{"id":1940,"href":"https:\/\/tecnologia.ufpr.br\/cceq\/wp-json\/wp\/v2\/pages\/1003\/revisions\/1940"}],"wp:attachment":[{"href":"https:\/\/tecnologia.ufpr.br\/cceq\/wp-json\/wp\/v2\/media?parent=1003"}],"curies":[{"name":"wp","href":"https:\/\/api.w.org\/{rel}","templated":true}]}}