{"id":439,"date":"2016-04-13T02:23:52","date_gmt":"2016-04-13T02:23:52","guid":{"rendered":"https:\/\/tecnologia.ufpr.br\/cceq\/?page_id=439"},"modified":"2024-11-05T14:31:11","modified_gmt":"2024-11-05T17:31:11","slug":"mobilidade-academica-nacional","status":"publish","type":"page","link":"https:\/\/tecnologia.ufpr.br\/ccec\/mobilidade-academica-nacional\/","title":{"rendered":"Mobilidade Acad\u00eamica Nacional"},"content":{"rendered":"\n<p>Obs: As informa\u00e7\u00f5es abaixo foram retiradas do site da ARI e podem sofrer altera\u00e7\u00f5es com o tempo.\u00a0Para maiores detalhes entrar em contato com a ARI ( Assessoria de Rela\u00e7\u00f5es Internacionais) , site:\u00a0<a href=\"https:\/\/internacional.ufpr.br\/portal\/\" target=\"_blank\" rel=\"noreferrer noopener\">https:\/\/internacional.ufpr.br\/portal\/<\/a><\/p>\n\n\n\n<h3 class=\"wp-block-heading\"><strong>O que \u00e9?<\/strong><\/h3>\n\n\n\n<ul>\n<li>A Mobilidade Nacional \u00e9 um programa da <a href=\"http:\/\/www.andifes.org.br\/\" target=\"_blank\" rel=\"noopener\">ANDIFES<\/a>&nbsp;(Associa\u00e7\u00e3o Nacional dos Dirigentes das Institui\u00e7\u00f5es Federais de Ensino)&nbsp;que permite aos alunos de gradua\u00e7\u00e3o permanecer em uma Universidade P\u00fablica Federal parceira por um semestre. A UFPR, atrav\u00e9s do Programa Andifes de Mobilidade Acad\u00eamica,&nbsp;possui conv\u00eanio firmado com todas as Institui\u00e7\u00f5es P\u00fablicas Federais de n\u00edvel superior do Brasil. As atividades desenvolvidas no per\u00edodo de interc\u00e2mbio ser\u00e3o convalidadas na volta do aluno \u00e0 institui\u00e7\u00e3o de origem.\n<ul>\n<li>O per\u00edodo de afastamento ser\u00e1 computado no prazo de integraliza\u00e7\u00e3o do curso, e, portanto, quando retornar, o aluno estar\u00e1 automaticamente desperiodizado em rela\u00e7\u00e3o \u00e0 periodiza\u00e7\u00e3o recomendada.<\/li>\n<\/ul>\n<\/li>\n<\/ul>\n\n\n\n<h4 class=\"wp-block-heading\"><strong>Quem pode participar?<\/strong><\/h4>\n\n\n\n<ul>\n<li>As defini\u00e7\u00f5es sobre quem pode participar do programa variam de Edital para Edital. Portanto, fique atento sempre que um novo Edital \u00e9 liberado.<\/li>\n\n\n\n<li>Acesse para ver os editais de sele\u00e7\u00e3o: \u00a0<a href=\"https:\/\/internacional.ufpr.br\/portal\/\" target=\"_blank\" rel=\"noreferrer noopener\">https:\/\/internacional.ufpr.br\/portal\/<\/a><\/li>\n<\/ul>\n\n\n\n<h4 class=\"wp-block-heading\"><strong>Quais os procedimentos para alunos da UFPR?<\/strong><\/h4>\n\n\n\n<ul>\n<li>O Programa de Mobilidade Nacional segue o mesmo Edital do Programa de Mobilidade Internacional. Portanto, os requisitos s\u00e3o os mesmos. Cabe ao estudante ficar atento \u00e0s datas de lan\u00e7amento dos editais, tendo em vista que s\u00e3o duas chamadas anuais, sempre um ano antes da sa\u00edda. Ou seja, se o aluno se inscreve no segundo semestre de 2018, sua data prevista de sa\u00edda para o interc\u00e2mbio ser\u00e1 no segundo semestre de 2019.<\/li>\n<\/ul>\n\n\n\n<h4 class=\"wp-block-heading\"><strong>Qual o per\u00edodo m\u00e1ximo para realiza\u00e7\u00e3o da mobilidade?<\/strong><\/h4>\n\n\n\n<ul>\n<li>Diferente da Mobilidade Internacional, o Programa de Mobilidade Nacional tem a dura\u00e7\u00e3o m\u00e1xima de 06 meses.<\/li>\n<\/ul>\n\n\n\n<h4 class=\"wp-block-heading\"><strong>Os alunos ganham bolsa?<\/strong><\/h4>\n\n\n\n<ul>\n<li>Os alunos que t\u00eam direito a receber bolsas de estudo quando do per\u00edodo de realiza\u00e7\u00e3o da Mobilidade, receber\u00e3o estas parceladas em 6 vezes, relativamente aos 6 meses (dura\u00e7\u00e3o m\u00e1xima) do Programa. Al\u00e9m disso, \u00e9 coberto tamb\u00e9m o pre\u00e7o da passagem: at\u00e9 1000 km, \u00f4nibus, acima disso, avi\u00e3o.<\/li>\n\n\n\n<li>\u00c9 importante lembrar que os requisitos para se obter a bolsa est\u00e3o especificados nos referidos editais.<\/li>\n<\/ul>\n\n\n\n<h3 class=\"wp-block-heading\"><strong>Quais as obriga\u00e7\u00f5es do estudante da UFPR durante o per\u00edodo de interc\u00e2mbio?<\/strong><\/h3>\n\n\n\n<ul>\n<li>Os estudantes devem cursar 24 cr\u00e9ditos\/carga hor\u00e1ria m\u00ednima do seu curso. Al\u00e9m disso, ter frequ\u00eancia m\u00ednima obrigat\u00f3ria, aprova\u00e7\u00e3o nas disciplinas cursadas e apresentar relat\u00f3rio e hist\u00f3rico da Universidade de Destino \u00e0 ARI. Quest\u00f5es relacionadas a equival\u00eancias ou aproveitamento de disciplinas cabem ao estudante, que deve analis\u00e1-las junto ao Colegiado de seu curso.<\/li>\n<\/ul>\n\n\n\n<h4 class=\"wp-block-heading\"><strong>Quais os documentos necess\u00e1rios?<\/strong><\/h4>\n\n\n\n<ul>\n<li>Ap\u00f3s ser aceito pelo processo seletivo, a ARI entrar\u00e1 em contato com o estudante e disponibilizar\u00e1 a ele a lista completa dos documentos necess\u00e1rios para a realiza\u00e7\u00e3o do Programa de Interc\u00e2mbio.<\/li>\n<\/ul>\n\n\n\n<h4 class=\"wp-block-heading\"><span style=\"text-decoration: underline\"><strong>Matr\u00edcula em PC&nbsp;<\/strong><\/span><\/h4>\n\n\n\n<p>Todo o aluno UFPR que sai em Mobilidade Acad\u00eamica, independente do Programa, deve entregar pessoalmente \u00e0 Assessoria de Rela\u00e7\u00f5es Internacionais, antes de sair, o formul\u00e1rio de solicita\u00e7\u00e3o de matr\u00edcula em PC (Participa\u00e7\u00e3o de Conv\u00eanio) devidamente assinado e carimbado pelo seu Coordenador de Curso juntamente com a carta de aceite da Universidade de Destino. Isso garantir\u00e1 o v\u00ednculo do aluno &nbsp;com a Universidade Federal do Paran\u00e1 durante o processo de Mobilidade.<\/p>\n\n\n\n<p><em>Conforme descrito no mencionado documento, durante a mobilidade, o aluno dever\u00e1 estar <strong>APENAS e UNICAMENTE<\/strong> matriculado na disciplina de PC, qualquer matr\u00edcula em disciplinas regulares dever\u00e1 ser cancelada pelo aluno antes de sua sa\u00edda.<\/em><\/p>\n\n\n\n<div style=\"height:100px\" aria-hidden=\"true\" class=\"wp-block-spacer\"><\/div>\n\n\n\n<div class=\"wp-block-group is-nowrap is-layout-flex wp-container-core-group-is-layout-1 wp-block-group-is-layout-flex\">\n<p>Atualizado em:<\/p>\n\n\n<div class=\"wp-block-post-date__modified-date wp-block-post-date\"><time datetime=\"2024-11-05T14:31:11-03:00\">5 de novembro de 2024<\/time><\/div><\/div>\n","protected":false},"excerpt":{"rendered":"<p>Obs: As informa\u00e7\u00f5es abaixo foram retiradas do site da ARI e podem sofrer altera\u00e7\u00f5es com o tempo.\u00a0Para maiores detalhes entrar em contato com a ARI [&hellip;]<\/p>\n","protected":false},"author":1,"featured_media":0,"parent":0,"menu_order":0,"comment_status":"closed","ping_status":"closed","template":"","meta":{"footnotes":""},"_links":{"self":[{"href":"https:\/\/tecnologia.ufpr.br\/ccec\/wp-json\/wp\/v2\/pages\/439"}],"collection":[{"href":"https:\/\/tecnologia.ufpr.br\/ccec\/wp-json\/wp\/v2\/pages"}],"about":[{"href":"https:\/\/tecnologia.ufpr.br\/ccec\/wp-json\/wp\/v2\/types\/page"}],"author":[{"embeddable":true,"href":"https:\/\/tecnologia.ufpr.br\/ccec\/wp-json\/wp\/v2\/users\/1"}],"replies":[{"embeddable":true,"href":"https:\/\/tecnologia.ufpr.br\/ccec\/wp-json\/wp\/v2\/comments?post=439"}],"version-history":[{"count":5,"href":"https:\/\/tecnologia.ufpr.br\/ccec\/wp-json\/wp\/v2\/pages\/439\/revisions"}],"predecessor-version":[{"id":7402,"href":"https:\/\/tecnologia.ufpr.br\/ccec\/wp-json\/wp\/v2\/pages\/439\/revisions\/7402"}],"wp:attachment":[{"href":"https:\/\/tecnologia.ufpr.br\/ccec\/wp-json\/wp\/v2\/media?parent=439"}],"curies":[{"name":"wp","href":"https:\/\/api.w.org\/{rel}","templated":true}]}}