{"id":416,"date":"2016-04-13T00:44:15","date_gmt":"2016-04-13T00:44:15","guid":{"rendered":"https:\/\/tecnologia.ufpr.br\/cceq\/?page_id=416"},"modified":"2025-08-28T14:52:23","modified_gmt":"2025-08-28T17:52:23","slug":"tq015-estagio-supervisionado-integrado","status":"publish","type":"page","link":"https:\/\/tecnologia.ufpr.br\/ccec\/tq015-estagio-supervisionado-integrado\/","title":{"rendered":"EST\u00c1GIO OBRIGAT\u00d3RIO"},"content":{"rendered":"\n<p>O est\u00e1gio, conceituado como elemento curricular de car\u00e1ter formador e como um ato educativo supervisionado previsto para o Curso de Engenharia Civil, est\u00e1 regulamentado em conson\u00e2ncia com a defini\u00e7\u00e3o do perfil do profissional egresso, bem como com os objetivos para a sua forma\u00e7\u00e3o.<\/p>\n\n\n\n<p>Para cumprir o est\u00e1gio obrigat\u00f3rio \u00e9 necess\u00e1rio solicitar a matr\u00edcula nas disciplinas de est\u00e1gio supervisionado, durante o per\u00edodo de ajustes de matr\u00edcula pela coordena\u00e7\u00e3o. O per\u00edodo de matr\u00edcula em est\u00e1gio supervisionado e demais orienta\u00e7\u00f5es ser\u00e3o divulgadas pelo e-mail cadastrado no sistema SIGA e aqui na p\u00e1gina do curso.<\/p>\n\n\n\n<h2 class=\"wp-block-heading\">Per\u00edodo de solicita\u00e7\u00e3o de matr\u00edcula em Est\u00e1gio Supervisionado<\/h2>\n\n\n\n<p class=\"has-text-align-center has-medium-font-size\"><strong>N\u00e3o perca o prazo!<\/strong><\/p>\n\n\n\n<p><strong>Per\u00edodo de solicita\u00e7\u00e3o: <\/strong><mark style=\"background-color:#ffffff\" class=\"has-inline-color has-vivid-red-color\"><strong>das 6h de 05\/03\/2025 \u00e0s 23h59min de 12\/03\/2025<\/strong><\/mark><strong>,&nbsp;<\/strong>atrav\u00e9s do preenchimento de Formul\u00e1rios eletr\u00f4nicos.&nbsp;<\/p>\n\n\n\n<p><strong>Preencha atentamente<\/strong> o formul\u00e1rio de solicita\u00e7\u00e3o de matr\u00edcula em Est\u00e1gio Supervisionado. Evite a duplica\u00e7\u00e3o de registros. O formul\u00e1rio estar\u00e1 dispon\u00edvel para o preenchimento <strong>SOMENTE <\/strong>durante o per\u00edodo de solicita\u00e7\u00e3o.<\/p>\n\n\n\n<p><strong>Acesse o formul\u00e1rio:<\/strong> <a href=\"https:\/\/forms.office.com\/r\/aAMVvXVzd1\">https:\/\/forms.office.com\/r\/aAMVvXVzd1 <\/a><\/p>\n\n\n\n<p>O formul\u00e1rio \u00e9 composto de 2 (duas) se\u00e7\u00f5es:&nbsp;<\/p>\n\n\n\n<ul>\n<li><strong>Primeira se\u00e7\u00e3o:<\/strong>&nbsp;de preenchimento obrigat\u00f3rio, consiste na identifica\u00e7\u00e3o do estudante.&nbsp;<\/li>\n\n\n\n<li><strong>Segunda se\u00e7\u00e3o:<\/strong>&nbsp;de preenchimento obrigat\u00f3rio, consiste no registro e envio de sua solicita\u00e7\u00e3o.&nbsp;<\/li>\n<\/ul>\n\n\n\n<p><strong>IMPORTANTE:<\/strong>&nbsp;a secretaria ir\u00e1 receber&nbsp;<strong>apenas a primeira solicita\u00e7\u00e3o de cada estudante,&nbsp;<\/strong>confira atentamente todas as informa\u00e7\u00f5es antes de enviar resposta.&nbsp;<\/p>\n\n\n\n<p>Segue o link para consulta dos requisitos para solicita\u00e7\u00e3o de matr\u00edcula em Est\u00e1gio Supervisionado. Delibera\u00e7\u00e3o Normativas 01\/2022:&nbsp;<a href=\"https:\/\/tecnologia.ufpr.br\/ccec\/wp-content\/uploads\/sites\/32\/2022\/12\/DN-01-2022.pdf\" target=\"_blank\" rel=\"noreferrer noopener\">https:\/\/tecnologia.ufpr.br\/ccec\/wp-content\/uploads\/sites\/32\/2022\/12\/DN-01-2022.pdf<\/a>&nbsp;&nbsp;<\/p>\n\n\n\n<h2 class=\"wp-block-heading\">Disciplinas de Est\u00e1gio Supervisionado<\/h2>\n\n\n\n<p>O estudante dever\u00e1 escolher a \u00e1rea de est\u00e1gio no momento da solicita\u00e7\u00e3o de matr\u00edcula e informar a disciplina correspondente. Est\u00e3o dispon\u00edveis as seguintes disciplinas.<\/p>\n\n\n\n<figure class=\"wp-block-table\"><table><thead><tr><th colspan=\"2\">Curr\u00edculo 02B-2006 (Antigo)<\/th><\/tr><\/thead><tbody><tr><td>TC046<\/td><td>Est\u00e1gio Supervisionado em Engenharia de Constru\u00e7\u00e3o Civil (180 horas)<\/td><\/tr><tr><td>TH043<\/td><td>Est\u00e1gio Supervisionado em Engenharia de Hidr\u00e1ulica e Saneamento (180 horas)<\/td><\/tr><tr><td>TT054<\/td><td>Est\u00e1gio Supervisionado em Engenharia de Transportes (180 horas)<\/td><\/tr><\/tbody><\/table><figcaption class=\"wp-element-caption\"><strong><mark style=\"background-color:#ffffff\" class=\"has-inline-color has-vivid-red-color\">Somente poder\u00e1 se matricular na disciplina de Est\u00e1gio Obrigat\u00f3rio o aluno que tiver integralizado 2.220 horas.<\/mark><\/strong><\/figcaption><\/figure>\n\n\n\n<div style=\"height:40px\" aria-hidden=\"true\" class=\"wp-block-spacer\"><\/div>\n\n\n\n<figure class=\"wp-block-table\"><table><thead><tr><th colspan=\"2\">Curr\u00edculo 02B-2023 (Novo)<\/th><\/tr><\/thead><tbody><tr><td>TC585<\/td><td>Est\u00e1gio Supervisionado em Engenharia de Constru\u00e7\u00e3o Civil (160 horas)<\/td><\/tr><tr><td>TH585 <\/td><td>Est\u00e1gio Supervisionado em Engenharia de Hidr\u00e1ulica e Saneamento (160 horas)<\/td><\/tr><tr><td>TT585 <\/td><td>Est\u00e1gio Supervisionado em Engenharia de Transportes (160 horas)<\/td><\/tr><\/tbody><\/table><figcaption class=\"wp-element-caption\"><strong><mark style=\"background-color:#ffffff\" class=\"has-inline-color has-vivid-red-color\">Ser\u00e3o introduzidas na oferta assim que os(as) alunos(as) chegarem ao 10\u00ba per\u00edodo ou atingirem a carga hor\u00e1ria m\u00ednima para fazer est\u00e1gio supervisionado (2730 horas). Ver <a href=\"https:\/\/tecnologia.ufpr.br\/ccec\/o-curso\/\">PPC<\/a>.<\/mark><\/strong><\/figcaption><\/figure>\n\n\n\n<div style=\"height:40px\" aria-hidden=\"true\" class=\"wp-block-spacer\"><\/div>\n\n\n\n<p class=\"has-text-align-center\"><strong>Aguarde a disciplina constar em seu comprovante de matr\u00edcula. <\/strong><\/p>\n\n\n\n<div style=\"height:40px\" aria-hidden=\"true\" class=\"wp-block-spacer\"><\/div>\n\n\n\n<p>Uma vez que a disciplina estiver em seu comprovante de matr\u00edculas, envie o Termo de Compromisso de Est\u00e1gio ou Termo Aditivo assinado pelo aluno e pela empresa, Comprovante de matr\u00edcula atualizado e Formul\u00e1rio de <a href=\"https:\/\/tecnologia.ufpr.br\/ccec\/wp-content\/uploads\/sites\/32\/2023\/06\/Controle-de-horario-14-06-2023.pdf\">Controle de hor\u00e1rio de atividades acad\u00eamicas e de est\u00e1gio<\/a> preenchido e assinado. <\/p>\n\n\n\n<div style=\"height:40px\" aria-hidden=\"true\" class=\"wp-block-spacer\"><\/div>\n\n\n\n<p class=\"has-text-align-center\">O&nbsp;aluno deve <strong>obrigatoriamente<\/strong> entregar o Termo de compromisso com o plano de est\u00e1gio na Coordena\u00e7\u00e3o do seu Curso para abertura de processo junto a COAFE.<\/p>\n\n\n\n<div style=\"height:40px\" aria-hidden=\"true\" class=\"wp-block-spacer\"><\/div>\n\n\n\n<hr class=\"wp-block-separator has-alpha-channel-opacity\" \/>\n\n\n\n<h3 class=\"wp-block-heading\" style=\"font-size:24px\">Sobre o orientador de est\u00e1gio<\/h3>\n\n\n\n<div style=\"height:40px\" aria-hidden=\"true\" class=\"wp-block-spacer\"><\/div>\n\n\n\n<p class=\"has-text-align-center\"><strong><mark style=\"background-color:#ffffff\" class=\"has-inline-color has-vivid-red-color\">Sempre procure seu orientador!<\/mark><\/strong><\/p>\n\n\n\n<div style=\"height:40px\" aria-hidden=\"true\" class=\"wp-block-spacer\"><\/div>\n\n\n\n<p>Acompanhar efetivamente o desenvolvimento dos est\u00e1gios dos alunos sob sua&nbsp;responsabilidade, conforme a modalidade de orienta\u00e7\u00e3o adotada nas disciplinas de&nbsp;est\u00e1gio obrigat\u00f3rio, mediante visitas aos campos de est\u00e1gio, contatos presenciais e \/ou&nbsp;virtuais com os alunos.<\/p>\n\n\n\n<div style=\"height:40px\" aria-hidden=\"true\" class=\"wp-block-spacer\"><\/div>\n\n\n\n<hr class=\"wp-block-separator has-alpha-channel-opacity\" \/>\n\n\n\n<h3 class=\"wp-block-heading\" style=\"font-size:24px\">Para aprova\u00e7\u00e3o na disciplina de est\u00e1gio<\/h3>\n\n\n\n<p>O aluno deve: alcan\u00e7ar o m\u00ednimo de frequ\u00eancia igual a setenta e cinco por cento (75%) ou mais, conforme determinar o Regulamento de Est\u00e1gio do curso correspondente, e obter, no m\u00ednimo, o grau num\u00e9rico cinquenta (50) de m\u00e9dia aritm\u00e9tica, na escala de zero (0) a cem (100), no conjunto das tarefas formalmente definidas pelo orientador de Est\u00e1gio no Plano de Ensino da disciplina;<\/p>\n\n\n\n<div style=\"height:40px\" aria-hidden=\"true\" class=\"wp-block-spacer\"><\/div>\n\n\n\n<hr class=\"wp-block-separator has-alpha-channel-opacity\" \/>\n\n\n\n<h3 class=\"wp-block-heading\" style=\"font-size:24px\">Sobre a jornada de trabalho&nbsp;(Art. 10. da Lei do Est\u00e1gio):<\/h3>\n\n\n\n<ul>\n<li>A jornada de atividade em est\u00e1gio ser\u00e1 definida de comum acordo entre a institui\u00e7\u00e3o de ensino, a parte concedente e o aluno estagi\u00e1rio ou seu representante legal, <strong>devendo constar do termo de compromisso , ser compat\u00edvel com as atividades escolares e n\u00e3o ultrapassar:&nbsp;<\/strong>6 (seis) horas di\u00e1rias e 30 (trinta) horas semanais;&nbsp;<strong>(aplic\u00e1vel para est\u00e1gios obrigat\u00f3rios e n\u00e3o obrigat\u00f3rios).<\/strong><\/li>\n<\/ul>\n\n\n\n<div style=\"height:40px\" aria-hidden=\"true\" class=\"wp-block-spacer\"><\/div>\n\n\n\n<h2 class=\"wp-block-heading\">Documenta\u00e7\u00e3o de est\u00e1gio<\/h2>\n\n\n\n<p>Durante o per\u00edodo de est\u00e1gio, o(a) estudante dever\u00e1 estar familiarizado com a documenta\u00e7\u00e3o que poder\u00e1 ser solicitada para a realiza\u00e7\u00e3o do est\u00e1gio:<\/p>\n\n\n\n<div class=\"wp-block-columns is-layout-flex wp-container-core-columns-is-layout-1 wp-block-columns-is-layout-flex\">\n<div class=\"wp-block-column is-layout-flow wp-block-column-is-layout-flow\">\n<ul>\n<li>Termo de Compromisso<\/li>\n\n\n\n<li>Termo Aditivo<\/li>\n\n\n\n<li>Termo de Rescis\u00e3o<\/li>\n\n\n\n<li>Declara\u00e7\u00e3o de Experi\u00eancia<\/li>\n\n\n\n<li>Termo de Responsabilidade Financeira<\/li>\n\n\n\n<li>Frequ\u00eancia<\/li>\n<\/ul>\n<\/div>\n\n\n\n<div class=\"wp-block-column is-layout-flow wp-block-column-is-layout-flow\">\n<ul>\n<li>Relat\u00f3rio de Est\u00e1gio<\/li>\n\n\n\n<li>Ficha de Avalia\u00e7\u00e3o<\/li>\n\n\n\n<li>Declara\u00e7\u00e3o de Estudante-Funcion\u00e1rio<\/li>\n\n\n\n<li>Declara\u00e7\u00e3o de Parentesco<\/li>\n\n\n\n<li>Previs\u00e3o de Recesso<\/li>\n<\/ul>\n<\/div>\n<\/div>\n\n\n\n<p>A <a href=\"http:\/\/www.prograd.ufpr.br\/portal\/coafe\/ue\/\" target=\"_blank\" rel=\"noreferrer noopener\">Coordena\u00e7\u00e3o de Atividades Formativas e Est\u00e1gio &#8211; COAFE<\/a> mant\u00e9m nesse link uma breve explica\u00e7\u00e3o sobre cada documento. Al\u00e9m disso, \u00e9 poss\u00edvel realizar o preenchimento online dos documentos, caso a concedente de est\u00e1gio n\u00e3o possua modelo pr\u00f3prio.<\/p>\n\n\n\n<div style=\"height:40px\" aria-hidden=\"true\" class=\"wp-block-spacer\"><\/div>\n\n\n\n<hr class=\"wp-block-separator has-alpha-channel-opacity\" \/>\n\n\n\n<h3 class=\"wp-block-heading\">Instru\u00e7\u00f5es sobre Est\u00e1gios Obrigat\u00f3rios Nacionais &#8211; PROCEDIMENTOS GERAIS<\/h3>\n\n\n\n<hr class=\"wp-block-separator has-alpha-channel-opacity\" \/>\n\n\n\n<ol>\n<li>O(a) estudante deve enviar para <a href=\"mailto:civilsecretaria@ufpr.br\" target=\"_blank\" rel=\"noreferrer noopener\">civilsecretaria@ufpr.br<\/a>, <strong>pelo menos 10 dias \u00fateis antes da data de in\u00edcio do Termo de Compromisso de Est\u00e1gio &#8211; TCE<\/strong>:&nbsp;\n<ul>\n<li><strong>Termo de Compromisso de Est\u00e1gio &#8211; TCE<\/strong> devidamente preenchido e assinado pelo(a) aluno(a) e pela empresa (informa\u00e7\u00f5es da empresa, do aluno e do seguro).<\/li>\n\n\n\n<li><strong>Formul\u00e1rio de Controle de Hor\u00e1rio de Atividades e de est\u00e1gio<\/strong> preenchido e assinado. Dispon\u00edvel em: <a href=\"https:\/\/tecnologia.ufpr.br\/ccec\/wp-content\/uploads\/sites\/32\/2025\/05\/formulario-de-controle-de-horarios.pdf\" target=\"_blank\" rel=\"noreferrer noopener\">http:\/\/www.tecnologia.ufpr.br\/Controle-de-horarios<\/a>\u00a0<\/li>\n<\/ul>\n<\/li>\n<\/ol>\n\n\n\n<p>O(a) estudante receber\u00e1 um e-mail de confirma\u00e7\u00e3o do recebimento da documenta\u00e7\u00e3o com o n\u00famero de processo aberto no <strong>Sistema SEI<sup>*<\/sup><\/strong> para acompanhamento. Caso n\u00e3o receba esse e-mail em 24 horas, o estudante deve entrar em contato com a <a href=\"civilsecretaria@ufpr.br\" data-type=\"link\" data-id=\"civilsecretaria@ufpr.br\">Coordena\u00e7\u00e3o do Curso<\/a>.<\/p>\n\n\n\n<div class=\"wp-block-group has-cyan-bluish-gray-background-color has-background is-nowrap is-layout-flex wp-container-core-group-is-layout-1 wp-block-group-is-layout-flex\">\n<details class=\"wp-block-details is-layout-flow wp-block-details-is-layout-flow\"><summary> Sistema SEI<\/summary>\n<p>O SEI \u00e9 um sistema de gest\u00e3o de processos e documentos eletr\u00f4nicos, que permite a produ\u00e7\u00e3o, edi\u00e7\u00e3o, assinatura e tr\u00e2mite de documentos.<\/p>\n<\/details>\n<\/div>\n\n\n\n<div style=\"height:40px\" aria-hidden=\"true\" class=\"wp-block-spacer\"><\/div>\n\n\n\n<h3 class=\"wp-block-heading\" style=\"font-size:24px\">Sobre o andamento do processo:<\/h3>\n\n\n\n<ol>\n<li>Ap\u00f3s a abertura do processo no sistema SEI, o processo ser\u00e1 atribu\u00eddo ao coordenador do curso, que dever\u00e1 estar ciente e de acordo com o est\u00e1gio;&nbsp;<\/li>\n\n\n\n<li>Uma vez aprovado pelo coordenador, o processo ser\u00e1 tramitado a um dos departamentos da Engenharia Civil, onde ser\u00e1 atribu\u00eddo a um dos membros da COE que ir\u00e1 a avaliar a qualidade e adequa\u00e7\u00e3o do plano de est\u00e1gio do aluno;&nbsp;<\/li>\n\n\n\n<li>O departamento tamb\u00e9m atribuir\u00e1 o processo ao Prof. Orientador do est\u00e1gio;<\/li>\n\n\n\n<li>De volta a coordena\u00e7\u00e3o, o processo ser\u00e1 tramitado para a Unidade de est\u00e1gios &#8211; COAFE.<\/li>\n\n\n\n<li>O(A) estudante deve aguardar o despacho da COAFE &#8211; DEFERIDO (Aprovado) ou INDEFERIDO (Reprovado);<\/li>\n\n\n\n<li>Entregar uma via do Termo de compromisso Aprovado para a empresa junto aos despachos com as assinaturas coletadas.&nbsp;<\/li>\n<\/ol>\n\n\n\n<p class=\"has-text-align-center has-vivid-red-color has-white-background-color has-text-color has-background has-link-color wp-elements-142c563077ac0cd7204cdf32e27e0cc6\"><strong>A matr\u00edcula na disciplina de Est\u00e1gio Supervisionado Obrigat\u00f3rio est\u00e1 condicionada ao DEFERIMENTO do Termo de Compromisso de Est\u00e1gio Obrigat\u00f3rio pela COAFE.<\/strong><\/p>\n\n\n\n<div class=\"wp-block-group has-cyan-bluish-gray-background-color has-background\"><div class=\"wp-block-group__inner-container is-layout-constrained wp-block-group-is-layout-constrained\">\n<p class=\"has-text-align-center\"><span style=\"text-align: justify\">A matr\u00edcula ser\u00e1 realizada pela coordena\u00e7\u00e3o do curso no per\u00edodo de ajuste de matr\u00edcula.<\/span><\/p>\n\n\n\n<p class=\"has-text-align-center\"><span style=\"text-align: justify\">O estudante dever\u00e1 verificar junto ao Professor Orientador do Est\u00e1gio Obrigat\u00f3rio, definido pelo Departamento respons\u00e1vel pela disciplina escolhida pelo aluno, como ser\u00e1 realizado o acompanhamento das atividades desenvolvidas e como ser\u00e3o as avalia\u00e7\u00f5es do est\u00e1gio obrigat\u00f3rio.<\/span><\/p>\n\n\n\n<p class=\"has-text-align-center\"><span style=\"text-align: justify\">Ao final do est\u00e1gio obrigat\u00f3rio, o estudante deve elaborar o Relat\u00f3rio de Est\u00e1gio em 1 via, encaminhar para o Professor(a) Orientador(a) e enviar atrav\u00e9s de <a href=\"civilsecretaria@ufpr.br\">e-mail<\/a> para a&nbsp;secretaria do curso.<\/span><\/p>\n<\/div><\/div>\n\n\n\n<div style=\"height:40px\" aria-hidden=\"true\" class=\"wp-block-spacer\"><\/div>\n\n\n\n<hr class=\"wp-block-separator has-alpha-channel-opacity\" \/>\n\n\n\n<h3 class=\"wp-block-heading\" style=\"font-size:24px\">FIQUE ATENTO PARA DATAS E ASSINATURAS<\/h3>\n\n\n\n<p>Nos termos da Lei n\u00ba 11.788\/08, a Coordena\u00e7\u00e3o de Atividades Formativas e Est\u00e1gio &#8211; COAFE&nbsp;<strong><span style=\"color: #ff0000\">n\u00e3o aceita<\/span><\/strong> Termos de Compromisso de Est\u00e1gio sem as&nbsp;<strong>assinaturas devidamente identificadas<\/strong> (carimbo ou nome por extenso). Tamb\u00e9m n\u00e3o s\u00e3o aceitos Termos com <strong><span style=\"color: #ff0000\">data retroativa<\/span><\/strong>.<\/p>\n\n\n\n<div style=\"height:40px\" aria-hidden=\"true\" class=\"wp-block-spacer\"><\/div>\n\n\n\n<hr class=\"wp-block-separator has-alpha-channel-opacity\" \/>\n\n\n\n<h3 class=\"wp-block-heading\"><strong><span style=\"color: #000000\">COORDENA\u00c7\u00c3O DE ATIVIDADES FORMATIVAS E EST\u00c1GIOS &#8211; COAFE<\/span><\/strong><\/h3>\n\n\n\n<hr class=\"wp-block-separator has-alpha-channel-opacity\" \/>\n\n\n\n<p>\u00c9 a unidade administrativa respons\u00e1vel pela assessoria jur\u00eddica, administrativa e pedag\u00f3gica dada aos cursos de gradua\u00e7\u00e3o e educa\u00e7\u00e3o profissional, referente \u00e0 Pol\u00edtica de Est\u00e1gio e estabelecida por resolu\u00e7\u00e3o do Conselho de Ensino Pesquisa e Extens\u00e3o da UFPR, em cumprimento \u00e0 Lei n\u00ba 11.788\/08.<\/p>\n\n\n\n<p><span style=\"text-decoration: underline\"><strong>Compet\u00eancias da COAFE<\/strong><\/span>&nbsp;(<a href=\"http:\/\/www.soc.ufpr.br\/wp-content\/uploads\/2016\/07\/resolucao_cepe_19082010-477.pdf\">RESOLU\u00c7\u00c3O N\u00ba 46\/10-CEPE<\/a>):<\/p>\n\n\n\n<ul>\n<li>I &#8211; coordenar as atividades de est\u00e1gio dos cursos da UFPR junto aos \u00f3rg\u00e3os internos e externos \u00e0 Universidade;<\/li>\n<\/ul>\n\n\n\n<ul>\n<li>II &#8211; desenvolver din\u00e2mica de cadastramento de campos de est\u00e1gio j\u00e1 existentes e de novos que se venham a gerenciar, de forma a facilitar a celebra\u00e7\u00e3o de conv\u00eanios e a socializa\u00e7\u00e3o dessas informa\u00e7\u00f5es na comunidade acad\u00eamica, de conformidade com as COEs e os agentes integradores de campo de est\u00e1gio;<\/li>\n<\/ul>\n\n\n\n<ul>\n<li>III &#8211; estimular o exerc\u00edcio da compet\u00eancia t\u00e9cnica e o compromisso com a realidade cultural e sociopol\u00edtica do pa\u00eds;<\/li>\n<\/ul>\n\n\n\n<ul>\n<li>IV &#8211; manter vigil\u00e2ncia com rela\u00e7\u00e3o aos aspectos legais dos conv\u00eanios;<\/li>\n<\/ul>\n\n\n\n<ul>\n<li>V &#8211; promover o interc\u00e2mbio e a troca de experi\u00eancia entre os diferentes cursos e destes com os campos de est\u00e1gio, pela promo\u00e7\u00e3o peri\u00f3dica de f\u00f3runs de debates; e<\/li>\n\n\n\n<li>VI- divulgar de forma ampla as experi\u00eancias de est\u00e1gio, a partir de semin\u00e1rios, publica\u00e7\u00f5es e outros meios julgados apropriados pelo colegiado.<\/li>\n<\/ul>\n\n\n\n<h3 class=\"wp-block-heading\"><a href=\"https:\/\/prograp.ufpr.br\/coafe\/wp-content\/uploads\/sites\/15\/2019\/08\/Manual-de-Est%C3%A1gios-Vers%C3%A3o-Final.pdf\" target=\"_blank\" rel=\"noreferrer noopener\">MANUAL DE EST\u00c1GIOS<\/a><\/h3>\n\n\n\n<p><b>Telefones:<\/b> (41) 3310-2675 &#8211;&nbsp;&nbsp;<b>E-mail: <\/b>estagio@ufpr.br&nbsp; &#8211;&nbsp;site:&nbsp;&nbsp;<a href=\"http:\/\/www.prograd.ufpr.br\/portal\/coafe\/ue\/\" target=\"_blank\" rel=\"noreferrer noopener\">http:\/\/www.prograd.ufpr.br\/portal\/coafe\/ue\/<\/a><\/p>\n\n\n\n<p><b>Endere\u00e7o: <\/b>Pra\u00e7a Santos Andrade, n\u00ba 50 \u2013 Pr\u00e9dio Hist\u00f3rico \u2013 Curitiba &#8211; PR \u2013 CEP 80.020-300<br \/><b>Hor\u00e1rio de atendimento: <\/b>Segunda \u00e0 Sexta-feira das 08h \u00e0s 12h e das 13h \u00e0s 17h.<\/p>\n\n\n\n<div style=\"height:40px\" aria-hidden=\"true\" class=\"wp-block-spacer\"><\/div>\n\n\n\n<hr class=\"wp-block-separator has-alpha-channel-opacity\" \/>\n\n\n\n<div style=\"height:100px\" aria-hidden=\"true\" class=\"wp-block-spacer\"><\/div>\n\n\n\n<div class=\"wp-block-group is-nowrap is-layout-flex wp-container-core-group-is-layout-4 wp-block-group-is-layout-flex\">\n<div class=\"wp-block-group is-nowrap is-layout-flex wp-container-core-group-is-layout-3 wp-block-group-is-layout-flex\">\n<p>Atualizado em: <\/p>\n<\/div>\n\n\n<div class=\"wp-block-post-date__modified-date wp-block-post-date\"><time datetime=\"2025-08-28T14:52:23-03:00\">28 de agosto de 2025<\/time><\/div><\/div>\n","protected":false},"excerpt":{"rendered":"<p>O est\u00e1gio, conceituado como elemento curricular de car\u00e1ter formador e como um ato educativo supervisionado previsto para o Curso de Engenharia Civil, est\u00e1 regulamentado em [&hellip;]<\/p>\n","protected":false},"author":1,"featured_media":0,"parent":0,"menu_order":0,"comment_status":"closed","ping_status":"closed","template":"","meta":{"footnotes":""},"_links":{"self":[{"href":"https:\/\/tecnologia.ufpr.br\/ccec\/wp-json\/wp\/v2\/pages\/416"}],"collection":[{"href":"https:\/\/tecnologia.ufpr.br\/ccec\/wp-json\/wp\/v2\/pages"}],"about":[{"href":"https:\/\/tecnologia.ufpr.br\/ccec\/wp-json\/wp\/v2\/types\/page"}],"author":[{"embeddable":true,"href":"https:\/\/tecnologia.ufpr.br\/ccec\/wp-json\/wp\/v2\/users\/1"}],"replies":[{"embeddable":true,"href":"https:\/\/tecnologia.ufpr.br\/ccec\/wp-json\/wp\/v2\/comments?post=416"}],"version-history":[{"count":26,"href":"https:\/\/tecnologia.ufpr.br\/ccec\/wp-json\/wp\/v2\/pages\/416\/revisions"}],"predecessor-version":[{"id":7713,"href":"https:\/\/tecnologia.ufpr.br\/ccec\/wp-json\/wp\/v2\/pages\/416\/revisions\/7713"}],"wp:attachment":[{"href":"https:\/\/tecnologia.ufpr.br\/ccec\/wp-json\/wp\/v2\/media?parent=416"}],"curies":[{"name":"wp","href":"https:\/\/api.w.org\/{rel}","templated":true}]}}