{"id":3126,"date":"2017-10-11T11:42:19","date_gmt":"2017-10-11T14:42:19","guid":{"rendered":"https:\/\/tecnologia.ufpr.br\/ccec\/?page_id=3126"},"modified":"2024-10-31T10:06:43","modified_gmt":"2024-10-31T13:06:43","slug":"documentos-expedidos","status":"publish","type":"page","link":"https:\/\/tecnologia.ufpr.br\/ccec\/documentos-expedidos\/","title":{"rendered":"Documentos Expedidos"},"content":{"rendered":"\n<p>Acessando o <a href=\"https:\/\/sistemas.ufpr.br\/auth\/realms\/producao\/protocol\/openid-connect\/auth?client_id=portal-sistemas&amp;scope=openid&amp;response_type=code&amp;redirect_uri=https%3A%2F%2Fsistemas.ufpr.br%2Flogin%2Fcallback\"><strong>sistema SIGA<\/strong><\/a>, o(a) aluno(a) pode gerar os documentos:<\/p>\n\n\n\n<p>a) Hist\u00f3rico Escolar;<\/p>\n\n\n\n<p>b) Relat\u00f3rio de Integraliza\u00e7\u00e3o;<\/p>\n\n\n\n<p>c) Declara\u00e7\u00e3o de matr\u00edcula; e<\/p>\n\n\n\n<p>d) Comprovante de matr\u00edcula<\/p>\n\n\n\n<p class=\"has-text-align-center\"><strong>Consulte <a href=\"https:\/\/ufpraberta.ufpr.br\/course\/view.php?id=9\">o tutorial<\/a><\/strong>, para saber como gerar esses documentos.<\/p>\n\n\n\n<div style=\"height:40px\" aria-hidden=\"true\" class=\"wp-block-spacer\"><\/div>\n\n\n\n<p>A Coordena\u00e7\u00e3o do Curso de Engenharia Civil atrav\u00e9s da sua secretaria expede os seguintes documentos:<\/p>\n\n\n\n<p>a) Declara\u00e7\u00f5es espec\u00edficas para professores; e<\/p>\n\n\n\n<p>b) Declara\u00e7\u00f5es espec\u00edficas para estudantes.<\/p>\n\n\n\n<p class=\"has-text-align-center\"><strong>Envie um e-mail para <a href=\"mailto:civilsecretaria@ufpr.br\">civilsecretaria@ufpr.br<\/a><\/strong>, para solicitar esses documentos.<\/p>\n\n\n\n<div style=\"height:40px\" aria-hidden=\"true\" class=\"wp-block-spacer\"><\/div>\n\n\n\n<p>Para quaisquer documentos, basta acessar o <a href=\"https:\/\/sistemas.ufpr.br\/\" target=\"_blank\" rel=\"noreferrer noopener\"><strong>sistema SIGA<\/strong><\/a>, imprimir uma c\u00f3pia e, <strong>se houver necessidade<\/strong>, levar at\u00e9 a Coordena\u00e7\u00e3o do Curso para obter o carimbo e a assinatura do coordenador do curso. <\/p>\n\n\n\n<p>Lembramos que os documentos gerados pelo SIGA possuem assinatura e autentica\u00e7\u00e3o digital e no rodap\u00e9 do documento, h\u00e1: um QRCode, um link que deve ser acessado para consulta da autenticidade\u00a0e o c\u00f3digo para autentica\u00e7\u00e3o.<\/p>\n\n\n\n<p>Qualquer erro constatado no Hist\u00f3rico Escolar deve ser corrigido dentro do <strong>prazo estabelecido no <a href=\"https:\/\/tecnologia.ufpr.br\/ccec\/calendario\/\">calend\u00e1rio acad\u00eamico<\/a><\/strong>. A solicita\u00e7\u00e3o \u00e9 feita na unidade acad\u00eamica a qual a disciplina pertence (Departamento ou Coordena\u00e7\u00e3o de Curso).<\/p>\n\n\n\n<div style=\"height:100px\" aria-hidden=\"true\" class=\"wp-block-spacer\"><\/div>\n\n\n\n<div class=\"wp-block-group is-nowrap is-layout-flex wp-container-core-group-is-layout-2 wp-block-group-is-layout-flex\">\n<div class=\"wp-block-group is-nowrap is-layout-flex wp-container-core-group-is-layout-1 wp-block-group-is-layout-flex\">\n<p>Atualizado em: <\/p>\n<\/div>\n\n\n<div class=\"wp-block-post-date__modified-date wp-block-post-date\"><time datetime=\"2024-10-31T10:06:43-03:00\">31 de outubro de 2024<\/time><\/div><\/div>\n\n\n\n<!--nextpage-->\n\n\n\n<h3 class=\"wp-block-heading\"><strong>RETOMADA DO CALEND\u00c1RIO ACAD\u00caMICO 2020 &#8211; Matr\u00edcula de 28 a 29\/04\/2021 &#8211; Ficha 2<\/strong><\/h3>\n\n\n\n<p>Administra\u00e7\u00e3o de Empresas de Engenharia I &#8211; <a href=\"https:\/\/tecnologia.ufpr.br\/ccec\/wp-content\/uploads\/sites\/32\/2021\/04\/Ficha-2-TT008.pdf\">Ficha 2 &#8211; TT008<\/a><\/p>\n\n\n\n<p>\u00c1lgebra Linear &#8211; <a href=\"https:\/\/tecnologia.ufpr.br\/ccec\/wp-content\/uploads\/sites\/32\/2021\/04\/Ficha-2-CM005.pdf\">Ficha 2 &#8211; CM005<\/a><\/p>\n\n\n\n<p>C\u00e1lculo Diferencial e Integral I &#8211; <a href=\"https:\/\/tecnologia.ufpr.br\/ccec\/wp-content\/uploads\/sites\/32\/2021\/04\/Ficha-2-CM201.pdf\">Ficha 2 &#8211; CM201<\/a><\/p>\n\n\n\n<p>C\u00e1lculo Diferencial e Integral II &#8211; <a href=\"https:\/\/tecnologia.ufpr.br\/ccec\/wp-content\/uploads\/sites\/32\/2021\/04\/Ficha-2-CM202.pdf\">Ficha 2 &#8211; CM202<\/a><\/p>\n\n\n\n<p>C\u00e1lculo III &#8211; <a href=\"https:\/\/tecnologia.ufpr.br\/ccec\/wp-content\/uploads\/sites\/32\/2021\/04\/Ficha-2-CM043-Prof-Manoel-e-Ricardo.pdf\">Ficha 2 &#8211; CM043 &#8211; Prof Manoel e Ricardo <\/a><a href=\"https:\/\/tecnologia.ufpr.br\/ccec\/wp-content\/uploads\/sites\/32\/2021\/04\/Ficha-2-CM043-Prof-Roberto.pdf\">Ficha 2 &#8211; CM043 &#8211; Prof Roberto<\/a><\/p>\n\n\n\n<p>Ci\u00eancias do Ambiente &#8211; <a href=\"https:\/\/tecnologia.ufpr.br\/ccec\/wp-content\/uploads\/sites\/32\/2021\/04\/Ficha-2-TH022-Profa-Heloise.pdf\">Ficha 2 &#8211; TH022 &#8211; Profa Heloise &#8211;&nbsp;<\/a>&nbsp; <a href=\"https:\/\/tecnologia.ufpr.br\/ccec\/wp-content\/uploads\/sites\/32\/2021\/04\/Ficha-2-TH022-Prof-Ramiro.pdf\">Ficha 2 &#8211; TH022 &#8211; Prof Ramiro &#8211;&nbsp;<\/a>&nbsp; <a href=\"https:\/\/tecnologia.ufpr.br\/ccec\/wp-content\/uploads\/sites\/32\/2021\/04\/Ficha-2-TH022-Prof-Bruno.pdf\">Ficha 2 &#8211; TH022 &#8211; Prof Bruno<\/a><\/p>\n\n\n\n<p>Constru\u00e7\u00e3o Civil I &#8211; <a href=\"https:\/\/tecnologia.ufpr.br\/ccec\/wp-content\/uploads\/sites\/32\/2021\/04\/Ficha-2-TC024.pdf\">Ficha 2 &#8211; TC024<\/a><\/p>\n\n\n\n<p>Constru\u00e7\u00e3o Civil II &#8211; <a href=\"https:\/\/tecnologia.ufpr.br\/ccec\/wp-content\/uploads\/sites\/32\/2021\/04\/Ficha-2-TC025.pdf\">Ficha 2 &#8211; TC025<\/a><\/p>\n\n\n\n<p>Constru\u00e7\u00e3o Civil III &#8211; &nbsp; <a href=\"https:\/\/tecnologia.ufpr.br\/ccec\/wp-content\/uploads\/sites\/32\/2021\/04\/Ficha-2-TC038.pdf\">Ficha 2 &#8211; TC038<\/a><\/p>\n\n\n\n<p>Constru\u00e7\u00e3o Civil IV &#8211;&nbsp;&nbsp; <a href=\"https:\/\/tecnologia.ufpr.br\/ccec\/wp-content\/uploads\/sites\/32\/2021\/04\/Ficha-2-TC042.pdf\">Ficha 2 &#8211; TC042<\/a><\/p>\n\n\n\n<p>Energia e Meio Ambiente &#8211; <a href=\"https:\/\/tecnologia.ufpr.br\/ccec\/wp-content\/uploads\/sites\/32\/2021\/04\/Ficha-2-TH017.pdf\">Ficha 2 &#8211; TH017<\/a><\/p>\n\n\n\n<p>Engenharia de Trafego &#8211; <a href=\"https:\/\/tecnologia.ufpr.br\/ccec\/wp-content\/uploads\/sites\/32\/2021\/05\/Ficha-2-TT056.pdf\">Ficha 2 &#8211; TT056<\/a><\/p>\n\n\n\n<p>Engenharia Econ\u00f4mica de Recursos H\u00eddricos &#8211; <a href=\"https:\/\/tecnologia.ufpr.br\/ccec\/wp-content\/uploads\/sites\/32\/2021\/04\/Ficha-2-TH035.pdf\">Ficha 2 &#8211; TH035<\/a><\/p>\n\n\n\n<p>Estat\u00edstica II &#8211; <a href=\"https:\/\/tecnologia.ufpr.br\/ccec\/wp-content\/uploads\/sites\/32\/2021\/04\/Ficha-2-CE003.pdf\">Ficha 2 &#8211; CE003<\/a><\/p>\n\n\n\n<p>Estruturas de Concreto I &#8211; <a href=\"https:\/\/tecnologia.ufpr.br\/ccec\/wp-content\/uploads\/sites\/32\/2021\/04\/Ficha-2-TC037.pdf\">Ficha 2 &#8211; TC037<\/a><\/p>\n\n\n\n<p>Estruturas de Concreto II &#8211; <a href=\"https:\/\/tecnologia.ufpr.br\/ccec\/wp-content\/uploads\/sites\/32\/2021\/04\/Ficha-2-TC040.pdf\">Ficha 2 &#8211; TC040<\/a><\/p>\n\n\n\n<p>Estruturas de Edif\u00edcios I &#8211; <a href=\"https:\/\/tecnologia.ufpr.br\/ccec\/wp-content\/uploads\/sites\/32\/2021\/04\/Ficha-2-TC044.pdf\">Ficha 2 &#8211; TC044<\/a><\/p>\n\n\n\n<p>Estruturas de Madeira &#8211;&nbsp;<a href=\"https:\/\/tecnologia.ufpr.br\/ccec\/wp-content\/uploads\/sites\/32\/2021\/04\/Ficha-2-TC057.pdf\">Ficha 2 &#8211; TC057<\/a><\/p>\n\n\n\n<p>Estruturas Met\u00e1licas I &#8211;&nbsp;&nbsp; <a href=\"https:\/\/tecnologia.ufpr.br\/ccec\/wp-content\/uploads\/sites\/32\/2021\/04\/Ficha-2-TC043.pdf\">Ficha 2 &#8211; TC043<\/a><\/p>\n\n\n\n<p>Estruturas Met\u00e1licas II &#8211;&nbsp; <a href=\"https:\/\/tecnologia.ufpr.br\/ccec\/wp-content\/uploads\/sites\/32\/2021\/04\/Ficha-2-TC055.pdf\">Ficha 2 &#8211; TC055<\/a><\/p>\n\n\n\n<p>Express\u00e3o Gr\u00e1fica I &#8211; <a href=\"https:\/\/tecnologia.ufpr.br\/ccec\/wp-content\/uploads\/sites\/32\/2021\/04\/Ficha-2-CD027-A.pdf\">Ficha 2 &#8211; CD027 &#8211; A<\/a><\/p>\n\n\n\n<p>Express\u00e3o Gr\u00e1fica II &#8211; <a href=\"https:\/\/tecnologia.ufpr.br\/ccec\/wp-content\/uploads\/sites\/32\/2021\/04\/Ficha-2-CD028-D.pdf\">Ficha 2 &#8211; CD028 &#8211; D &#8211;&nbsp;<\/a>&nbsp;<a href=\"https:\/\/tecnologia.ufpr.br\/ccec\/wp-content\/uploads\/sites\/32\/2021\/04\/Ficha-2-CD028-C.pdf\">Ficha 2 &#8211; CD028 &#8211; C &#8211;&nbsp;<\/a>&nbsp;<a href=\"https:\/\/tecnologia.ufpr.br\/ccec\/wp-content\/uploads\/sites\/32\/2021\/04\/Ficha-2-CD028-B-e-E.pdf\">Ficha 2 &#8211; CD028 &#8211; B e E &#8211;&nbsp;<\/a>&nbsp; <a href=\"https:\/\/tecnologia.ufpr.br\/ccec\/wp-content\/uploads\/sites\/32\/2021\/04\/Ficha-2-CD028-A.pdf\">Ficha 2 &#8211; CD028 &#8211; A<\/a><\/p>\n\n\n\n<p>Ferrovias &#8211; <a href=\"https:\/\/tecnologia.ufpr.br\/ccec\/wp-content\/uploads\/sites\/32\/2021\/05\/Ficha-2-TT066.pdf\">Ficha 2 &#8211; TT066<\/a><\/p>\n\n\n\n<p>Geometria Anal\u00edtica &#8211; <a href=\"https:\/\/tecnologia.ufpr.br\/ccec\/wp-content\/uploads\/sites\/32\/2021\/04\/Ficha-2-CM045.pdf\">Ficha 2 &#8211; CM045<\/a><\/p>\n\n\n\n<p>Geotecnia de Funda\u00e7\u00f5es &#8211; <a href=\"https:\/\/tecnologia.ufpr.br\/ccec\/wp-content\/uploads\/sites\/32\/2021\/04\/Ficha-2-TC041-Sidnei.pdf\">Ficha 2 &#8211; TC041 &#8211; Sidnei&nbsp; &#8211; <\/a><a href=\"https:\/\/tecnologia.ufpr.br\/ccec\/wp-content\/uploads\/sites\/32\/2021\/04\/Ficha-2-TC041-Prof-Dell-Avanzi.pdf\">Ficha 2 &#8211; TC041 &#8211; Prof Dell Avanzi<\/a><\/p>\n\n\n\n<p>Geotecnia de Taludes e Conten\u00e7\u00f5es &#8211; <a href=\"https:\/\/tecnologia.ufpr.br\/ccec\/wp-content\/uploads\/sites\/32\/2021\/04\/Ficha-2-TC052.pdf\">Ficha 2 &#8211; TC052<\/a><\/p>\n\n\n\n<p>Gerenciamento de Projetos &#8211; <a href=\"https:\/\/tecnologia.ufpr.br\/ccec\/wp-content\/uploads\/sites\/32\/2021\/04\/Ficha-2-TC045.pdf\">Ficha 2 &#8211; TC045<\/a><\/p>\n\n\n\n<p>Hidr\u00e1ulica &#8211; <a href=\"https:\/\/tecnologia.ufpr.br\/ccec\/wp-content\/uploads\/sites\/32\/2021\/05\/Ficha-2-TH023.pdf\">Ficha 2 &#8211; TH023<\/a><\/p>\n\n\n\n<p>Hidr\u00e1ulica Fluvial &#8211; <a href=\"https:\/\/tecnologia.ufpr.br\/ccec\/wp-content\/uploads\/sites\/32\/2021\/04\/Ficha-2-TH032.pdf\">Ficha 2 &#8211; TH032<\/a><\/p>\n\n\n\n<p>Hidrologia &#8211; <a href=\"https:\/\/tecnologia.ufpr.br\/ccec\/wp-content\/uploads\/sites\/32\/2021\/04\/Ficha-2-TH024.pdf\">Ficha 2 &#8211; TH024<\/a><\/p>\n\n\n\n<p>Infraestrutura Vi\u00e1ria &#8211; <a href=\"https:\/\/tecnologia.ufpr.br\/ccec\/wp-content\/uploads\/sites\/32\/2021\/05\/Ficha-2-TT048.pdf\">Ficha 2 &#8211; TT048<\/a><\/p>\n\n\n\n<p>Introdu\u00e7\u00e3o \u00e0 Engenharia &#8211; <a href=\"https:\/\/tecnologia.ufpr.br\/ccec\/wp-content\/uploads\/sites\/32\/2021\/04\/Ficha-2-TC022.pdf\">Ficha 2 &#8211; TC022<\/a><\/p>\n\n\n\n<p>Introdu\u00e7\u00e3o \u00e0 Engenharia Geot\u00e9cnica &#8211; <a href=\"https:\/\/tecnologia.ufpr.br\/ccec\/wp-content\/uploads\/sites\/32\/2021\/04\/Ficha-2-TC029-A.pdf\">Ficha 2 &#8211; TC029 &#8211; A<\/a> &#8211; <a style=\"font-size: inherit\" href=\"https:\/\/tecnologia.ufpr.br\/ccec\/wp-content\/uploads\/sites\/32\/2021\/04\/Ficha-2-TC029-B.pdf\">Ficha 2 &#8211; TC029 &#8211; B<\/a><\/p>\n\n\n\n<p>Laborat\u00f3rio de Materiais de Constru\u00e7\u00e3o &#8211;&nbsp;&nbsp; <a href=\"https:\/\/tecnologia.ufpr.br\/ccec\/wp-content\/uploads\/sites\/32\/2021\/04\/Ficha-2-TC039.pdf\">Ficha 2 &#8211; TC039<\/a><\/p>\n\n\n\n<p>Laborat\u00f3rio de Mec\u00e2nica dos Solos &#8211; <a href=\"https:\/\/tecnologia.ufpr.br\/ccec\/wp-content\/uploads\/sites\/32\/2021\/04\/Ficha-2-TC033.pdf\">Ficha 2 &#8211; TC033&nbsp;<\/a> &#8211;&nbsp;<a href=\"https:\/\/tecnologia.ufpr.br\/ccec\/wp-content\/uploads\/sites\/32\/2021\/04\/Ficha-2-TC033-E.pdf\">Ficha 2 &#8211; TC033 &#8211; E<\/a><\/p>\n\n\n\n<p>Materiais de Constru\u00e7\u00e3o Civil I &#8211; <a href=\"https:\/\/tecnologia.ufpr.br\/ccec\/wp-content\/uploads\/sites\/32\/2021\/04\/Ficha-2-TC030.pdf\">Ficha 2 &#8211; TC030<\/a><\/p>\n\n\n\n<p>Materiais de Constru\u00e7\u00e3o Civil III &#8211; <a href=\"https:\/\/tecnologia.ufpr.br\/ccec\/wp-content\/uploads\/sites\/32\/2021\/04\/Ficha-2-TC034.pdf\">Ficha 2 &#8211; TC034<\/a><\/p>\n\n\n\n<p>Mec\u00e2nica das Estruturas I &#8211; <a href=\"https:\/\/tecnologia.ufpr.br\/ccec\/wp-content\/uploads\/sites\/32\/2021\/04\/Ficha-2-TC032.pdf\">Ficha 2 &#8211; TC032<\/a><\/p>\n\n\n\n<p>Mec\u00e2nica das Estruturas II &#8211; &nbsp; <a href=\"https:\/\/tecnologia.ufpr.br\/ccec\/wp-content\/uploads\/sites\/32\/2021\/04\/Ficha-2-TC036-Profa-Isabella.pdf\">Ficha 2 &#8211; TC036 &#8211; Profa Isabella<\/a> &#8211; &nbsp;<a href=\"https:\/\/tecnologia.ufpr.br\/ccec\/wp-content\/uploads\/sites\/32\/2021\/04\/Ficha-2-TC036-Prof-Gavassoni.pdf\">Ficha 2 &#8211; TC036 &#8211; Prof Gavassoni<\/a><\/p>\n\n\n\n<p>Mec\u00e2nica dos Flu\u00eddos I &#8211; <a href=\"https:\/\/tecnologia.ufpr.br\/ccec\/wp-content\/uploads\/sites\/32\/2021\/04\/Ficha-2-TH019.pdf\">Ficha 2 &#8211; TH019<\/a><\/p>\n\n\n\n<p>Mec\u00e2nica dos Flu\u00eddos II &#8211; <a href=\"https:\/\/tecnologia.ufpr.br\/ccec\/wp-content\/uploads\/sites\/32\/2021\/04\/Ficha-2-TH021.pdf\">Ficha 2 &#8211; TH021<\/a><\/p>\n\n\n\n<p>Mec\u00e2nica dos Solos &#8211; <a href=\"https:\/\/tecnologia.ufpr.br\/ccec\/wp-content\/uploads\/sites\/32\/2021\/04\/Ficha-2-TC035.pdf\">Ficha 2 &#8211; TC035<\/a><\/p>\n\n\n\n<p>Mec\u00e2nica Geral I &#8211; <a href=\"https:\/\/tecnologia.ufpr.br\/ccec\/wp-content\/uploads\/sites\/32\/2021\/05\/Ficha-2-TC021.pdf\">Ficha 2 &#8211; TC021<\/a><\/p>\n\n\n\n<p>Mec\u00e2nica Geral II &#8211; <a href=\"https:\/\/tecnologia.ufpr.br\/ccec\/wp-content\/uploads\/sites\/32\/2021\/04\/Ficha-2-TC023.pdf\">Ficha 2 &#8211; TC023<\/a><\/p>\n\n\n\n<p>Mec\u00e2nica Geral III &#8211; <a href=\"https:\/\/tecnologia.ufpr.br\/ccec\/wp-content\/uploads\/sites\/32\/2021\/04\/Ficha-2-TC027.pdf\">Ficha 2 &#8211; TC027<\/a><\/p>\n\n\n\n<p>M\u00e9todos Num\u00e9ricos &#8211; <a href=\"https:\/\/tecnologia.ufpr.br\/ccec\/wp-content\/uploads\/sites\/32\/2021\/04\/Ficha-2-CI202.pdf\">Ficha 2 &#8211; CI202<\/a><\/p>\n\n\n\n<p>Patologia e Recupera\u00e7\u00e3o de Estruturas &#8211; <a href=\"https:\/\/tecnologia.ufpr.br\/ccec\/wp-content\/uploads\/sites\/32\/2021\/04\/Ficha-2-TC083.pdf\">Ficha 2 &#8211; TC083<\/a><\/p>\n\n\n\n<p>Projetos de Obras Hidr\u00e1ulicas &#8211; <a href=\"https:\/\/tecnologia.ufpr.br\/ccec\/wp-content\/uploads\/sites\/32\/2021\/04\/Ficha-2-TH031.pdf\">Ficha 2 &#8211; TH031<\/a><\/p>\n\n\n\n<p>Programa\u00e7\u00e3o de Computadores &#8211; <a href=\"https:\/\/tecnologia.ufpr.br\/ccec\/wp-content\/uploads\/sites\/32\/2021\/04\/Ficha-2-CI208.pdf\">Ficha 2 &#8211; CI208<\/a><\/p>\n\n\n\n<p>Qualidade e Conserva\u00e7\u00e3o Ambiental &#8211; <a href=\"https:\/\/tecnologia.ufpr.br\/ccec\/wp-content\/uploads\/sites\/32\/2021\/04\/Ficha-2-TH041.pdf\">Ficha 2 &#8211; TH041<\/a><\/p>\n\n\n\n<p>Resist\u00eancia dos Materiais I &#8211; <a href=\"https:\/\/tecnologia.ufpr.br\/ccec\/wp-content\/uploads\/sites\/32\/2021\/04\/Ficha-2-TC026.pdf\">Ficha 2 &#8211; TC026<\/a><\/p>\n\n\n\n<p>Resist\u00eancia dos Materiais II &#8211; <a href=\"https:\/\/tecnologia.ufpr.br\/ccec\/wp-content\/uploads\/sites\/32\/2021\/04\/Ficha-2-TC028.pdf\">Ficha 2 &#8211; TC028<\/a><\/p>\n\n\n\n<p>Sistemas Prediais Hidr\u00e1ulicos Sanit\u00e1rios &#8211; <a href=\"https:\/\/tecnologia.ufpr.br\/ccec\/wp-content\/uploads\/sites\/32\/2021\/04\/Ficha-2-TH030.pdf\">Ficha 2 &#8211; TH030<\/a><\/p>\n\n\n\n<p>Saneamento Ambiental I &#8211; <a href=\"https:\/\/tecnologia.ufpr.br\/ccec\/wp-content\/uploads\/sites\/32\/2021\/04\/Ficha-2-TH028.pdf\">Ficha 2 &#8211; TH028<\/a><\/p>\n\n\n\n<p>Saneamento Ambienta II &#8211; <a href=\"https:\/\/tecnologia.ufpr.br\/ccec\/wp-content\/uploads\/sites\/32\/2021\/04\/Ficha-2-TH029-Profa-Selma.pdf\">Ficha 2 &#8211; TH029 &#8211; Profa Selma &#8211;&nbsp;<\/a>&nbsp; <a href=\"https:\/\/tecnologia.ufpr.br\/ccec\/wp-content\/uploads\/sites\/32\/2021\/04\/Ficha-2-TH029-Profa-Regina.pdf\">Ficha 2 &#8211; TH029 &#8211; Profa Regina &#8211;&nbsp;<\/a>&nbsp; <a href=\"https:\/\/tecnologia.ufpr.br\/ccec\/wp-content\/uploads\/sites\/32\/2021\/04\/Ficha-2-TH029-Prof-Bruno.pdf\">Ficha 2 &#8211; TH029 &#8211; Prof Bruno<\/a><\/p>\n\n\n\n<p>Topografia I &#8211; <a href=\"https:\/\/tecnologia.ufpr.br\/ccec\/wp-content\/uploads\/sites\/32\/2021\/04\/Ficha-2-GA069.pdf\">Ficha 2 &#8211; GA069<\/a><\/p>\n\n\n\n<p>Topografia II &#8211; <a href=\"https:\/\/tecnologia.ufpr.br\/ccec\/wp-content\/uploads\/sites\/32\/2021\/04\/Ficha-2-GA070.pdf\">Ficha 2 &#8211; GA070<\/a><\/p>\n\n\n\n<p>Atualizado em 04\/05\/2021<\/p>\n\n\n\n<hr class=\"wp-block-separator has-alpha-channel-opacity\" \/>\n\n\n\n<p><strong>PER\u00cdODO ESPECIAL &#8211; CICLO I &#8211; Matr\u00edcula de 04 a 08\/07\/2020<\/strong><\/p>\n\n\n\n<p><a href=\"https:\/\/tecnologia.ufpr.br\/ccec\/wp-content\/uploads\/sites\/32\/2020\/07\/Periodo-Especial-CM201-Ficha-2-4.pdf\">Periodo Especial &#8211; CM201 &#8211; Ficha 2<\/a><\/p>\n\n\n\n<p><a href=\"https:\/\/tecnologia.ufpr.br\/ccec\/wp-content\/uploads\/sites\/32\/2020\/07\/Periodo-Especial-TT062-Ficha-2.pdf\">Periodo Especial &#8211; TT062 &#8211; Ficha 2<\/a><\/p>\n\n\n\n<p><a href=\"https:\/\/tecnologia.ufpr.br\/ccec\/wp-content\/uploads\/sites\/32\/2020\/07\/Periodo-Especial-TT008-Ficha-2.pdf\">Periodo Especial &#8211; TT008 &#8211; Ficha 2<\/a><\/p>\n\n\n\n<p><a href=\"https:\/\/tecnologia.ufpr.br\/ccec\/wp-content\/uploads\/sites\/32\/2020\/07\/Periodo-Especial-TE144-Ficha-2.pdf\">Periodo Especial &#8211; TE144 &#8211; Ficha 2<\/a><\/p>\n\n\n\n<p><a href=\"https:\/\/tecnologia.ufpr.br\/ccec\/wp-content\/uploads\/sites\/32\/2020\/07\/Periodo-Especial-TC059-Ficha-2.pdf\">Periodo Especial &#8211; TC059 &#8211; Ficha 2<\/a><\/p>\n\n\n\n<p><a href=\"https:\/\/tecnologia.ufpr.br\/ccec\/wp-content\/uploads\/sites\/32\/2020\/07\/Periodo-Especial-TC043-Ficha-2.pdf\">Periodo Especial &#8211; TC043 &#8211; Ficha 2<\/a><\/p>\n\n\n\n<p><a href=\"https:\/\/tecnologia.ufpr.br\/ccec\/wp-content\/uploads\/sites\/32\/2020\/07\/Periodo-Especial-TC049-Ficha-2.pdf\">Periodo Especial &#8211; TC049 &#8211; Ficha 2<\/a><\/p>\n\n\n\n<p><a href=\"https:\/\/tecnologia.ufpr.br\/ccec\/wp-content\/uploads\/sites\/32\/2020\/07\/Periodo-Especial-TC031-Ficha-2.pdf\">Periodo Especial &#8211; TC031 &#8211; Ficha 2<\/a><\/p>\n\n\n\n<p><a href=\"https:\/\/tecnologia.ufpr.br\/ccec\/wp-content\/uploads\/sites\/32\/2020\/07\/Periodo-Especial-TC048-Ficha-2.pdf\">Periodo Especial &#8211; TC048 &#8211; Ficha 2<\/a><\/p>\n\n\n\n<p><a href=\"https:\/\/tecnologia.ufpr.br\/ccec\/wp-content\/uploads\/sites\/32\/2020\/07\/Periodo-Especial-TC070-Ficha-2.pdf\">Periodo Especial &#8211; TC070 &#8211; Ficha 2<\/a><\/p>\n\n\n\n<p><strong>PER\u00cdODO ESPECIAL &#8211; CICLO II<\/strong><\/p>\n\n\n\n<p><a href=\"https:\/\/tecnologia.ufpr.br\/ccec\/wp-content\/uploads\/sites\/32\/2020\/07\/Per\u00edodo-Especial-CM042-Ficha2.pdf\">Per\u00edodo Especial &#8211; CM042 &#8211; Ficha2<\/a><\/p>\n\n\n\n<p><a href=\"https:\/\/tecnologia.ufpr.br\/ccec\/wp-content\/uploads\/sites\/32\/2020\/07\/Periodo-Especial-TT007-Ficha2.pdf\">Periodo Especial &#8211; TT007 &#8211; Ficha2<\/a><\/p>\n\n\n\n<p><a href=\"https:\/\/tecnologia.ufpr.br\/ccec\/wp-content\/uploads\/sites\/32\/2020\/07\/Periodo-Especial-TT049-Ficha2.pdf\">Periodo Especial &#8211; TT049 &#8211; Ficha2<\/a><\/p>\n\n\n\n<p><a href=\"https:\/\/tecnologia.ufpr.br\/ccec\/wp-content\/uploads\/sites\/32\/2020\/07\/Periodo-Especial-TT051-Ficha2.pdf\">Periodo Especial &#8211; TT051 &#8211; Ficha2<\/a><\/p>\n\n\n\n<p><a href=\"https:\/\/tecnologia.ufpr.br\/ccec\/wp-content\/uploads\/sites\/32\/2020\/07\/Per\u00edodo-Especial-TC045-Ficha-2.pdf\">Per\u00edodo Especial &#8211; TC045 &#8211; Ficha 2<\/a><\/p>\n\n\n\n<p><a href=\"https:\/\/tecnologia.ufpr.br\/ccec\/wp-content\/uploads\/sites\/32\/2020\/07\/Periodo-Especial-Th031-Ficha-2.pdf\">Periodo Especial &#8211; Th031 &#8211; Ficha 2<\/a><\/p>\n\n\n\n<p><a href=\"https:\/\/tecnologia.ufpr.br\/ccec\/wp-content\/uploads\/sites\/32\/2020\/07\/Periodo-Especial-TH028-Ficha-2.pdf\">Periodo Especial &#8211; TH028 &#8211; Ficha 2<\/a><\/p>\n\n\n\n<p><a href=\"https:\/\/tecnologia.ufpr.br\/ccec\/wp-content\/uploads\/sites\/32\/2020\/07\/Periodo-Especial-TH026-Ficha-2.pdf\">Periodo Especial &#8211; TH026 &#8211; Ficha 2<\/a><\/p>\n\n\n\n<p><a href=\"https:\/\/tecnologia.ufpr.br\/ccec\/wp-content\/uploads\/sites\/32\/2020\/07\/Periodo-Especial-TT072-Ficha-2-1.pdf\">Periodo Especial &#8211; TT072 &#8211; Ficha 2<\/a><\/p>\n\n\n\n<p><strong>PER\u00cdODO ESPECIAL 2<\/strong><\/p>\n\n\n\n<p>Ficha 2 &#8211; Ementas das disciplinas do Per\u00edodo Especial 2. <a href=\"https:\/\/tecnologia.ufpr.br\/ccec\/wp-content\/uploads\/sites\/32\/2020\/10\/Ficha-2-Periodo-Especial-2.pdf\">Ficha 2 &#8211; Periodo Especial 2<\/a><\/p>\n\n\n\n<p><a href=\"https:\/\/tecnologia.ufpr.br\/ccec\/wp-content\/uploads\/sites\/32\/2020\/10\/Grade-Periodo-Especial-2-R2.pdf\">Grade &#8211; Periodo Especial 2- R2<\/a> &#8211;<\/p>\n\n\n\n<p>Ficha 2 &#8211; TC050 &#8211; Corrigida.<a href=\"https:\/\/tecnologia.ufpr.br\/ccec\/wp-content\/uploads\/sites\/32\/2020\/11\/TC050-Ficha-2.pdf\">TC050- Ficha 2<\/a><\/p>\n","protected":false},"excerpt":{"rendered":"<p>Acessando o sistema SIGA, o(a) aluno(a) pode gerar os documentos: a) Hist\u00f3rico Escolar; b) Relat\u00f3rio de Integraliza\u00e7\u00e3o; c) Declara\u00e7\u00e3o de matr\u00edcula; e d) Comprovante de [&hellip;]<\/p>\n","protected":false},"author":1,"featured_media":0,"parent":0,"menu_order":0,"comment_status":"closed","ping_status":"closed","template":"","meta":{"footnotes":""},"_links":{"self":[{"href":"https:\/\/tecnologia.ufpr.br\/ccec\/wp-json\/wp\/v2\/pages\/3126"}],"collection":[{"href":"https:\/\/tecnologia.ufpr.br\/ccec\/wp-json\/wp\/v2\/pages"}],"about":[{"href":"https:\/\/tecnologia.ufpr.br\/ccec\/wp-json\/wp\/v2\/types\/page"}],"author":[{"embeddable":true,"href":"https:\/\/tecnologia.ufpr.br\/ccec\/wp-json\/wp\/v2\/users\/1"}],"replies":[{"embeddable":true,"href":"https:\/\/tecnologia.ufpr.br\/ccec\/wp-json\/wp\/v2\/comments?post=3126"}],"version-history":[{"count":80,"href":"https:\/\/tecnologia.ufpr.br\/ccec\/wp-json\/wp\/v2\/pages\/3126\/revisions"}],"predecessor-version":[{"id":7344,"href":"https:\/\/tecnologia.ufpr.br\/ccec\/wp-json\/wp\/v2\/pages\/3126\/revisions\/7344"}],"wp:attachment":[{"href":"https:\/\/tecnologia.ufpr.br\/ccec\/wp-json\/wp\/v2\/media?parent=3126"}],"curies":[{"name":"wp","href":"https:\/\/api.w.org\/{rel}","templated":true}]}}