{"id":3123,"date":"2017-10-11T11:26:19","date_gmt":"2017-10-11T14:26:19","guid":{"rendered":"https:\/\/tecnologia.ufpr.br\/ccec\/?page_id=3123"},"modified":"2018-01-16T09:28:23","modified_gmt":"2018-01-16T12:28:23","slug":"memoria-estudantil","status":"publish","type":"page","link":"https:\/\/tecnologia.ufpr.br\/ccec\/memoria-estudantil\/","title":{"rendered":"Mem\u00f3ria estudantil"},"content":{"rendered":"<p>EM CONSTRU\u00c7\u00c3O&#8230;<\/p>\n","protected":false},"excerpt":{"rendered":"<p>EM CONSTRU\u00c7\u00c3O&#8230;<\/p>\n","protected":false},"author":1,"featured_media":0,"parent":0,"menu_order":0,"comment_status":"closed","ping_status":"closed","template":"","meta":{"footnotes":""},"_links":{"self":[{"href":"https:\/\/tecnologia.ufpr.br\/ccec\/wp-json\/wp\/v2\/pages\/3123"}],"collection":[{"href":"https:\/\/tecnologia.ufpr.br\/ccec\/wp-json\/wp\/v2\/pages"}],"about":[{"href":"https:\/\/tecnologia.ufpr.br\/ccec\/wp-json\/wp\/v2\/types\/page"}],"author":[{"embeddable":true,"href":"https:\/\/tecnologia.ufpr.br\/ccec\/wp-json\/wp\/v2\/users\/1"}],"replies":[{"embeddable":true,"href":"https:\/\/tecnologia.ufpr.br\/ccec\/wp-json\/wp\/v2\/comments?post=3123"}],"version-history":[{"count":3,"href":"https:\/\/tecnologia.ufpr.br\/ccec\/wp-json\/wp\/v2\/pages\/3123\/revisions"}],"predecessor-version":[{"id":3376,"href":"https:\/\/tecnologia.ufpr.br\/ccec\/wp-json\/wp\/v2\/pages\/3123\/revisions\/3376"}],"wp:attachment":[{"href":"https:\/\/tecnologia.ufpr.br\/ccec\/wp-json\/wp\/v2\/media?parent=3123"}],"curies":[{"name":"wp","href":"https:\/\/api.w.org\/{rel}","templated":true}]}}