{"id":3119,"date":"2017-10-11T11:05:23","date_gmt":"2017-10-11T14:05:23","guid":{"rendered":"https:\/\/tecnologia.ufpr.br\/ccec\/?page_id=3119"},"modified":"2024-10-29T16:20:56","modified_gmt":"2024-10-29T19:20:56","slug":"adiantamento-de-conhecimento","status":"publish","type":"page","link":"https:\/\/tecnologia.ufpr.br\/ccec\/adiantamento-de-conhecimento\/","title":{"rendered":"Adiantamento de Conhecimento"},"content":{"rendered":"\n<p>O aluno que possuir dom\u00ednio do conhecimento program\u00e1tico de determinada disciplina poder\u00e1 solicitar o EXAME DE ADIANTAMENTO DE CONHECIMENTO.<\/p>\n\n\n\n<p>A <a href=\"https:\/\/tecnologia.ufpr.br\/ccec\/wp-content\/uploads\/sites\/32\/2017\/10\/Resolu%C3%A7%C3%A3o-92-13-CEPE.pdf\">Resolu\u00e7\u00e3o 92\/13 CEPE<\/a> apresenta as normas para realiza\u00e7\u00e3o de Exame de Adiantamento de Conhecimento, na Se\u00e7\u00e3o IV, artigos 13 a 19.<\/p>\n\n\n\n<div style=\"height:40px\" aria-hidden=\"true\" class=\"wp-block-spacer\"><\/div>\n\n\n\n<h2 class=\"wp-block-heading\">Prazos para entrega do requerimento de Adiantamento de Conhecimento<\/h2>\n\n\n\n<p><span><strong>Os prazos para solicita\u00e7\u00e3o de Exame de Adiantamento de Conhecimento s\u00e3o estabelecidas no <a href=\"http:\/\/www.prograd.ufpr.br\/portal\/wp-content\/uploads\/2024\/07\/RESOLUCAO-No-11-24-CEPE-2.pdf\">Calend\u00e1rio Acad\u00eamico da UFPR<\/a>.<\/strong><\/span><\/p>\n\n\n\n<div style=\"height:40px\" aria-hidden=\"true\" class=\"wp-block-spacer\"><\/div>\n\n\n\n<h2 class=\"wp-block-heading\">Solicita\u00e7\u00e3o de Exame de Adiantamento de Conhecimento<\/h2>\n\n\n\n<p class=\"has-black-color has-text-color has-link-color wp-elements-c2251c58cf1b510c133f4958b2ff4f10\">A solicita\u00e7\u00e3o de Exame de Adiantamento de Conhecimento dever\u00e1 ser realizada pelo estudante diretamente no <strong><span style=\"color: red\"><mark style=\"background-color:#ffffff\" class=\"has-inline-color has-vivid-red-color\">Sistema SIGA<\/mark> <\/span><\/strong>dentro dos prazos estabelecidos em <a href=\"http:\/\/www.prograd.ufpr.br\/portal\/wp-content\/uploads\/2024\/07\/RESOLUCAO-No-11-24-CEPE-2.pdf\" target=\"_blank\" rel=\"noreferrer noopener\">Calend\u00e1rio Acad\u00eamico<\/a>.<\/p>\n\n\n\n<figure class=\"wp-block-pullquote has-medium-font-size\"><blockquote><p><strong><mark style=\"background-color:#ffffff\" class=\"has-inline-color has-vivid-red-color\">\u00c9 de inteira responsabilidade do aluno acompanhar, nos prazos estabelecidos, a tramita\u00e7\u00e3o de todos os procedimentos administrativos relativos ao pedido de Equival\u00eancia, Adiantamento de Conhecimento e Aproveitamento de Conhecimento, incluindo o resultado da an\u00e1lise do pedido, a realiza\u00e7\u00e3o do exame, se for o caso, e o efetivo cadastro do resultado mediante a confer\u00eancia em seu hist\u00f3rico escolar<\/mark><\/strong><\/p><\/blockquote><\/figure>\n\n\n\n<div style=\"height:100px\" aria-hidden=\"true\" class=\"wp-block-spacer\"><\/div>\n\n\n\n<div class=\"wp-block-group is-nowrap is-layout-flex wp-container-core-group-is-layout-2 wp-block-group-is-layout-flex\">\n<div class=\"wp-block-group is-nowrap is-layout-flex wp-container-core-group-is-layout-1 wp-block-group-is-layout-flex\">\n<p>Atualizado em: <\/p>\n<\/div>\n\n\n<div class=\"wp-block-post-date__modified-date wp-block-post-date\"><time datetime=\"2024-10-29T16:20:56-03:00\">29 de outubro de 2024<\/time><\/div><\/div>\n","protected":false},"excerpt":{"rendered":"<p>O aluno que possuir dom\u00ednio do conhecimento program\u00e1tico de determinada disciplina poder\u00e1 solicitar o EXAME DE ADIANTAMENTO DE CONHECIMENTO. A Resolu\u00e7\u00e3o 92\/13 CEPE apresenta as [&hellip;]<\/p>\n","protected":false},"author":1,"featured_media":0,"parent":0,"menu_order":0,"comment_status":"closed","ping_status":"closed","template":"","meta":{"footnotes":""},"_links":{"self":[{"href":"https:\/\/tecnologia.ufpr.br\/ccec\/wp-json\/wp\/v2\/pages\/3119"}],"collection":[{"href":"https:\/\/tecnologia.ufpr.br\/ccec\/wp-json\/wp\/v2\/pages"}],"about":[{"href":"https:\/\/tecnologia.ufpr.br\/ccec\/wp-json\/wp\/v2\/types\/page"}],"author":[{"embeddable":true,"href":"https:\/\/tecnologia.ufpr.br\/ccec\/wp-json\/wp\/v2\/users\/1"}],"replies":[{"embeddable":true,"href":"https:\/\/tecnologia.ufpr.br\/ccec\/wp-json\/wp\/v2\/comments?post=3119"}],"version-history":[{"count":15,"href":"https:\/\/tecnologia.ufpr.br\/ccec\/wp-json\/wp\/v2\/pages\/3119\/revisions"}],"predecessor-version":[{"id":7313,"href":"https:\/\/tecnologia.ufpr.br\/ccec\/wp-json\/wp\/v2\/pages\/3119\/revisions\/7313"}],"wp:attachment":[{"href":"https:\/\/tecnologia.ufpr.br\/ccec\/wp-json\/wp\/v2\/media?parent=3119"}],"curies":[{"name":"wp","href":"https:\/\/api.w.org\/{rel}","templated":true}]}}