{"id":29,"date":"2016-04-05T15:41:51","date_gmt":"2016-04-05T15:41:51","guid":{"rendered":"https:\/\/tecnologia.ufpr.br\/cceq\/?page_id=29"},"modified":"2026-03-24T19:27:47","modified_gmt":"2026-03-24T22:27:47","slug":"atividades-formativas","status":"publish","type":"page","link":"https:\/\/tecnologia.ufpr.br\/ccec\/atividades-formativas\/","title":{"rendered":"Atividades Formativas"},"content":{"rendered":"<h3><span style=\"color: #000080\">Prazos para entrega do requerimento de Atividades Formativas &#8211; Primeiro Semestre de 2026<\/span><\/h3>\n\n\n<p>Aten\u00e7\u00e3o, SOMENTE para estudantes que <strong>integralizaram 2.820 horas ou mais<\/strong> da carga hor\u00e1ria do curso, estudantes do curr\u00edculo antigo (02B-2006, exce\u00e7\u00e3o estudantes do PROVAR\/Transfer\u00eancia no final do curso).<\/p>\n\n\n\n<p>Comunicamos as datas para entrega de Horas Formativas para o Primeiro Semestre de 2026.<\/p>\n\n\n\n<ul>\n<li><strong>Envio de Requerimento + Certificados (pelos estudantes):<\/strong> de 01\/04\/2026 a 15\/04\/2026.<\/li>\n\n\n\n<li>Agendamento das confer\u00eancias: 16\/04\/2026 a 30\/04\/2026.<\/li>\n\n\n\n<li>Confer\u00eancias da coordena\u00e7\u00e3o: 04\/05\/2026 a 22\/05\/2026.<\/li>\n\n\n\n<li>An\u00e1lise da Comiss\u00e3o de Avalia\u00e7\u00e3o de Horas Formativas (professores): 25\/05\/2026 a 19\/06\/2026.<\/li>\n\n\n\n<li>Recursos dos estudantes: 22\/06\/2026 a 26\/06\/2026.<\/li>\n\n\n\n<li>Lan\u00e7amento do resultado no SIGA (coordena\u00e7\u00e3o): 29\/06\/2026 a 03\/07\/2026.<\/li>\n<\/ul>\n\n\n\n<p><\/p>\n\n\n<h3><a href=\"https:\/\/tecnologia.ufpr.br\/ccec\/wp-content\/uploads\/sites\/32\/2025\/07\/horas-formativas.pdf\">Formul\u00e1rio Horas Formativas\u00a0<\/a><\/h3>\n<h3>&#8212;&#8212;&#8212;&#8212;&#8212;&#8212;&#8212;&#8212;&#8212;&#8212;&#8212;&#8212;&#8212;&#8212;&#8212;&#8212;&#8212;&#8212;&#8212;&#8212;&#8212;&#8212;&#8212;&#8211;<\/h3>\n<h3><span style=\"color: #000080\">Como realizar o pedido?<\/span><\/h3>\n<hr \/>\n<h3><strong>ALUNO<\/strong><\/h3>\n<ol>\n<li>Acessar o formul\u00e1rio de solicita\u00e7\u00e3o de Horas Formativas. <a href=\"https:\/\/tecnologia.ufpr.br\/ccec\/wp-content\/uploads\/sites\/32\/2025\/07\/horas-formativas.pdf\">Formul\u00e1rio HF<\/a>;<\/li>\n<li>Preencher de acordo com as instru\u00e7\u00f5es;<\/li>\n<li>Digitalizar os Certificados;<\/li>\n<li>Gerar um arquivo \u00daNICO em formato &#8220;PDF&#8221; com o requerimento na primeira pagina e os certificados digitalizados, na ordem do formul\u00e1rio, nas p\u00e1ginas seguintes;<\/li>\n<li>Enviar o arquivo gerado em formato\u00a0 &#8220;PDF&#8221; para o e-mail civilsecretaria@ufpr.br<\/li>\n<li>Em seguida a secretaria do curso ir\u00e1 agendar data e hor\u00e1rio para confer\u00eancia dos documentos apresentados, a confer\u00eancia ser\u00e1 realizada de forma remota atrav\u00e9s do Teams. Os estudantes que tiverem dificuldades com a a confer\u00eancia atrav\u00e9s do Teams poder\u00e3o solicitar confer\u00eancia presencial.\n<ul>\n<li>CERTIFICADOS ORIGINAIS dever\u00e3o ser apresentados para confer\u00eancia e em seguida ser\u00e3o devolvidos;<\/li>\n<li>CERTIFICADOS DIGITAIS:\n<ul>\n<li>encaminhar o e-mail de recebimento do certificado para o e-mail civilsecretaria@ufpr.br para valida\u00e7\u00e3o;<\/li>\n<li>no caso de certificado digital baixado da p\u00e1gina da entidade\/empresa que realizou o curso\/treinamento informar o link para valida\u00e7\u00e3o;<\/li>\n<li>no caso de certificado digital baixado de drives, o estudante dever\u00e1 informar o endere\u00e7o eletr\u00f4nico para valida\u00e7\u00e3o.<\/li>\n<\/ul>\n<\/li>\n<\/ul>\n<\/li>\n<\/ol>\n<h3><strong>SECRETARIA<\/strong><\/h3>\n<ol>\n<li>Ap\u00f3s a confer\u00eancia a secretaria da Coordena\u00e7\u00e3o do Curso de Engenharia Civil enviar\u00e1 o processo para an\u00e1lise da Comiss\u00e3o de Atividades Formativas.<\/li>\n<li>No retorno do processo: se DEFERIDO (aprovado) a secretaria ir\u00e1 realizar o lan\u00e7amentos das Horas Formativas no Hist\u00f3rico Escolar do estudante; se INDEFERIDO (n\u00e3o aprovado) a secretaria ir\u00e1 realizar contato com o estudante atrav\u00e9s de e-mail.<\/li>\n<\/ol>\n<h3>&#8212;&#8212;&#8212;&#8212;&#8212;&#8212;&#8212;&#8212;&#8212;&#8212;&#8212;&#8212;&#8212;&#8212;&#8212;&#8212;&#8212;&#8212;&#8212;&#8212;&#8212;&#8212;&#8212;&#8211;<\/h3>\n<h3 style=\"text-align: justify\"><span style=\"color: #000080\">O que s\u00e3o atividades formativas?<\/span><\/h3>\n<hr \/>\n<ul>\n<li>As Atividades Formativas s\u00e3o constitu\u00eddas de atividades complementares em rela\u00e7\u00e3o ao eixo fundamental do curr\u00edculo.<\/li>\n<li>Objetivam a flexibiliza\u00e7\u00e3o e o\u00a0enriquecimento da forma\u00e7\u00e3o acad\u00eamico profissional dos alunos.<\/li>\n<li>Devem contemplar a articula\u00e7\u00e3o entre o ensino, pesquisa e extens\u00e3o.<\/li>\n<li>A Atividade Formativa dever\u00e1 ser cumprida no per\u00edodo em que o aluno estiver regularmente matriculado no curso.<\/li>\n<li>Far\u00e3o parte do hist\u00f3rico escolar do aluno e ser\u00e3o registrados\u00a0pela Coordena\u00e7\u00e3o do Curso ap\u00f3s an\u00e1lise, aprova\u00e7\u00e3o pela Comiss\u00e3o de Avalia\u00e7\u00e3o de Horas Formativas.<\/li>\n<li><em><strong>O CURR\u00cdCULO DO CURSO DE ENGENHARIA CIVIL (02B-2006) EXIGE QUE TODO ESTUDANTE TENHA UM M\u00cdNIMO DE 120 HORAS DE ATIVIDADES FORMATIVAS.<\/strong><\/em><\/li>\n<\/ul>\n<hr \/>\n<h3><span style=\"color: #000080\">Quais atividades acad\u00eamicas s\u00e3o consideradas como formativas?<\/span><\/h3>\n<hr \/>\n<p style=\"text-align: justify\">Constituem-se Atividades Formativas na UFPR, <u>dentre outras aprovadas pelos Colegiados de Curso<\/u>:<\/p>\n<ul>\n<li style=\"list-style-type: none\">\n<ul>\n<li>I \u2013 disciplinas eletivas<\/li>\n<\/ul>\n<\/li>\n<\/ul>\n<ul>\n<li style=\"list-style-type: none\">\n<ul>\n<li style=\"text-align: justify\">II \u2013 est\u00e1gios n\u00e3o obrigat\u00f3rios<\/li>\n<\/ul>\n<\/li>\n<\/ul>\n<ul>\n<li style=\"list-style-type: none\">\n<ul>\n<li style=\"text-align: justify\">III \u2013 atividades de monitoria<\/li>\n<\/ul>\n<\/li>\n<\/ul>\n<ul>\n<li style=\"list-style-type: none\">\n<ul>\n<li style=\"text-align: justify\">IV \u2013 atividades de pesquisa<\/li>\n<\/ul>\n<\/li>\n<\/ul>\n<ul>\n<li style=\"list-style-type: none\">\n<ul>\n<li style=\"text-align: justify\">V \u2013 atividades de extens\u00e3o<\/li>\n<\/ul>\n<\/li>\n<\/ul>\n<ul>\n<li style=\"list-style-type: none\">\n<ul>\n<li style=\"text-align: justify\">VI \u2013 atividades em educa\u00e7\u00e3o \u00e0 dist\u00e2ncia (EAD)<\/li>\n<\/ul>\n<\/li>\n<\/ul>\n<ul>\n<li style=\"list-style-type: none\">\n<ul>\n<li style=\"text-align: justify\">VII \u2013 atividades de representa\u00e7\u00e3o acad\u00eamica<\/li>\n<\/ul>\n<\/li>\n<\/ul>\n<ul>\n<li style=\"list-style-type: none\">\n<ul>\n<li style=\"text-align: justify\">VIII \u2013 atividades culturais<\/li>\n<\/ul>\n<\/li>\n<\/ul>\n<ul>\n<li style=\"list-style-type: none\">\n<ul>\n<li style=\"text-align: justify\">IX \u2013 participa\u00e7\u00e3o em semin\u00e1rios, jornadas, congressos, eventos, simp\u00f3sios, cursos e atividades afins<\/li>\n<\/ul>\n<\/li>\n<\/ul>\n<ul>\n<li style=\"list-style-type: none\">\n<ul>\n<li style=\"text-align: justify\">X \u2013 participa\u00e7\u00e3o em Programa Especial de Treinamento (PET)<\/li>\n<\/ul>\n<\/li>\n<\/ul>\n<ul>\n<li style=\"list-style-type: none\">\n<ul>\n<li style=\"text-align: justify\">XI \u2013 participa\u00e7\u00e3o em projetos ligados \u00e0 licenciatura<\/li>\n<\/ul>\n<\/li>\n<\/ul>\n<ul>\n<li style=\"list-style-type: none\">\n<ul>\n<li style=\"text-align: justify\">XII \u2013 participa\u00e7\u00e3o em Oficinas Did\u00e1ticas<\/li>\n<\/ul>\n<\/li>\n<\/ul>\n<ul>\n<li style=\"list-style-type: none\">\n<ul>\n<li style=\"text-align: justify\">XIII \u2013 participa\u00e7\u00e3o em programas de voluntariado<\/li>\n<\/ul>\n<\/li>\n<\/ul>\n<ul>\n<li style=\"list-style-type: none\">\n<ul>\n<li style=\"text-align: justify\">XIV \u2013 participa\u00e7\u00e3o em programas e projetos institucionais<\/li>\n<\/ul>\n<\/li>\n<\/ul>\n<ul>\n<li style=\"text-align: justify\">XV \u2013 participa\u00e7\u00e3o em Empresa J\u00fanior reconhecida formalmente como tal pela UFPR.<\/li>\n<\/ul>\n<hr \/>\n<h3><span style=\"color: #000080\">Regulamenta\u00e7\u00e3o<\/span><\/h3>\n<hr \/>\n<p><strong>RESOLU\u00c7\u00c3O N\u00ba 70\/04-CEPE &#8211;\u00a0Disp\u00f5e sobre as atividades formativas na\u00a0flexibiliza\u00e7\u00e3o dos curr\u00edculos dos cursos de\u00a0gradua\u00e7\u00e3o e de ensino profissionalizante da UFPR.<\/strong><\/p>\n<p>O CONSELHO DE ENSINO, PESQUISA E\u00a0EXTENS\u00c3O da Universidade Federal do Paran\u00e1, \u00f3rg\u00e3o normativo, consultivo e\u00a0deliberativo da administra\u00e7\u00e3o superior, no uso de suas atribui\u00e7\u00f5es, consubstanciado no\u00a0parecer n\u00ba 254\/04 exarado pelo Conselheiro Antonio Carlos Novaes de Souza no\u00a0processo n\u00ba 130\/04-81, por unanimidade de votos e considerando:<\/p>\n<p>\u2022 a necessidade de estabelecer normatiza\u00e7\u00e3o para as atividades formativas que\u00a0passar\u00e3o a compor o curr\u00edculo dos cursos de gradua\u00e7\u00e3o e dos cursos de ensino\u00a0profissionalizante da UFPR;<br \/>\u2022 a import\u00e2ncia das atividades formativas como elementos enriquecedores na\u00a0forma\u00e7\u00e3o profissional dos graduandos;<br \/>\u2022 que as atividades formativas podem contribuir positivamente na\u00a0retroalimenta\u00e7\u00e3o dos curr\u00edculos dos cursos e desta forma, na qualidade de seus\u00a0Projetos Pedag\u00f3gicos;<br \/>\u2022 os princ\u00edpios, objetivos e metas da Lei n\u00ba 9394\/96 de Diretrizes e Bases da\u00a0Educa\u00e7\u00e3o Nacional e das Diretrizes Curriculares, que asseguram a compet\u00eancia\u00a0das IES em promover a flexibiliza\u00e7\u00e3o do curr\u00edculo de seus cursos; e<br \/>\u2022 o disposto no Plano Nacional de Educa\u00e7\u00e3o, referente \u00e0s atividades de Ensino,\u00a0Pesquisa e Extens\u00e3o;<\/p>\n<p><strong>RESOLVE:<\/strong><\/p>\n<p><strong>DA NATUREZA<\/strong><\/p>\n<p>Art. 1.\u00ba &#8211; As Atividades Formativas s\u00e3o constitu\u00eddas de atividades complementares em\u00a0rela\u00e7\u00e3o ao eixo fundamental do curr\u00edculo, objetivando sua flexibiliza\u00e7\u00e3o.<br \/>Art. 2.\u00ba &#8211; As Atividades Formativas fazem parte da flexibiliza\u00e7\u00e3o dos curr\u00edculos,\u00a0devendo estar contempladas nos Projetos Pedag\u00f3gicos de cada Curso de Gradua\u00e7\u00e3o e de\u00a0ensino profissionalizante, visando o enriquecimento da forma\u00e7\u00e3o acad\u00eamico profissional\u00a0dos alunos.<br \/>Art. 3.\u00ba &#8211; As Atividades Formativas devem contemplar a articula\u00e7\u00e3o entre o ensino,\u00a0pesquisa e extens\u00e3o, assegurando seu car\u00e1ter interdisciplinar, em rela\u00e7\u00e3o \u00e0s diversas\u00a0\u00e1reas do conhecimento, respeitando no entanto, o Projeto Pedag\u00f3gico de cada Curso.<br \/>Art. 4.\u00ba &#8211; Constituem-se Atividades Formativas na UFPR, dentre outras aprovadas\u00a0pelos Colegiados de Cursos:<br \/>I &#8211; disciplinas eletivas;<br \/>II &#8211; est\u00e1gios n\u00e3o obrigat\u00f3rios;<br \/>III &#8211; atividades de monitoria;<br \/>IV &#8211; atividades de pesquisa;<br \/>V &#8211; atividades de extens\u00e3o;<br \/>VI &#8211; atividades em educa\u00e7\u00e3o a dist\u00e2ncia (EAD);<br \/>VII &#8211; atividades de representa\u00e7\u00e3o acad\u00eamica;<br \/>VIII &#8211; atividades culturais;<br \/>IX &#8211; participa\u00e7\u00e3o em semin\u00e1rios, jornadas, congressos, eventos, simp\u00f3sios,\u00a0cursos e atividades afins;<br \/>X &#8211; participa\u00e7\u00e3o no Programa Especial de Treinamento (PET);<br \/>XI &#8211; participa\u00e7\u00e3o em projetos ligados \u00e0 licenciatura;<br \/>XII &#8211; participa\u00e7\u00e3o em Oficinas Did\u00e1ticas;<br \/>XIII &#8211; participa\u00e7\u00e3o em programas de voluntariado;<br \/>XIV- participa\u00e7\u00e3o em programas e projetos institucionais; e<br \/>XV \u2013 participa\u00e7\u00e3o em Empresa J\u00fanior reconhecida formalmente como tal pela\u00a0UFPR.<br \/>Par\u00e1grafo \u00fanico &#8211; As Atividades Formativas institucionais mencionadas no \u201ccaput\u201d\u00a0deste artigo, dever\u00e3o seguir normatiza\u00e7\u00e3o interna pr\u00f3pria previamente estabelecidas e\u00a0aprovadas pelos colegiados superiores da UFPR.<\/p>\n<p><strong> DA VALIDA\u00c7\u00c3O<\/strong><\/p>\n<p>Art. 5.\u00ba &#8211; Os Colegiados de Curso contar\u00e3o com uma Comiss\u00e3o Permanente de\u00a0Acompanhamento de Atividades Formativas, composta por membros indicados pelo\u00a0Colegiado de Curso a que se refere, com mandato de dois anos, permitida uma\u00a0recondu\u00e7\u00e3o.<br \/>Art. 6.\u00ba &#8211; As Atividades Formativas ser\u00e3o realizadas no decorrer dos cursos de\u00a0gradua\u00e7\u00e3o ou dos cursos de ensino profissionalizante, mediante acompanhamento\u00a0definido pelos Colegiados de Curso e far\u00e3o parte do hist\u00f3rico escolar do aluno.<br \/>Par\u00e1grafo \u00fanico \u2013 As Atividades Formativas ser\u00e3o registradas no hist\u00f3rico escolar do\u00a0aluno, pelo Departamento de Assuntos Acad\u00eamicos (DAA).<br \/>Art. 7\u00ba &#8211; A carga hor\u00e1ria das Atividades Formativas dever\u00e1 estar em conson\u00e2ncia com\u00a0as diretrizes curriculares de cada curso, em fun\u00e7\u00e3o da especificidade das \u00e1reas.<\/p>\n<p><strong> DAS DISPOSI\u00c7\u00d5ES GERAIS<\/strong><\/p>\n<p>Art. 8.\u00ba &#8211; A Pr\u00f3-Reitoria de Gradua\u00e7\u00e3o acompanhar\u00e1 os processos e pareceres\u00a0encaminhados anualmente pelos Colegiados de Curso, conforme previs\u00e3o no Calend\u00e1rio\u00a0Escolar da UFPR.<br \/>Art. 9.\u00ba &#8211; Os casos omissos ser\u00e3o resolvidos pelo Conselho de Ensino e Pesquisa e\u00a0Extens\u00e3o.<br \/>Art. 10 &#8211; Esta resolu\u00e7\u00e3o entrar\u00e1 em vigor na data se sua publica\u00e7\u00e3o, revogadas as\u00a0disposi\u00e7\u00f5es em contr\u00e1rio.<\/p>\n<p>Sala das Sess\u00f5es, em 09 de julho de 2004.<\/p>\n<p>Aguinaldo Jos\u00e9 do Nascimento<br \/>Decano do CEPE no exerc\u00edcio da Presid\u00eancia<\/p>\n<hr \/>\n<p>Atualizado em 26\/03\/2024<\/p>","protected":false},"excerpt":{"rendered":"<p>Prazos para entrega do requerimento de Atividades Formativas &#8211; Primeiro Semestre de 2026 Aten\u00e7\u00e3o, SOMENTE para estudantes que integralizaram 2.820 horas ou mais da carga [&hellip;]<\/p>\n","protected":false},"author":1,"featured_media":0,"parent":0,"menu_order":0,"comment_status":"closed","ping_status":"closed","template":"","meta":{"footnotes":""},"_links":{"self":[{"href":"https:\/\/tecnologia.ufpr.br\/ccec\/wp-json\/wp\/v2\/pages\/29"}],"collection":[{"href":"https:\/\/tecnologia.ufpr.br\/ccec\/wp-json\/wp\/v2\/pages"}],"about":[{"href":"https:\/\/tecnologia.ufpr.br\/ccec\/wp-json\/wp\/v2\/types\/page"}],"author":[{"embeddable":true,"href":"https:\/\/tecnologia.ufpr.br\/ccec\/wp-json\/wp\/v2\/users\/1"}],"replies":[{"embeddable":true,"href":"https:\/\/tecnologia.ufpr.br\/ccec\/wp-json\/wp\/v2\/comments?post=29"}],"version-history":[{"count":47,"href":"https:\/\/tecnologia.ufpr.br\/ccec\/wp-json\/wp\/v2\/pages\/29\/revisions"}],"predecessor-version":[{"id":7787,"href":"https:\/\/tecnologia.ufpr.br\/ccec\/wp-json\/wp\/v2\/pages\/29\/revisions\/7787"}],"wp:attachment":[{"href":"https:\/\/tecnologia.ufpr.br\/ccec\/wp-json\/wp\/v2\/media?parent=29"}],"curies":[{"name":"wp","href":"https:\/\/api.w.org\/{rel}","templated":true}]}}