{"id":2647,"date":"2016-11-28T16:05:48","date_gmt":"2016-11-28T18:05:48","guid":{"rendered":"https:\/\/tecnologia.ufpr.br\/cceq\/?page_id=2647"},"modified":"2024-10-03T12:02:43","modified_gmt":"2024-10-03T15:02:43","slug":"noticias-vagas-de-estagio-abertas","status":"publish","type":"page","link":"https:\/\/tecnologia.ufpr.br\/ccec\/noticias-vagas-de-estagio-abertas\/","title":{"rendered":"Not\u00edcias\/ Vagas de Est\u00e1gio Abertas"},"content":{"rendered":"\n<p><strong>A Coordena\u00e7\u00e3o do Curso de Engenharia Civil recebe ofertas de vagas de est\u00e1gio de diversas empresas e encaminha ao Diret\u00f3rio Acad\u00eamico de Engenharia Civil (DAEP)<\/strong>.<\/p>\n\n\n\n<p>Al\u00e9m disso, a UFPR disponibiliza um sistema que vai centralizar as vagas de est\u00e1gio ofertadas aos estudantes em \u00fanico portal. A mesma ferramenta ser\u00e1 utilizada por empresas, institui\u00e7\u00f5es e agentes de integra\u00e7\u00e3o que tenham vagas abertas para est\u00e1gio para estudantes UFPR. <\/p>\n\n\n\n<p>A PROGRAD desenvolveu tutoriais que guiam o usu\u00e1rio para acessar e usar o sistema, tanto para estudantes quanto para empregadores. Podem ser acessados a seguir:&nbsp;<\/p>\n\n\n\n<p class=\"has-text-align-center\"><strong>Tutorial para uso do Mural de Est\u00e1gios da UFPR &#8211; Perfil Empresa &#8211; Cadastramento<\/strong>&nbsp;<br><a href=\"http:\/\/www.prograd.ufpr.br\/portal\/wp-content\/uploads\/2024\/08\/Tutorial-de-Uso-do-Manual_Perfil-Empresa-2.pdf\" target=\"_blank\" rel=\"noreferrer noopener\">http:\/\/www.prograd.ufpr.br\/portal\/wp-content\/uploads\/2024\/08\/Tutorial-de-Uso-do-Manual_Perfil-Empresa-2.pdf<\/a>&nbsp;<\/p>\n\n\n\n<p class=\"has-text-align-center\"><strong>Tutorial para uso do Mural de Est\u00e1gios da UFPR \u2013 Perfil Estudante Cadastramento<\/strong>&nbsp;<br><a href=\"http:\/\/www.prograd.ufpr.br\/portal\/wp-content\/uploads\/2024\/08\/Tutorial-de-Uso-do-Mural_Perfil-Discente-2-1.pdf\" target=\"_blank\" rel=\"noreferrer noopener\">http:\/\/www.prograd.ufpr.br\/portal\/wp-content\/uploads\/2024\/08\/Tutorial-de-Uso-do-Mural_Perfil-Discente-2-1.pdf<\/a>&nbsp;<\/p>\n\n\n\n<p class=\"has-text-align-center\"><em>Para mais informa\u00e7\u00f5es, entrar em contato com: <\/em><a href=\"mailto:estagio@ufpr.br\" target=\"_blank\" rel=\"noreferrer noopener\"><em>estagio@ufpr.br<\/em><\/a><em>.<\/em>&nbsp;<br><strong>Unidade de Est\u00e1gios <\/strong><br>COAFE\/PROGRAD\/UFPR&nbsp;<br>Pra\u00e7a Santos Andrade, 50&nbsp;<br>Telefone: 3310-2675&nbsp;<\/p>\n\n\n\n<div style=\"height:100px\" aria-hidden=\"true\" class=\"wp-block-spacer\"><\/div>\n\n\n\n<div class=\"wp-block-group is-nowrap is-layout-flex wp-container-core-group-is-layout-2 wp-block-group-is-layout-flex\">\n<div class=\"wp-block-group is-nowrap is-layout-flex wp-container-core-group-is-layout-1 wp-block-group-is-layout-flex\">\n<p>Atualizado em: <\/p>\n\n\n<div class=\"has-text-align-center wp-block-post-date__modified-date wp-block-post-date\"><time datetime=\"2024-10-03T12:02:43-03:00\">3 de outubro de 2024<\/time><\/div><\/div>\n<\/div>\n","protected":false},"excerpt":{"rendered":"<p>A Coordena\u00e7\u00e3o do Curso de Engenharia Civil recebe ofertas de vagas de est\u00e1gio de diversas empresas e encaminha ao Diret\u00f3rio Acad\u00eamico de Engenharia Civil (DAEP). [&hellip;]<\/p>\n","protected":false},"author":1,"featured_media":0,"parent":0,"menu_order":0,"comment_status":"closed","ping_status":"closed","template":"","meta":{"footnotes":""},"_links":{"self":[{"href":"https:\/\/tecnologia.ufpr.br\/ccec\/wp-json\/wp\/v2\/pages\/2647"}],"collection":[{"href":"https:\/\/tecnologia.ufpr.br\/ccec\/wp-json\/wp\/v2\/pages"}],"about":[{"href":"https:\/\/tecnologia.ufpr.br\/ccec\/wp-json\/wp\/v2\/types\/page"}],"author":[{"embeddable":true,"href":"https:\/\/tecnologia.ufpr.br\/ccec\/wp-json\/wp\/v2\/users\/1"}],"replies":[{"embeddable":true,"href":"https:\/\/tecnologia.ufpr.br\/ccec\/wp-json\/wp\/v2\/comments?post=2647"}],"version-history":[{"count":16,"href":"https:\/\/tecnologia.ufpr.br\/ccec\/wp-json\/wp\/v2\/pages\/2647\/revisions"}],"predecessor-version":[{"id":7235,"href":"https:\/\/tecnologia.ufpr.br\/ccec\/wp-json\/wp\/v2\/pages\/2647\/revisions\/7235"}],"wp:attachment":[{"href":"https:\/\/tecnologia.ufpr.br\/ccec\/wp-json\/wp\/v2\/media?parent=2647"}],"curies":[{"name":"wp","href":"https:\/\/api.w.org\/{rel}","templated":true}]}}