{"id":25,"date":"2016-04-05T15:41:15","date_gmt":"2016-04-05T15:41:15","guid":{"rendered":"https:\/\/tecnologia.ufpr.br\/cceq\/?page_id=25"},"modified":"2025-11-11T16:59:14","modified_gmt":"2025-11-11T19:59:14","slug":"resolucoes-e-normas","status":"publish","type":"page","link":"https:\/\/tecnologia.ufpr.br\/ccec\/resolucoes-e-normas\/","title":{"rendered":"Resolu\u00e7\u00f5es, Instru\u00e7\u00f5es e Delibera\u00e7\u00f5es"},"content":{"rendered":"\n<div style=\"height:40px\" aria-hidden=\"true\" class=\"wp-block-spacer\"><\/div>\n\n\n\n<h3 class=\"wp-block-heading has-text-align-center\"><span style=\"color: #003366\">Informe-se aqui sobre as Resolu\u00e7\u00f5es e Diretrizes aplicadas \u00e0 Gradua\u00e7\u00e3o do Curso de Engenharia Civil da UFPR<\/span><\/h3>\n\n\n\n<hr class=\"wp-block-separator has-alpha-channel-opacity\" \/>\n\n\n\n<p>As resolu\u00e7\u00f5es gerais e atualizadas da UFPR podem ser encontradas no site:&nbsp; <a href=\"http:\/\/www.soc.ufpr.br\/portal\/\" target=\"_blank\" rel=\"noreferrer noopener\">http:\/\/www.soc.ufpr.br\/portal\/<\/a><\/p>\n\n\n\n<p>Abaixo as principais para consulta:<\/p>\n\n\n\n<ul>\n<li><a href=\"http:\/\/www.soc.ufpr.br\/wp-content\/uploads\/2019\/05\/Reg-Geral-da-UFPR-atualizado.pdf\">Regimento Geral da UFPR<\/a>:&nbsp;REGIMENTO GERAL DA UNIVERSIDADE FEDERAL DO PARAN\u00c1 &#8211; UFPR<\/li>\n\n\n\n<li><a href=\"https:\/\/soc.ufpr.br\/wp-content\/uploads\/2022\/08\/ESTATUTO-DA-UFPR-1.pdf\" target=\"_blank\" rel=\"noreferrer noopener\">Estatuto da UFPR<\/a>. UNIVERSIDADE FEDERAL DO PARAN\u00c1-UFPR<\/li>\n\n\n\n<li><a href=\"http:\/\/www.soc.ufpr.br\/wp-content\/uploads\/2016\/07\/Res-37-97-CEPE-Atividades-Acad%C3%AAmicas.pdf\">Resolu\u00e7\u00e3o n\u00ba 37\/1997\u2013CEPE<\/a>.&nbsp;Aprova normas b\u00e1sicas de <strong>controle e registro da atividade acad\u00eamica<\/strong> dos cursos de gradua\u00e7\u00e3o da Universidade.<\/li>\n\n\n\n<li><a href=\"http:\/\/www.soc.ufpr.br\/wp-content\/uploads\/2016\/07\/resolucao_cepe_27052014-897.pdf\">Resolu\u00e7\u00e3o n\u00ba 07\/2014-CEPE<\/a>.&nbsp;Altera a Resolu\u00e7\u00e3o 37\/97-CEPE, que aprova normas b\u00e1sicas de <strong>controle e registro da atividade acad\u00eamica<\/strong> dos cursos de gradua\u00e7\u00e3o da Universidade.<\/li>\n\n\n\n<li><a href=\"http:\/\/www.soc.ufpr.br\/wp-content\/uploads\/2016\/07\/Res-92-13-CEPE-altera%C3%A7%C3%A3o-Resolu%C3%A7%C3%A3o-0610-alterado-pela-Res-39.18.pdf\">Resolu\u00e7\u00e3o n\u00b0 92\/2013\u2013CEPE.<\/a>&nbsp;Aprova normas de dispensa de Disciplinas, de Equival\u00eancia de Disciplinas, de <strong>Exames de Adiantamento e Aproveitamento de Conhecimento<\/strong> nos cursos de gradua\u00e7\u00e3o da Universidade Federal do Paran\u00e1.<\/li>\n\n\n\n<li><a href=\"https:\/\/tecnologia.ufpr.br\/ccec\/wp-content\/uploads\/sites\/32\/2025\/11\/in-02-2025-prograp.pdf\" target=\"_blank\" rel=\"noreferrer noopener\">Instru\u00e7\u00e3o Nornativa n\u00ba 02\/2025-PROGRAP<\/a>&nbsp;Estabelece procedimentos administrativos e operacionais no \u00e2mbito da Pr\u00f3-Reitoria de Gradua\u00e7\u00e3o e Educa\u00e7\u00e3o Profissional (PROGRAP) para as Cola\u00e7\u00f5es de Grau de cursos de gradua\u00e7\u00e3o e educa\u00e7\u00e3o profissional da Universidade Federal do Paran\u00e1.<\/li>\n\n\n\n<li><a href=\"http:\/\/www.soc.ufpr.br\/wp-content\/uploads\/2018\/09\/in0114CEPEmodificada.pdf\">Instru\u00e7\u00e3o Normativa n\u00b0 01\/2014\u2013PROGRAD<\/a>. Regulamenta os procedimentos administrativos de dispensa e equival\u00eancia de Disciplinas e dos <strong>exames de Adiantamento e de Aproveitamento de Conhecimento<\/strong> de que trata a Resolu\u00e7\u00e3o 92\/13-CEPE no \u00e2mbito dos cursos de gradua\u00e7\u00e3o da Universidade Federal do Paran\u00e1.<\/li>\n\n\n\n<li><a href=\"http:\/\/www.soc.ufpr.br\/wp-content\/uploads\/2016\/07\/resolucao_cepe_10021995-78.pdf\">Resolu\u00e7\u00e3o n\u00ba 14\/1995 &#8211; CEPE<\/a>. Fixa diretrizes e procedimentos para <strong>aproveitamento de disciplinas<\/strong> de gradua\u00e7\u00e3o cursadas em outras Universidades, conveniadas com a UFPR.<\/li>\n\n\n\n<li><a href=\"http:\/\/www.soc.ufpr.br\/wp-content\/uploads\/2016\/07\/cepe-97a15.pdf\">Resolu\u00e7\u00e3o n\u00ba 97-A\/2015\u2013CEPE<\/a>. Estabelece as normas para <strong>trancamento de curso<\/strong> dos Cursos de Gradua\u00e7\u00e3o e de Educa\u00e7\u00e3o Profissional e Tecnol\u00f3gica da Universidade Federal do Paran\u00e1 a partir do ano letivo de 2016.<\/li>\n\n\n\n<li><a href=\"https:\/\/tecnologia.ufpr.br\/cceq\/wp-content\/uploads\/sites\/5\/2016\/04\/I.N.01.16-PROGRAD.pdf\">Instru\u00e7\u00e3o Normativa&nbsp; n\u00ba 01\/2016-PROGRAD<\/a>. Regulamenta os procedimentos administrativos de que trata a Resolu\u00e7\u00e3o 97\/15.<\/li>\n\n\n\n<li><a href=\"http:\/\/www.soc.ufpr.br\/wp-content\/uploads\/2016\/07\/resolucao_cepe_11052001-53.pdf\">Resolu\u00e7\u00e3o n\u00ba 32\/2001-CEPE<\/a>. Altera o \u00a7 3\u00ba do art. 61 da Resolu\u00e7\u00e3o 37\/97-CEPE estabelecendo par\u00e2metros e delegando aos Colegiados de Curso a an\u00e1lise dos pedidos de<strong> 3\u00ba Trancamento de Curso.<\/strong><\/li>\n\n\n\n<li><a href=\"http:\/\/www.soc.ufpr.br\/wp-content\/uploads\/2016\/07\/cepe-70-04-CEPE-alterada-pela-resolu%C3%A7%C3%A3o-21.18.pdf\">Resolu\u00e7\u00e3o n\u00ba 70\/2004\u2013CEPE<\/a>.&nbsp;Disp\u00f5e sobre as <strong>atividades formativas<\/strong> na flexibiliza\u00e7\u00e3o dos curr\u00edculos dos cursos de gradua\u00e7\u00e3o e de ensino profissionalizante da UFPR<\/li>\n\n\n\n<li><span style=\"color: #000000\"><a href=\"https:\/\/tecnologia.ufpr.br\/ccec\/wp-content\/uploads\/sites\/32\/2019\/10\/AF_Delibera\u00e7\u00e3o_Normativa_01_2019-31-05-2019.pdf\">Delibera\u00e7\u00e3o_Normativa_<\/a><a href=\"https:\/\/tecnologia.ufpr.br\/cceq\/wp-content\/uploads\/sites\/5\/2016\/04\/I.N.01.16-PROGRAD.pdf\">n\u00ba<\/a><a href=\"https:\/\/tecnologia.ufpr.br\/ccec\/wp-content\/uploads\/sites\/32\/2019\/10\/AF_Delibera\u00e7\u00e3o_Normativa_01_2019-31-05-2019.pdf\"> 01-2019-CCEC<\/a><\/span>. Atualiza a Delibera\u00e7\u00e3o Normativa 02\/2017, que especifica a carga hor\u00e1ria, referente as <strong><span style=\"color: #000000\">Atividades Formativas,<\/span><\/strong> requisito parcial \u00e0 obten\u00e7\u00e3o do grau de Engenheiro Civil.<\/li>\n\n\n\n<li><a href=\"https:\/\/tecnologia.ufpr.br\/ccec\/wp-content\/uploads\/sites\/32\/2022\/12\/DN-02-2022.pdf\">Delibera\u00e7\u00e3o Normativa 02\/2022 &#8211; CCEC<\/a>. Espec\u00edfica o per\u00edodo m\u00ednimo e carga hor\u00e1ria m\u00ednima para a libera\u00e7\u00e3o de matr\u00edcula para <strong><span style=\"color: #000000\">Trabalho Final de Curso I e II<\/span><\/strong> &#8211; em qualquer uma das tr\u00eas \u00e1reas profissionalizantes do Curso de Engenharia Civil.<\/li>\n\n\n\n<li><a href=\"https:\/\/tecnologia.ufpr.br\/ccec\/wp-content\/uploads\/sites\/32\/2022\/12\/DN-01-2022.pdf\">Delibera\u00e7\u00e3o Normativa 01\/2022 &#8211; CCEC<\/a>. Espec\u00edfica o per\u00edodo m\u00ednimo e carga hor\u00e1ria m\u00ednima para a libera\u00e7\u00e3o de matr\u00edcula para <strong>Est\u00e1gio Obrigat\u00f3rio<\/strong>&nbsp;em qualquer uma das tr\u00eas \u00e1reas profissionalizantes do Curso de Engenharia Civil.<\/li>\n\n\n\n<li><a href=\"https:\/\/tecnologia.ufpr.br\/ccec\/wp-content\/uploads\/sites\/32\/2021\/08\/Resolucao-52-21-CEPE.pdf\">Resolu\u00e7\u00e3o 52 21-CEPE &#8211;<\/a> Estabelece o calend\u00e1rio acad\u00eamico da Universidade Federal do Paran\u00e1 para 2021, como plano de adequa\u00e7\u00e3o ao calend\u00e1rio civil.<\/li>\n\n\n\n<li><a href=\"https:\/\/tecnologia.ufpr.br\/ccec\/wp-content\/uploads\/sites\/32\/2021\/09\/IN-02_2021.pdf\">Instru\u00e7\u00e3o Normativa 02\/2021<\/a> &#8211; Calend\u00e1rio Acad\u00eamico 2021<\/li>\n\n\n\n<li><a href=\"https:\/\/tecnologia.ufpr.br\/ccec\/wp-content\/uploads\/sites\/32\/2022\/06\/Calendario-Academico-2022.pdf\">Resolu\u00e7\u00e3o 31\/22-CEPE<\/a>&nbsp;&#8211; Calend\u00e1rio Acad\u00eamico &#8211; 2022<\/li>\n\n\n\n<li><a href=\"https:\/\/tecnologia.ufpr.br\/ccec\/wp-content\/uploads\/sites\/32\/2024\/03\/RESOLUCAO-No-90-23-CEPE-geral-1.pdf\">Resolu\u00e7\u00e3o N\u00ba 90\/23-CEPE<\/a>\u00a0&#8211; Calend\u00e1rio Acad\u00eamico &#8211; 2024<\/li>\n\n\n\n<li><a href=\"https:\/\/tecnologia.ufpr.br\/ccec\/wp-content\/uploads\/sites\/32\/2025\/11\/calendario-resolucao-no-19-24-cepe-1.pdf\" target=\"_blank\" rel=\"noreferrer noopener\">Resolu\u00e7\u00e3o N\u00ba 19\/24-CEPE<\/a>\u00a0&#8211; Calend\u00e1rio Acad\u00eamico &#8211; 2025<\/li>\n<\/ul>\n\n\n\n<p><\/p>\n\n\n\n<hr class=\"wp-block-separator has-alpha-channel-opacity\" \/>\n\n\n\n<h2 class=\"wp-block-heading\"><span style=\"font-size: 1.2em;font-weight: 600\">Legisla\u00e7\u00e3o do Est\u00e1gio<\/span><\/h2>\n\n\n\n<p>Acesse aqui a legisla\u00e7\u00e3o sobre est\u00e1gio: <a href=\"http:\/\/www.planalto.gov.br\/ccivil_03\/_ato2007-2010\/2008\/lei\/l11788.htm\">Acesse aqui<\/a><\/p>\n\n\n\n<p><a href=\"https:\/\/tecnologia.ufpr.br\/ccec\/wp-content\/uploads\/sites\/32\/2021\/07\/IN-01_2021.pdf\">Instru\u00e7\u00e3o Normativa <\/a><a href=\"https:\/\/tecnologia.ufpr.br\/cceq\/wp-content\/uploads\/sites\/5\/2016\/04\/I.N.01.16-PROGRAD.pdf\">n\u00ba 01\/2021-PROGRAD<\/a>. Estabelece a obrigatoriedade de apresenta\u00e7\u00e3o do Relat\u00f3rio de Est\u00e1gio e da comprova\u00e7\u00e3o funcional ou societ\u00e1ria de aluno funcion\u00e1rio.<\/p>\n\n\n\n<hr class=\"wp-block-separator has-alpha-channel-opacity\" \/>\n\n\n\n<div style=\"height:100px\" aria-hidden=\"true\" class=\"wp-block-spacer\"><\/div>\n\n\n\n<div class=\"wp-block-group is-nowrap is-layout-flex wp-container-core-group-is-layout-2 wp-block-group-is-layout-flex\">\n<div class=\"wp-block-group is-nowrap is-layout-flex wp-container-core-group-is-layout-1 wp-block-group-is-layout-flex\">\n<p>Atualizado em: <\/p>\n<\/div>\n\n\n<div class=\"wp-block-post-date__modified-date wp-block-post-date\"><time datetime=\"2025-11-11T16:59:14-03:00\">11 de novembro de 2025<\/time><\/div><\/div>\n","protected":false},"excerpt":{"rendered":"<p>Informe-se aqui sobre as Resolu\u00e7\u00f5es e Diretrizes aplicadas \u00e0 Gradua\u00e7\u00e3o do Curso de Engenharia Civil da UFPR As resolu\u00e7\u00f5es gerais e atualizadas da UFPR podem [&hellip;]<\/p>\n","protected":false},"author":1,"featured_media":0,"parent":0,"menu_order":0,"comment_status":"closed","ping_status":"closed","template":"","meta":{"footnotes":""},"_links":{"self":[{"href":"https:\/\/tecnologia.ufpr.br\/ccec\/wp-json\/wp\/v2\/pages\/25"}],"collection":[{"href":"https:\/\/tecnologia.ufpr.br\/ccec\/wp-json\/wp\/v2\/pages"}],"about":[{"href":"https:\/\/tecnologia.ufpr.br\/ccec\/wp-json\/wp\/v2\/types\/page"}],"author":[{"embeddable":true,"href":"https:\/\/tecnologia.ufpr.br\/ccec\/wp-json\/wp\/v2\/users\/1"}],"replies":[{"embeddable":true,"href":"https:\/\/tecnologia.ufpr.br\/ccec\/wp-json\/wp\/v2\/comments?post=25"}],"version-history":[{"count":31,"href":"https:\/\/tecnologia.ufpr.br\/ccec\/wp-json\/wp\/v2\/pages\/25\/revisions"}],"predecessor-version":[{"id":7739,"href":"https:\/\/tecnologia.ufpr.br\/ccec\/wp-json\/wp\/v2\/pages\/25\/revisions\/7739"}],"wp:attachment":[{"href":"https:\/\/tecnologia.ufpr.br\/ccec\/wp-json\/wp\/v2\/media?parent=25"}],"curies":[{"name":"wp","href":"https:\/\/api.w.org\/{rel}","templated":true}]}}