{"id":997,"date":"2016-04-20T23:03:16","date_gmt":"2016-04-20T23:03:16","guid":{"rendered":"https:\/\/tecnologia.ufpr.br\/cceq\/?page_id=997"},"modified":"2024-11-05T11:02:35","modified_gmt":"2024-11-05T14:02:35","slug":"confirmacao-e-ocupacao-de-vagas-pelos-calouros","status":"publish","type":"page","link":"https:\/\/tecnologia.ufpr.br\/ccec\/en\/confirmacao-e-ocupacao-de-vagas-pelos-calouros\/","title":{"rendered":"Confirma\u00e7\u00e3o e Ocupa\u00e7\u00e3o de Vagas pelos Calouros"},"content":{"rendered":"<div style=\"height:40px\" aria-hidden=\"true\" class=\"wp-block-spacer\"><\/div>\n\n\n\n<h3 class=\"wp-block-heading has-text-align-center\"><strong><mark style=\"background-color:#ffffff\" class=\"has-inline-color has-vivid-red-color\">\u00c9 fundamental que o aluno CONFIRME o seu registro acad\u00eamico em um dos TR\u00caS PRIMEIROS DIAS DE AULA na Coordena\u00e7\u00e3o do seu curso.<\/mark><\/strong><\/h3>\n\n\n\n<div style=\"height:40px\" aria-hidden=\"true\" class=\"wp-block-spacer\"><\/div>\n\n\n\n<p><span style=\"color: #000000\">A confirma\u00e7\u00e3o \u00e9 feita mediante assinatura de Lista de Confirma\u00e7\u00e3o de Registro Acad\u00eamico, <\/span><\/p>\n\n\n\n<p><span style=\"color: #000000\">A confirma\u00e7\u00e3o dever\u00e1 ser feita pelo <strong>candidato selecionado<\/strong> ou <strong>por seu procurador legalmente institu\u00eddo<\/strong> e, neste \u00faltimo caso, deve-se recolher a procura\u00e7\u00e3o e anex\u00e1-la \u00e0 lista.<\/span><\/p>\n\n\n\n<p><span style=\"color: #000000\">A listagem cont\u00e9m os nomes dos candidatos classificados na Chamada Geral do Processo Seletivo Vestibular e do SiSU (Sistema de Sele\u00e7\u00e3o Unificada) para ingresso no primeiro semestre. <\/span><\/p>\n\n\n\n<div style=\"height:40px\" aria-hidden=\"true\" class=\"wp-block-spacer\"><\/div>\n\n\n\n<p class=\"has-text-align-center\"><span style=\"color: #000000\"><strong>Aten\u00e7\u00e3o: os candidatos das chamadas complementares do Processo Seletivo Vestibular (que ocorrem ap\u00f3s a n\u00e3o confirma\u00e7\u00e3o de registro por candidatos desistentes) dever\u00e3o confirmar sua vaga mediante comparecimento \u00e0 Coordena\u00e7\u00e3o do Curso e efetiva\u00e7\u00e3o das matr\u00edculas para o ano\/semestre de ingresso. <\/strong><\/span><\/p>\n\n\n\n<div style=\"height:100px\" aria-hidden=\"true\" class=\"wp-block-spacer\"><\/div>\n\n\n\n<div class=\"wp-block-group is-nowrap is-layout-flex wp-container-core-group-is-layout-1 wp-block-group-is-layout-flex\">\n<p>Atualizado em:<\/p>\n\n\n<div class=\"wp-block-post-date__modified-date wp-block-post-date\"><time datetime=\"2024-11-05T11:02:35-03:00\">5 de November de 2024<\/time><\/div><\/div>","protected":false},"excerpt":{"rendered":"<p>\u00c9 fundamental que o aluno CONFIRME o seu registro acad\u00eamico em um dos TR\u00caS PRIMEIROS DIAS DE AULA na Coordena\u00e7\u00e3o do seu curso. A confirma\u00e7\u00e3o [&hellip;]<\/p>","protected":false},"author":1,"featured_media":0,"parent":0,"menu_order":0,"comment_status":"closed","ping_status":"closed","template":"","meta":{"footnotes":""},"_links":{"self":[{"href":"https:\/\/tecnologia.ufpr.br\/ccec\/en\/wp-json\/wp\/v2\/pages\/997"}],"collection":[{"href":"https:\/\/tecnologia.ufpr.br\/ccec\/en\/wp-json\/wp\/v2\/pages"}],"about":[{"href":"https:\/\/tecnologia.ufpr.br\/ccec\/en\/wp-json\/wp\/v2\/types\/page"}],"author":[{"embeddable":true,"href":"https:\/\/tecnologia.ufpr.br\/ccec\/en\/wp-json\/wp\/v2\/users\/1"}],"replies":[{"embeddable":true,"href":"https:\/\/tecnologia.ufpr.br\/ccec\/en\/wp-json\/wp\/v2\/comments?post=997"}],"version-history":[{"count":2,"href":"https:\/\/tecnologia.ufpr.br\/ccec\/en\/wp-json\/wp\/v2\/pages\/997\/revisions"}],"predecessor-version":[{"id":7384,"href":"https:\/\/tecnologia.ufpr.br\/ccec\/en\/wp-json\/wp\/v2\/pages\/997\/revisions\/7384"}],"wp:attachment":[{"href":"https:\/\/tecnologia.ufpr.br\/ccec\/en\/wp-json\/wp\/v2\/media?parent=997"}],"curies":[{"name":"wp","href":"https:\/\/api.w.org\/{rel}","templated":true}]}}