{"id":985,"date":"2016-04-20T22:37:59","date_gmt":"2016-04-20T22:37:59","guid":{"rendered":"https:\/\/tecnologia.ufpr.br\/cceq\/?page_id=985"},"modified":"2018-10-11T11:28:02","modified_gmt":"2018-10-11T14:28:02","slug":"estagios-no-exterior","status":"publish","type":"page","link":"https:\/\/tecnologia.ufpr.br\/ccec\/en\/estagios-no-exterior\/","title":{"rendered":"Est\u00e1gios no Exterior"},"content":{"rendered":"<h2>OS ALUNOS REGULARMENTE MATRICULADOS NA UFPR PODER\u00c3O REALIZAR EST\u00c1GIOS NO EXTERIOR<\/h2>\n<h3><span style=\"text-decoration: underline\"><span style=\"color: #800000;text-decoration: underline\">O est\u00e1gio n\u00e3o obrigat\u00f3rio realizado no exterior poder\u00e1 ser validado como obrigat\u00f3rio se:<\/span><\/span><\/h3>\n<ul>\n<li><strong><span style=\"color: #800000\">primeiramente, se a realiza\u00e7\u00e3o do est\u00e1gio no exterior tiver sido previamente aprovado e autorizado pela <a style=\"color: #800000\" href=\"http:\/\/www.prograd.ufpr.br\/cge\/\" target=\"_blank\" rel=\"noopener\">Coordena\u00e7\u00e3o Geral de Est\u00e1gios<\/a>,\u00a0pela <a style=\"color: #800000\" href=\"http:\/\/www.internacional.ufpr.br\/\" target=\"_blank\" rel=\"noopener\">Assessoria de Rela\u00e7\u00f5es Internacionais -AR<\/a>I e pela Coordena\u00e7\u00e3o do Curso (geralmente, mediante submiss\u00e3o e aprova\u00e7\u00e3o em reuni\u00e3o de Colegiado);<\/span><\/strong><\/li>\n<li><strong>para a realiza\u00e7\u00e3o do est\u00e1gio no exterior\u00a0o aluno dever\u00e1 estar matriculado na disciplina de Participa\u00e7\u00e3o em Conv\u00eanio &#8211; PC, a qual garantir\u00e1 o v\u00ednculo do aluno com a UFPR, enquanto estiver no exterior;<\/strong><\/li>\n<li><strong><span style=\"color: #800000\">se o aluno estiver apto a realiz\u00e1-lo;<\/span><\/strong><\/li>\n<li><span style=\"color: #800000\"><strong>e se o aluno finalizar suas pend\u00eancias com a ARI atrav\u00e9s do envio do relat\u00f3rio final, sendo aprovado em PC;<\/strong><\/span><\/li>\n<li><strong><span style=\"color: #800000\">e se, NO MOMENTO DO RETORNO do aluno, o mesmo formalizar pedido de valida\u00e7\u00e3o junto \u00e0 coordena\u00e7\u00e3o do curso no imediato retorno do mesmo, dentro dos prazos previstos no calend\u00e1rio acad\u00eamico;<\/span><\/strong><\/li>\n<\/ul>\n<p><strong>Entre em contato com a coordena\u00e7\u00e3o para maiores esclarecimentos.<\/strong><\/p>\n<ul>\n<li>O est\u00e1gio no exterior deve ser previamente autorizado pela <a href=\"http:\/\/www.prograd.ufpr.br\/cge\/\" target=\"_blank\" rel=\"noopener\">Coordena\u00e7\u00e3o Geral de Est\u00e1gios<\/a> e pela <a href=\"http:\/\/internacional.ufpr.br\/\">Ag\u00eancia UFPR Internacional<\/a> e pela <strong>coordena\u00e7\u00e3o do curso;<\/strong><\/li>\n<li>Para a realiza\u00e7\u00e3o do est\u00e1gio no exterior\u00a0o aluno dever\u00e1 estar matriculado na disciplina de Participa\u00e7\u00e3o em Conv\u00eanio &#8211; PC, a qual garantir\u00e1 o v\u00ednculo do aluno com a UFPR, enquanto estiver no exterior.<\/li>\n<\/ul>\n<p><strong>Matr\u00edcula em PC &#8211;\u00a0<\/strong>Todo o aluno UFPR que sai em Mobilidade Acad\u00eamica, independente do Programa, deve entregar pessoalmente \u00e0 Assessoria de Rela\u00e7\u00f5es Internacionais, antes de sair do pa\u00eds, o formul\u00e1rio de solicita\u00e7\u00e3o de matr\u00edcula em PC (Participa\u00e7\u00e3o de Conv\u00eanio) devidamente assinado e carimbado pelo seu Coordenador de Curso juntamente com a carta de aceite da Universidade de Destino. Isso garantir\u00e1 o v\u00ednculo do aluno \u00a0com a Universidade Federal do Paran\u00e1 durante o processo de Mobilidade.\u00a0<em>Conforme descrito no mencionado documento, durante a mobilidade, o aluno dever\u00e1 estar <strong>APENAS e UNICAMENTE<\/strong> matriculado na disciplina de PC, qualquer matr\u00edcula em disciplinas regulares dever\u00e1 ser cancelada pelo aluno antes de sua sa\u00edda.<\/em><\/p>\n<ul>\n<li>\n<h5><span style=\"color: #ff0000\"><strong>ATEN\u00c7\u00c3O : O per\u00edodo de afastamento ser\u00e1 computado no prazo de integraliza\u00e7\u00e3o do curso, e, portanto, quando retornar, o aluno estar\u00e1 automaticamente desperiodizado em rela\u00e7\u00e3o \u00e0 periodiza\u00e7\u00e3o recomendada, perdendo a prioridade de matr\u00edcula em rela\u00e7\u00e3o aos alunos periodizados.<\/strong><\/span><\/h5>\n<\/li>\n<\/ul>\n<p><strong>OUTRAS INFORMA\u00c7\u00d5ES:<\/strong><\/p>\n<p>Coordena\u00e7\u00e3o Geral de Est\u00e1gios &#8211; CGE &#8211; Site:\u00a0<a href=\"http:\/\/www.prograd.ufpr.br\/cge\/perguntas-frequentes\/\">http:\/\/www.prograd.ufpr.br\/cge\/perguntas-frequentes\/<\/a><\/p>\n<p>Ag\u00eancia UFPR Internacional &#8211; <b>Endere\u00e7o: <\/b>Rua XV de Novembro, 1299 &#8211; CEP: 80. 060-000 &#8211; Curitiba &#8211; PR &#8211; BR &#8211; Site:\u00a0<a href=\"http:\/\/internacional.ufpr.br\/mobilidade-augm\/\">http:\/\/internacional.ufpr.br\/mobilidade-augm\/<\/a><\/p>\n<p><strong>Hor\u00e1rio de atendimento<\/strong>:Ter\u00e7as e Quintas-feiras: 09h00 \u00e0s 12h00 e 14h00 \u00e0s 17h00<\/p>\n<hr \/>\n<h4><strong>RETORNO DO INTERC\u00c2MBIO: O QUE SE DEVE FAZER?<\/strong><\/h4>\n<p>Para validar a sua PC (PARTICIPA\u00c7\u00c3O DE CONV\u00caNIO) \u00a0e regularizar a sua situa\u00e7\u00e3o com a Ag\u00eancia UFPR Internacional, o aluno deve enviar seu boletim de notas e relat\u00f3rio de interc\u00e2mbio\u00a0a ARI. Ap\u00f3s isso, a matr\u00edcula em PC do aluno aparecer\u00e1 no hist\u00f3rico escolar como aprovado!.Somente assim, a coordena\u00e7\u00e3o do Curso poder\u00e1 realizar a sua matr\u00edcula em est\u00e1gio obrigat\u00f3rio e lan\u00e7ar a sua nota.<\/p>\n<p><strong>Maiores informa\u00e7\u00f5es junto a<a href=\"http:\/\/www.internacional.ufpr.br\/\" target=\"_blank\" rel=\"noopener\"> Ag\u00eancia UFPR Internacional.<\/a><\/strong><\/p>\n<p style=\"text-align: justify\"><strong>ALUNO, FIQUE ATENTO: CASO N\u00c3O REGULARIZE SUA SITUA\u00c7\u00c3O E FINALIZE AS PEND\u00caNCIAS JUNTO A ARI <span style=\"color: #ff0000\"><em>NO IMEDIATO RETORNO DO INTERC\u00c2MBIO,<\/em><\/span> TER\u00c1 PROBLEMAS PARA REALIZAR A MATR\u00cdCULA EM DISCIPLINAS DO CURSO, AL\u00c9M DE FICAR COM ESTA PEND\u00caNCIA NO HIST\u00d3RICO ESCOLAR, O QUE PODER\u00c1 IMPEDIR A SUA \u00a0COLA\u00c7\u00c3O DE GRAU (FORMATURA)!!!! \u00a0<\/strong><strong>A n\u00e3o comprova\u00e7\u00e3o de satisfa\u00e7\u00e3o das atividades previstas no conv\u00eanio tamb\u00e9m ser\u00e1 cadastrada com nota e freq\u00fc\u00eancia zero (0), comput\u00e1veis no c\u00e1lculo do I.R.A.<\/strong><\/p>\n<p style=\"text-align: justify\"><strong>Pedidos de equival\u00eancias de disciplinas devem ser solicitados diretamente \u00e0 Coordena\u00e7\u00e3o do Curso na UFPR.\u00a0<\/strong><\/p>\n<p><strong>ATEN\u00c7\u00c3O: Todos os procedimentos administrativos tem prazos!!. Consulte\u00a0o <a href=\"http:\/\/www.soc.ufpr.br\/wp-content\/uploads\/2017\/11\/CEPE30-17-alterado-pela-Res.-30-18-CEPE.pdf\">calend\u00e1rio acad\u00eamico<\/a>\u00a0e n\u00e3o perca os prazos!!!<\/strong><\/p>\n<p>&nbsp;<\/p>","protected":false},"excerpt":{"rendered":"<p>OS ALUNOS REGULARMENTE MATRICULADOS NA UFPR PODER\u00c3O REALIZAR EST\u00c1GIOS NO EXTERIOR O est\u00e1gio n\u00e3o obrigat\u00f3rio realizado no exterior poder\u00e1 ser validado como obrigat\u00f3rio se: primeiramente, [&hellip;]<\/p>","protected":false},"author":1,"featured_media":0,"parent":0,"menu_order":0,"comment_status":"closed","ping_status":"closed","template":"","meta":{"footnotes":""},"_links":{"self":[{"href":"https:\/\/tecnologia.ufpr.br\/ccec\/en\/wp-json\/wp\/v2\/pages\/985"}],"collection":[{"href":"https:\/\/tecnologia.ufpr.br\/ccec\/en\/wp-json\/wp\/v2\/pages"}],"about":[{"href":"https:\/\/tecnologia.ufpr.br\/ccec\/en\/wp-json\/wp\/v2\/types\/page"}],"author":[{"embeddable":true,"href":"https:\/\/tecnologia.ufpr.br\/ccec\/en\/wp-json\/wp\/v2\/users\/1"}],"replies":[{"embeddable":true,"href":"https:\/\/tecnologia.ufpr.br\/ccec\/en\/wp-json\/wp\/v2\/comments?post=985"}],"version-history":[{"count":2,"href":"https:\/\/tecnologia.ufpr.br\/ccec\/en\/wp-json\/wp\/v2\/pages\/985\/revisions"}],"predecessor-version":[{"id":3632,"href":"https:\/\/tecnologia.ufpr.br\/ccec\/en\/wp-json\/wp\/v2\/pages\/985\/revisions\/3632"}],"wp:attachment":[{"href":"https:\/\/tecnologia.ufpr.br\/ccec\/en\/wp-json\/wp\/v2\/media?parent=985"}],"curies":[{"name":"wp","href":"https:\/\/api.w.org\/{rel}","templated":true}]}}