{"id":9,"date":"2016-04-05T15:38:23","date_gmt":"2016-04-05T15:38:23","guid":{"rendered":"https:\/\/tecnologia.ufpr.br\/cceq\/?page_id=9"},"modified":"2024-10-04T15:48:15","modified_gmt":"2024-10-04T18:48:15","slug":"coordenacao","status":"publish","type":"page","link":"https:\/\/tecnologia.ufpr.br\/ccec\/en\/coordenacao\/","title":{"rendered":"Coordena\u00e7\u00e3o"},"content":{"rendered":"<div style=\"height:100px\" aria-hidden=\"true\" class=\"wp-block-spacer\"><\/div>\n\n\n\n<p><strong>A Coordena\u00e7\u00e3o de Curso \u00e9 a unidade administrativa respons\u00e1vel pela dire\u00e7\u00e3o pedag\u00f3gica do curso.&nbsp;<\/strong><strong>Ela se baseia no Projeto Pedag\u00f3gico de Curso aprovado pelo Colegiado de Curso e pelo Conselho de Ensino, Pesquisa e Extens\u00e3o &#8211; CEPE.<\/strong><\/p>\n\n\n\n<p>Entre as suas principais atribui\u00e7\u00f5es destacam-se:<\/p>\n\n\n\n<ul>\n<li>Articular o colegiado do curso com os departamentos e\/ou unidades equivalentes e os servi\u00e7os de ensino, pesquisa e extens\u00e3o em conformidade com o Plano Nacional de Educa\u00e7\u00e3o.<\/li>\n\n\n\n<li>Executar as delibera\u00e7\u00f5es do colegiado, orientando, coordenando e fiscalizando as atividades do curso, atendendo aos alunos no seu fluxo acad\u00eamico.<\/li>\n<\/ul>\n\n\n\n<hr class=\"wp-block-separator has-alpha-channel-opacity\" \/>\n\n\n\n<h4 class=\"wp-block-heading\">Compet\u00eancias do(a) Coordenador(a)<\/h4>\n\n\n\n<p>O(A) Coordenador(a) do Curso \u00e9 um professor efetivo do Curso de Gradua\u00e7\u00e3o, que al\u00e9m de exercer as suas atribui\u00e7\u00f5es como docente, pesquisador e em outras atividades administrativas tem tamb\u00e9m as seguintes compet\u00eancias nesta fun\u00e7\u00e3o:<\/p>\n\n\n\n<ul>\n<li>I- convocar e presidir as reuni\u00f5es do colegiado, com direito a voto, inclusive o de qualidade;<\/li>\n\n\n\n<li>II- representar o colegiado junto aos \u00f3rg\u00e3os da Universidade;<\/li>\n\n\n\n<li>III- executar as delibera\u00e7\u00f5es do colegiado;<\/li>\n\n\n\n<li>IV- cumprir as determina\u00e7\u00f5es dos \u00f3rg\u00e3os da administra\u00e7\u00e3o;<\/li>\n\n\n\n<li>V- dirigir a secretaria da coordena\u00e7\u00e3o;<\/li>\n\n\n\n<li>VI- comunicar ao diretor do setor quaisquer irregularidades e solicitar medidas para corrigi-las;<\/li>\n\n\n\n<li>VII- designar relator ou comiss\u00e3o para o estudo de mat\u00e9ria a ser decidida pelo colegiado;<\/li>\n\n\n\n<li>VIII- decidir mat\u00e9ria de urg\u00eancia <em>ad referendum<\/em> do colegiado;<\/li>\n\n\n\n<li>IX- articular o colegiado do curso com os departamentos e os servi\u00e7os de ensino e pesquisa;<\/li>\n\n\n\n<li>X- instaurar procedimento e propor aplica\u00e7\u00e3o de pena disciplinar;<\/li>\n\n\n\n<li>XI- apresentar ao diretor relat\u00f3rio das atividades da coordena\u00e7\u00e3o; e<\/li>\n\n\n\n<li>XII- exercer outras atribui\u00e7\u00f5es previstas em lei, regulamento ou regimento.<\/li>\n<\/ul>\n\n\n\n<div style=\"height:100px\" aria-hidden=\"true\" class=\"wp-block-spacer\"><\/div>\n\n\n\n<div class=\"wp-block-group is-nowrap is-layout-flex wp-container-core-group-is-layout-2 wp-block-group-is-layout-flex\">\n<div class=\"wp-block-group is-nowrap is-layout-flex wp-container-core-group-is-layout-1 wp-block-group-is-layout-flex\">\n<p>Atualizado em: <\/p>\n<\/div>\n\n\n<div class=\"wp-block-post-date__modified-date wp-block-post-date\"><time datetime=\"2024-10-04T15:48:15-03:00\">4 de October de 2024<\/time><\/div><\/div>","protected":false},"excerpt":{"rendered":"<p>A Coordena\u00e7\u00e3o de Curso \u00e9 a unidade administrativa respons\u00e1vel pela dire\u00e7\u00e3o pedag\u00f3gica do curso.&nbsp;Ela se baseia no Projeto Pedag\u00f3gico de Curso aprovado pelo Colegiado de [&hellip;]<\/p>","protected":false},"author":1,"featured_media":0,"parent":0,"menu_order":0,"comment_status":"closed","ping_status":"closed","template":"","meta":{"footnotes":""},"_links":{"self":[{"href":"https:\/\/tecnologia.ufpr.br\/ccec\/en\/wp-json\/wp\/v2\/pages\/9"}],"collection":[{"href":"https:\/\/tecnologia.ufpr.br\/ccec\/en\/wp-json\/wp\/v2\/pages"}],"about":[{"href":"https:\/\/tecnologia.ufpr.br\/ccec\/en\/wp-json\/wp\/v2\/types\/page"}],"author":[{"embeddable":true,"href":"https:\/\/tecnologia.ufpr.br\/ccec\/en\/wp-json\/wp\/v2\/users\/1"}],"replies":[{"embeddable":true,"href":"https:\/\/tecnologia.ufpr.br\/ccec\/en\/wp-json\/wp\/v2\/comments?post=9"}],"version-history":[{"count":5,"href":"https:\/\/tecnologia.ufpr.br\/ccec\/en\/wp-json\/wp\/v2\/pages\/9\/revisions"}],"predecessor-version":[{"id":7248,"href":"https:\/\/tecnologia.ufpr.br\/ccec\/en\/wp-json\/wp\/v2\/pages\/9\/revisions\/7248"}],"wp:attachment":[{"href":"https:\/\/tecnologia.ufpr.br\/ccec\/en\/wp-json\/wp\/v2\/media?parent=9"}],"curies":[{"name":"wp","href":"https:\/\/api.w.org\/{rel}","templated":true}]}}