{"id":775,"date":"2016-04-18T00:15:36","date_gmt":"2016-04-18T00:15:36","guid":{"rendered":"https:\/\/tecnologia.ufpr.br\/cceq\/?page_id=741"},"modified":"2024-11-04T16:54:02","modified_gmt":"2024-11-04T19:54:02","slug":"matriculas-em-disciplina-eletiva","status":"publish","type":"page","link":"https:\/\/tecnologia.ufpr.br\/ccec\/en\/matriculas-em-disciplina-eletiva\/","title":{"rendered":"Matr\u00edculas em disciplina eletiva"},"content":{"rendered":"<ul>\n<li>Os alunos ativos da UFPR poder\u00e3o cursar disciplinas de outros cursos para enriquecimento de sua forma\u00e7\u00e3o cultural.<\/li>\n\n\n\n<li>As cargas hor\u00e1rias de disciplinas eletivas n\u00e3o s\u00e3o computadas para efeito da integraliza\u00e7\u00e3o curricular, contudo podem ser aproveitadas para compor a carga hor\u00e1ria de Atividades Formativas Complementares de acordo com a resolu\u00e7\u00e3o de cada curr\u00edculo, conforme <a href=\"http:\/\/www.soc.ufpr.br\/wp-content\/uploads\/2016\/07\/cepe-70-04-CEPE-alterada-pela-resolu%C3%A7%C3%A3o-21.18.pdf\">Resolu\u00e7\u00e3o n\u00ba 70\/04\u2013CEPE<\/a><a href=\"http:\/\/www.ufpr.br\/soc\/cepe_resolucoes.php?conselho=CEPE&amp;item_id=14&amp;item=Resolu%E7%F5es%20vigentes\" target=\"_blank\" rel=\"noopener\">.<\/a><\/li>\n\n\n\n<li>Para ter direito a cursar disciplinas eletivas, os alunos dever\u00e3o estar matriculados na carga hor\u00e1ria m\u00ednima do curso e a solicita\u00e7\u00e3o de matr\u00edcula em disciplina eletiva n\u00e3o pode resultar em extrapola\u00e7\u00e3o da carga hor\u00e1ria m\u00e1xima.<\/li>\n<\/ul>\n\n\n\n<ul>\n<li>A matr\u00edcula em disciplina eletiva n\u00e3o d\u00e1 direito \u00e0 solicita\u00e7\u00e3o de equival\u00eancia desta disciplina com disciplinas de seu pr\u00f3prio curso.<\/li>\n\n\n\n<li><strong>Caso haja um entendimento em maior grau dos alunos do curso sobre a import\u00e2ncia de alguma disciplina de outro curso para a forma\u00e7\u00e3o dos engenheiros civis o diret\u00f3rio acad\u00eamico do curso poder\u00e1 emitir pedido junto \u00e0 coordena\u00e7\u00e3o para a inclus\u00e3o desta como disciplina optativa. O pedido ser\u00e1 analisado pelo colegiado do curso.<\/strong><\/li>\n<\/ul>\n\n\n\n<h3 class=\"wp-block-heading\" style=\"font-size:24px\">Procedimento<\/h3>\n\n\n\n<ul>\n<li>A matr\u00edcula em disciplina eletiva deve ser solicitada pelo Sistema SIGA, desde que dentro do prazo previsto no Calend\u00e1rio Acad\u00eamico e se satisfazer as seguintes condi\u00e7\u00f5es:\n<ul>\n<li>A disciplina n\u00e3o pode ser do curso do aluno;<\/li>\n\n\n\n<li>O aluno deve estar matriculado em disciplina do seu curso;<\/li>\n\n\n\n<li>N\u00e3o ultrapassar o limite de 3 disciplinas eletivas por per\u00edodo;<\/li>\n\n\n\n<li>Deve haver vagas dispon\u00edveis na turma;<\/li>\n\n\n\n<li>N\u00e3o ultrapassar a carga hor\u00e1ria limite do seu curso, entre disciplinas curriculares e\u00a0eletivas;<\/li>\n\n\n\n<li>N\u00e3o ultrapassar a carga hor\u00e1ria di\u00e1ria (menor que 8h);<\/li>\n\n\n\n<li>N\u00e3o ultrapassar a carga hor\u00e1ria semanal (menor que 40h).<\/li>\n<\/ul>\n<\/li>\n\n\n\n<li>ATEN\u00c7\u00c3O: apenas departamentos com turmas com vagas dispon\u00edveis ser\u00e3o visualizados.<\/li>\n\n\n\n<li>Sobre quaisquer d\u00favidas sobre como realizar a solicita\u00e7\u00e3o, consulte: <a href=\"https:\/\/ufpraberta.ufpr.br\/course\/view.php?id=9#\" target=\"_blank\" rel=\"noreferrer noopener\">curso Conhe\u00e7a o SIGA!<\/a><\/li>\n<\/ul>\n\n\n\n<div style=\"height:100px\" aria-hidden=\"true\" class=\"wp-block-spacer\"><\/div>\n\n\n\n<div class=\"wp-block-group is-nowrap is-layout-flex wp-container-core-group-is-layout-1 wp-block-group-is-layout-flex\">\n<p>Atualizado em: <\/p>\n\n\n<div class=\"wp-block-post-date__modified-date wp-block-post-date\"><time datetime=\"2024-11-04T16:54:02-03:00\">4 de November de 2024<\/time><\/div><\/div>","protected":false},"excerpt":{"rendered":"<p>Procedimento Atualizado em:<\/p>","protected":false},"author":1,"featured_media":0,"parent":0,"menu_order":0,"comment_status":"closed","ping_status":"closed","template":"","meta":{"footnotes":""},"_links":{"self":[{"href":"https:\/\/tecnologia.ufpr.br\/ccec\/en\/wp-json\/wp\/v2\/pages\/775"}],"collection":[{"href":"https:\/\/tecnologia.ufpr.br\/ccec\/en\/wp-json\/wp\/v2\/pages"}],"about":[{"href":"https:\/\/tecnologia.ufpr.br\/ccec\/en\/wp-json\/wp\/v2\/types\/page"}],"author":[{"embeddable":true,"href":"https:\/\/tecnologia.ufpr.br\/ccec\/en\/wp-json\/wp\/v2\/users\/1"}],"replies":[{"embeddable":true,"href":"https:\/\/tecnologia.ufpr.br\/ccec\/en\/wp-json\/wp\/v2\/comments?post=775"}],"version-history":[{"count":7,"href":"https:\/\/tecnologia.ufpr.br\/ccec\/en\/wp-json\/wp\/v2\/pages\/775\/revisions"}],"predecessor-version":[{"id":7376,"href":"https:\/\/tecnologia.ufpr.br\/ccec\/en\/wp-json\/wp\/v2\/pages\/775\/revisions\/7376"}],"wp:attachment":[{"href":"https:\/\/tecnologia.ufpr.br\/ccec\/en\/wp-json\/wp\/v2\/media?parent=775"}],"curies":[{"name":"wp","href":"https:\/\/api.w.org\/{rel}","templated":true}]}}