{"id":774,"date":"2016-04-16T04:25:08","date_gmt":"2016-04-16T04:25:08","guid":{"rendered":"https:\/\/tecnologia.ufpr.br\/cceq\/?page_id=718"},"modified":"2024-11-04T16:09:18","modified_gmt":"2024-11-04T19:09:18","slug":"ajuste-de-matricula","status":"publish","type":"page","link":"https:\/\/tecnologia.ufpr.br\/ccec\/en\/ajuste-de-matricula\/","title":{"rendered":"Ajuste de Matr\u00edcula"},"content":{"rendered":"<p>A solicita\u00e7\u00e3o de matr\u00edcula dever\u00e1 ser feita obrigatoriamente no <a href=\"https:\/\/sistemas.ufpr.br\/auth\/realms\/producao\/protocol\/openid-connect\/auth?client_id=portal-sistemas&amp;scope=openid&amp;response_type=code&amp;redirect_uri=https%3A%2F%2Fsistemas.ufpr.br%2Flogin%2Fcallback\" target=\"_blank\" rel=\"noreferrer noopener\">sistema SIGA<\/a> no site da UFPR, dentro dos prazos estipulados no calend\u00e1rio acad\u00eamico, seguindo as orienta\u00e7\u00f5es da Coordena\u00e7\u00e3o de Curso e obedecendo a su<span style=\"color: #000000\">a periodiza\u00e7\u00e3o recomendada.<\/span><\/p>\n\n\n\n<p>\u00c9 importante que&nbsp;o aluno fa\u00e7a o download e impress\u00e3o da solicita\u00e7\u00e3o de matr\u00edcula que foi realizada pelo portal e, ap\u00f3s o processamento, do comprovante de matr\u00edcula.<\/p>\n\n\n\n<h3 class=\"wp-block-heading\" style=\"font-size:24px\">Ajuste\/Corre\u00e7\u00f5es de matr\u00edcula<\/h3>\n\n\n\n<p>Ap\u00f3s o processamento das matr\u00edculas, os alunos veteranos que tiveram problemas de matr\u00edcula em determinada disciplina dever\u00e3o preencher o requerimento de ajuste de matr\u00edcula,&nbsp;dentro dos prazos estipulados no calend\u00e1rio acad\u00eamico,<\/p>\n\n\n\n<p>O formul\u00e1rio de ajuste esta dispon\u00edvel neste link.&nbsp;Formul\u00e1rio: <span style=\"color: #800080\"><a href=\"https:\/\/forms.office.com\/r\/kTgptJf1K8\">Ficha de Ajuste de Matr\u00edcula<\/a><\/span><span style=\"color: #000000\">.<\/span><\/p>\n\n\n\n<p>Expirado o prazo de ajuste, os alunos que ainda tiverem pend\u00eancias em suas matr\u00edculas (exclusivamente por motivos de responsabilidade da Institui\u00e7\u00e3o) dever\u00e3o formalizar pedido na Coordena\u00e7\u00e3o de Curso, a qual analisar\u00e1 e no caso de deferimento encaminhar\u00e1 o processo ao NAA para proceder ao cadastramento ou corre\u00e7\u00e3o de matr\u00edcula.<\/p>\n\n\n\n<p>No prazo de dez (10) dias contados a partir do in\u00edcio do per\u00edodo letivo, poder\u00e3o ser procedidas corre\u00e7\u00f5es de matr\u00edcula nos seguintes casos&nbsp;(Resolu\u00e7\u00e3o n\u00ba 37\/97\u2013CEPE):<\/p>\n\n\n\n<div class=\"wp-block-group is-nowrap is-layout-flex wp-container-core-group-is-layout-1 wp-block-group-is-layout-flex\">\n<p class=\"wp-container-content-1\">a)<\/p>\n\n\n\n<p class=\"wp-container-content-2\">ocorr\u00eancia de falha t\u00e9cnica no processo de digita\u00e7\u00e3o;<\/p>\n<\/div>\n\n\n\n<div class=\"wp-block-group is-nowrap is-layout-flex wp-container-core-group-is-layout-2 wp-block-group-is-layout-flex\">\n<p class=\"wp-container-content-3\">b)<\/p>\n\n\n\n<p class=\"wp-container-content-4\">necessidade de adequa\u00e7\u00e3o \u00e0 periodiza\u00e7\u00e3o recomendada para o aluno, a crit\u00e9rio da coordena\u00e7\u00e3o do curso, com ci\u00eancia do aluno;<\/p>\n<\/div>\n\n\n\n<div class=\"wp-block-group is-nowrap is-layout-flex wp-container-core-group-is-layout-3 wp-block-group-is-layout-flex\">\n<p class=\"wp-container-content-5\">c)<\/p>\n\n\n\n<p class=\"wp-container-content-6\">remo\u00e7\u00e3o de matr\u00edcula em disciplina, por solicita\u00e7\u00e3o do aluno, respeitada a carga hor\u00e1ria m\u00ednima semanal prevista no respectivo curr\u00edculo;<\/p>\n<\/div>\n\n\n\n<div class=\"wp-block-group is-nowrap is-layout-flex wp-container-core-group-is-layout-4 wp-block-group-is-layout-flex\">\n<p class=\"wp-container-content-7\">d)<\/p>\n\n\n\n<p class=\"wp-container-content-8\">substitui\u00e7\u00e3o ou acr\u00e9scimo de disciplina, por solicita\u00e7\u00e3o do aluno, desde que haja concord\u00e2ncia da coordena\u00e7\u00e3o de curso e sejam respeitados o n\u00famero de vagas nas turmas solicitadas e as disposi\u00e7\u00f5es curriculares.<\/p>\n<\/div>\n\n\n\n<p><strong>ATEN\u00c7\u00c3O: disciplinas n\u00e3o obrigat\u00f3rias (optativas): a oferta da disciplina poder\u00e1 ser cancelada quando a respectiva matr\u00edcula n\u00e3o alcan\u00e7ar o n\u00famero de dez (10) alunos.<\/strong><\/p>\n\n\n\n<div style=\"height:40px\" aria-hidden=\"true\" class=\"wp-block-spacer\"><\/div>\n\n\n\n<hr class=\"wp-block-separator has-alpha-channel-opacity\" \/>\n\n\n\n<p class=\"has-large-font-size\"><strong><mark style=\"background-color:#ffffff\" class=\"has-inline-color has-vivid-red-color\">ATEN\u00c7\u00c3O: FIQUE ATENTO<\/mark><\/strong><\/p>\n\n\n\n<h5 class=\"wp-block-heading\">&nbsp;<strong>Segundo a Resolu\u00e7\u00e3o 37\/97, Art. 40 do CEPE,&nbsp;<\/strong>Art. 40 :<\/h5>\n\n\n\n<p>\u00a7 1\u00ba &#8211; Nos casos de perda de prazo da matr\u00edcula pelo aluno, caber\u00e1 ao coordenador de curso examinar e decidir sobre a aceita\u00e7\u00e3o do requerimento, <strong>at\u00e9 a data da corre\u00e7\u00e3o de matr\u00edcula<\/strong> fixada no artigo 46 desta Resolu\u00e7\u00e3o. (ver datas no calend\u00e1rios acad\u00eamico&nbsp;vigente).<\/p>\n\n\n\n<p>\u00a7 2\u00ba &#8211; Uma vez ultrapassado este prazo n\u00e3o ser\u00e3o mais aceitos pedidos de matr\u00edcula, caracterizando-se o abandono de curso.<\/p>\n\n\n\n<p>\u00a7 3\u00ba <strong>&#8211; \u00c9 de inteira responsabilidade do aluno certificar-se, mediante confer\u00eancia do comprovante de matr\u00edcula e consulta aos editais da coordena\u00e7\u00e3o do curso, se sua matr\u00edcula foi deferida e efetivada no sistema de controle acad\u00eamico, e, em caso negativo, providenciar, sob orienta\u00e7\u00e3o da coordena\u00e7\u00e3o do curso, as eventuais corre\u00e7\u00f5es, nos prazos previstos no artigo 46 desta Resolu\u00e7\u00e3o.<\/strong><\/p>\n\n\n\n<hr class=\"wp-block-separator has-alpha-channel-opacity\" \/>\n\n\n\n<div style=\"height:40px\" aria-hidden=\"true\" class=\"wp-block-spacer\"><\/div>\n\n\n\n<h3 class=\"wp-block-heading\" style=\"font-size:24px\">Matr\u00edcula em Est\u00e1gio Obrigat\u00f3rio<\/h3>\n\n\n\n<p><strong>ATEN\u00c7\u00c3O!!!! <\/strong>\u00a0A matr\u00edcula nas disciplinas TC046, TH043 E TT054 &#8211; Est\u00e1gio Supervisionado (est\u00e1gio obrigat\u00f3rio) ser\u00e1 realizada pela coordena\u00e7\u00e3o somente mediante o preenchimento do <a href=\"https:\/\/forms.office.com\/r\/aAMVvXVzd1\">formul\u00e1rio de Solicita\u00e7\u00e3o de Matr\u00edcula em Est\u00e1gio Supervisionado<\/a> para o e-mail da Secretaria da Coordena\u00e7\u00e3o do Curso.<\/p>\n\n\n\n<p class=\"has-text-align-center has-black-color has-white-background-color has-text-color has-background has-link-color wp-elements-1540b2a48c8213cb166aaff3cf5cb288\"><strong><mark style=\"background-color:#ffffff\" class=\"has-inline-color has-vivid-red-color\">A entrega da solicita\u00e7\u00e3o deve ser feita obedecendo o calend\u00e1rio de ajuste de matr\u00edculas, ap\u00f3s este prazo a coordena\u00e7\u00e3o N\u00c3O tem mais acesso ao sistema para realizar matr\u00edculas, o sistema fica &#8220;fechado&#8221; e o aluno ficar\u00e1 sem matr\u00edcula!<\/mark><\/strong><\/p>\n\n\n\n<div style=\"height:40px\" aria-hidden=\"true\" class=\"wp-block-spacer\"><\/div>\n\n\n\n<h3 class=\"wp-block-heading\" style=\"font-size:24px\">Matr\u00edcula em Trabalho Final de Curso<\/h3>\n\n\n\n<p><strong>ATEN\u00c7\u00c3O!!!! \u00a0<\/strong>A matr\u00edcula nas disciplinas TC081, TC082, TH061, TH062, TT071 e TT072\u00a0 &#8211; Trabalho Final de Curso ser\u00e1 realizada pela coordena\u00e7\u00e3o e somente mediante o preenchimento e envio do f<a href=\"https:\/\/forms.office.com\/r\/CU2NdQiE0Z\">ormul\u00e1rio de Solicita\u00e7\u00e3o de Matr\u00edcula em Trabalho Final de Curso<\/a> para o e-mail da Secretaria da Coordena\u00e7\u00e3o do Curso, devidamente assinado por todos os alunos interessados e pelo Professor Orientador.<\/p>\n\n\n\n<p class=\"has-text-align-center has-black-color has-white-background-color has-text-color has-background has-link-color wp-elements-379b8d64ad10299ecbf359b6dc877eb6\"><strong><mark style=\"background-color:#ffffff\" class=\"has-inline-color has-vivid-red-color\">A entrega da solicita\u00e7\u00e3o deve ser feita obedecendo o calend\u00e1rio de ajuste de matr\u00edculas. Depois deste prazo, a coordena\u00e7\u00e3o N\u00c3O tem mais acesso ao sistema para realizar matr\u00edculas, o sistema fica &#8220;fechado&#8221; e o aluno ficar\u00e1 sem matr\u00edcula!<\/mark><\/strong><\/p>\n\n\n\n<div style=\"height:40px\" aria-hidden=\"true\" class=\"wp-block-spacer\"><\/div>\n\n\n\n<h3 class=\"wp-block-heading\" style=\"font-size:24px\">Grade de Hor\u00e1rios do ajuste de matr\u00edcula pela Coordena\u00e7\u00e3o<\/h3>\n\n\n\n<ul>\n<li>Os ajustes ocorrer\u00e3o com data e hor\u00e1rios marcados, a serem definidos pela coordena\u00e7\u00e3o e divulgados no Edital da Coordena\u00e7\u00e3o e e-mail do grupo.<\/li>\n\n\n\n<li>Caso o aluno n\u00e3o compare\u00e7a na coordena\u00e7\u00e3o para ajustes de matr\u00edcula segundo a ordem estabelecida, passar\u00e1 para o fim da fila da lista de convoca\u00e7\u00e3o, perdendo a prioridade de atendimento.<\/li>\n<\/ul>\n\n\n\n<div style=\"height:40px\" aria-hidden=\"true\" class=\"wp-block-spacer\"><\/div>\n\n\n\n<div class=\"wp-block-group is-nowrap is-layout-flex wp-container-core-group-is-layout-5 wp-block-group-is-layout-flex\">\n<p>Atualizado em: <\/p>\n\n\n<div class=\"wp-block-post-date__modified-date wp-block-post-date\"><time datetime=\"2024-11-04T16:09:18-03:00\">4 de November de 2024<\/time><\/div><\/div>","protected":false},"excerpt":{"rendered":"<p>A solicita\u00e7\u00e3o de matr\u00edcula dever\u00e1 ser feita obrigatoriamente no sistema SIGA no site da UFPR, dentro dos prazos estipulados no calend\u00e1rio acad\u00eamico, seguindo as orienta\u00e7\u00f5es [&hellip;]<\/p>","protected":false},"author":1,"featured_media":0,"parent":0,"menu_order":0,"comment_status":"closed","ping_status":"closed","template":"","meta":{"footnotes":""},"_links":{"self":[{"href":"https:\/\/tecnologia.ufpr.br\/ccec\/en\/wp-json\/wp\/v2\/pages\/774"}],"collection":[{"href":"https:\/\/tecnologia.ufpr.br\/ccec\/en\/wp-json\/wp\/v2\/pages"}],"about":[{"href":"https:\/\/tecnologia.ufpr.br\/ccec\/en\/wp-json\/wp\/v2\/types\/page"}],"author":[{"embeddable":true,"href":"https:\/\/tecnologia.ufpr.br\/ccec\/en\/wp-json\/wp\/v2\/users\/1"}],"replies":[{"embeddable":true,"href":"https:\/\/tecnologia.ufpr.br\/ccec\/en\/wp-json\/wp\/v2\/comments?post=774"}],"version-history":[{"count":31,"href":"https:\/\/tecnologia.ufpr.br\/ccec\/en\/wp-json\/wp\/v2\/pages\/774\/revisions"}],"predecessor-version":[{"id":7371,"href":"https:\/\/tecnologia.ufpr.br\/ccec\/en\/wp-json\/wp\/v2\/pages\/774\/revisions\/7371"}],"wp:attachment":[{"href":"https:\/\/tecnologia.ufpr.br\/ccec\/en\/wp-json\/wp\/v2\/media?parent=774"}],"curies":[{"name":"wp","href":"https:\/\/api.w.org\/{rel}","templated":true}]}}