{"id":773,"date":"2016-04-16T04:18:59","date_gmt":"2016-04-16T04:18:59","guid":{"rendered":"https:\/\/tecnologia.ufpr.br\/cceq\/?page_id=715"},"modified":"2018-11-07T09:20:36","modified_gmt":"2018-11-07T12:20:36","slug":"representacao-estudantil","status":"publish","type":"page","link":"https:\/\/tecnologia.ufpr.br\/ccec\/en\/representacao-estudantil\/","title":{"rendered":"Representa\u00e7\u00e3o Estudantil"},"content":{"rendered":"<h3 style=\"text-align: justify\"><span style=\"color: #000080\"><strong>DCE \u2013 Diret\u00f3rio Central dos Estudantes<\/strong><\/span><\/h3>\n<p style=\"text-align: justify\">O Diret\u00f3rio Central dos Estudantes \u00e9 o \u00f3rg\u00e3o m\u00e1ximo da representa\u00e7\u00e3o estudantil na UFPR. O DCE tem a fun\u00e7\u00e3o de congregar os alunos de todos os n\u00edveis educacionais da Universidade. Suas atividades s\u00e3o direcionadas aos interesses dos alunos frente \u00e0 UFPR, \u00e0s demais categorias integrantes da comunidade universit\u00e1ria e aos setores\u00a0da sociedade civil organizada. O DCE \u00e9 uma entidade civil de direito privado, sem fins lucrativos.\u00a0O mandato de sua diretoria \u00e9 de um ano, eleita por voto direto e secreto dos alunos da UFPR.<\/p>\n<h3 style=\"text-align: justify\"><span style=\"color: #000080\"><strong>Centros Acad\u00eamicos<\/strong><\/span><\/h3>\n<p style=\"text-align: justify\">Os Centros Acad\u00eamicos ou Diret\u00f3rios Acad\u00eamicos s\u00e3o os \u00f3rg\u00e3os que representam os alunos do curso. Eles t\u00eam m\u00faltiplas fun\u00e7\u00f5es, como a de representar o estudante no Colegiado de curso e departamentos, bem como nos Conselhos Setoriais e Conselhos Superiores, para tratar das quest\u00f5es internas.<\/p>\n<p style=\"text-align: justify\">Os Diret\u00f3rios Acad\u00eamicos se re\u00fanem no Conselho de Entidades de Base \u2010 CEB para deliberar a respeito das decis\u00f5es a serem tomadas pelos alunos da Universidade por parte do DCE.<\/p>\n<p style=\"text-align: justify\">O Diret\u00f3rio Acad\u00eamico de Engenharia Civil &#8211; DAEP, \u00e9 a entidade de representa\u00e7\u00e3o estudantil dos graduandos de Engenharia Civil, mediante a negocia\u00e7\u00e3o e resolu\u00e7\u00e3o de conflitos individuais e coletivos entre os estudantes e a Universidade. Al\u00e9m disso, o diret\u00f3rio promove atividades acad\u00eamicas extra-curriculares e culturais, como por exemplo,\u00a0semanas acad\u00eamicas, debates, feiras, recep\u00e7\u00e3o dos calouros, mobiliza\u00e7\u00e3o e organiza\u00e7\u00e3o de reivindica\u00e7\u00f5es e a\u00e7\u00f5es pol\u00edticas dos estudantes. Por fim, os membros da gest\u00e3o zelam pelo espa\u00e7o f\u00edsico do diret\u00f3rio.<\/p>\n<p style=\"text-align: justify\"><strong>INFORMA\u00c7\u00d5ES SOBRE O DIRET\u00d3RIO ACAD\u00caMICO DA ENGENHARIA CIVIL acesse o <a href=\"https:\/\/pt-br.facebook.com\/DAEPUFPR\/\">pt-br.facebook.com\/DAEPUFPR\/<\/a><\/strong><\/p>\n<p><img decoding=\"async\" src=\"https:\/\/scontent.fbfh5-1.fna.fbcdn.net\/v\/t1.0-1\/p200x200\/17757363_1659264101043239_5296139615824655743_n.png?oh=539b0f691e8aeeb87c2ff29174ef003e&amp;oe=5A6FD569\" \/><\/p>\n<div><\/div>\n<div><\/div>","protected":false},"excerpt":{"rendered":"<p>DCE \u2013 Diret\u00f3rio Central dos Estudantes O Diret\u00f3rio Central dos Estudantes \u00e9 o \u00f3rg\u00e3o m\u00e1ximo da representa\u00e7\u00e3o estudantil na UFPR. O DCE tem a fun\u00e7\u00e3o [&hellip;]<\/p>","protected":false},"author":1,"featured_media":0,"parent":0,"menu_order":0,"comment_status":"closed","ping_status":"closed","template":"","meta":{"footnotes":""},"_links":{"self":[{"href":"https:\/\/tecnologia.ufpr.br\/ccec\/en\/wp-json\/wp\/v2\/pages\/773"}],"collection":[{"href":"https:\/\/tecnologia.ufpr.br\/ccec\/en\/wp-json\/wp\/v2\/pages"}],"about":[{"href":"https:\/\/tecnologia.ufpr.br\/ccec\/en\/wp-json\/wp\/v2\/types\/page"}],"author":[{"embeddable":true,"href":"https:\/\/tecnologia.ufpr.br\/ccec\/en\/wp-json\/wp\/v2\/users\/1"}],"replies":[{"embeddable":true,"href":"https:\/\/tecnologia.ufpr.br\/ccec\/en\/wp-json\/wp\/v2\/comments?post=773"}],"version-history":[{"count":5,"href":"https:\/\/tecnologia.ufpr.br\/ccec\/en\/wp-json\/wp\/v2\/pages\/773\/revisions"}],"predecessor-version":[{"id":3758,"href":"https:\/\/tecnologia.ufpr.br\/ccec\/en\/wp-json\/wp\/v2\/pages\/773\/revisions\/3758"}],"wp:attachment":[{"href":"https:\/\/tecnologia.ufpr.br\/ccec\/en\/wp-json\/wp\/v2\/media?parent=773"}],"curies":[{"name":"wp","href":"https:\/\/api.w.org\/{rel}","templated":true}]}}