{"id":771,"date":"2016-04-16T04:10:52","date_gmt":"2016-04-16T04:10:52","guid":{"rendered":"https:\/\/tecnologia.ufpr.br\/cceq\/?page_id=707"},"modified":"2024-11-05T11:57:35","modified_gmt":"2024-11-05T14:57:35","slug":"carteirinha-de-estudante","status":"publish","type":"page","link":"https:\/\/tecnologia.ufpr.br\/ccec\/en\/carteirinha-de-estudante\/","title":{"rendered":"Carteirinha de Estudante"},"content":{"rendered":"<h4 class=\"wp-block-heading has-text-align-center\"><strong><mark style=\"background-color:#ffffff\" class=\"has-inline-color has-vivid-red-color\">A UFPR n\u00e3o emite Carteira de Estuda<\/mark><\/strong><mark style=\"background-color:#ffffff\" class=\"has-inline-color has-vivid-red-color\"><strong>nte<\/strong>!<\/mark><\/h4>\n\n\n\n<div style=\"height:40px\" aria-hidden=\"true\" class=\"wp-block-spacer\"><\/div>\n\n\n\n<p>Para utiliza\u00e7\u00e3o dos&nbsp;restaurantes universit\u00e1rios voc\u00ea dever\u00e1 digitar o seu CPF, nos laborat\u00f3rios de inform\u00e1tica, atendimento m\u00e9dico no Programa Centro de Aten\u00e7\u00e3o \u00e0 Sa\u00fade (CASA), Biblioteca e Intercampi (\u00f4nibus) dever\u00e1 apresentar o Comprovante de Matr\u00edcula carimbado e assinado pela Coordena\u00e7\u00e3o do Curso.<\/p>\n\n\n\n<p>Para informa\u00e7\u00f5es sobre carteirinha para meia entrada, deve-se consultar o DECRETO&nbsp; 8.537, de 05\/10\/2015 que: regulamenta a Lei 12.852 de 05\/08\/2013, e a Lei 12933 de 26\/12\/2013, para dispor sobre o benef\u00edcio da meia-entrada para acesso a eventos art\u00edstico-culturais e esportivos e para estabelecer os procedimentos e os crit\u00e9rios para a reserva de vagas a jovens de baixa renda nos ve\u00edculos do sistema de transporte coletivo interestadual.<\/p>\n\n\n\n<div style=\"height:100px\" aria-hidden=\"true\" class=\"wp-block-spacer\"><\/div>\n\n\n\n<div class=\"wp-block-group is-nowrap is-layout-flex wp-container-core-group-is-layout-1 wp-block-group-is-layout-flex\">\n<p>Atualizado em: <\/p>\n\n\n<div class=\"wp-block-post-date__modified-date wp-block-post-date\"><time datetime=\"2024-11-05T11:57:35-03:00\">5 de November de 2024<\/time><\/div><\/div>","protected":false},"excerpt":{"rendered":"<p>A UFPR n\u00e3o emite Carteira de Estudante! Para utiliza\u00e7\u00e3o dos&nbsp;restaurantes universit\u00e1rios voc\u00ea dever\u00e1 digitar o seu CPF, nos laborat\u00f3rios de inform\u00e1tica, atendimento m\u00e9dico no Programa [&hellip;]<\/p>","protected":false},"author":1,"featured_media":0,"parent":0,"menu_order":0,"comment_status":"closed","ping_status":"closed","template":"","meta":{"footnotes":""},"_links":{"self":[{"href":"https:\/\/tecnologia.ufpr.br\/ccec\/en\/wp-json\/wp\/v2\/pages\/771"}],"collection":[{"href":"https:\/\/tecnologia.ufpr.br\/ccec\/en\/wp-json\/wp\/v2\/pages"}],"about":[{"href":"https:\/\/tecnologia.ufpr.br\/ccec\/en\/wp-json\/wp\/v2\/types\/page"}],"author":[{"embeddable":true,"href":"https:\/\/tecnologia.ufpr.br\/ccec\/en\/wp-json\/wp\/v2\/users\/1"}],"replies":[{"embeddable":true,"href":"https:\/\/tecnologia.ufpr.br\/ccec\/en\/wp-json\/wp\/v2\/comments?post=771"}],"version-history":[{"count":5,"href":"https:\/\/tecnologia.ufpr.br\/ccec\/en\/wp-json\/wp\/v2\/pages\/771\/revisions"}],"predecessor-version":[{"id":7391,"href":"https:\/\/tecnologia.ufpr.br\/ccec\/en\/wp-json\/wp\/v2\/pages\/771\/revisions\/7391"}],"wp:attachment":[{"href":"https:\/\/tecnologia.ufpr.br\/ccec\/en\/wp-json\/wp\/v2\/media?parent=771"}],"curies":[{"name":"wp","href":"https:\/\/api.w.org\/{rel}","templated":true}]}}