{"id":770,"date":"2016-04-16T04:00:00","date_gmt":"2016-04-16T04:00:00","guid":{"rendered":"https:\/\/tecnologia.ufpr.br\/cceq\/?page_id=699"},"modified":"2025-01-15T16:34:56","modified_gmt":"2025-01-15T19:34:56","slug":"enade","status":"publish","type":"page","link":"https:\/\/tecnologia.ufpr.br\/ccec\/en\/enade\/","title":{"rendered":"Enade"},"content":{"rendered":"<div style=\"height:40px\" aria-hidden=\"true\" class=\"wp-block-spacer\"><\/div>\n\n\n\n<p>O Exame Nacional de Desempenho dos Estudantes &#8211; ENADE<strong> <\/strong>\u00e9 um instrumento para avaliar a qualidade de seu curso. Lembre\u2010se que ele \u00e9 um componente curricular obrigat\u00f3rio.&nbsp;<b><mark class=\"has-inline-color has-vivid-red-color\">Aluno em situa\u00e7\u00e3o irregular com o ENADE n\u00e3o pode colar grau<\/mark>.&nbsp;<\/b>Fique atento para saber as datas em que&nbsp;seu curso ser\u00e1 avaliado por meio destes Exames.<\/p>\n\n\n\n<div class=\"wp-block-columns is-layout-flex wp-container-core-columns-is-layout-1 wp-block-columns-is-layout-flex\">\n<div class=\"wp-block-column is-layout-flow wp-block-column-is-layout-flow\">\n<h2 class=\"wp-block-heading\">Comunicados:<\/h2>\n\n\n\n<p>Acesso ao sistema do ENADE 2023. Clique <a href=\"https:\/\/enade.inep.gov.br\/enade\/#!\/index\">aqui<\/a>.<\/p>\n\n\n\n<p><a href=\"https:\/\/tecnologia.ufpr.br\/ccec\/wp-content\/uploads\/sites\/32\/2023\/09\/Edital-37.pdf\">Edital 37 de 25\/05\/2023<\/a><\/p>\n\n\n\n<p><a href=\"https:\/\/tecnologia.ufpr.br\/ccec\/wp-content\/uploads\/sites\/32\/2023\/09\/Edital-37-Retificacao.pdf\">Edital 37 &#8211; Retifica\u00e7\u00e3o1<\/a><\/p>\n\n\n\n<p><a href=\"https:\/\/tecnologia.ufpr.br\/ccec\/wp-content\/uploads\/sites\/32\/2023\/09\/Edital-37-Retificacao-2.pdf\">Edital 37 &#8211; Retifica\u00e7\u00e3o 2<\/a><\/p>\n\n\n\n<p><a href=\"https:\/\/tecnologia.ufpr.br\/ccec\/wp-content\/uploads\/sites\/32\/2023\/09\/Portaria-277.pdf\">Portaria 277 de 26\/06\/2023<\/a><\/p>\n<\/div>\n\n\n\n<div class=\"wp-block-column is-layout-flow wp-block-column-is-layout-flow\">\n<h2 class=\"wp-block-heading\">Datas importantes:<\/h2>\n\n\n\n<p>Preenchimento do\u00a0<strong>CADASTRO<\/strong>\u00a0pelos Estudantes: de\u00a0<strong>27\/06\/2023 a 18\/11\/2023<\/strong>.<\/p>\n\n\n\n<p>Solicita\u00e7\u00e3o de\u00a0<strong>ATENDIMENTO ESPECIALIZADO<\/strong>\u00a0e\/ou tratamento pelo nome social dos concluintes habilitados:\u00a0<strong>16\/09\/2023 a 22\/09\/2023<\/strong>.<\/p>\n\n\n\n<p>Preenchimento do\u00a0<strong>QUESTION\u00c1RIO<\/strong>\u00a0do estudante: de\u00a0<strong>01\/09\/2023 a 25\/11\/2023.\u00a0<\/strong><\/p>\n\n\n\n<p>Indica\u00e7\u00e3o do curso pelo estudante concluinte habilitado com mais de uma inscri\u00e7\u00e3o: de 01\/09\/2023 a 15\/09\/2023.<\/p>\n\n\n\n<p>Divulga\u00e7\u00e3o dos\u00a0<strong>LOCAIS DE PROVA<\/strong>\u00a0no Sistema ENADE:\u00a0<strong>06 a 26\/11\/2023<\/strong>.<\/p>\n\n\n\n<p>Aplica\u00e7\u00e3o de<strong>&nbsp;PROVA: 26\/11\/2023.&nbsp;<\/strong>Abertura dos port\u00f5es 12h \u2013 Fechamento dos port\u00f5es \u00e0s 13h \u2013 In\u00edcio da Prova 13h30min \u2013 T\u00e9rmino da prova \u2013 17h30min.&nbsp;<\/p>\n\n\n\n<p>Divulga\u00e7\u00e3o da rela\u00e7\u00e3o de estudantes com&nbsp;<strong>situa\u00e7\u00e3o REGULAR<\/strong>&nbsp;no ENADE 2023:&nbsp;<strong>04\/01\/2024<\/strong><\/p>\n\n\n\n<p>Solicita\u00e7\u00e3o de&nbsp;<strong>DISPENSA<\/strong>&nbsp;de participa\u00e7\u00e3o na prova pelo estudante:&nbsp;<strong>04\/01\/2024 a 09\/02\/2024<\/strong><\/p>\n\n\n\n<p><strong>RECURSO<\/strong>&nbsp;das solicita\u00e7\u00f5es de&nbsp;<strong>DISPENSA<\/strong>&nbsp;do estudante INDEFERIDA pela IES:&nbsp;<strong>21\/02\/2024 A 06\/03\/2024<\/strong><\/p>\n<\/div>\n<\/div>\n\n\n\n<div style=\"height:40px\" aria-hidden=\"true\" class=\"wp-block-spacer\"><\/div>\n\n\n\n<h2 class=\"wp-block-heading\">Principais d\u00favidas:<\/h2>\n\n\n\n<div class=\"wp-block-group\"><div class=\"wp-block-group__inner-container is-layout-constrained wp-block-group-is-layout-constrained\">\n<div class=\"wp-block-group is-nowrap is-layout-flex wp-container-core-group-is-layout-2 wp-block-group-is-layout-flex\">\n<div class=\"wp-block-group is-nowrap is-layout-flex wp-container-core-group-is-layout-1 wp-block-group-is-layout-flex\">\n<h4 class=\"wp-block-heading\">1<\/h4>\n<\/div>\n\n\n\n<h4 class=\"wp-block-heading\">Qual o objetivo?<\/h4>\n<\/div>\n\n\n\n<p>O Exame Nacional de Desempenho de Estudantes (Enade), que integra o Sistema Nacional de Avalia\u00e7\u00e3o da Educa\u00e7\u00e3o Superior (Sinaes), institu\u00eddo pela Lei n\u00ba 10.861, de 14\/04\/04, tem o objetivo de aferir o rendimento dos alunos dos cursos de gradua\u00e7\u00e3o em rela\u00e7\u00e3o aos conte\u00fados program\u00e1ticos previstos nas diretrizes curriculares do respectivo curso de gradua\u00e7\u00e3o, e as habilidades e compet\u00eancias em sua forma\u00e7\u00e3o.<\/p>\n<\/div><\/div>\n\n\n\n<div class=\"wp-block-group\"><div class=\"wp-block-group__inner-container is-layout-constrained wp-block-group-is-layout-constrained\">\n<div class=\"wp-block-group is-nowrap is-layout-flex wp-container-core-group-is-layout-5 wp-block-group-is-layout-flex\">\n<div class=\"wp-block-group is-nowrap is-layout-flex wp-container-core-group-is-layout-4 wp-block-group-is-layout-flex\">\n<h4 class=\"wp-block-heading\">2<\/h4>\n<\/div>\n\n\n\n<h4 class=\"wp-block-heading\">\u00c9 a UFPR que aplica a prova?<\/h4>\n<\/div>\n\n\n\n<p>N\u00e3o. Trata-se de um exame anual realizado pelo Instituto Nacional de Estudos e Pesquisas Educacionais An\u00edsio Teixeira \u2013 Inep, os cursos participantes s\u00e3o definidos em Edital. As provas s\u00e3o aplicadas por empresa contratada pelo Inep, que tenha comprovado capacidade t\u00e9cnica em avalia\u00e7\u00e3o e aplica\u00e7\u00e3o, segundo o modelo proposto para o Exame, e que atenda aos requisitos estabelecidos no projeto b\u00e1sico do Enade.<\/p>\n\n\n\n<div class=\"wp-block-group is-nowrap is-layout-flex wp-container-core-group-is-layout-7 wp-block-group-is-layout-flex\">\n<div class=\"wp-block-group is-nowrap is-layout-flex wp-container-core-group-is-layout-6 wp-block-group-is-layout-flex\">\n<h4 class=\"wp-block-heading\">3<\/h4>\n<\/div>\n\n\n\n<h4 class=\"wp-block-heading\">Quem deve fazer?<\/h4>\n<\/div>\n\n\n\n<p>S\u00e3o inscritos os ingressantes e os concluintes dos cursos listados a cada ano, sendo que os ingressantes s\u00e3o dispensados da participa\u00e7\u00e3o na prova.<\/p>\n\n\n\n<div class=\"wp-block-group is-nowrap is-layout-flex wp-container-core-group-is-layout-9 wp-block-group-is-layout-flex\">\n<div class=\"wp-block-group is-nowrap is-layout-flex wp-container-core-group-is-layout-8 wp-block-group-is-layout-flex\">\n<h4 class=\"wp-block-heading\">4<\/h4>\n<\/div>\n\n\n\n<h4 class=\"wp-block-heading\">Sou ingressante e fui dispensado de realizar a prova<\/h4>\n<\/div>\n\n\n\n<p>Voc\u00ea foi dispensado da participa\u00e7\u00e3o na prova, por\u00e9m dever\u00e1 responder a um question\u00e1rio de coleta de informa\u00e7\u00f5es previamente disponibilizado.<\/p>\n\n\n\n<div class=\"wp-block-group is-nowrap is-layout-flex wp-container-core-group-is-layout-11 wp-block-group-is-layout-flex\">\n<div class=\"wp-block-group is-nowrap is-layout-flex wp-container-core-group-is-layout-10 wp-block-group-is-layout-flex\">\n<h4 class=\"wp-block-heading\">5<\/h4>\n<\/div>\n\n\n\n<h4 class=\"wp-block-heading\">Sou concluinte, o que mais devo fazer?<\/h4>\n<\/div>\n\n\n\n<p>Al\u00e9m de participar do exame propriamente dito (obrigat\u00f3rio), os estudantes devem responder ao Question\u00e1rio do Estudante previamente disponibilizado (obrigat\u00f3rio) e o Question\u00e1rio de Percep\u00e7\u00e3o de Prova (opcional).<\/p>\n\n\n\n<div class=\"wp-block-group is-nowrap is-layout-flex wp-container-core-group-is-layout-13 wp-block-group-is-layout-flex\">\n<div class=\"wp-block-group is-nowrap is-layout-flex wp-container-core-group-is-layout-12 wp-block-group-is-layout-flex\">\n<h4 class=\"wp-block-heading\">6<\/h4>\n<\/div>\n\n\n\n<h4 class=\"wp-block-heading\">Como o ENADE ir\u00e1 avaliar meu curso?<\/h4>\n<\/div>\n\n\n\n<p>Atrav\u00e9s do question\u00e1rio do Estudante e da prova. Ambos os instrumentos constituem insumos para o c\u00e1lculo dos indicadores de qualidade da educa\u00e7\u00e3o superior: Conceito Enade, composto pela nota m\u00e9dia dos estudantes; Conceito Preliminar de Curso (CPC), para cada curso, e \u00cdndice Geral de Cursos Avaliados da Institui\u00e7\u00e3o (IGC), que define o conceito para a institui\u00e7\u00e3o.<\/p>\n\n\n\n<div class=\"wp-block-group is-nowrap is-layout-flex wp-container-core-group-is-layout-15 wp-block-group-is-layout-flex\">\n<div class=\"wp-block-group is-nowrap is-layout-flex wp-container-core-group-is-layout-14 wp-block-group-is-layout-flex\">\n<h4 class=\"wp-block-heading\">7<\/h4>\n<\/div>\n\n\n\n<h4 class=\"wp-block-heading\">N\u00e3o quero fazer a prova<\/h4>\n<\/div>\n\n\n\n<p>Recomenda\u00e7\u00e3o: <strong><mark style=\"background-color:#ffffff\" class=\"has-inline-color has-vivid-red-color\">N\u00e3o falte!<\/mark><\/strong><br \/>O Enade \u00e9 <mark style=\"background-color:#ffffff\" class=\"has-inline-color has-vivid-red-color\"><strong>COMPONENTE CURRICULAR OBRIGAT\u00d3RIO<\/strong><\/mark> e a situa\u00e7\u00e3o de regularidade do aluno constar\u00e1 no hist\u00f3rico escolar. Entende-se por situa\u00e7\u00e3o de regularidade tanto o preenchimento do question\u00e1rio do estudante como a participa\u00e7\u00e3o no exame. <strong>A participa\u00e7\u00e3o no exame e o preenchimento do question\u00e1rio constituem condi\u00e7\u00e3o necess\u00e1ria para a integraliza\u00e7\u00e3o curricular.<\/strong><\/p>\n\n\n\n<div class=\"wp-block-group is-nowrap is-layout-flex wp-container-core-group-is-layout-17 wp-block-group-is-layout-flex\">\n<div class=\"wp-block-group is-nowrap is-layout-flex wp-container-core-group-is-layout-16 wp-block-group-is-layout-flex\">\n<h4 class=\"wp-block-heading\">8<\/h4>\n<\/div>\n\n\n\n<h4 class=\"wp-block-heading\">O que acontece se eu n\u00e3o fizer a prova?<\/h4>\n<\/div>\n\n\n\n<p>\u00c9 importante destacar que ficar\u00e1 atestada no hist\u00f3rico sua efetiva participa\u00e7\u00e3o ou, quando for o caso, a dispensa oficial pelo Minist\u00e9rio da Educa\u00e7\u00e3o.<\/p>\n\n\n\n<p class=\"has-text-align-center\"><b><mark class=\"has-inline-color has-vivid-red-color\"><strong>ATEN\u00c7\u00c3O: Aluno em situa\u00e7\u00e3o irregular n\u00e3o pode colar grau.<\/strong><\/mark><\/b><\/p>\n<\/div><\/div>\n\n\n\n<div style=\"height:40px\" aria-hidden=\"true\" class=\"wp-block-spacer\"><\/div>\n\n\n\n<hr class=\"wp-block-separator has-alpha-channel-opacity\" \/>\n\n\n\n<h3 class=\"wp-block-heading has-text-align-center has-large-font-size\"><mark style=\"background-color:#ffffff\" class=\"has-inline-color has-vivid-red-color\">Aten\u00e7\u00e3o!<\/mark><\/h3>\n\n\n\n<p>Cabe \u00e0s Coordena\u00e7\u00f5es de Curso a responsabilidade de inscrever os alunos habilitados para o exame, de acordo com orienta\u00e7\u00f5es t\u00e9cnicas do INEP e ainda, de divulgar a lista dos estudantes selecionados, de acompanhar a ades\u00e3o dos alunos no question\u00e1rio do Estudante e de preencher o Question\u00e1rio do Coordenador.<\/p>\n\n\n\n<p>Quanto ao Procurador Institucional da UFPR, este \u00e9 respons\u00e1vel pela interlocu\u00e7\u00e3o junto ao MEC, e \u00e9 de sua compet\u00eancia enquadrar os cursos, acompanhar o hist\u00f3rico de inscri\u00e7\u00f5es de alunos e acessar o relat\u00f3rio de presen\u00e7a de alunos regulares no Enade.<\/p>\n\n\n\n<div style=\"height:40px\" aria-hidden=\"true\" class=\"wp-block-spacer\"><\/div>\n\n\n\n<h4 class=\"wp-block-heading\"><span style=\"color: #000000\">Informa\u00e7\u00f5es sobre o Enade, inclusive acesso aos manuais, no site:<\/span> <a href=\"https:\/\/enade.inep.gov.br\/enade\/#!\/index\">https:\/\/enade.inep.gov.br\/enade\/#!\/index<\/a><\/h4>\n\n\n\n<div style=\"height:100px\" aria-hidden=\"true\" class=\"wp-block-spacer\"><\/div>\n\n\n\n<div class=\"wp-block-group is-nowrap is-layout-flex wp-container-core-group-is-layout-20 wp-block-group-is-layout-flex\">\n<div class=\"wp-block-group is-nowrap is-layout-flex wp-container-core-group-is-layout-19 wp-block-group-is-layout-flex\">\n<p>Atualizado em: <\/p>\n<\/div>\n\n\n<div class=\"wp-block-post-date__modified-date wp-block-post-date\"><time datetime=\"2025-01-15T16:34:56-03:00\">15 de January de 2025<\/time><\/div><\/div>","protected":false},"excerpt":{"rendered":"<p>O Exame Nacional de Desempenho dos Estudantes &#8211; ENADE \u00e9 um instrumento para avaliar a qualidade de seu curso. Lembre\u2010se que ele \u00e9 um componente [&hellip;]<\/p>","protected":false},"author":1,"featured_media":0,"parent":0,"menu_order":0,"comment_status":"closed","ping_status":"closed","template":"","meta":{"footnotes":""},"_links":{"self":[{"href":"https:\/\/tecnologia.ufpr.br\/ccec\/en\/wp-json\/wp\/v2\/pages\/770"}],"collection":[{"href":"https:\/\/tecnologia.ufpr.br\/ccec\/en\/wp-json\/wp\/v2\/pages"}],"about":[{"href":"https:\/\/tecnologia.ufpr.br\/ccec\/en\/wp-json\/wp\/v2\/types\/page"}],"author":[{"embeddable":true,"href":"https:\/\/tecnologia.ufpr.br\/ccec\/en\/wp-json\/wp\/v2\/users\/1"}],"replies":[{"embeddable":true,"href":"https:\/\/tecnologia.ufpr.br\/ccec\/en\/wp-json\/wp\/v2\/comments?post=770"}],"version-history":[{"count":22,"href":"https:\/\/tecnologia.ufpr.br\/ccec\/en\/wp-json\/wp\/v2\/pages\/770\/revisions"}],"predecessor-version":[{"id":7606,"href":"https:\/\/tecnologia.ufpr.br\/ccec\/en\/wp-json\/wp\/v2\/pages\/770\/revisions\/7606"}],"wp:attachment":[{"href":"https:\/\/tecnologia.ufpr.br\/ccec\/en\/wp-json\/wp\/v2\/media?parent=770"}],"curies":[{"name":"wp","href":"https:\/\/api.w.org\/{rel}","templated":true}]}}