{"id":769,"date":"2016-04-16T03:42:29","date_gmt":"2016-04-16T03:42:29","guid":{"rendered":"https:\/\/tecnologia.ufpr.br\/cceq\/?page_id=690"},"modified":"2024-10-30T16:17:35","modified_gmt":"2024-10-30T19:17:35","slug":"colacao-de-grau","status":"publish","type":"page","link":"https:\/\/tecnologia.ufpr.br\/ccec\/en\/colacao-de-grau\/","title":{"rendered":"Cola\u00e7\u00e3o de Grau"},"content":{"rendered":"<p>&#8220;A Solenidade de Outorga de Grau \u00e9 um ato oficial da \u00a0UFPR e realiza-se numa Sess\u00e3o P\u00fablica e Solene do Conselho Universit\u00e1rio (COUN), com dia, hora e local previamente agendados para conferir o grau ou diploma\u00e7\u00e3o aos concluintes dos cursos de Gradua\u00e7\u00e3o.&#8221;<\/p>\n\n\n\n<p>Essa Sess\u00e3o P\u00fablica pode ocorrer de duas formas distintas: com solenidade e sem solenidade;<\/p>\n\n\n\n<p>D<span style=\"color: #000000\">e acordo com as resolu\u00e7\u00f5es que regem essa solenidade, todos os concluintes t\u00eam o direito de participar das Sess\u00f5es Solenes ou n\u00e3o Solenes.\u00a0<\/span> A \u00fanica exig\u00eancia \u00e9 a de que o aluno tenha seu nome na listagem de concluintes expedida pela coordena\u00e7\u00e3o do curso e visada pela <a href=\"http:\/\/www.prograd.ufpr.br\/copap\/contatos\/\" target=\"_blank\" rel=\"noopener noreferrer\">Se\u00e7\u00e3o de Acompanhamento Acad\u00eamico &#8211; SAAC.<\/a><\/p>\n\n\n\n<h2 class=\"wp-block-heading\">Pr\u00f3ximas formaturas<\/h2>\n\n\n\n<div class=\"wp-block-columns is-layout-flex wp-container-core-columns-is-layout-1 wp-block-columns-is-layout-flex\">\n<div class=\"wp-block-column is-layout-flow wp-block-column-is-layout-flow\">\n<h4 class=\"wp-block-heading\">Com solenidade<\/h4>\n\n\n\n<p>Organizada por uma comiss\u00e3o de formatura e que ocorrer\u00e3o em sess\u00e3o solene do COUN.<\/p>\n\n\n\n<p><strong>Data prevista:<\/strong><\/p>\n<\/div>\n\n\n\n<div class=\"wp-block-column is-layout-flow wp-block-column-is-layout-flow\">\n<h4 class=\"wp-block-heading\">Sem solenidade<\/h4>\n\n\n\n<p>op\u00e7\u00e3o para os formandos que n\u00e3o desejam ou n\u00e3o podem arcar com os custos de uma cerim\u00f4nia de formatura. As cola\u00e7\u00f5es sem solenidade ocorrem duas vezes ao ano, em datas definidas pelo Setor de Tecnologia, e posteriores \u00e0 cola\u00e7\u00e3o da turma optante pela solenidade.\u00a0Informe-se na coordena\u00e7\u00e3o do curso sobre as datas.<\/p>\n\n\n\n<p><strong>Data prevista:<\/strong><\/p>\n<\/div>\n<\/div>\n\n\n\n<hr class=\"wp-block-separator has-alpha-channel-opacity\" \/>\n\n\n\n<figure class=\"wp-block-pullquote has-black-color has-cyan-bluish-gray-background-color has-text-color has-background has-link-color has-medium-font-size wp-elements-c833d6e72f673ea213217787000f588b\"><blockquote><p><span style=\"color: #ff0000\"><strong>Aten\u00e7\u00e3o!<\/strong><\/span><br>S\u00f3 estar\u00e3o liberados para a cola\u00e7\u00e3o de grau os alunos que integralizaram o curso j\u00e1 com <strong>TODAS <\/strong>as notas, equival\u00eancias, mobilidade acad\u00eamica e atividades complementares lan\u00e7adas no sistema, <strong>inexist\u00eancia de pend\u00eancia<\/strong> <strong>junto ao sistema de bibliotecas<\/strong> bem como a <strong>situa\u00e7\u00e3o regular com o ENADE<\/strong>.<\/p><\/blockquote><\/figure>\n\n\n\n<div style=\"height:40px\" aria-hidden=\"true\" class=\"wp-block-spacer\"><\/div>\n\n\n\n<h4 class=\"wp-block-heading\">PROCEDIMENTOS PARA COLA\u00c7\u00c3O DE GRAU<\/h4>\n\n\n\n<ul>\n<li>Os alunos e\/ou as comiss\u00f5es de formatura DEVER\u00c3O NO IN\u00cdCIO DO SEMESTRE<strong>\u00a0comparecer<\/strong> \u00e0\u00a0Coordena\u00e7\u00e3o do Curso e informar com anteced\u00eancia sobre a op\u00e7\u00e3o de cola\u00e7\u00e3o desejada, com ou sem solenidade.<\/li>\n\n\n\n<li>Os alunos que ir\u00e3o colar grau sem solenidade devem solicitar por e-mail \u00e0 Secretaria da Dire\u00e7\u00e3o do Setor de Tecnologia.<\/li>\n\n\n\n<li>Os alunos devem estar com toda a documenta\u00e7\u00e3o em ordem junto a secretaria da Coordena\u00e7\u00e3o do Curso: RG, CPF, Certid\u00e3o de Nascimento, Hist\u00f3rico Escolar do Ensino M\u00e9dio e Certificado de Conclus\u00e3o do Ensino M\u00e9dio.<\/li>\n\n\n\n<li>Com estas informa\u00e7\u00f5es, a coordena\u00e7\u00e3o do curso ir\u00e1 expedir uma listagem de concluintes para a cola\u00e7\u00e3o e enviar ao SAAC.<\/li>\n\n\n\n<li>IMPORTANTE: A Instru\u00e7\u00e3o Normativa n\u00ba 01\/09-COUN PRO\u00cdBE EXPRESSAMENTE A PARTICIPA\u00c7\u00c3O DE ALUNOS N\u00c3O CONSTANTES DA LISTA OFICIAL encaminhada pelo SAAC, em quaisquer atividades de Cola\u00e7\u00e3o de Grau.<\/li>\n<\/ul>\n\n\n\n<div style=\"height:40px\" aria-hidden=\"true\" class=\"wp-block-spacer\"><\/div>\n\n\n\n<h4 class=\"wp-block-heading\">ANTECIPA\u00c7\u00c3O DE COLA\u00c7\u00c3O DE GRAU<\/h4>\n\n\n\n<ul>\n<li>A antecipa\u00e7\u00e3o de Cola\u00e7\u00e3o Grau \u00e9 um instrumento utilizado somente em casos excepcionais, onde o aluno necessite colar grau antes de sua turma por motivos inadi\u00e1veis como no caso de aprova\u00e7\u00e3o com a devida convoca\u00e7\u00e3o em concurso p\u00fablico.<\/li>\n\n\n\n<li>Neste caso o processo dever\u00e1 ser individual, onde o aluno dever\u00e1 descrever o motivo e anexar comprovantes da necessidade da cola\u00e7\u00e3o antecipada. Solicite \u00e0 secretaria do curso, por e-mail, os procedimentos e Instru\u00e7\u00f5es.<\/li>\n\n\n\n<li>A coordena\u00e7\u00e3o enviar\u00e1 o processo ao SAAC, j\u00e1 com a data de cola\u00e7\u00e3o marcada pela Dire\u00e7\u00e3o do Setor, e verificado se o aluno est\u00e1 com toda a grade curricular integralizada no sistema.<\/li>\n\n\n\n<li>No caso de deferimento o aluno deve estar ciente que n\u00e3o poder\u00e1 participar da cola\u00e7\u00e3o oficial.<\/li>\n<\/ul>\n\n\n\n<div style=\"height:40px\" aria-hidden=\"true\" class=\"wp-block-spacer\"><\/div>\n\n\n\n<h4 class=\"wp-block-heading\">ORIENTA\u00c7\u00d5ES PARA COMISS\u00d5ES DE FORMATURAS<\/h4>\n\n\n\n<ul>\n<li><span style=\"color: #000000\">Para oficializa\u00e7\u00e3o das solenidades as Comiss\u00f5es de Formatura devem se registrar junto ao Cerimonial do Gabinete da Reitoria, que \u00e9 o \u00f3rg\u00e3o oficialmente respons\u00e1vel por todos os protocolos e cerim\u00f4nias realizados no \u00e2mbito da Universidade.<\/span><\/li>\n\n\n\n<li>Diante deste registro, as Comiss\u00f5es de Formatura estar\u00e3o legalmente cadastradas e receber\u00e3o assessoria e orienta\u00e7\u00f5es sobre as normas oficiais que dever\u00e3o ser observadas para a realiza\u00e7\u00e3o deste ato solene do COUN.<\/li>\n\n\n\n<li>O primeiro passo para come\u00e7ar a preparar a formatura \u00e9 a reserva da data. A Comiss\u00e3o de Formatura deve reservar data junto \u00e0 Cerimonial do Gabinete da Reitoria (na Reitoria), recebendo, assim, material explicativo sobre o processo. Essa reserva deve ser feita com anteced\u00eancia, principalmente pela dificuldade de encontrar dispon\u00edvel a data desejada.<\/li>\n<\/ul>\n\n\n\n<p>O Cerimonial do Gabinete do Reitor est\u00e1 localizado no pr\u00e9dio da Reitoria, na Rua XV de Novembro, 1299 \u2013 2\u00ba andar. Os telefones para contato s\u00e3o: 3360\u20105157 ou 3360\u20105028 e o e\u2010mail \u00e9: <a href=\"mailto:cerimonial@ufpr.br\" target=\"_blank\" rel=\"noopener noreferrer\">cerimonial@ufpr.br<\/a><\/p>\n\n\n\n<div style=\"height:40px\" aria-hidden=\"true\" class=\"wp-block-spacer\"><\/div>\n\n\n\n<hr class=\"wp-block-separator has-alpha-channel-opacity\" \/>\n\n\n\n<h4 class=\"wp-block-heading has-text-align-center\"><mark style=\"background-color:#ffffff\" class=\"has-inline-color has-vivid-red-color\">ESCLARECIMENTOS\u00a0DO CERIMONIAL DA UFPR SOBRE A COLA\u00c7\u00c3O DE GRAU<\/mark><\/h4>\n\n\n\n<p class=\"has-text-align-center\"><strong>A informa\u00e7\u00e3o que costumam passar que existe uma cola\u00e7\u00e3o no Gabinete da Reitoria \u00e9 falsa.<\/strong><\/p>\n\n\n\n<hr class=\"wp-block-separator has-alpha-channel-opacity\" \/>\n\n\n\n<div style=\"height:100px\" aria-hidden=\"true\" class=\"wp-block-spacer\"><\/div>\n\n\n\n<div class=\"wp-block-group is-nowrap is-layout-flex wp-container-core-group-is-layout-2 wp-block-group-is-layout-flex\">\n<div class=\"wp-block-group is-nowrap is-layout-flex wp-container-core-group-is-layout-1 wp-block-group-is-layout-flex\">\n<p>Atualizado em:<\/p>\n<\/div>\n\n\n<div class=\"wp-block-post-date__modified-date wp-block-post-date\"><time datetime=\"2024-10-30T16:17:35-03:00\">30 de October de 2024<\/time><\/div><\/div>","protected":false},"excerpt":{"rendered":"<p>&#8220;A Solenidade de Outorga de Grau \u00e9 um ato oficial da \u00a0UFPR e realiza-se numa Sess\u00e3o P\u00fablica e Solene do Conselho Universit\u00e1rio (COUN), com dia, [&hellip;]<\/p>","protected":false},"author":1,"featured_media":0,"parent":0,"menu_order":0,"comment_status":"closed","ping_status":"closed","template":"","meta":{"footnotes":""},"_links":{"self":[{"href":"https:\/\/tecnologia.ufpr.br\/ccec\/en\/wp-json\/wp\/v2\/pages\/769"}],"collection":[{"href":"https:\/\/tecnologia.ufpr.br\/ccec\/en\/wp-json\/wp\/v2\/pages"}],"about":[{"href":"https:\/\/tecnologia.ufpr.br\/ccec\/en\/wp-json\/wp\/v2\/types\/page"}],"author":[{"embeddable":true,"href":"https:\/\/tecnologia.ufpr.br\/ccec\/en\/wp-json\/wp\/v2\/users\/1"}],"replies":[{"embeddable":true,"href":"https:\/\/tecnologia.ufpr.br\/ccec\/en\/wp-json\/wp\/v2\/comments?post=769"}],"version-history":[{"count":15,"href":"https:\/\/tecnologia.ufpr.br\/ccec\/en\/wp-json\/wp\/v2\/pages\/769\/revisions"}],"predecessor-version":[{"id":7338,"href":"https:\/\/tecnologia.ufpr.br\/ccec\/en\/wp-json\/wp\/v2\/pages\/769\/revisions\/7338"}],"wp:attachment":[{"href":"https:\/\/tecnologia.ufpr.br\/ccec\/en\/wp-json\/wp\/v2\/media?parent=769"}],"curies":[{"name":"wp","href":"https:\/\/api.w.org\/{rel}","templated":true}]}}