{"id":767,"date":"2016-04-16T03:28:52","date_gmt":"2016-04-16T03:28:52","guid":{"rendered":"https:\/\/tecnologia.ufpr.br\/cceq\/?page_id=679"},"modified":"2018-10-16T12:37:40","modified_gmt":"2018-10-16T15:37:40","slug":"deveres-dos-docentes","status":"publish","type":"page","link":"https:\/\/tecnologia.ufpr.br\/ccec\/en\/deveres-dos-docentes\/","title":{"rendered":"Deveres dos Docentes"},"content":{"rendered":"<div class=\"data_e_autor\"><\/div>\n<p>Aos professores cabem todos os deveres inerentes \u00e0 pr\u00f3pria atividade docente, sendo as irregularidades constatadas pass\u00edveis de san\u00e7\u00f5es. Constituem alguns dos\u00a0deveres dos professores:<\/p>\n<ul>\n<li>Apresentar aos alunos, no in\u00edcio do per\u00edodo letivo, o programa da disciplina.<\/li>\n<li>Explicar a metodologia de ensino que ser\u00e1 utilizada.<\/li>\n<li>Indicar uma bibliografia b\u00e1sica.<\/li>\n<li>Esclarecer os crit\u00e9rios, quantas e como ser\u00e3o feitas as avalia\u00e7\u00f5es, formalizando as datas de suas aplica\u00e7\u00f5es.<\/li>\n<li>Informar os hor\u00e1rios e o local em que estar\u00e1 \u00e0 disposi\u00e7\u00e3o para atendimento extraclasse.<\/li>\n<li>Cumprir os prazos e datas estabelecidos pelo calend\u00e1rio escolar.<\/li>\n<li>Observar e cumprir a legisla\u00e7\u00e3o institucional.<\/li>\n<\/ul>\n<p>IMPORTANTE: As ementas das disciplinas s\u00e3o disponibilizadas nas p\u00e1ginas da INTERNET dos respectivos departamentos.<\/p>","protected":false},"excerpt":{"rendered":"<p>Aos professores cabem todos os deveres inerentes \u00e0 pr\u00f3pria atividade docente, sendo as irregularidades constatadas pass\u00edveis de san\u00e7\u00f5es. Constituem alguns dos\u00a0deveres dos professores: Apresentar aos [&hellip;]<\/p>","protected":false},"author":1,"featured_media":0,"parent":0,"menu_order":0,"comment_status":"closed","ping_status":"closed","template":"","meta":{"footnotes":""},"_links":{"self":[{"href":"https:\/\/tecnologia.ufpr.br\/ccec\/en\/wp-json\/wp\/v2\/pages\/767"}],"collection":[{"href":"https:\/\/tecnologia.ufpr.br\/ccec\/en\/wp-json\/wp\/v2\/pages"}],"about":[{"href":"https:\/\/tecnologia.ufpr.br\/ccec\/en\/wp-json\/wp\/v2\/types\/page"}],"author":[{"embeddable":true,"href":"https:\/\/tecnologia.ufpr.br\/ccec\/en\/wp-json\/wp\/v2\/users\/1"}],"replies":[{"embeddable":true,"href":"https:\/\/tecnologia.ufpr.br\/ccec\/en\/wp-json\/wp\/v2\/comments?post=767"}],"version-history":[{"count":3,"href":"https:\/\/tecnologia.ufpr.br\/ccec\/en\/wp-json\/wp\/v2\/pages\/767\/revisions"}],"predecessor-version":[{"id":3716,"href":"https:\/\/tecnologia.ufpr.br\/ccec\/en\/wp-json\/wp\/v2\/pages\/767\/revisions\/3716"}],"wp:attachment":[{"href":"https:\/\/tecnologia.ufpr.br\/ccec\/en\/wp-json\/wp\/v2\/media?parent=767"}],"curies":[{"name":"wp","href":"https:\/\/api.w.org\/{rel}","templated":true}]}}