{"id":763,"date":"2016-04-16T03:02:33","date_gmt":"2016-04-16T03:02:33","guid":{"rendered":"https:\/\/tecnologia.ufpr.br\/cceq\/?page_id=659"},"modified":"2018-10-16T12:37:08","modified_gmt":"2018-10-16T15:37:08","slug":"deveres-do-estudante","status":"publish","type":"page","link":"https:\/\/tecnologia.ufpr.br\/ccec\/en\/deveres-do-estudante\/","title":{"rendered":"Deveres do Estudante"},"content":{"rendered":"<h5>O regimento geral da UFPR estabelece as normas gerais para os integrantes da comunidade acad\u00eamica da UFPR. As normas acad\u00eamicas est\u00e3o previstas pela <a href=\"http:\/\/www.soc.ufpr.br\/wp-content\/uploads\/2016\/07\/cepe3797-atividades-acad%C3%AAmicas-alterada-modificada-18.04.2018.pdf\">Resolu\u00e7\u00e3o\u00a037\/97 \u2010 CEPE<\/a> e demais resolu\u00e7\u00f5es.<\/h5>\n<h4><span style=\"color: #000080\">Deveres do Estudante<\/span><\/h4>\n<ul>\n<li>Valorizar a vaga p\u00fablica e gratuita que conquistou.<\/li>\n<li>Cuidar do patrim\u00f4nio da UFPR.<\/li>\n<li>Respeitar todos os membros da comunidade universit\u00e1ria.<\/li>\n<li>Conhecer e cumprir a legisla\u00e7\u00e3o da UFPR.<\/li>\n<li>Acompanhar o calend\u00e1rio escolar.<\/li>\n<li>Realizar a matr\u00edcula, observando todas as normas e datas do calend\u00e1rio escolar.<\/li>\n<li>Estudar!<\/li>\n<li>Manter\u2010se atualizado quanto ao seu desempenho escolar.<\/li>\n<li>Manter seus endere\u00e7os e telefones atualizados na coordena\u00e7\u00e3o de curso e no sistema de controle acad\u00eamico (Portal do Aluno).<\/li>\n<li>Zelar pela boa conduta.<\/li>\n<li>Comunicar \u00e0 autoridade administrativa irregularidades que vier a conhecer.<\/li>\n<li>Comparecer junto a unidades administrativas sempre que convocado.<\/li>\n<\/ul>\n<h4><span style=\"color: #000080\">S\u00e3o deveres de todos os membros da comunidade universit\u00e1ria:<\/span><\/h4>\n<ul>\n<li>I- comunicar \u00e0 autoridade administrativa as irregularidades de que tiver ci\u00eancia;<\/li>\n<li>II- representar contra ilegalidade, omiss\u00e3o ou abusos;<\/li>\n<li>III- manter conduta compat\u00edvel com a moralidade;<\/li>\n<li>IV- observar as normas legais e regulamentares;<\/li>\n<li>V- tratar com civilidade as pessoas;<\/li>\n<li>VI- identificar-se, quando instado a faz\u00ea-lo;<\/li>\n<li>VII- comparecer para depor e\/ou prestar esclarecimentos junto \u00e0 Comiss\u00e3o Disciplinar<\/li>\n<\/ul>\n<h4><span style=\"color: #000080\">Aos membros da comunidade universit\u00e1ria \u00e9 proibido:<\/span><\/h4>\n<p>As proibi\u00e7\u00f5es s\u00e3o aplic\u00e1veis no \u00e2mbito de toda a Universidade e em todas as atividades relativas ao fazer universit\u00e1rio, dentro ou fora dela.<\/p>\n<ul>\n<li>I- deixar de prestar assist\u00eancia, quando poss\u00edvel faz\u00ea-lo sem risco pessoal, \u00e0 pessoa amea\u00e7ada, constrangida ou exposta \u00e0 iminente perigo, ou n\u00e3o pedir, nesses casos, o socorro da autoridade;<\/li>\n<li>II- amea\u00e7ar algu\u00e9m, por palavra, escrito ou gesto, ou qualquer outro meio simb\u00f3lico, de causar-lhe mal injusto e grave;<\/li>\n<li>III- exigir para si ou para outrem, direta ou indiretamente, vantagem indevida;<\/li>\n<li>IV- opor-se \u00e0 execu\u00e7\u00e3o de ato legal, mediante viol\u00eancia ou grave amea\u00e7a a funcion\u00e1rio competente;<\/li>\n<li>V- arremessar ou derramar em via p\u00fablica, ou em lugar de uso comum, ou de uso alheio, coisa que possa ofender, sujar ou molestar algu\u00e9m;<\/li>\n<li>VI- provocar tumulto ou portar-se de modo inconveniente ou desrespeitoso, em solenidade ou ato oficial, em assembl\u00e9ia, reuni\u00e3o ou espet\u00e1culo p\u00fablico;<\/li>\n<li>VII- perturbar algu\u00e9m, o trabalho ou o sossego alheio com gritaria ou algazarra, ou abusando de instrumentos sonoros ou sinais ac\u00fasticos;<\/li>\n<li>VIII- importunar algu\u00e9m, em lugar p\u00fablico ou acess\u00edvel ao p\u00fablico, de modo ofensivo ao pudor;<\/li>\n<li>IX- recusar \u00e0 autoridade, quando por esta justificadamente solicitados ou exigidos, dados ou indica\u00e7\u00f5es concernentes \u00e0 pr\u00f3pria identidade pessoal;<\/li>\n<li>X- ofender a integridade f\u00edsica, moral ou a sa\u00fade de outrem;<\/li>\n<li>XI- expor a perigo a vida ou a sa\u00fade de outrem;<\/li>\n<li>XII- constranger algu\u00e9m, mediante viol\u00eancia ou grave amea\u00e7a, ou depois de lhe haver reduzido, por qualquer outro meio, a capacidade de resist\u00eancia, a n\u00e3o fazer o que a lei permite, ou a fazer o que ela n\u00e3o manda; XIII- constranger algu\u00e9m, mediante viol\u00eancia ou grave amea\u00e7a, e com o intuito de obter para si ou para outrem indevida vantagem econ\u00f4mica, a fazer, tolerar que se fa\u00e7a ou deixar de fazer alguma coisa;<\/li>\n<li>XIV- destruir, inutilizar ou deteriorar coisa p\u00fablica ou alheia;<\/li>\n<li>XV- dar causa a instaura\u00e7\u00e3o de sindic\u00e2ncia ou processo disciplinar contra algu\u00e9m, imputando-lhe infra\u00e7\u00e3o de que o sabe inocente;<\/li>\n<li>XVI- provocar a a\u00e7\u00e3o da autoridade, comunicando-lhe a ocorr\u00eancia de infra\u00e7\u00e3o ou irregularidade que sabe n\u00e3o se ter verificado;<\/li>\n<li>XVII- praticar vias de fato contra algu\u00e9m;<\/li>\n<li>XVIII- apresentar-se publicamente em estado de embriaguez, de modo que cause esc\u00e2ndalo ou ponha em perigo a seguran\u00e7a pr\u00f3pria ou alheia;<\/li>\n<li>XIX- molestar algu\u00e9m ou perturbar-lhe a tranq\u00fcilidade, por acinte ou motivo reprov\u00e1vel;<\/li>\n<li>XX- praticar outras condutas reputadas como incompat\u00edveis com a moral e os bons costumes.<\/li>\n<\/ul>\n<hr \/>\n<p>&nbsp;<\/p>","protected":false},"excerpt":{"rendered":"<p>O regimento geral da UFPR estabelece as normas gerais para os integrantes da comunidade acad\u00eamica da UFPR. As normas acad\u00eamicas est\u00e3o previstas pela Resolu\u00e7\u00e3o\u00a037\/97 \u2010 [&hellip;]<\/p>","protected":false},"author":1,"featured_media":0,"parent":0,"menu_order":0,"comment_status":"closed","ping_status":"closed","template":"","meta":{"footnotes":""},"_links":{"self":[{"href":"https:\/\/tecnologia.ufpr.br\/ccec\/en\/wp-json\/wp\/v2\/pages\/763"}],"collection":[{"href":"https:\/\/tecnologia.ufpr.br\/ccec\/en\/wp-json\/wp\/v2\/pages"}],"about":[{"href":"https:\/\/tecnologia.ufpr.br\/ccec\/en\/wp-json\/wp\/v2\/types\/page"}],"author":[{"embeddable":true,"href":"https:\/\/tecnologia.ufpr.br\/ccec\/en\/wp-json\/wp\/v2\/users\/1"}],"replies":[{"embeddable":true,"href":"https:\/\/tecnologia.ufpr.br\/ccec\/en\/wp-json\/wp\/v2\/comments?post=763"}],"version-history":[{"count":5,"href":"https:\/\/tecnologia.ufpr.br\/ccec\/en\/wp-json\/wp\/v2\/pages\/763\/revisions"}],"predecessor-version":[{"id":3715,"href":"https:\/\/tecnologia.ufpr.br\/ccec\/en\/wp-json\/wp\/v2\/pages\/763\/revisions\/3715"}],"wp:attachment":[{"href":"https:\/\/tecnologia.ufpr.br\/ccec\/en\/wp-json\/wp\/v2\/media?parent=763"}],"curies":[{"name":"wp","href":"https:\/\/api.w.org\/{rel}","templated":true}]}}