{"id":762,"date":"2016-04-16T02:02:20","date_gmt":"2016-04-16T02:02:20","guid":{"rendered":"https:\/\/tecnologia.ufpr.br\/cceq\/?page_id=642"},"modified":"2024-11-04T16:57:15","modified_gmt":"2024-11-04T19:57:15","slug":"matriculas-em-disciplinas-isoladas","status":"publish","type":"page","link":"https:\/\/tecnologia.ufpr.br\/ccec\/en\/matriculas-em-disciplinas-isoladas\/","title":{"rendered":"Matr\u00edcula em Disciplina Isolada"},"content":{"rendered":"<p>Pessoas n\u00e3o integrantes do corpo discente regular da UFPR com Ensino M\u00e9dio conclu\u00eddo (no m\u00ednimo) poder\u00e3o cursar at\u00e9 03 (tr\u00eas) disciplinas isoladas por per\u00edodo\u00a0(ano\/semestre).<\/p>\n<p>A matr\u00edcula em disciplina isolada \u00e9 solicitado ao Departamento que oferece a disciplina, atrav\u00e9s de <a href=\"https:\/\/tecnologia.ufpr.br\/ccec\/wp-content\/uploads\/sites\/32\/2024\/03\/Formulario_Isoladas-2.pdf\">Requerimento de Disciplinas Isoladas<\/a>, e efetivada pelo NAA, nos prazos do calend\u00e1rio acad\u00eamico, com o comprovante de conclus\u00e3o de Ensino M\u00e9dio, C\u00e9dula de Identidade (RG) e CPF\u00a0pr\u00f3prio.<\/p>\n<p>Ap\u00f3s a conclus\u00e3o da disciplina, o aluno recebe um certificado comprobat\u00f3rio destes estudos isolados.<\/p>\n<p>Importante destacar que as disciplinas isoladas <strong>n\u00e3o<\/strong> d\u00e3o direito a diploma, apenas a certificado comprobat\u00f3rio.<\/p>\n<hr \/>\n<p><strong><u><a href=\"http:\/\/www.prograd.ufpr.br\/copap\/contatos\/\" target=\"_blank\" rel=\"noopener\">NAA- N\u00facleo de Acompanhamento Acad\u00eamico<\/a><\/u><\/strong> &#8211; localizado em frente \u00e0 Biblioteca de Direito, no t\u00e9rreo do Pr\u00e9dio da Santos Andrade.<\/p>\n<p>Endere\u00e7o: Pra\u00e7a Santos Andrade, 50 \u2013 Centro Curitiba-PR\u00a0\u00a0&#8211;\u00a0Cep.: 81.531-900<br \/>\nTelefones: (41) 3310-2674\u00a0\u00a0\u00a0\u00a0 e\u00a0\u00a0\u00a0\u00a0\u00a0\u00a0 3310-2800<br \/>\nSite: <a href=\"http:\/\/www.prograd.ufpr.br\/copap\/contatos\/\" target=\"_blank\" rel=\"noopener\">http:\/\/www.prograd.ufpr.br\/copap\/contatos\/<\/a><\/p>\n<hr \/>\n\n\n<div style=\"height:100px\" aria-hidden=\"true\" class=\"wp-block-spacer\"><\/div>\n\n\n\n<div class=\"wp-block-group is-nowrap is-layout-flex wp-container-core-group-is-layout-1 wp-block-group-is-layout-flex\">\n<p>Atualizado em: <\/p>\n\n\n<div class=\"wp-block-post-date__modified-date wp-block-post-date\"><time datetime=\"2024-11-04T16:57:15-03:00\">4 de November de 2024<\/time><\/div><\/div>","protected":false},"excerpt":{"rendered":"<p>Pessoas n\u00e3o integrantes do corpo discente regular da UFPR com Ensino M\u00e9dio conclu\u00eddo (no m\u00ednimo) poder\u00e3o cursar at\u00e9 03 (tr\u00eas) disciplinas isoladas por per\u00edodo\u00a0(ano\/semestre). A [&hellip;]<\/p>","protected":false},"author":1,"featured_media":0,"parent":0,"menu_order":0,"comment_status":"closed","ping_status":"closed","template":"","meta":{"footnotes":""},"_links":{"self":[{"href":"https:\/\/tecnologia.ufpr.br\/ccec\/en\/wp-json\/wp\/v2\/pages\/762"}],"collection":[{"href":"https:\/\/tecnologia.ufpr.br\/ccec\/en\/wp-json\/wp\/v2\/pages"}],"about":[{"href":"https:\/\/tecnologia.ufpr.br\/ccec\/en\/wp-json\/wp\/v2\/types\/page"}],"author":[{"embeddable":true,"href":"https:\/\/tecnologia.ufpr.br\/ccec\/en\/wp-json\/wp\/v2\/users\/1"}],"replies":[{"embeddable":true,"href":"https:\/\/tecnologia.ufpr.br\/ccec\/en\/wp-json\/wp\/v2\/comments?post=762"}],"version-history":[{"count":5,"href":"https:\/\/tecnologia.ufpr.br\/ccec\/en\/wp-json\/wp\/v2\/pages\/762\/revisions"}],"predecessor-version":[{"id":7378,"href":"https:\/\/tecnologia.ufpr.br\/ccec\/en\/wp-json\/wp\/v2\/pages\/762\/revisions\/7378"}],"wp:attachment":[{"href":"https:\/\/tecnologia.ufpr.br\/ccec\/en\/wp-json\/wp\/v2\/media?parent=762"}],"curies":[{"name":"wp","href":"https:\/\/api.w.org\/{rel}","templated":true}]}}