{"id":759,"date":"2016-04-16T01:49:55","date_gmt":"2016-04-16T01:49:55","guid":{"rendered":"https:\/\/tecnologia.ufpr.br\/cceq\/?page_id=630"},"modified":"2024-10-30T14:16:32","modified_gmt":"2024-10-30T17:16:32","slug":"trancamento-de-curso","status":"publish","type":"page","link":"https:\/\/tecnologia.ufpr.br\/ccec\/en\/trancamento-de-curso\/","title":{"rendered":"Trancamento e Destrancamento de Curso"},"content":{"rendered":"<div style=\"height:40px\" aria-hidden=\"true\" class=\"wp-block-spacer\"><\/div>\n\n\n\n<h3 class=\"wp-block-heading has-text-color has-link-color has-medium-font-size wp-elements-da1d6049917eee86329d9d99c142f0ae\" style=\"color:#066aab\"><strong>RESOLU\u00c7\u00c3O N\u00ba 97\/15 \u2013 CEPE.\u00a0<\/strong><\/h3>\n\n\n\n<p>Acesse aqui a resolu\u00e7\u00e3o e instru\u00e7\u00e3o sobre este assunto:&nbsp;<a style=\"color: #066aab\" href=\"https:\/\/tecnologia.ufpr.br\/cceq\/wp-content\/uploads\/sites\/5\/2016\/04\/Ressolu\u00e7\u00e3o972015CEPE-1.pdf\" target=\"_blank\" rel=\"noopener\">Resolu\u00e7\u00e3o 9720\/15-CEPE<\/a>&nbsp; &nbsp;e&nbsp;<a style=\"color: #066aab\" href=\"https:\/\/tecnologia.ufpr.br\/cceq\/wp-content\/uploads\/sites\/5\/2016\/04\/I.N.01.16-PROGRAD-1.pdf\" target=\"_blank\" rel=\"noopener\">I.N.01.16 PROGRAD<\/a><\/p>\n\n\n\n<div style=\"height:40px\" aria-hidden=\"true\" class=\"wp-block-spacer\"><\/div>\n\n\n\n<h2 class=\"wp-block-heading\" style=\"font-size:24px\">Trancamento<\/h2>\n\n\n\n<p>Entende-se por trancamento de curso a interrup\u00e7\u00e3o tempor\u00e1ria de todas as atividades acad\u00eamicas.<\/p>\n\n\n\n<ul>\n<li>Ser\u00e3o permitidos at\u00e9 tr\u00eas (03) trancamentos de curso consecutivos ou alternados.<\/li>\n\n\n\n<li>O primeiro trancamento de curso \u00e9 volunt\u00e1rio e imotivado.\u00a0Para o primeiro trancamento,\u00a0orienta-se que o aluno solicite o trancamento para dois (2) semestres consecutivos, pois n\u00e3o haver\u00e1 preju\u00edzo caso o aluno decida retornar antes de findado este prazo, e considerando que o segundo trancamento s\u00f3 pode ser realizado se aprovado pelo colegiado do curso.<\/li>\n\n\n\n<li>Os segundo e terceiro trancamentos (EXCEPCIONAL) de curso devidamente justificados e documentados dever\u00e3o ser julgados pelo Colegiado de Curso.<\/li>\n\n\n\n<li>Cada trancamento do curso ser\u00e1 pelo prazo de at\u00e9 dois (02) semestres letivos consecutivos<\/li>\n\n\n\n<li>Somente ser\u00e3o concedidos trancamentos de curso se o\u00a0 aluno dispuser de tempo h\u00e1bil para integraliza\u00e7\u00e3o de seu curr\u00edculo por ocasi\u00e3o do retorno.<\/li>\n\n\n\n<li>O trancamento de curso ser\u00e1 concedido ao aluno que possua pelo menos uma (01) disciplina ou unidade curricular obrigat\u00f3ria ou optativa do curr\u00edculo do seu curso efetivamente cursada e aprovada na UFPR sob seu atual registro.<\/li>\n\n\n\n<li>Nos casos em que o aluno n\u00e3o possua uma disciplina cursada e aprovada na UFPR, excepcionalmente, por motivo relevante, caber\u00e1 ao Colegiado do Curso julgar o m\u00e9rito da solicita\u00e7\u00e3o, devidamente justificada e documentada.<\/li>\n\n\n\n<li>O trancamento \u00e9 feito pelo aluno\u00a0(ou seu representante legal). Os prazos limites para trancamento e retorno ao curso, relativos a cada per\u00edodo letivo, ser\u00e3o fixados no <a href=\"https:\/\/tecnologia.ufpr.br\/ccec\/en\/calendario\/\">Calend\u00e1rio Acad\u00eamico<\/a>.<\/li>\n\n\n\n<li>O aluno poder\u00e1 requerer o retorno ao curso (destrancamento) antes de esgotado o per\u00edodo de trancamento.<\/li>\n\n\n\n<li>O trancamento do curso n\u00e3o ser\u00e1 considerado no tempo que o aluno tem para cumprir o curr\u00edculo.<\/li>\n\n\n\n<li>Enquanto aguarda a resposta sobre o processo de trancamento (caso este precise de aprova\u00e7\u00e3o do colegiado), o aluno dever\u00e1 continuar a frequentar as aulas.<\/li>\n\n\n\n<li><span style=\"color: #ff0000\"><strong>Aten\u00e7\u00e3o!\u00a0<\/strong><strong><span style=\"color: #ff0000\">Ca<\/span>so o aluno n\u00e3o solicite o trancamento de curso ou n\u00e3o fa\u00e7a a matr\u00edcula fica caracterizado abandono de curso: o registro acad\u00eamico do aluno \u00e9 cancelado e perde a\u00a0vaga!<\/strong><\/span><\/li>\n\n\n\n<li>Por ocasi\u00e3o de seu retorno e ap\u00f3s realizar o destrancamento do curso (veja abaixo procedimento) voc\u00ea deve matricular\u2010se formalmente, para n\u00e3o caracterizar abandono de curso.<\/li>\n<\/ul>\n\n\n\n<h4 class=\"wp-block-heading has-medium-font-size\">Solicita\u00e7\u00e3o de Trancamento de Curso<\/h4>\n\n\n\n<p>O pedido de trancamento de curso dever\u00e1 <strong>ser feito pelo aluno no <a href=\"https:\/\/sistemas.ufpr.br\/auth\/realms\/producao\/protocol\/openid-connect\/auth?client_id=portal-sistemas&amp;scope=openid&amp;response_type=code&amp;redirect_uri=https%3A%2F%2Fsistemas.ufpr.br%2Flogin%2Fcallback\">Sistema SIGA<\/a><\/strong>. Consulte o <a href=\"https:\/\/ufpraberta.ufpr.br\/course\/view.php?id=9\">tutorial<\/a>.<\/p>\n\n\n\n<p>A partir da segunda e terceira solicita\u00e7\u00e3o, o trancamento deve ser solicitado atrav\u00e9s do preenchimento e envio do formul\u00e1rio <a href=\"http:\/\/www.prograd.ufpr.br\/portal\/copap\/wp-content\/uploads\/sites\/2\/2019\/12\/15-Trancamento-de-curso-1.pdf\" target=\"_blank\" rel=\"noreferrer noopener\">Requerimento para Trancamento de Curso<\/a>, mediante justificativa, por motivo relevante, que deve ser comprovada por meio de documenta\u00e7\u00e3o. O requerimento + justificativa e documenta\u00e7\u00e3o deve ser enviado para <a href=\"mailto:civilsecretaria@ufpr.br\">civilsecretaria@ufpr.br<\/a>.<\/p>\n\n\n\n<div class=\"wp-block-media-text is-stacked-on-mobile\" style=\"grid-template-columns:47% auto\"><figure class=\"wp-block-media-text__media\"><img decoding=\"async\" src=\"https:\/\/tecnologia.ufpr.br\/ccec\/wp-content\/uploads\/sites\/32\/2024\/10\/freepik__upload__77093-1-1024x682.jpeg\" alt=\"\" class=\"wp-image-7327 size-full\" \/><\/figure><div class=\"wp-block-media-text__content\">\n<h4 class=\"wp-block-heading\">Par\u00e2metros de Embasamento de 3\u00ba Pedido de Trancamento\u00a0<\/h4>\n\n\n\n<p><a href=\"https:\/\/soc.ufpr.br\/wp-content\/uploads\/2016\/07\/resolucao_cepe_11052001-53.pdf\">RESOLU\u00c7\u00c3O N\u00ba 32\/01 &#8211; CEPE<\/a> Altera o \u00a7 3\u00ba do art. 61 da <a href=\"https:\/\/soc.ufpr.br\/wp-content\/uploads\/2016\/07\/Res-37-97-CEPE-Atividades-Acad%C3%AAmicas.pdf\">Res. 37\/97-CEPE<\/a> estabelecendo par\u00e2metros e delegando aos Colegiados de Curso a an\u00e1lise dos pedidos de 3\u00ba Trancamento de Curso<\/p>\n\n\n\n<p>Uma terceira solicita\u00e7\u00e3o de trancamento de curso, por at\u00e9 mais 2(dois) semestres letivos, poder\u00e1 ser requerida pelo aluno ou seu representante legal no Departamento de Assuntos Acad\u00eamicos \u2013 DAA, mediante apresenta\u00e7\u00e3o do comprovante de matr\u00edcula do semestre\/ano, por motivo relevante, devidamente justificada e documentada pelo aluno.<\/p>\n<\/div><\/div>\n\n\n\n<p>Constituem motivos relevantes:<\/p>\n\n\n\n<div class=\"wp-block-group is-nowrap is-layout-flex wp-container-core-group-is-layout-2 wp-block-group-is-layout-flex\">\n<div class=\"wp-block-group is-nowrap is-layout-flex wp-container-core-group-is-layout-1 wp-block-group-is-layout-flex\">\n<p>a)<\/p>\n<\/div>\n\n\n\n<p>casos de doen\u00e7a do aluno devidamente documentados e verificados pelo \u00f3rg\u00e3o respons\u00e1vel pela per\u00edcia m\u00e9dica da UFPR;<\/p>\n<\/div>\n\n\n\n<div class=\"wp-block-group is-nowrap is-layout-flex wp-container-core-group-is-layout-4 wp-block-group-is-layout-flex\">\n<div class=\"wp-block-group is-nowrap is-layout-flex wp-container-core-group-is-layout-3 wp-block-group-is-layout-flex\">\n<p>b)<\/p>\n<\/div>\n\n\n\n<p>situa\u00e7\u00f5es nas quais o aluno \u00e9 arrimo de fam\u00edlia, devidamente comprovadas;<\/p>\n<\/div>\n\n\n\n<div class=\"wp-block-group is-nowrap is-layout-flex wp-container-core-group-is-layout-6 wp-block-group-is-layout-flex\">\n<div class=\"wp-block-group is-nowrap is-layout-flex wp-container-core-group-is-layout-5 wp-block-group-is-layout-flex\">\n<p>c)<\/p>\n<\/div>\n\n\n\n<p>demais hip\u00f3teses de natureza especial, desde que comprovadas.<\/p>\n<\/div>\n\n\n\n<div style=\"height:40px\" aria-hidden=\"true\" class=\"wp-block-spacer\"><\/div>\n\n\n\n<h2 class=\"wp-block-heading\" style=\"font-size:24px\">Destrancamento de Curso<\/h2>\n\n\n\n<p>O aluno (ou seu representante legal) dever\u00e1 no per\u00edodo previsto no <a href=\"https:\/\/tecnologia.ufpr.br\/ccec\/en\/calendario\/\">calend\u00e1rio acad\u00eamico<\/a> \u00a0VIGENTE NA DATA DE SEU RETORNO\u00a0efetuar o destrancamento no <a href=\"https:\/\/ufpraberta.ufpr.br\/mod\/page\/view.php?id=232\">Sistema SIGA<\/a>. Consulte o <a href=\"https:\/\/ufpraberta.ufpr.br\/mod\/page\/view.php?id=232\">tutorial<\/a>.<\/p>\n\n\n\n<p>Somente&nbsp;ap\u00f3s o destrancamento do curso ser\u00e1 poss\u00edvel realizar matr\u00edcula em disciplinas.<\/p>\n\n\n\n<p><span style=\"color: #ff0000\"><strong>Aten\u00e7\u00e3o!&nbsp;Caso o aluno n\u00e3o fa\u00e7a a matr\u00edcula fica caracterizado abandono de curso:&nbsp; o registro acad\u00eamico do aluno \u00e9 cancelado e perde a&nbsp;vaga!<\/strong><\/span><\/p>\n\n\n\n<div style=\"height:100px\" aria-hidden=\"true\" class=\"wp-block-spacer\"><\/div>\n\n\n\n<hr class=\"wp-block-separator has-alpha-channel-opacity\" \/>\n\n\n\n<p>Para maiores informa\u00e7\u00f5es, consulte o COPAP-SGA.<\/p>\n\n\n\n<p><a href=\"http:\/\/www.prograd.ufpr.br\/portal\/copap\/contatos\/\" target=\"_blank\" rel=\"noreferrer noopener\">Se\u00e7\u00e3o de Gerenciamento Acad\u00eamico \u2013 SGA<\/a> <br>Endere\u00e7o: Pra\u00e7a Santos Andrade, 50 \u2013 Centro &#8211; Curitiba\/PR\u00a0\u00a0&#8211;\u00a0Cep.: 81.531-900<br>E-mail\/Teams: <a href=\"mailto:copap.sga@ufpr.br\">copap.sga@ufpr.br<\/a><br>Site: <a href=\"http:\/\/www.prograd.ufpr.br\/portal\/copap\/contatos\/\" target=\"_blank\" rel=\"noreferrer noopener\">http:\/\/www.prograd.ufpr.br\/portal\/copap\/contatos\/<\/a><\/p>\n\n\n\n<hr class=\"wp-block-separator has-alpha-channel-opacity\" \/>\n\n\n\n<div style=\"height:100px\" aria-hidden=\"true\" class=\"wp-block-spacer\"><\/div>\n\n\n\n<div class=\"wp-block-group is-nowrap is-layout-flex wp-container-core-group-is-layout-8 wp-block-group-is-layout-flex\">\n<div class=\"wp-block-group is-nowrap is-layout-flex wp-container-core-group-is-layout-7 wp-block-group-is-layout-flex\">\n<p>Atualizado em: <\/p>\n<\/div>\n\n\n<div class=\"wp-block-post-date__modified-date wp-block-post-date\"><time datetime=\"2024-10-30T14:16:32-03:00\">30 de October de 2024<\/time><\/div><\/div>","protected":false},"excerpt":{"rendered":"<p>RESOLU\u00c7\u00c3O N\u00ba 97\/15 \u2013 CEPE.\u00a0 Acesse aqui a resolu\u00e7\u00e3o e instru\u00e7\u00e3o sobre este assunto:&nbsp;Resolu\u00e7\u00e3o 9720\/15-CEPE&nbsp; &nbsp;e&nbsp;I.N.01.16 PROGRAD Trancamento Entende-se por trancamento de curso a interrup\u00e7\u00e3o [&hellip;]<\/p>","protected":false},"author":1,"featured_media":0,"parent":0,"menu_order":0,"comment_status":"closed","ping_status":"closed","template":"","meta":{"footnotes":""},"_links":{"self":[{"href":"https:\/\/tecnologia.ufpr.br\/ccec\/en\/wp-json\/wp\/v2\/pages\/759"}],"collection":[{"href":"https:\/\/tecnologia.ufpr.br\/ccec\/en\/wp-json\/wp\/v2\/pages"}],"about":[{"href":"https:\/\/tecnologia.ufpr.br\/ccec\/en\/wp-json\/wp\/v2\/types\/page"}],"author":[{"embeddable":true,"href":"https:\/\/tecnologia.ufpr.br\/ccec\/en\/wp-json\/wp\/v2\/users\/1"}],"replies":[{"embeddable":true,"href":"https:\/\/tecnologia.ufpr.br\/ccec\/en\/wp-json\/wp\/v2\/comments?post=759"}],"version-history":[{"count":12,"href":"https:\/\/tecnologia.ufpr.br\/ccec\/en\/wp-json\/wp\/v2\/pages\/759\/revisions"}],"predecessor-version":[{"id":7332,"href":"https:\/\/tecnologia.ufpr.br\/ccec\/en\/wp-json\/wp\/v2\/pages\/759\/revisions\/7332"}],"wp:attachment":[{"href":"https:\/\/tecnologia.ufpr.br\/ccec\/en\/wp-json\/wp\/v2\/media?parent=759"}],"curies":[{"name":"wp","href":"https:\/\/api.w.org\/{rel}","templated":true}]}}