{"id":7573,"date":"2025-01-14T14:49:10","date_gmt":"2025-01-14T17:49:10","guid":{"rendered":"https:\/\/tecnologia.ufpr.br\/ccec\/?page_id=7573"},"modified":"2025-01-14T15:02:52","modified_gmt":"2025-01-14T18:02:52","slug":"redes-de-apoio","status":"publish","type":"page","link":"https:\/\/tecnologia.ufpr.br\/ccec\/en\/redes-de-apoio\/","title":{"rendered":"Redes de apoio"},"content":{"rendered":"<div style=\"height:40px\" aria-hidden=\"true\" class=\"wp-block-spacer\"><\/div>\n\n\n\n<h4 class=\"wp-block-heading has-text-align-center\">Voc\u00ea n\u00e3o est\u00e1 sozinho!<\/h4>\n\n\n\n<div style=\"height:40px\" aria-hidden=\"true\" class=\"wp-block-spacer\"><\/div>\n\n\n\n<h3 class=\"wp-block-heading\">Para estudantes de gradua\u00e7\u00e3o<\/h3>\n\n\n\n<p>Atendimento individual das 8h \u00e0s 20h, sem necessidade de marcar hor\u00e1rio. \u00c9 s\u00f3 chegar na rua Ubaldino do Amaral, 321, a duas quadras do RU e da Reitoria &#8211; n\u00e3o necessita de agendamento pr\u00e9vio.<\/p>\n\n\n\n<p>D\u00favidas: <a href=\"mailto:psicoprae@ufpr.br\">psicoprae@ufpr.br<\/a><\/p>\n\n\n\n<div style=\"height:40px\" aria-hidden=\"true\" class=\"wp-block-spacer\"><\/div>\n\n\n\n<h3 class=\"wp-block-heading\">Para estudantes de p\u00f3s-gradua\u00e7\u00e3o e servidores<\/h3>\n\n\n\n<p><strong>CASA 04<\/strong> &#8211; Para alunos da p\u00f3s-gradua\u00e7\u00e3o e para servidores, \u00e9 poss\u00edvel solicitar atendimento individual por meio do e-mail <a href=\"mailto:casa4@ufpr.br\">casa4@ufpr.br<\/a>.<\/p>\n\n\n\n<div style=\"height:40px\" aria-hidden=\"true\" class=\"wp-block-spacer\"><\/div>\n\n\n\n<h3 class=\"wp-block-heading\">Para situa\u00e7\u00f5es de viol\u00eancia<\/h3>\n\n\n\n<p><strong>SIPAD <\/strong>&#8211; Superintend\u00eancia de Pol\u00edticas Afirmativas e Diversidade &#8211; Suporte e acolhimento individual para v\u00edtimas de viol\u00eancia, ass\u00e9dio e discrimina\u00e7\u00e3o dentro do contexto da UFPR, a partir da den\u00fancia sigilosa. Entre em contato por e-mail <a href=\"mailto:acolhe.sipad@ufpr.br\">acolhe.sipad@ufpr.br<\/a>.<\/p>\n\n\n\n<div style=\"height:40px\" aria-hidden=\"true\" class=\"wp-block-spacer\"><\/div>\n\n\n\n<h3 class=\"wp-block-heading\">Para situa\u00e7\u00f5es de ass\u00e9dio<\/h3>\n\n\n\n<p><strong>Ouvidoria <\/strong>&#8211; Inst\u00e2ncia de recebimento das not\u00edcias de ass\u00e9dio para encaminhamentos de acolhimento, de den\u00fancia e de apura\u00e7\u00e3o. Registre sua demanda nos canais da Ouvidoria da UFPR.<\/p>\n\n\n\n<p>Site: <a href=\"https:\/\/ouvidoriageral.ufpr.br\/\">https:\/\/ouvidoriageral.ufpr.br\/<\/a><\/p>\n\n\n\n<div style=\"height:40px\" aria-hidden=\"true\" class=\"wp-block-spacer\"><\/div>\n\n\n\n<h3 class=\"wp-block-heading\">Para a\u00e7\u00f5es coletivas<\/h3>\n\n\n\n<p><strong>ConVida <\/strong>&#8211; Programa de suporte emocional vinculado ao Gabinete da Reitoria. Oferece palestras, oficinas e a\u00e7\u00f5es coletivas voltadas \u00e0 conviv\u00eancia e a promo\u00e7\u00e3o da sa\u00fade mental na UFPR. Entre em contato por meio do e-mail <a href=\"mailto:convida@ufpr.br\">convida@ufpr.br<\/a>.<\/p>\n\n\n\n<div style=\"height:100px\" aria-hidden=\"true\" class=\"wp-block-spacer\"><\/div>\n\n\n\n<div class=\"wp-block-group is-nowrap is-layout-flex wp-container-core-group-is-layout-1 wp-block-group-is-layout-flex\">\n<p>Atualizado em:<\/p>\n\n\n<div class=\"wp-block-post-date__modified-date wp-block-post-date\"><time datetime=\"2025-01-14T15:02:52-03:00\">14 de January de 2025<\/time><\/div><\/div>","protected":false},"excerpt":{"rendered":"<p>Voc\u00ea n\u00e3o est\u00e1 sozinho! Para estudantes de gradua\u00e7\u00e3o Atendimento individual das 8h \u00e0s 20h, sem necessidade de marcar hor\u00e1rio. \u00c9 s\u00f3 chegar na rua Ubaldino [&hellip;]<\/p>","protected":false},"author":1099,"featured_media":0,"parent":0,"menu_order":0,"comment_status":"closed","ping_status":"closed","template":"","meta":{"footnotes":""},"_links":{"self":[{"href":"https:\/\/tecnologia.ufpr.br\/ccec\/en\/wp-json\/wp\/v2\/pages\/7573"}],"collection":[{"href":"https:\/\/tecnologia.ufpr.br\/ccec\/en\/wp-json\/wp\/v2\/pages"}],"about":[{"href":"https:\/\/tecnologia.ufpr.br\/ccec\/en\/wp-json\/wp\/v2\/types\/page"}],"author":[{"embeddable":true,"href":"https:\/\/tecnologia.ufpr.br\/ccec\/en\/wp-json\/wp\/v2\/users\/1099"}],"replies":[{"embeddable":true,"href":"https:\/\/tecnologia.ufpr.br\/ccec\/en\/wp-json\/wp\/v2\/comments?post=7573"}],"version-history":[{"count":4,"href":"https:\/\/tecnologia.ufpr.br\/ccec\/en\/wp-json\/wp\/v2\/pages\/7573\/revisions"}],"predecessor-version":[{"id":7584,"href":"https:\/\/tecnologia.ufpr.br\/ccec\/en\/wp-json\/wp\/v2\/pages\/7573\/revisions\/7584"}],"wp:attachment":[{"href":"https:\/\/tecnologia.ufpr.br\/ccec\/en\/wp-json\/wp\/v2\/media?parent=7573"}],"curies":[{"name":"wp","href":"https:\/\/api.w.org\/{rel}","templated":true}]}}