{"id":756,"date":"2016-04-16T01:22:07","date_gmt":"2016-04-16T01:22:07","guid":{"rendered":"https:\/\/tecnologia.ufpr.br\/cceq\/?page_id=618"},"modified":"2024-11-04T15:01:34","modified_gmt":"2024-11-04T18:01:34","slug":"matriculas-em-disciplinas","status":"publish","type":"page","link":"https:\/\/tecnologia.ufpr.br\/ccec\/en\/matriculas-em-disciplinas\/","title":{"rendered":"Matr\u00edculas em Disciplinas"},"content":{"rendered":"<h3 class=\"wp-block-heading\" style=\"font-size:24px\">Matr\u00edculas em Disciplinas para Calouros<\/h3>\n\n\n\n<ul>\n<li>&nbsp;As matr\u00edculas em disciplinas do primeiro semestre\/ano s\u00e3o autom\u00e1ticas para quem ingressou por Processo Seletivo (UFPR\/SISU) e entregou a documenta\u00e7\u00e3o no prazo&nbsp;previsto.<\/li>\n\n\n\n<li>\u00a0A partir do segundo per\u00edodo letivo, \u00e9 necess\u00e1rio observar o <a href=\"https:\/\/tecnologia.ufpr.br\/ccec\/en\/calendario\/\" target=\"_blank\" rel=\"noreferrer noopener\">Calend\u00e1rio Acad\u00eamico<\/a>\u00a0e matricular\u2010se pela internet <a href=\"https:\/\/sistemas.ufpr.br\/auth\/realms\/producao\/protocol\/openid-connect\/auth?client_id=portal-sistemas&amp;scope=openid&amp;response_type=code&amp;redirect_uri=https%3A%2F%2Fsistemas.ufpr.br%2Flogin%2Fcallback\" target=\"_blank\" rel=\"noreferrer noopener\">(sistema SIGA) <\/a>nos dias estipulados no calend\u00e1rio.<\/li>\n\n\n\n<li>N\u00c3O DEIXE DE FAZER A MATR\u00cdCULA, POIS SEN\u00c3O VOC\u00ca TER\u00c1 SEU REGISTRO ACAD\u00caMICO CANCELADO POR ABANDONO DE CURSO!<\/li>\n\n\n\n<li>Cuide para que, ao se matricular a partir do segundo semestre do seu ingresso, n\u00e3o haja coincid\u00eancia de hor\u00e1rio entre duas disciplinas. Se isso ocorrer, uma delas ser\u00e1 cancelada.<\/li>\n\n\n\n<li>Procure fazer matr\u00edcula em disciplinas segundo a periodiza\u00e7\u00e3o recomenda pelo curso.<\/li>\n\n\n\n<li>No in\u00edcio de cada per\u00edodo letivo (ano ou semestre, conforme determina o calend\u00e1rio escolar)&nbsp;h\u00e1 prazo para que o aluno realize corre\u00e7\u00f5es de matr\u00edculas, nos casos em que tenha havido qualquer falha no&nbsp;processamento das matr\u00edculas. Isto ser\u00e1 feito, atrav\u00e9s de pedido dentro do prazo junto \u00e0 Coordena\u00e7\u00e3o do seu Curso (Ajuste de matr\u00edculas).<\/li>\n\n\n\n<li>Procure sempre sua coordena\u00e7\u00e3o de curso, para sanar eventuais d\u00favidas quanto \u00e0 matr\u00edcula.<\/li>\n\n\n\n<li>Apenas t\u00eam direito \u00e0 matr\u00edcula em disciplinas os acad\u00eamicos que tenham seu registro acad\u00eamico ativo, essencial \u00e0 condi\u00e7\u00e3o de aluno.<\/li>\n<\/ul>\n\n\n\n<h3 class=\"wp-block-heading\" style=\"font-size:24px\">Cancelamento\/trancamento de Disciplinas<\/h3>\n\n\n\n<ul>\n<li>Antes de decorrida a metade do per\u00edodo letivo, \u00e9 permitido o cancelamento da matr\u00edcula em disciplinas nas quais o estudante estiver matriculado. O per\u00edodo para o cancelamento est\u00e1 especificado no <a href=\"https:\/\/tecnologia.ufpr.br\/ccec\/en\/calendario\/\" target=\"_blank\" rel=\"noreferrer noopener\">Calend\u00e1rio Acad\u00eamico<\/a>.<\/li>\n\n\n\n<li>O n\u00e3o cancelamento e o abandono da disciplina implica em reprova\u00e7\u00e3o, que implica em preju\u00edzo ao seu \u00cdndice de Rendimento Acumulado \u2013 IRA e, tamb\u00e9m, no rendimento acad\u00eamico insuficiente.<\/li>\n\n\n\n<li>O cancelamento de disciplina n\u00e3o poder\u00e1 ser realizado caso este procedimento implique em uma carga hor\u00e1ria abaixo do valor m\u00ednimo estabelecido pelo curso;<\/li>\n\n\n\n<li>N\u00e3o ser\u00e1 admitido mais de um trancamento de matr\u00edcula na mesma disciplina, exceto por motivo de doen\u00e7a ou de for\u00e7a maior, devidamente comprovado e aceito pelo colegiado do curso.<\/li>\n<\/ul>\n\n\n\n<h3 class=\"wp-block-heading\" style=\"font-size:24px\">Matr\u00edculas em Disciplinas Eletivas<\/h3>\n\n\n\n<ul>\n<li>Al\u00e9m das disciplinas de sua grade curricular, voc\u00ea poder\u00e1 se matricular em qualquer disciplina ofertada pela Institui\u00e7\u00e3o, que interessem \u00e0 sua forma\u00e7\u00e3o cultural, atendido o sistema de pr\u00e9-requisitos e compatibilidade de hor\u00e1rios. S\u00e3o as chamadas disciplinas eletivas. <\/li>\n\n\n\n<li>A solicita\u00e7\u00e3o \u00e9 realizada por meio do <a href=\"https:\/\/sistemas.ufpr.br\/auth\/realms\/producao\/protocol\/openid-connect\/auth?client_id=portal-sistemas&amp;scope=openid&amp;response_type=code&amp;redirect_uri=https%3A%2F%2Fsistemas.ufpr.br%2Flogin%2Fcallback\">sistema SIGA<\/a>. Confira <a href=\"https:\/\/ufpraberta.ufpr.br\/mod\/page\/view.php?id=168\">o tutorial<\/a>. Ap\u00f3s a libera\u00e7\u00e3o da vaga pelo departamento respons\u00e1vel pela disciplina, o pedido dever\u00e1 ser protocolizado junto ao <a href=\"http:\/\/www.prograd.ufpr.br\/copap\/contatos\/\" target=\"_blank\" rel=\"noopener noreferrer\">N\u00facleo de Assuntos Acad\u00eamicos<\/a> nas datas previstas no calend\u00e1rio escolar.<\/li>\n<\/ul>\n\n\n\n<div style=\"height:40px\" aria-hidden=\"true\" class=\"wp-block-spacer\"><\/div>\n\n\n\n<hr class=\"wp-block-separator has-alpha-channel-opacity\" \/>\n\n\n\n<p class=\"has-large-font-size\"><strong><mark style=\"background-color:#ffffff\" class=\"has-inline-color has-vivid-red-color\">ATEN\u00c7\u00c3O: FIQUE ATENTO<\/mark><\/strong><\/p>\n\n\n\n<h4 class=\"wp-block-heading\"><strong>Segundo a <a href=\"http:\/\/www.soc.ufpr.br\/wp-content\/uploads\/2016\/07\/Res-37-97-CEPE-atividades-acad%C3%AAmicas-alterada-modificada-18.04.2018-1.pdf\">Resolu\u00e7\u00e3o 37\/97 &#8211; CEPE<\/a>, Cap\u00edtulo VI &#8211; Da Matr\u00edcula &#8211; Se\u00e7\u00e3o I &#8211; Dos Procedimento Gerais &#8211; Artigo 40&nbsp;&nbsp;<\/strong><\/h4>\n\n\n\n<p>\u00a7 1\u00ba &#8211; Nos casos de perda de prazo da matr\u00edcula pelo aluno, caber\u00e1 ao coordenador de curso examinar e decidir sobre a aceita\u00e7\u00e3o do requerimento, <strong>at\u00e9 a data da corre\u00e7\u00e3o de matr\u00edcula<\/strong> fixada no artigo 46 desta Resolu\u00e7\u00e3o. (veja as datas no calend\u00e1rios escolar vigente)<\/p>\n\n\n\n<p>\u00a7 2\u00ba &#8211; Uma vez ultrapassado este prazo n\u00e3o ser\u00e3o mais aceitos pedidos de matr\u00edcula, caracterizando-se o abandono de curso.<\/p>\n\n\n\n<p>\u00a7 3\u00ba <strong>&#8211; \u00c9 de inteira responsabilidade do aluno certificar-se, mediante confer\u00eancia do comprovante de matr\u00edcula e consulta aos editais da coordena\u00e7\u00e3o do curso, se sua matr\u00edcula foi deferida e efetivada no sistema de controle acad\u00eamico, e, em caso negativo, providenciar, sob orienta\u00e7\u00e3o da coordena\u00e7\u00e3o do curso, as eventuais corre\u00e7\u00f5es, nos prazos previstos no artigo 46 desta Resolu\u00e7\u00e3o. <\/strong><\/p>\n\n\n\n<div style=\"height:100px\" aria-hidden=\"true\" class=\"wp-block-spacer\"><\/div>\n\n\n\n<div class=\"wp-block-group is-nowrap is-layout-flex wp-container-core-group-is-layout-1 wp-block-group-is-layout-flex\">\n<p>Atualizado em: <\/p>\n\n\n<div class=\"wp-block-post-date__modified-date wp-block-post-date\"><time datetime=\"2024-11-04T15:01:34-03:00\">4 de November de 2024<\/time><\/div><\/div>","protected":false},"excerpt":{"rendered":"<p>Matr\u00edculas em Disciplinas para Calouros Cancelamento\/trancamento de Disciplinas Matr\u00edculas em Disciplinas Eletivas ATEN\u00c7\u00c3O: FIQUE ATENTO Segundo a Resolu\u00e7\u00e3o 37\/97 &#8211; CEPE, Cap\u00edtulo VI &#8211; Da [&hellip;]<\/p>","protected":false},"author":1,"featured_media":0,"parent":0,"menu_order":0,"comment_status":"closed","ping_status":"closed","template":"","meta":{"footnotes":""},"_links":{"self":[{"href":"https:\/\/tecnologia.ufpr.br\/ccec\/en\/wp-json\/wp\/v2\/pages\/756"}],"collection":[{"href":"https:\/\/tecnologia.ufpr.br\/ccec\/en\/wp-json\/wp\/v2\/pages"}],"about":[{"href":"https:\/\/tecnologia.ufpr.br\/ccec\/en\/wp-json\/wp\/v2\/types\/page"}],"author":[{"embeddable":true,"href":"https:\/\/tecnologia.ufpr.br\/ccec\/en\/wp-json\/wp\/v2\/users\/1"}],"replies":[{"embeddable":true,"href":"https:\/\/tecnologia.ufpr.br\/ccec\/en\/wp-json\/wp\/v2\/comments?post=756"}],"version-history":[{"count":7,"href":"https:\/\/tecnologia.ufpr.br\/ccec\/en\/wp-json\/wp\/v2\/pages\/756\/revisions"}],"predecessor-version":[{"id":7366,"href":"https:\/\/tecnologia.ufpr.br\/ccec\/en\/wp-json\/wp\/v2\/pages\/756\/revisions\/7366"}],"wp:attachment":[{"href":"https:\/\/tecnologia.ufpr.br\/ccec\/en\/wp-json\/wp\/v2\/media?parent=756"}],"curies":[{"name":"wp","href":"https:\/\/api.w.org\/{rel}","templated":true}]}}