{"id":6935,"date":"2023-11-03T11:09:02","date_gmt":"2023-11-03T14:09:02","guid":{"rendered":"https:\/\/tecnologia.ufpr.br\/ccec\/?page_id=6935"},"modified":"2023-11-08T11:24:52","modified_gmt":"2023-11-08T14:24:52","slug":"representacao-visual-do-diploma-digital-rvdd","status":"publish","type":"page","link":"https:\/\/tecnologia.ufpr.br\/ccec\/en\/representacao-visual-do-diploma-digital-rvdd\/","title":{"rendered":"Representa\u00e7\u00e3o Visual do Diploma Digital (RVDD)"},"content":{"rendered":"<p>O Diploma Digital possui uma c\u00f3pia impressa com as mesmas caracter\u00edsticas do diploma f\u00edsico, o que denominamos Representa\u00e7\u00e3o Visual Diploma Digital \u2013 RVDD. Esta RVDD, possui as mesmas caracter\u00edsticas do diploma f\u00edsico que a UFPR adota. A RVDD, apesar de n\u00e3o ser o diploma propriamente dito, \u00e9 a interface para remeter, com aux\u00edlio do QR Code, para onde estar\u00e1 o seu Diploma Digital dentro desse universo eletr\u00f4nico. A Impress\u00e3o de Representa\u00e7\u00e3o Visual do Diploma Digital com a utiliza\u00e7\u00e3o de papel e tratamento gr\u00e1ficos necessita o pagamento de taxa e deve ser feito por meio de Guia de Recolhimento da Uni\u00e3o. O valor da Taxa em 08\/11\/2023 \u00e9 de R$ 70,00 (setenta reais).<\/p>\n\n\n\n<p>Ap\u00f3s pagamento da taxa, a solicita\u00e7\u00e3o de impress\u00e3o da RVDD poder\u00e1 ser feita presencialmente na Coordena\u00e7\u00e3o de Curso ou por e-mail enviando a guia de recolhimento da uni\u00e3o e o comprovante de pagamento e o requerimento preenchido e assinado.<\/p>\n\n\n\n<p><a href=\"https:\/\/direito.ufpr.br\/wp-content\/uploads\/2023\/09\/Requerimento_RVDD.pdf\">REQUERIMENTO DE IMPRESS\u00c3O DA RVDD DO DIPLOMA DIGITAL<\/a><\/p>","protected":false},"excerpt":{"rendered":"<p>O Diploma Digital possui uma c\u00f3pia impressa com as mesmas caracter\u00edsticas do diploma f\u00edsico, o que denominamos Representa\u00e7\u00e3o Visual Diploma Digital \u2013 RVDD. Esta RVDD, [&hellip;]<\/p>","protected":false},"author":1099,"featured_media":0,"parent":0,"menu_order":0,"comment_status":"closed","ping_status":"closed","template":"","meta":{"footnotes":""},"_links":{"self":[{"href":"https:\/\/tecnologia.ufpr.br\/ccec\/en\/wp-json\/wp\/v2\/pages\/6935"}],"collection":[{"href":"https:\/\/tecnologia.ufpr.br\/ccec\/en\/wp-json\/wp\/v2\/pages"}],"about":[{"href":"https:\/\/tecnologia.ufpr.br\/ccec\/en\/wp-json\/wp\/v2\/types\/page"}],"author":[{"embeddable":true,"href":"https:\/\/tecnologia.ufpr.br\/ccec\/en\/wp-json\/wp\/v2\/users\/1099"}],"replies":[{"embeddable":true,"href":"https:\/\/tecnologia.ufpr.br\/ccec\/en\/wp-json\/wp\/v2\/comments?post=6935"}],"version-history":[{"count":2,"href":"https:\/\/tecnologia.ufpr.br\/ccec\/en\/wp-json\/wp\/v2\/pages\/6935\/revisions"}],"predecessor-version":[{"id":6940,"href":"https:\/\/tecnologia.ufpr.br\/ccec\/en\/wp-json\/wp\/v2\/pages\/6935\/revisions\/6940"}],"wp:attachment":[{"href":"https:\/\/tecnologia.ufpr.br\/ccec\/en\/wp-json\/wp\/v2\/media?parent=6935"}],"curies":[{"name":"wp","href":"https:\/\/api.w.org\/{rel}","templated":true}]}}