{"id":61,"date":"2016-04-05T15:47:10","date_gmt":"2016-04-05T15:47:10","guid":{"rendered":"https:\/\/tecnologia.ufpr.br\/cceq\/?page_id=61"},"modified":"2025-11-27T08:10:48","modified_gmt":"2025-11-27T11:10:48","slug":"contato-2","status":"publish","type":"page","link":"https:\/\/tecnologia.ufpr.br\/ccec\/en\/contato-2\/","title":{"rendered":"Contato"},"content":{"rendered":"<div style=\"height:40px\" aria-hidden=\"true\" class=\"wp-block-spacer\"><\/div>\n\n\n\n<h2 class=\"wp-block-heading\">COORDENADORA&nbsp;<\/h2>\n\n\n\n<p>Profa. Selma Aparecida Cubas<\/p>\n\n\n\n<p>E-mail: selmacubas.dhs@ufpr.br<\/p>\n\n\n\n<div style=\"height:40px\" aria-hidden=\"true\" class=\"wp-block-spacer\"><\/div>\n\n\n\n<h2 class=\"wp-block-heading\">Assistentes Administrativos<\/h2>\n\n\n\n<p>Mary Elisa Guerra Padilha<\/p>\n\n\n\n<div style=\"height:40px\" aria-hidden=\"true\" class=\"wp-block-spacer\"><\/div>\n\n\n\n<h3 class=\"wp-block-heading\">Atendimento: <\/h3>\n\n\n\n<p><strong>E-mail\/Teams:<\/strong> civilsecretaria@ufpr.br<\/p>\n\n\n\n<p><strong>Presencial:<\/strong> Segunda-feira a Sexta-feira das 13h \u00e0s 19h<\/p>\n\n\n\n<p class=\"has-text-align-center has-vivid-red-color has-text-color has-link-color has-large-font-size wp-elements-14494d3999946aa406f4247de99118a7\"><strong>Exce\u00e7\u00e3o!<\/strong><\/p>\n\n\n\n<div class=\"wp-block-group is-nowrap is-layout-flex wp-container-core-group-is-layout-1 wp-block-group-is-layout-flex\">\n<p class=\"has-vivid-red-color has-text-color has-link-color wp-elements-aaa8c5f0cc7d71f69326ba5cc7dcec03 wp-container-content-1\"><\/p>\n\n\n\n<p><strong>Reuni\u00e3o do Colegiado:<\/strong><\/p>\n\n\n\n<p>ocorre <strong>toda 2\u00aa sexta-feira<\/strong> do m\u00eas corrente.<br \/>Nestes dias, <strong>n\u00e3o haver\u00e1 atendimento<\/strong> pela tarde.<\/p>\n<\/div>\n\n\n\n<div style=\"height:40px\" aria-hidden=\"true\" class=\"wp-block-spacer\"><\/div>\n\n\n\n<h2 class=\"wp-block-heading\">Endere\u00e7o<\/h2>\n\n\n\n<p><span style=\"font-size: large;color: #000000\"><span style=\"font-family: Calibri\">Universidade Federal do Paran\u00e1 &#8211; Centro Polit\u00e9cnico<\/span><\/span><br \/><span style=\"color: #000000\"><span style=\"font-size: large\"><span style=\"font-family: Calibri\">Rua Coronel Francisco Her\u00e1clito dos Santos, 100, Edif\u00edcio da Administra\u00e7\u00e3o, Primeiro andar,&nbsp;<\/span><\/span><span style=\"font-family: Calibri;font-size: large\">Bairro Jardim das Am\u00e9ricas<\/span><\/span><br \/><span style=\"color: #000000;font-family: Calibri;font-size: large\">CEP: 81531-980 &#8211; Curitiba &#8211; Paran\u00e1 &#8211; Brasil<\/span><\/p>\n\n\n\n<div style=\"height:40px\" aria-hidden=\"true\" class=\"wp-block-spacer\"><\/div>\n\n\n\n<p>Endere\u00e7o&nbsp;<a href=\"https:\/\/www.google.com\/maps\/d\/viewer?mid=1piVDoVAx457-ELRcry4LpjihCHQ\" target=\"_blank\" rel=\"noopener noreferrer\">Endere\u00e7o Google Maps<\/a><\/p>\n\n\n<div class=\"wp-block-image\">\n<figure class=\"aligncenter\"><a href=\"https:\/\/www.google.com\/maps\/d\/viewer?mid=1piVDoVAx457-ELRcry4LpjihCHQ\" target=\"_blank\" rel=\"noopener noreferrer\"><img decoding=\"async\" src=\"https:\/\/tecnologia.ufpr.br\/cceq\/wp-content\/uploads\/sites\/5\/2016\/04\/MAPS-POLI.png\" alt=\"MAPS POLI\" class=\"wp-image-2347\" \/><\/a><\/figure><\/div>\n\n\n<div style=\"height:100px\" aria-hidden=\"true\" class=\"wp-block-spacer\"><\/div>\n\n\n\n<div class=\"wp-block-group is-nowrap is-layout-flex wp-container-core-group-is-layout-2 wp-block-group-is-layout-flex\">\n<p>Atualizado em: <\/p>\n\n\n<div class=\"wp-block-post-date__modified-date wp-block-post-date\"><time datetime=\"2025-11-27T08:10:48-03:00\">27 de November de 2025<\/time><\/div><\/div>","protected":false},"excerpt":{"rendered":"<p>COORDENADORA&nbsp; Profa. Selma Aparecida Cubas E-mail: selmacubas.dhs@ufpr.br Assistentes Administrativos Mary Elisa Guerra Padilha Atendimento: E-mail\/Teams: civilsecretaria@ufpr.br Presencial: Segunda-feira a Sexta-feira das 13h \u00e0s 19h Exce\u00e7\u00e3o! [&hellip;]<\/p>","protected":false},"author":1,"featured_media":0,"parent":0,"menu_order":0,"comment_status":"closed","ping_status":"closed","template":"","meta":{"footnotes":""},"_links":{"self":[{"href":"https:\/\/tecnologia.ufpr.br\/ccec\/en\/wp-json\/wp\/v2\/pages\/61"}],"collection":[{"href":"https:\/\/tecnologia.ufpr.br\/ccec\/en\/wp-json\/wp\/v2\/pages"}],"about":[{"href":"https:\/\/tecnologia.ufpr.br\/ccec\/en\/wp-json\/wp\/v2\/types\/page"}],"author":[{"embeddable":true,"href":"https:\/\/tecnologia.ufpr.br\/ccec\/en\/wp-json\/wp\/v2\/users\/1"}],"replies":[{"embeddable":true,"href":"https:\/\/tecnologia.ufpr.br\/ccec\/en\/wp-json\/wp\/v2\/comments?post=61"}],"version-history":[{"count":27,"href":"https:\/\/tecnologia.ufpr.br\/ccec\/en\/wp-json\/wp\/v2\/pages\/61\/revisions"}],"predecessor-version":[{"id":7744,"href":"https:\/\/tecnologia.ufpr.br\/ccec\/en\/wp-json\/wp\/v2\/pages\/61\/revisions\/7744"}],"wp:attachment":[{"href":"https:\/\/tecnologia.ufpr.br\/ccec\/en\/wp-json\/wp\/v2\/media?parent=61"}],"curies":[{"name":"wp","href":"https:\/\/api.w.org\/{rel}","templated":true}]}}