{"id":579,"date":"2016-04-15T23:04:35","date_gmt":"2016-04-15T23:04:35","guid":{"rendered":"https:\/\/tecnologia.ufpr.br\/cceq\/?page_id=579"},"modified":"2017-10-09T11:33:08","modified_gmt":"2017-10-09T14:33:08","slug":"bibliotecas","status":"publish","type":"page","link":"https:\/\/tecnologia.ufpr.br\/ccec\/en\/bibliotecas\/","title":{"rendered":"Bibliotecas"},"content":{"rendered":"<h2><span style=\"color: #000080\">Curitiba<\/span><\/h2>\n<p><strong>BIBLIOTECA CENTRAL<\/strong><br \/>\nRua General Carneiro, 370\/380 \u2013 80.060-150 \u2013 Centro<br \/>\nTelefones: 41 3360-5288 \/ 3360-5000<br \/>\nE-mail: bc@ufpr.br<\/p>\n<p><strong>BIBLIOTECA DE CI\u00caNCIAS AGR\u00c1RIAS<\/strong><br \/>\nRua dos Funcion\u00e1rios, 1540 \u2013 80.050-035 \u2013 Juvev\u00ea<br \/>\nTelefone: 41 3350-5611 \/ 3350-5748 \/ 3350-5611<br \/>\nE-mail: bibiagri@ufpr.br<br \/>\nAssuntos: Agronomia, Medicina Veterin\u00e1ria, Zootecnia, Meio Ambiente, Plantas Ornamentais e Fitopatologia<\/p>\n<p><strong>BIBLIOTECA DE CI\u00caNCIAS BIOL\u00d3GICAS<\/strong><br \/>\nCampus Centro Polit\u00e9cnico<br \/>\nEdif\u00edcio do Setor de Ci\u00eancias Biol\u00f3gicas \u2013 81.531-990 \u2013 \u2013 Jd. das Am\u00e9ricas<br \/>\nTelefones: (41)3361-1675 \/ 3361-1677 \/ 3366-1454<br \/>\nE-mail: bibbio@ufpr.br<br \/>\nAssuntos: Anatomia, Biof\u00edsica, Bioqu\u00edmica, Bot\u00e2nica, Citologia, Fisiologia, Gen\u00e9tica, Histologia, Microbiologia, Parasitologia, Zoologia<\/p>\n<p><strong>BIBLIOTECA DE CI\u00caNCIAS FLORESTAIS E DA MADEIRA<\/strong><br \/>\nAv. Prof. Loth\u00e1rio Meissner, 3400 \u2013 80.210-170 \u2013 Jd. Bot\u00e2nico<br \/>\nTelefones: 41 3360-4311 \/ 3360-4277<br \/>\nE-mail: bibflor@ufpr.br<br \/>\nAssuntos: Engenharia Florestal e Engenharia Florestal da Madeira<\/p>\n<p><strong>BIBLIOTECA DE CI\u00caNCIAS HUMANAS E EDUCA\u00c7\u00c3O<\/strong><br \/>\nCampus Reitoria<br \/>\nRua General Carneiro, 460, Edif\u00edcio Dom Pedro I, 2\u00ba andar \u2013 80.060-150 \u2013 Centro<br \/>\nTelefones: 41 3360-5144\/ 3360-5229<br \/>\nE-mail: biblioeh@ufpr.br<br \/>\nAssuntos: Belas Artes, Ci\u00eancias Sociais, Comunica\u00e7\u00e3o, Educa\u00e7\u00e3o,Filosofi a, Hist\u00f3ria, Lingu\u00edstica, Literatura, Psicologia, Turismo e Antropologia<\/p>\n<p><strong>BIBLIOTECA DE CI\u00caNCIAS JUR\u00cdDICAS<\/strong><br \/>\nPra\u00e7a Santos Andrade, 50, T\u00e9rreo \u2013 80.020-300 \u2013 Centro<br \/>\nTelefone: 41 3310-2683<br \/>\nE-mail: bibju@ufpr.br<br \/>\nAssuntos: Direito P\u00fablico e Direito Privado<\/p>\n<p><strong>BIBLIOTECA DE CI\u00caNCIAS DA SA\u00daDE SEDE BOT\u00c2NICO<\/strong><br \/>\nRua Prof. Loth\u00e1rio Meissner, 3400 \u2013 80.210-170 \u2013 Jd. Bot\u00e2nico<br \/>\nTelefone: 41 3360-4047<br \/>\nE-mail: bibsb@ufpr.br<br \/>\nAssuntos: Farm\u00e1cia, Nutri\u00e7\u00e3o e Odontologia<\/p>\n<p><strong>BIBLIOTECA DE CI\u00caNCIAS DA SA\u00daDE (SD)<\/strong><br \/>\nRua Padre Camargo, n\u00ba 280, 1\u00ba andar \u2013 Centro<br \/>\nTelefones: Geral \/ Empr\u00e9stimo: 41 3360-7224<br \/>\nChefia: 7277 \u2013 Comuta\u00e7\u00e3o \/ Fax: 7278<br \/>\nE-mail: bibref@ufpr.br<br \/>\nSite: <a href=\"http:\/\/www.portal.ufpr.br\/bib_sd.html\" target=\"_blank\" rel=\"noopener\">www.portal.ufpr.br\/bib_sd.html<\/a><\/p>\n<p><strong>BIBLIOTECA DE CI\u00caNCIAS SOCIAIS APLICADAS<\/strong><br \/>\nRua Prof. Loth\u00e1rio Meissner, 632 \u2013 80.210-170 \u2013 Jd. Bot\u00e2nico<br \/>\nTelefones: 41 3360-4352 \/ 3360-4352<br \/>\nE-mail: bibsa@sociais.ufpr.br ou cceq@ufpr.br<br \/>\nSite: <a href=\"http:\/\/www.cceq.ufpr.br\/\" target=\"_blank\" rel=\"noopener\">www.cceq.ufpr.br<\/a><br \/>\nAssuntos: Administra\u00e7\u00e3o Geral e Aplicada, Contabilidade, Economia e Com\u00e9rcio Exterior<\/p>\n<p><strong>BIBLIOTECA DE CI\u00caNCIA E TECNOLOGIA<\/strong><br \/>\nCentro Polit\u00e9cnico, Edif\u00edcio da Biblioteca \u2013 81.581-990 \u2013 Jd. das Am\u00e9ricas<br \/>\nTelefone: 41 3361-3060<br \/>\nE-mail: eliane@ufpr.br<br \/>\nSite: <a href=\"http:\/\/www.portal.ufpr.br\/bib_ct.html\" target=\"_blank\" rel=\"noopener\">www.portal.ufpr.br\/bib_ct.html<\/a><br \/>\nAssuntos: Arquitetura e Urbanismo, F\u00edsica, Engenharias Cartogr\u00e1fica, Civil, El\u00e9trica, Mec\u00e2nica e Qu\u00edmica, Geografia, Estat\u00edstica, Matem\u00e1tica, Qu\u00edmica, Inform\u00e1tica, Astronomia, Ci\u00eancias Geod\u00e9sicas e Fotogrametria<\/p>\n<p><strong>BIBLIOTECA DO CAMPUS CABRAL (CA)<\/strong><br \/>\nRua Bom Jesus, n\u00ba 650, Juvev\u00ea<br \/>\nTelefone: 41 3313-2046<br \/>\nE-mail: bibca@ufpr.br \u2013 Geral \u2013 cacomut@ufpr.br \u2013 Comuta\u00e7\u00e3o Bibliogr\u00e1fica<br \/>\nSite: <a href=\"http:\/\/www.portal.ufpr.br\/bib_cabral.html\" target=\"_blank\" rel=\"noopener\">www.portal.ufpr.br\/bib_cabral.html<\/a><\/p>\n<p><strong>BIBLIOTECA DO SETOR DE EDUCA\u00c7\u00c3O PROFISSIONAL E TECNOL\u00d3GICA<\/strong><br \/>\nRua Dr. Alcides Vieira Arcoverde, 1225 \u2013 81.520-260 \u2013 Jd. das Am\u00e9ricas<br \/>\nTelefone: 41 3361-4913<br \/>\nE-mail: bibept@ufpr.br<br \/>\nAssuntos: Processamento de dados, Administra\u00e7\u00e3o, Gest\u00e3o, Transa\u00e7\u00f5es Imobili\u00e1rias, Artes e Letras<\/p>\n<p>&nbsp;<\/p>\n<p>&nbsp;<\/p>\n<p>&nbsp;<\/p>","protected":false},"excerpt":{"rendered":"<p>Curitiba BIBLIOTECA CENTRAL Rua General Carneiro, 370\/380 \u2013 80.060-150 \u2013 Centro Telefones: 41 3360-5288 \/ 3360-5000 E-mail: bc@ufpr.br BIBLIOTECA DE CI\u00caNCIAS AGR\u00c1RIAS Rua dos Funcion\u00e1rios, [&hellip;]<\/p>","protected":false},"author":1,"featured_media":0,"parent":0,"menu_order":0,"comment_status":"closed","ping_status":"closed","template":"","meta":{"footnotes":""},"_links":{"self":[{"href":"https:\/\/tecnologia.ufpr.br\/ccec\/en\/wp-json\/wp\/v2\/pages\/579"}],"collection":[{"href":"https:\/\/tecnologia.ufpr.br\/ccec\/en\/wp-json\/wp\/v2\/pages"}],"about":[{"href":"https:\/\/tecnologia.ufpr.br\/ccec\/en\/wp-json\/wp\/v2\/types\/page"}],"author":[{"embeddable":true,"href":"https:\/\/tecnologia.ufpr.br\/ccec\/en\/wp-json\/wp\/v2\/users\/1"}],"replies":[{"embeddable":true,"href":"https:\/\/tecnologia.ufpr.br\/ccec\/en\/wp-json\/wp\/v2\/comments?post=579"}],"version-history":[{"count":2,"href":"https:\/\/tecnologia.ufpr.br\/ccec\/en\/wp-json\/wp\/v2\/pages\/579\/revisions"}],"predecessor-version":[{"id":7600,"href":"https:\/\/tecnologia.ufpr.br\/ccec\/en\/wp-json\/wp\/v2\/pages\/579\/revisions\/7600"}],"wp:attachment":[{"href":"https:\/\/tecnologia.ufpr.br\/ccec\/en\/wp-json\/wp\/v2\/media?parent=579"}],"curies":[{"name":"wp","href":"https:\/\/api.w.org\/{rel}","templated":true}]}}