{"id":57,"date":"2016-04-05T15:46:27","date_gmt":"2016-04-05T15:46:27","guid":{"rendered":"https:\/\/tecnologia.ufpr.br\/cceq\/?page_id=57"},"modified":"2020-12-23T14:19:11","modified_gmt":"2020-12-23T17:19:11","slug":"pos-graduacao","status":"publish","type":"page","link":"https:\/\/tecnologia.ufpr.br\/ccec\/en\/pos-graduacao\/","title":{"rendered":"P\u00f3s-Gradua\u00e7\u00e3o"},"content":{"rendered":"<h4><span style=\"color: #000080\">Os Departamentos do Curso de Engenharia Civil contam com tr\u00eas Programas de P\u00f3s-Gradua\u00e7\u00f5es.<\/span><\/h4>\n<p>Para informa\u00e7\u00f5es sobre formas e datas de ingresso, linhas de pesquisa. Acesse:<\/p>\n<ol>\n<li><strong>P\u00f3s-Gradua\u00e7\u00e3o em Engenharia de Constru\u00e7\u00e3o Civil:\u00a0http:\/\/<a href=\"http:\/\/www.ppgecc.ufpr.br\/\">www.ppgecc.ufpr.br<\/a><\/strong><\/li>\n<li><strong>P\u00f3s-Gradua\u00e7\u00e3o em Engenharia de Recursos H\u00eddricos\u00a0e Ambiental:\u00a0http:\/\/<a href=\"http:\/\/www.prppg.ufpr.br\/ppgerha\/\">www.prppg.ufpr.br\/ppgerha<\/a><\/strong><\/li>\n<li><strong>P\u00f3s-Gradua\u00e7\u00e3o em M\u00e9todos Num\u00e9ricos em Engenharia: http:\/\/<a href=\"http:\/\/www.prppg.ufpr.br\/ppgmne\/\">www.prppg.ufpr.br\/ppgmne<\/a><\/strong><\/li>\n<li><strong>P\u00f3s-Gradua\u00e7\u00e3o em Planejamento Urbano:<\/strong>\u00a0<strong><a href=\"http:\/\/www.prppg.ufpr.br\/site\/ppgppu\">www.prppg.ufpr.br\/site\/ppgppu<\/a><\/strong><\/li>\n<\/ol>","protected":false},"excerpt":{"rendered":"<p>Os Departamentos do Curso de Engenharia Civil contam com tr\u00eas Programas de P\u00f3s-Gradua\u00e7\u00f5es. Para informa\u00e7\u00f5es sobre formas e datas de ingresso, linhas de pesquisa. Acesse: [&hellip;]<\/p>","protected":false},"author":1,"featured_media":0,"parent":0,"menu_order":0,"comment_status":"closed","ping_status":"closed","template":"","meta":{"footnotes":""},"_links":{"self":[{"href":"https:\/\/tecnologia.ufpr.br\/ccec\/en\/wp-json\/wp\/v2\/pages\/57"}],"collection":[{"href":"https:\/\/tecnologia.ufpr.br\/ccec\/en\/wp-json\/wp\/v2\/pages"}],"about":[{"href":"https:\/\/tecnologia.ufpr.br\/ccec\/en\/wp-json\/wp\/v2\/types\/page"}],"author":[{"embeddable":true,"href":"https:\/\/tecnologia.ufpr.br\/ccec\/en\/wp-json\/wp\/v2\/users\/1"}],"replies":[{"embeddable":true,"href":"https:\/\/tecnologia.ufpr.br\/ccec\/en\/wp-json\/wp\/v2\/comments?post=57"}],"version-history":[{"count":13,"href":"https:\/\/tecnologia.ufpr.br\/ccec\/en\/wp-json\/wp\/v2\/pages\/57\/revisions"}],"predecessor-version":[{"id":5186,"href":"https:\/\/tecnologia.ufpr.br\/ccec\/en\/wp-json\/wp\/v2\/pages\/57\/revisions\/5186"}],"wp:attachment":[{"href":"https:\/\/tecnologia.ufpr.br\/ccec\/en\/wp-json\/wp\/v2\/media?parent=57"}],"curies":[{"name":"wp","href":"https:\/\/api.w.org\/{rel}","templated":true}]}}