{"id":49,"date":"2016-04-05T15:45:28","date_gmt":"2016-04-05T15:45:28","guid":{"rendered":"https:\/\/tecnologia.ufpr.br\/cceq\/?page_id=49"},"modified":"2025-10-06T18:42:13","modified_gmt":"2025-10-06T21:42:13","slug":"diplomas","status":"publish","type":"page","link":"https:\/\/tecnologia.ufpr.br\/ccec\/en\/diplomas\/","title":{"rendered":"Diplomas"},"content":{"rendered":"<h2 class=\"wp-block-heading\"><span style=\"color: #333399\">Emiss\u00e3o de Diplomas &#8211; Cola\u00e7\u00f5es de Grau at\u00e9 2022<\/span><\/h2>\n\n\n\n<ul>\n<li>&nbsp;Uma vez colado grau o processo para emiss\u00e3o de diploma, este ser\u00e1 enviado ao UDIP para registro, e sendo em seguida devolvido \u00e0&nbsp;Coordena\u00e7\u00e3o do Curso para retirada.<\/li>\n\n\n\n<li>O EX-ALUNO DEVER\u00c1 ASSINAR SEU DIPLOMA NO MOMENTO DA RETIRADA DO MESMO.<\/li>\n\n\n\n<li>O diploma somente poder\u00e1 retirado pelo ex-aluno.<\/li>\n\n\n\n<li>N\u00c3O SER\u00c3O ENTREGUES DIPLOMAS A TERCEIROS, MESMO QUE HAJA GRAU DE PARENTESCO.<\/li>\n<\/ul>\n\n\n\n<p><span style=\"text-decoration: underline\"><strong>ATEN\u00c7\u00c3O:&nbsp;N\u00e3o ser\u00e1 entregue o diploma ao aluno que conste da rela\u00e7\u00e3o de inadimplentes com o Sistema Integrado de Bibliotecas da UFPR (<a href=\"http:\/\/www.soc.ufpr.br\/wp-content\/uploads\/2016\/07\/resolucao_cepe_15101999-66.pdf\">RESOLU\u00c7\u00c3O N\u00b0 79\/99-CEPE)&nbsp;<\/a><\/strong><\/span><\/p>\n\n\n\n<p><span style=\"color: #ff0000\">N\u00e3o ser\u00e3o emitidos diplomas para estudantes com pend\u00eancia junto ao ENADE.<\/span><\/p>\n\n\n\n<figure class=\"wp-block-table\"><table><tbody><tr><td><strong>Unidade de Diplomas \u2013 UDIP\/UFPR<\/strong><\/td><\/tr><tr><td>Endere\u00e7o:&nbsp;Pra\u00e7a Santos Andrade, 50, Centro, Curitiba\/PR, CEP: 80020-300.<br \/>Fones: (41) 3310-2639 &nbsp; &nbsp; &nbsp;E-mail: <a href=\"\/ccec\/en\/diplomas@ufpr.br\/\" data-type=\"link\" data-id=\"diplomas@ufpr.br\" target=\"_blank\" rel=\"noreferrer noopener\">diplomas@ufpr.br<\/a><\/td><\/tr><\/tbody><\/table><\/figure>\n\n\n\n<hr class=\"wp-block-separator has-alpha-channel-opacity\" \/>\n\n\n\n<h3 class=\"wp-block-heading\"><span style=\"color: #333399\">&nbsp;Rela\u00e7\u00e3o de Diplomas Registrados liberados para retirada na Coordena\u00e7\u00e3o do Curso de Engenharia Civil<\/span><\/h3>\n\n\n\n<hr class=\"wp-block-separator has-alpha-channel-opacity\" \/>\n\n\n\n<ul>\n<li>Alam Felix Calado Pereira<\/li>\n\n\n\n<li>Ana Carolina Moraes<\/li>\n\n\n\n<li>Bruno Costa Barreto<\/li>\n\n\n\n<li>Bruno Pereira de Sousa<\/li>\n\n\n\n<li>Carlos Rodrigues Glinka<\/li>\n\n\n\n<li>Cl\u00f3vis Ken Hana\u00ed<\/li>\n\n\n\n<li>Damille Pacheco<\/li>\n\n\n\n<li>Densil Luiz da Silva<\/li>\n\n\n\n<li>Egomar Dickel<\/li>\n\n\n\n<li>Fernando Kenji Myamoto<\/li>\n\n\n\n<li>Fernando Nogueira Prestes<\/li>\n\n\n\n<li>Helder da Silva Barbosa<\/li>\n\n\n\n<li>Jos\u00e9 Jair Bianchessi<\/li>\n\n\n\n<li>Julia da Costa Moraes<\/li>\n\n\n\n<li>Kevin Heckler Iwazaki de Lima<\/li>\n\n\n\n<li>Larissa Fernandes da Costa<\/li>\n\n\n\n<li>Lucas Stoeberl Fagundes<\/li>\n\n\n\n<li>Lucas Ueno Suganuma<\/li>\n\n\n\n<li>Luiz Dernizo Caron<\/li>\n\n\n\n<li>Maira Fernanda Menck<\/li>\n\n\n\n<li>Maria Cristina Valente de Almeida<\/li>\n\n\n\n<li>Matheus Ferreira Sonego<\/li>\n\n\n\n<li>Matheus Leandro Pedralli<\/li>\n\n\n\n<li>Matheus Hornung de Souza<\/li>\n\n\n\n<li>Matheus Silva Freitas<\/li>\n\n\n\n<li>Milena Lemes Teixeira<\/li>\n\n\n\n<li>Ot\u00e1vio Rafael de Lima Silva<\/li>\n\n\n\n<li>Priscila Daiane da Silva<\/li>\n\n\n\n<li>Rafael de Bruns<\/li>\n\n\n\n<li>Rafael Gustavo Moreira<\/li>\n\n\n\n<li>Rafael Leite Mendes<\/li>\n\n\n\n<li>Rafael Luiz Grapper<\/li>\n\n\n\n<li>Rafaela Souto<\/li>\n\n\n\n<li>Rodrigo Coleto Erichsen<\/li>\n\n\n\n<li>Rodrigo Minoru Abe<\/li>\n\n\n\n<li>Thais Lie Yamaguti<\/li>\n\n\n\n<li>Thiago Pereira Machado<\/li>\n\n\n\n<li>Willian Martins Bueno<\/li>\n<\/ul>\n\n\n\n<p><strong><span style=\"color: #ff0000\">Atualizado em: 06\/10\/2025<\/span><\/strong><\/p>\n\n\n\n<hr class=\"wp-block-separator has-alpha-channel-opacity\" \/>\n\n\n\n<hr class=\"wp-block-separator has-alpha-channel-opacity\" \/>\n\n\n\n<ul><\/ul>","protected":false},"excerpt":{"rendered":"<p>Emiss\u00e3o de Diplomas &#8211; Cola\u00e7\u00f5es de Grau at\u00e9 2022 ATEN\u00c7\u00c3O:&nbsp;N\u00e3o ser\u00e1 entregue o diploma ao aluno que conste da rela\u00e7\u00e3o de inadimplentes com o Sistema [&hellip;]<\/p>","protected":false},"author":1,"featured_media":0,"parent":0,"menu_order":0,"comment_status":"closed","ping_status":"closed","template":"","meta":{"footnotes":""},"_links":{"self":[{"href":"https:\/\/tecnologia.ufpr.br\/ccec\/en\/wp-json\/wp\/v2\/pages\/49"}],"collection":[{"href":"https:\/\/tecnologia.ufpr.br\/ccec\/en\/wp-json\/wp\/v2\/pages"}],"about":[{"href":"https:\/\/tecnologia.ufpr.br\/ccec\/en\/wp-json\/wp\/v2\/types\/page"}],"author":[{"embeddable":true,"href":"https:\/\/tecnologia.ufpr.br\/ccec\/en\/wp-json\/wp\/v2\/users\/1"}],"replies":[{"embeddable":true,"href":"https:\/\/tecnologia.ufpr.br\/ccec\/en\/wp-json\/wp\/v2\/comments?post=49"}],"version-history":[{"count":33,"href":"https:\/\/tecnologia.ufpr.br\/ccec\/en\/wp-json\/wp\/v2\/pages\/49\/revisions"}],"predecessor-version":[{"id":7721,"href":"https:\/\/tecnologia.ufpr.br\/ccec\/en\/wp-json\/wp\/v2\/pages\/49\/revisions\/7721"}],"wp:attachment":[{"href":"https:\/\/tecnologia.ufpr.br\/ccec\/en\/wp-json\/wp\/v2\/media?parent=49"}],"curies":[{"name":"wp","href":"https:\/\/api.w.org\/{rel}","templated":true}]}}