{"id":47,"date":"2016-04-05T15:45:15","date_gmt":"2016-04-05T15:45:15","guid":{"rendered":"https:\/\/tecnologia.ufpr.br\/cceq\/?page_id=47"},"modified":"2025-05-30T11:30:37","modified_gmt":"2025-05-30T14:30:37","slug":"estagios","status":"publish","type":"page","link":"https:\/\/tecnologia.ufpr.br\/ccec\/en\/estagios\/","title":{"rendered":"Est\u00e1gios"},"content":{"rendered":"<p class=\"has-text-align-left\">O est\u00e1gio \u00e9 a oportunidade para que estudantes coloquem em pr\u00e1tica os conhecimentos constru\u00eddos e discutidos em sala de aula, vivenciando no dia a dia a teoria estudada, assimilando melhor os conhecimentos, podendo refletir e confirmar sobre a sua escolha profissional. O est\u00e1gio curricular, seja ele <a href=\"https:\/\/tecnologia.ufpr.br\/ccec\/en\/tq015-estagio-supervisionado-integrado\/\">obrigat\u00f3rio <\/a>ou <a href=\"https:\/\/tecnologia.ufpr.br\/ccec\/en\/estagios-nao-obrigatorios\/\">n\u00e3o obrigat\u00f3rio<\/a>, tem a fun\u00e7\u00e3o de proporcionar ao estagi\u00e1rio o aprendizado social, profissional e cultural, propiciando uma reflex\u00e3o real e futurista dos novos cen\u00e1rios socioecon\u00f4micos.<\/p>\n\n\n\n<h3 class=\"wp-block-heading has-text-align-center has-medium-font-size\"><strong>O est\u00e1gio n\u00e3o \u00e9 um emprego.<\/strong><\/h3>\n\n\n\n<p class=\"has-text-align-center\">Ele se constitui em elemento formador de natureza pr\u00e1tica dos cursos de n\u00edvel m\u00e9dio, t\u00e9cnicos ou superiores, regido pela lei n\u00ba 11.788 de 25 de setembro de 2008.<\/p>\n\n\n\n<div class=\"wp-block-group has-background\" style=\"background-color:#ff6a002e\"><div class=\"wp-block-group__inner-container is-layout-constrained wp-block-group-is-layout-constrained\">\n<div class=\"wp-block-group\"><div class=\"wp-block-group__inner-container is-layout-constrained wp-block-group-is-layout-constrained\">\n<h3 class=\"wp-block-heading has-medium-font-size\"><span style=\"color: #800000\"><a href=\"http:\/\/www.soc.ufpr.br\/wp-content\/uploads\/2016\/07\/resolucao_in_30032012-707.pdf\">Instru\u00e7\u00e3o Normativa-01\/12 CEPE<\/a><\/span><\/h3>\n\n\n\n<div class=\"wp-block-group is-nowrap is-layout-flex wp-container-core-group-is-layout-2 wp-block-group-is-layout-flex\">\n<div class=\"wp-block-group is-nowrap is-layout-flex wp-container-core-group-is-layout-1 wp-block-group-is-layout-flex\">\n<p class=\"has-black-color has-text-color has-link-color wp-elements-d548e9ef9379b6c8066711444428354a\">a)<\/p>\n<\/div>\n\n\n\n<p class=\"has-black-color has-text-color has-link-color wp-elements-3a1e3b65b3a344694185edec4bac2acc\">O est\u00e1gio n\u00e3o obrigat\u00f3rio pode ser realizado por alunos regularmente matriculados, desde que <strong>n\u00e3o cause preju\u00edzo \u00e0 integraliza\u00e7\u00e3o de seus curr\u00edculos<\/strong> e <strong>n\u00e3o substitua o(s) est\u00e1gio(s) curricular(e)s obrigat\u00f3rio(s).<\/strong><\/p>\n<\/div>\n<\/div><\/div>\n\n\n\n<div class=\"wp-block-group is-nowrap is-layout-flex wp-container-core-group-is-layout-5 wp-block-group-is-layout-flex\">\n<div class=\"wp-block-group is-nowrap is-layout-flex wp-container-core-group-is-layout-4 wp-block-group-is-layout-flex\">\n<p class=\"has-black-color has-text-color has-link-color wp-elements-b5af9dd32a90b78151cbb230ff43b463\">b)<\/p>\n<\/div>\n\n\n\n<p class=\"has-black-color has-text-color has-link-color wp-elements-904fafe3aa96ff7e831c461c909fb82d\">As atividades previstas no Plano de Est\u00e1gio devem estar relacionadas a um conjunto b\u00e1sico de disciplinas j\u00e1 cursadas ou em andamento, que garanta a especificidade do curso e a qualifica\u00e7\u00e3o do estagi\u00e1rio devendo ser aprovadas pelas respectivas COEs.<\/p>\n<\/div>\n\n\n\n<div class=\"wp-block-group is-nowrap is-layout-flex wp-container-core-group-is-layout-7 wp-block-group-is-layout-flex\">\n<div class=\"wp-block-group is-nowrap is-layout-flex wp-container-core-group-is-layout-6 wp-block-group-is-layout-flex\">\n<p class=\"has-black-color has-text-color has-link-color wp-elements-f862504c4f882ddb343bd3a9dee6d3d9\">c)<\/p>\n<\/div>\n\n\n\n<p class=\"has-black-color has-text-color has-link-color wp-elements-94b45ba475805cc5d0e3d21f887bd733\">Os est\u00e1gios <strong>dever\u00e3o obrigatoriamente ser acompanhados pelo professor orientador ou pela COE<\/strong>, na modalidade de orienta\u00e7\u00e3o indireta.<\/p>\n<\/div>\n<\/div><\/div>\n\n\n\n<div style=\"height:40px\" aria-hidden=\"true\" class=\"wp-block-spacer\"><\/div>\n\n\n\n<h2 class=\"wp-block-heading\">Documenta\u00e7\u00e3o de est\u00e1gio<\/h2>\n\n\n\n<p>Durante o per\u00edodo de est\u00e1gio, o(a) estudante dever\u00e1 estar familiarizado com a documenta\u00e7\u00e3o que poder\u00e1 ser solicitada para a realiza\u00e7\u00e3o do est\u00e1gio:<\/p>\n\n\n\n<div class=\"wp-block-columns is-layout-flex wp-container-core-columns-is-layout-1 wp-block-columns-is-layout-flex\">\n<div class=\"wp-block-column is-layout-flow wp-block-column-is-layout-flow\">\n<ul>\n<li>Termo de Compromisso<\/li>\n\n\n\n<li>Termo Aditivo<\/li>\n\n\n\n<li>Termo de Rescis\u00e3o<\/li>\n\n\n\n<li>Declara\u00e7\u00e3o de Experi\u00eancia<\/li>\n\n\n\n<li>Termo de Responsabilidade Financeira<\/li>\n\n\n\n<li>Frequ\u00eancia<\/li>\n<\/ul>\n<\/div>\n\n\n\n<div class=\"wp-block-column is-layout-flow wp-block-column-is-layout-flow\">\n<ul>\n<li>Relat\u00f3rio de Est\u00e1gio<\/li>\n\n\n\n<li>Ficha de Avalia\u00e7\u00e3o<\/li>\n\n\n\n<li>Declara\u00e7\u00e3o de Estudante-Funcion\u00e1rio<\/li>\n\n\n\n<li>Declara\u00e7\u00e3o de Parentesco<\/li>\n\n\n\n<li>Previs\u00e3o de Recesso<\/li>\n<\/ul>\n<\/div>\n<\/div>\n\n\n\n<p>A <a href=\"http:\/\/www.prograd.ufpr.br\/portal\/coafe\/ue\/\" target=\"_blank\" rel=\"noreferrer noopener\">Coordena\u00e7\u00e3o de Atividades Formativas e Est\u00e1gio &#8211; COAPPE<\/a> mant\u00e9m nesse link uma breve explica\u00e7\u00e3o sobre cada documento. Al\u00e9m disso, \u00e9 poss\u00edvel realizar o preenchimento online dos documentos, caso a concedente de est\u00e1gio n\u00e3o possua modelo pr\u00f3prio.<\/p>\n\n\n\n<div style=\"height:40px\" aria-hidden=\"true\" class=\"wp-block-spacer\"><\/div>\n\n\n\n<h2 class=\"wp-block-heading\">Instru\u00e7\u00f5es sobre Est\u00e1gios Nacionais &#8211; Procedimentos Gerais<\/h2>\n\n\n\n<ol>\n<li>O(a) estudante deve enviar para <a href=\"mailto:civilsecretaria@ufpr.br\" target=\"_blank\" rel=\"noreferrer noopener\">civilsecretaria@ufpr.br<\/a>, <strong>pelo menos 10 dias \u00fateis antes da data de in\u00edcio do Termo de Compromisso de Est\u00e1gio &#8211; TCE<\/strong>:&nbsp;\n<ul>\n<li><strong>Termo de Compromisso de Est\u00e1gio &#8211; TCE<\/strong> devidamente preenchido e assinado pelo(a) aluno(a) e pela empresa (informa\u00e7\u00f5es da empresa, do aluno e do seguro).<\/li>\n\n\n\n<li><strong>Formul\u00e1rio de Controle de Hor\u00e1rio de Atividades e de est\u00e1gio<\/strong> preenchido e assinado. Dispon\u00edvel em: <a href=\"https:\/\/tecnologia.ufpr.br\/ccec\/wp-content\/uploads\/sites\/32\/2025\/05\/formulario-de-controle-de-horarios.pdf\">https:\/\/tecnologia.ufpr.br\/ccec\/wp-content\/uploads\/sites\/32\/2025\/05\/formulario-de-controle-de-horarios.pdf<\/a><\/li>\n<\/ul>\n<\/li>\n<\/ol>\n\n\n\n<p>O(a) estudante receber\u00e1 um e-mail de confirma\u00e7\u00e3o do recebimento da documenta\u00e7\u00e3o com o n\u00famero de processo aberto no <strong>Sistema SEI<sup>*<\/sup><\/strong> para acompanhamento. Caso n\u00e3o receba esse e-mail em 24 horas, o estudante deve entrar em contato com a <a href=\"\/ccec\/en\/civilsecretaria@ufpr.br\/\" data-type=\"link\" data-id=\"civilsecretaria@ufpr.br\">Coordena\u00e7\u00e3o do Curso<\/a>.<\/p>\n\n\n\n<div class=\"wp-block-group has-cyan-bluish-gray-background-color has-background is-nowrap is-layout-flex wp-container-core-group-is-layout-9 wp-block-group-is-layout-flex\">\n<details class=\"wp-block-details is-layout-flow wp-block-details-is-layout-flow\"><summary> Sistema SEI<\/summary>\n<p>O SEI \u00e9 um sistema de gest\u00e3o de processos e documentos eletr\u00f4nicos, que permite a produ\u00e7\u00e3o, edi\u00e7\u00e3o, assinatura e tr\u00e2mite de documentos.<\/p>\n<\/details>\n<\/div>\n\n\n\n<div style=\"height:40px\" aria-hidden=\"true\" class=\"wp-block-spacer\"><\/div>\n\n\n\n<h3 class=\"wp-block-heading\" style=\"font-size:24px\">Sobre o andamento do processo:<\/h3>\n\n\n\n<ol>\n<li>Ap\u00f3s a abertura do processo no sistema SEI, o processo ser\u00e1 atribu\u00eddo ao coordenador do curso, que dever\u00e1 estar ciente e de acordo com o est\u00e1gio;&nbsp;<\/li>\n\n\n\n<li>Uma vez aprovado pelo coordenador, o processo ser\u00e1 tramitado a um dos departamentos da Engenharia Civil, onde ser\u00e1 atribu\u00eddo a um dos membros da COE que ir\u00e1 a avaliar a qualidade e adequa\u00e7\u00e3o do plano de est\u00e1gio do aluno;&nbsp;<\/li>\n\n\n\n<li>O departamento tamb\u00e9m atribuir\u00e1 o processo ao Prof. Orientador do est\u00e1gio;<\/li>\n\n\n\n<li>Com todas as ci\u00eancias e anu\u00eancias, o departamento atribu\u00edra o processo a secretaria da Coordena\u00e7\u00e3o do Curso;<\/li>\n\n\n\n<li>De volta a coordena\u00e7\u00e3o, o processo ser\u00e1 tramitado para a Unidade de est\u00e1gios &#8211; COAPPE.<\/li>\n\n\n\n<li>O(A) estudante deve aguardar o despacho da COAPPE &#8211; DEFERIDO (Aprovado) ou INDEFERIDO (Reprovado);<\/li>\n\n\n\n<li>Entregar uma via do Termo de compromisso Aprovado para a empresa junto aos despachos com as assinaturas coletadas.&nbsp;<\/li>\n<\/ol>\n\n\n\n<div style=\"height:40px\" aria-hidden=\"true\" class=\"wp-block-spacer\"><\/div>\n\n\n\n<h4 class=\"wp-block-heading has-medium-font-size\">O(a) estagi\u00e1rio(a) deve estar ciente que:<\/h4>\n\n\n\n<ol>\n<li> No <strong>est\u00e1gio n\u00e3o obrigat\u00f3rio<\/strong>, caber\u00e1 \u00e0 Coordena\u00e7\u00e3o do Curso designar um professor orientador do est\u00e1gio que ir\u00e1 acompanhar as atividades desenvolvidas e fazer a avalia\u00e7\u00e3o do est\u00e1gio;<\/li>\n\n\n\n<li>No <strong>est\u00e1gio obrigat\u00f3rio<\/strong>, o professor orientador do est\u00e1gio ser\u00e1 o professor titular da disciplina de est\u00e1gio supervisionado. Assim como no est\u00e1gio n\u00e3o obrigat\u00f3rio, o orientador ir\u00e1 acompanhar as atividades desenvolvidas e fazer a avalia\u00e7\u00e3o do est\u00e1gio.<\/li>\n\n\n\n<li><strong>O(A) aluno(a) deve elaborar o Relat\u00f3rio de Est\u00e1gio<\/strong>.&nbsp;Deve ser feito obrigatoriamente a cada 6 meses e ao t\u00e9rmino do est\u00e1gio, submetido para avalia\u00e7\u00e3o pelo professor orientador e entregue na coordena\u00e7\u00e3o do curso.<\/li>\n\n\n\n<li>No caso de emiss\u00e3o de Certificado o aluno dever\u00e1 emitir a Ficha de Avalia\u00e7\u00e3o de Est\u00e1gio.<\/li>\n<\/ol>\n\n\n\n<div style=\"height:40px\" aria-hidden=\"true\" class=\"wp-block-spacer\"><\/div>\n\n\n\n<hr class=\"wp-block-separator has-alpha-channel-opacity\" \/>\n\n\n\n<h3 class=\"wp-block-heading has-text-align-center has-vivid-red-color has-text-color has-link-color has-medium-font-size wp-elements-059cf083c2aca9f7fd23339c6c0323c3\"><strong>ATEN\u00c7\u00c3O: FIQUE ATENTO!<\/strong><\/h3>\n\n\n\n<div style=\"height:40px\" aria-hidden=\"true\" class=\"wp-block-spacer\"><\/div>\n\n\n\n<h4 class=\"wp-block-heading has-text-align-center\"><span style=\"color: #000000\">A matr\u00edcula na disciplina Est\u00e1gio Obrigat\u00f3rio somente ser\u00e1 realizada pela Coordena\u00e7\u00e3o do Curso mediante atendimento de todos os requisitos no per\u00edodo de ajuste de matr\u00edculas e formul\u00e1rio de solicita\u00e7\u00e3o de&nbsp;<\/span>matr\u00edcula em est\u00e1gio obrigat\u00f3rio.<\/h4>\n\n\n\n<div style=\"height:40px\" aria-hidden=\"true\" class=\"wp-block-spacer\"><\/div>\n\n\n\n<div class=\"wp-block-group has-background\" style=\"background-color:#ff6a002e\"><div class=\"wp-block-group__inner-container is-layout-constrained wp-block-group-is-layout-constrained\">\n<p><strong>Segundo a<a href=\"http:\/\/www.soc.ufpr.br\/wp-content\/uploads\/2016\/07\/Res-37-97-CEPE-atividades-acad%C3%AAmicas-alterada-modificada-18.04.2018-1.pdf\"> Resolu\u00e7\u00e3o 37\/97<\/a>, Art. 40 do CEPE:<\/strong><\/p>\n\n\n\n<p>\u00a7 2\u00ba &nbsp;<strong>Uma vez ultrapassado este prazo n\u00e3o ser\u00e3o mais aceitos pedidos de matr\u00edcula, caracterizando-se o abandono de curso<\/strong>.<\/p>\n\n\n\n<p><span style=\"text-decoration: underline\">\u00a7 3\u00ba &#8211; \u00c9 de inteira responsabilidade do aluno certificar-se, mediante confer\u00eancia do comprovante de matr\u00edcula e consulta aos editais da coordena\u00e7\u00e3o do curso, se sua matr\u00edcula foi deferida e efetivada no sistema de controle acad\u00eamico, e, em caso negativo, providenciar, sob orienta\u00e7\u00e3o da coordena\u00e7\u00e3o do curso, as eventuais corre\u00e7\u00f5es, nos prazos previstos no artigo 46 desta Resolu\u00e7\u00e3o.<\/span><\/p>\n<\/div><\/div>\n\n\n\n<div style=\"height:40px\" aria-hidden=\"true\" class=\"wp-block-spacer\"><\/div>\n\n\n\n<p class=\"has-text-align-center has-vivid-red-color has-text-color has-link-color wp-elements-c6d65f627578fa09fd827e87131b3c30\"><strong>Depois do prazo de corre\u00e7\u00e3o de matr\u00edculas (fixado pelo calend\u00e1rio acad\u00eamico vigente) a coordena\u00e7\u00e3o N\u00c3O tem mais acesso ao sistema para realizar matr\u00edculas, o sistema fica &#8220;fechado&#8221; e o aluno ficar\u00e1 sem matr\u00edcula.&nbsp;<\/strong><\/p>\n\n\n\n<h4 class=\"wp-block-heading has-medium-font-size\">Sobre datas e assinaturas<\/h4>\n\n\n\n<p>Nos termos da Lei n\u00ba 11.788\/08, a Coordena\u00e7\u00e3o de Atividades Formativas e Est\u00e1gio &#8211; COAPPE n\u00e3o aceita Termos de Compromisso de Est\u00e1gio sem as&nbsp;<strong>assinaturas devidamente identificadas<\/strong> (carimbo ou nome por extenso). <strong>Tamb\u00e9m n\u00e3o s\u00e3o aceitos Termos com data retroativa.<\/strong><\/p>\n\n\n\n<div style=\"height:40px\" aria-hidden=\"true\" class=\"wp-block-spacer\"><\/div>\n\n\n\n<hr class=\"wp-block-separator has-alpha-channel-opacity\" \/>\n\n\n\n<h2 class=\"wp-block-heading\">A Coordena\u00e7\u00e3o de Atividades Formativas e Est\u00e1gio &#8211; COAPPE<\/h2>\n\n\n\n<p>\u00c9 a unidade administrativa respons\u00e1vel pela assessoria jur\u00eddica, administrativa e pedag\u00f3gica dada aos cursos de gradua\u00e7\u00e3o e educa\u00e7\u00e3o profissional, referente \u00e0 Pol\u00edtica de Est\u00e1gio e estabelecida por resolu\u00e7\u00e3o do Conselho de Ensino Pesquisa e Extens\u00e3o da UFPR, em cumprimento \u00e0 Lei n\u00ba 11.788\/08.<\/p>\n\n\n\n<div style=\"height:40px\" aria-hidden=\"true\" class=\"wp-block-spacer\"><\/div>\n\n\n\n<h3 class=\"wp-block-heading has-medium-font-size\"><strong>Compet\u00eancias da Coordena\u00e7\u00e3o Geral de Est\u00e1gios (<a href=\"http:\/\/www.soc.ufpr.br\/wp-content\/uploads\/2016\/07\/resolucao_cepe_19082010-477.pdf\">RESOLU\u00c7\u00c3O 46\/10 CEPE<\/a>)<\/strong><\/h3>\n\n\n\n<div class=\"wp-block-group is-nowrap is-layout-flex wp-container-core-group-is-layout-12 wp-block-group-is-layout-flex\">\n<div class=\"wp-block-group is-nowrap is-layout-flex wp-container-core-group-is-layout-11 wp-block-group-is-layout-flex\">\n<p class=\"has-black-color has-text-color has-link-color wp-elements-20a41ad98795914b5c984964aebccff3\">I-<\/p>\n<\/div>\n\n\n\n<p class=\"has-black-color has-text-color has-link-color wp-elements-dc303c8ae8f1d900682174d29334041d\">coordenar as atividades de est\u00e1gio dos cursos da UFPR junto aos \u00f3rg\u00e3os internos e externos \u00e0 Universidade;<\/p>\n<\/div>\n\n\n\n<div class=\"wp-block-group is-nowrap is-layout-flex wp-container-core-group-is-layout-14 wp-block-group-is-layout-flex\">\n<div class=\"wp-block-group is-nowrap is-layout-flex wp-container-core-group-is-layout-13 wp-block-group-is-layout-flex\">\n<p class=\"has-black-color has-text-color has-link-color wp-elements-5939e59e41b4459e1c2a08db374a7934\">II-<\/p>\n<\/div>\n\n\n\n<p class=\"has-black-color has-text-color has-link-color wp-elements-49b7f385c5277401fed948aeacabd0cb\">desenvolver din\u00e2mica de cadastramento de campos de est\u00e1gio j\u00e1 existentes e de novos que se venham a gerenciar, de forma a facilitar a celebra\u00e7\u00e3o de conv\u00eanios e a socializa\u00e7\u00e3o dessas informa\u00e7\u00f5es na comunidade acad\u00eamica, de conformidade com as COEs e os agentes integradores de campo de est\u00e1gio;<\/p>\n<\/div>\n\n\n\n<div class=\"wp-block-group is-nowrap is-layout-flex wp-container-core-group-is-layout-16 wp-block-group-is-layout-flex\">\n<div class=\"wp-block-group is-nowrap is-layout-flex wp-container-core-group-is-layout-15 wp-block-group-is-layout-flex\">\n<p class=\"has-black-color has-text-color has-link-color wp-elements-f8b3191c9aa867db4015250ea8eea513\">III-<\/p>\n<\/div>\n\n\n\n<p class=\"has-black-color has-text-color has-link-color wp-elements-071f2daba23898fb9b8775426b6375fb\">estimular o exerc\u00edcio da compet\u00eancia t\u00e9cnica e o compromisso com a realidade cultural e sociopol\u00edtica do pa\u00eds;<\/p>\n<\/div>\n\n\n\n<div class=\"wp-block-group is-nowrap is-layout-flex wp-container-core-group-is-layout-18 wp-block-group-is-layout-flex\">\n<div class=\"wp-block-group is-nowrap is-layout-flex wp-container-core-group-is-layout-17 wp-block-group-is-layout-flex\">\n<p class=\"has-black-color has-text-color has-link-color wp-elements-7eb7696ffecda05e8421947bf830a209\">IV-<\/p>\n<\/div>\n\n\n\n<p class=\"has-black-color has-text-color has-link-color wp-elements-ad9ce4e741a99bbe8bda9f58cb8d2ded\">manter vigil\u00e2ncia com rela\u00e7\u00e3o aos aspectos legais dos conv\u00eanios;<\/p>\n<\/div>\n\n\n\n<div class=\"wp-block-group is-nowrap is-layout-flex wp-container-core-group-is-layout-20 wp-block-group-is-layout-flex\">\n<div class=\"wp-block-group is-nowrap is-layout-flex wp-container-core-group-is-layout-19 wp-block-group-is-layout-flex\">\n<p class=\"has-black-color has-text-color has-link-color wp-elements-8dea8fe8b09ef4a48bda484d8c995426\">V-<\/p>\n<\/div>\n\n\n\n<p class=\"has-black-color has-text-color has-link-color wp-elements-23adc80c822c4cffa4c4510565319d92\">promover o interc\u00e2mbio e a troca de experi\u00eancia entre os diferentes cursos e destes com os campos de est\u00e1gio, pela promo\u00e7\u00e3o peri\u00f3dica de f\u00f3runs de debates; e<\/p>\n<\/div>\n\n\n\n<div class=\"wp-block-group is-nowrap is-layout-flex wp-container-core-group-is-layout-22 wp-block-group-is-layout-flex\">\n<div class=\"wp-block-group is-nowrap is-layout-flex wp-container-core-group-is-layout-21 wp-block-group-is-layout-flex\">\n<p class=\"has-black-color has-text-color has-link-color wp-elements-3435966a74a4a5f6bc74a5fed9eebc25\">VI-<\/p>\n<\/div>\n\n\n\n<p class=\"has-black-color has-text-color has-link-color wp-elements-11f39e8c8b5c70716ed779208b4ff97e\">divulgar de forma ampla as experi\u00eancias de est\u00e1gio, a partir de semin\u00e1rios, publica\u00e7\u00f5es e outros meios julgados apropriados pelo colegiado.<\/p>\n<\/div>\n\n\n\n<div style=\"height:40px\" aria-hidden=\"true\" class=\"wp-block-spacer\"><\/div>\n\n\n\n<p class=\"has-text-align-center has-medium-font-size\"><strong>Em caso de d\u00favidas, entre em contato com a COAPPE!<\/strong><\/p>\n\n\n\n<div style=\"height:40px\" aria-hidden=\"true\" class=\"wp-block-spacer\"><\/div>\n\n\n\n<p><span style=\"color: #000000\"><strong>Endere\u00e7o:<\/strong> Pra\u00e7a Santos Andrade, n\u00ba 50 \u2013 Pr\u00e9dio Hist\u00f3rico \u2013 Curitiba &#8211; PR \u2013 CEP 80.020-300&nbsp;<\/span><br \/><span style=\"color: #000000\"><strong>Telefones:<\/strong> 41 3310-2675 \/ 41 3310-2681 \/ 41 3310-2656<\/span><br \/><span style=\"color: #000000\"><strong>E-mail:<\/strong> <a href=\"mailto:estagio@ufpr.br\">estagio@ufpr.br<\/a> &#8211; Site:&nbsp;<\/span><a href=\"http:\/\/www.prograd.ufpr.br\/portal\/coafe\/\" target=\"_blank\" rel=\"noreferrer noopener\">http:\/\/www.prograd.ufpr.br\/portal\/coafe\/<\/a><span style=\"color: #000000\">&nbsp;<\/span><br \/><span style=\"color: #000000\"><strong>Hor\u00e1rio de atendimento: <\/strong>das 07:30 hs \u00e0s 19:30 hs , sem intervalo para almo\u00e7o.<\/span><\/p>\n\n\n\n<div style=\"height:100px\" aria-hidden=\"true\" class=\"wp-block-spacer\"><\/div>\n\n\n\n<div class=\"wp-block-group is-nowrap is-layout-flex wp-container-core-group-is-layout-24 wp-block-group-is-layout-flex\">\n<div class=\"wp-block-group is-nowrap is-layout-flex wp-container-core-group-is-layout-23 wp-block-group-is-layout-flex\">\n<p>Atualizado em:<\/p>\n<\/div>\n\n\n<div class=\"wp-block-post-date__modified-date wp-block-post-date\"><time datetime=\"2025-05-30T11:30:37-03:00\">30 de May de 2025<\/time><\/div><\/div>","protected":false},"excerpt":{"rendered":"<p>O est\u00e1gio \u00e9 a oportunidade para que estudantes coloquem em pr\u00e1tica os conhecimentos constru\u00eddos e discutidos em sala de aula, vivenciando no dia a dia [&hellip;]<\/p>","protected":false},"author":1,"featured_media":0,"parent":0,"menu_order":0,"comment_status":"closed","ping_status":"closed","template":"","meta":{"footnotes":""},"_links":{"self":[{"href":"https:\/\/tecnologia.ufpr.br\/ccec\/en\/wp-json\/wp\/v2\/pages\/47"}],"collection":[{"href":"https:\/\/tecnologia.ufpr.br\/ccec\/en\/wp-json\/wp\/v2\/pages"}],"about":[{"href":"https:\/\/tecnologia.ufpr.br\/ccec\/en\/wp-json\/wp\/v2\/types\/page"}],"author":[{"embeddable":true,"href":"https:\/\/tecnologia.ufpr.br\/ccec\/en\/wp-json\/wp\/v2\/users\/1"}],"replies":[{"embeddable":true,"href":"https:\/\/tecnologia.ufpr.br\/ccec\/en\/wp-json\/wp\/v2\/comments?post=47"}],"version-history":[{"count":16,"href":"https:\/\/tecnologia.ufpr.br\/ccec\/en\/wp-json\/wp\/v2\/pages\/47\/revisions"}],"predecessor-version":[{"id":7677,"href":"https:\/\/tecnologia.ufpr.br\/ccec\/en\/wp-json\/wp\/v2\/pages\/47\/revisions\/7677"}],"wp:attachment":[{"href":"https:\/\/tecnologia.ufpr.br\/ccec\/en\/wp-json\/wp\/v2\/media?parent=47"}],"curies":[{"name":"wp","href":"https:\/\/api.w.org\/{rel}","templated":true}]}}