{"id":463,"date":"2016-04-13T02:56:01","date_gmt":"2016-04-13T02:56:01","guid":{"rendered":"https:\/\/tecnologia.ufpr.br\/cceq\/?page_id=463"},"modified":"2024-11-05T14:29:53","modified_gmt":"2024-11-05T17:29:53","slug":"mobilidade-internacional","status":"publish","type":"page","link":"https:\/\/tecnologia.ufpr.br\/ccec\/en\/mobilidade-internacional\/","title":{"rendered":"Mobilidade Internacional"},"content":{"rendered":"<h3 class=\"wp-block-heading\">Sa\u00eddas para Interc\u00e2mbio<\/h3>\n\n\n\n<div style=\"height:40px\" aria-hidden=\"true\" class=\"wp-block-spacer\"><\/div>\n\n\n\n<p>A UFPR permite aos alunos regularmente matriculados a sa\u00edda para desempenho de atividades acad\u00eamicas em institui\u00e7\u00f5es parceiras da UFPR no Brasil e no exterior.<\/p>\n\n\n\n<p>Para que o aluno possa sair na condi\u00e7\u00e3o de intercambista \u00e9 necess\u00e1rio que haja um acordo de coopera\u00e7\u00e3o firmado entre a UFPR e a institui\u00e7\u00e3o de destino.<\/p>\n\n\n\n<p>A UFPR possui parceria com dezenas de institui\u00e7\u00f5es internacionais, permitindo oportunidades bem diversas aos alunos.<\/p>\n\n\n\n<p>Acesse no site da <a href=\"https:\/\/internacional.ufpr.br\/portal\/\" target=\"_blank\" rel=\"noreferrer noopener\">AUI<\/a>:\u00a0 Consulta acordos vigentes<\/p>\n\n\n\n<p>A participa\u00e7\u00e3o em interc\u00e2mbio deve passar por dois processos de aprova\u00e7\u00e3o.<\/p>\n\n\n\n<ul>\n<li>O primeiro ocorre na UFPR, o que chamamos de permiss\u00e3o de sa\u00edda; para participar, o estudante passar\u00e1 por tr\u00eas etapas avaliativas: inscri\u00e7\u00f5es, com an\u00e1lise de itens como \u00cdndice de Rendimento Acad\u00eamico (IRA), n\u00famero de reprova\u00e7\u00f5es e integraliza\u00e7\u00e3o curricular m\u00ednima e m\u00e1xima; homologa\u00e7\u00e3o das inscri\u00e7\u00f5es pelas coordena\u00e7\u00f5es de curso; avalia\u00e7\u00e3o do curr\u00edculo e entrevista pelas comiss\u00f5es setoriais de Rela\u00e7\u00f5es Internacionais.\u00a0No ato de inscri\u00e7\u00e3o, o candidato ainda dever\u00e1 comprovar o n\u00edvel de profici\u00eancia em l\u00edngua estrangeira do pa\u00eds de destino.<\/li>\n\n\n\n<li>o segundo \u00e9 chamado de permiss\u00e3o de entrada e ocorre na institui\u00e7\u00e3o de destino.<\/li>\n<\/ul>\n\n\n\n<p>A mobilidade acad\u00eamica viabilizada pela ARI pode ter dura\u00e7\u00e3o de seis meses a um ano, al\u00e9m de alguns cursos que oferecem a possibilidade de duplo diploma (at\u00e9 dois anos).<\/p>\n\n\n\n<p class=\"has-cyan-bluish-gray-background-color has-background\"><strong>O per\u00edodo de afastamento ser\u00e1 computado no prazo de integraliza\u00e7\u00e3o do curso, e, portanto, quando retornar, o aluno estar\u00e1 automaticamente desperiodizado em rela\u00e7\u00e3o \u00e0 periodiza\u00e7\u00e3o recomendada, perdendo inclusive a prioridade quanto \u00e0 matr\u00edcula em disciplinas (com rela\u00e7\u00e3o aos periodizados)<\/strong><\/p>\n\n\n\n<h4 class=\"wp-block-heading\"><strong>Matr\u00edcula em PC<\/strong><\/h4>\n\n\n\n<p>Todo o aluno UFPR que sai em Mobilidade Acad\u00eamica, independente do Programa, deve entregar pessoalmente \u00e0 Assessoria de Rela\u00e7\u00f5es Internacionais, antes de sair do pa\u00eds, o formul\u00e1rio de solicita\u00e7\u00e3o de matr\u00edcula em PC (Participa\u00e7\u00e3o de Conv\u00eanio) devidamente assinado e carimbado pelo seu Coordenador de Curso juntamente com a carta de aceite da Universidade de Destino. Isso garantir\u00e1 o v\u00ednculo do aluno &nbsp;com a Universidade Federal do Paran\u00e1 durante o processo de Mobilidade.<\/p>\n\n\n\n<p><em>Conforme descrito no mencionado documento, durante a mobilidade, o aluno dever\u00e1 estar <strong>APENAS e UNICAMENTE<\/strong> matriculado na disciplina de PC, qualquer matr\u00edcula em disciplinas regulares dever\u00e1 ser cancelada pelo aluno antes de sua sa\u00edda.<\/em><\/p>\n\n\n\n<div style=\"height:40px\" aria-hidden=\"true\" class=\"wp-block-spacer\"><\/div>\n\n\n\n<h2 class=\"wp-block-heading\">Bolsas Aux\u00edlio<\/h2>\n\n\n\n<p>As sa\u00eddas para interc\u00e2mbio podem acontecer com ou sem o pagamento de bolsas de aux\u00edlio. Estas bolsas podem estar vinculadas a programas espec\u00edficos ou ser ofertadas atrav\u00e9s de processo seletivo para os alunos da UFPR, tais como&nbsp;bolsas M\u00e9rito ARI\/UFPR (alunos selecionados por M\u00e9rito Acad\u00eamico) e PRAE\/PROBEM (alunos de fragilidade socioecon\u00f4mica com m\u00e9rito acad\u00eamico).<\/p>\n\n\n\n<p>Para saber mais, acesse: \u00a0<a href=\"https:\/\/internacional.ufpr.br\/portal\/a-agencia-ufpr-internacional\/\" target=\"_blank\" rel=\"noreferrer noopener\">https:\/\/internacional.ufpr.br\/portal\/a-agencia-ufpr-internacional\/<\/a><\/p>\n\n\n\n<h3 class=\"wp-block-heading\" style=\"font-size:24px\">Retorno do Interc\u00e2mbio: O que se deve fazer?<\/h3>\n\n\n\n<p>Para validar a sua PC (PARTICIPA\u00c7\u00c3O DE CONV\u00caNIO) \u00a0e regularizar a sua situa\u00e7\u00e3o com a ARI, o aluno deve enviar seu boletim de notas e <a href=\"https:\/\/internacional.ufpr.br\/portal\/termino-de-intercambio\/\" target=\"_blank\" rel=\"noreferrer noopener\">relat\u00f3rio de interc\u00e2mbio<\/a>\u00a0a ARI.<\/p>\n\n\n\n<p><strong>Maiores informa\u00e7\u00f5es junto<\/strong><a href=\"https:\/\/internacional.ufpr.br\/portal\/\" target=\"_blank\" rel=\"noreferrer noopener\"> a AUI.<\/a><\/p>\n\n\n\n<div style=\"height:40px\" aria-hidden=\"true\" class=\"wp-block-spacer\"><\/div>\n\n\n\n<p class=\"has-text-align-center\"><span style=\"color: #ff0000\"><strong>ALUNO, FIQUE ATENTO: CASO O ALUNO N\u00c3O REGULARIZE SUA SITUA\u00c7\u00c3O E FINALIZE AS PEND\u00caNCIAS JUNTO A ARI NO IMEDIATO RETORNO DO INTERC\u00c2MBIO, TER\u00c1 PROBLEMAS PARA REALIZAR A MATR\u00cdCULA EM DISCIPLINAS DO CURSO, AL\u00c9M DE FICAR COM ESTA PEND\u00caNCIA NO HIST\u00d3RICO ESCOLAR, O QUE IMPEDIR\u00c1 A SUA &nbsp;COLA\u00c7\u00c3O DE GRAU!!!!<\/strong><\/span><\/p>\n\n\n\n<div style=\"height:40px\" aria-hidden=\"true\" class=\"wp-block-spacer\"><\/div>\n\n\n\n<p><strong><span style=\"text-decoration: underline\">ATEN\u00c7\u00c3O:<\/span> <\/strong>ENCERRADO O PER\u00cdODO DE AFASTAMENTO, o aluno dever\u00e1 apresentar \u00e0 coordena\u00e7\u00e3o do respectivo curso a documenta\u00e7\u00e3o comprobat\u00f3ria das atividades realizadas sob o conv\u00eanio para aprecia\u00e7\u00e3o do colegiado de curso e posterior encaminhamento, pela coordena\u00e7\u00e3o ao DAA, para fins de registro (RESOLU\u00c7\u00c3O 37\/97 CEPE).<\/p>\n\n\n\n<p>Pedidos de equival\u00eancias de disciplinas devem ser solicitadas diretamente \u00e0 Coordena\u00e7\u00e3o do Curso na UFPR, pois ser\u00e1 o colegiado que avaliar\u00e1 o pedido.<\/p>\n\n\n\n<p>Veja aqui maiores informa\u00e7\u00f5es de como realizar os pedidos de equival\u00eancia:\u00a0<a href=\"https:\/\/ufpraberta.ufpr.br\/course\/view.php?id=9\" target=\"_blank\" rel=\"noreferrer noopener\">Procedimento de Equival\u00eancias no sistema SIGA<\/a><\/p>\n\n\n\n<div style=\"height:100px\" aria-hidden=\"true\" class=\"wp-block-spacer\"><\/div>\n\n\n\n<div class=\"wp-block-group is-nowrap is-layout-flex wp-container-core-group-is-layout-1 wp-block-group-is-layout-flex\">\n<p>Atualizado em: <\/p>\n\n\n<div class=\"wp-block-post-date__modified-date wp-block-post-date\"><time datetime=\"2024-11-05T14:29:53-03:00\">5 de November de 2024<\/time><\/div><\/div>","protected":false},"excerpt":{"rendered":"<p>Sa\u00eddas para Interc\u00e2mbio A UFPR permite aos alunos regularmente matriculados a sa\u00edda para desempenho de atividades acad\u00eamicas em institui\u00e7\u00f5es parceiras da UFPR no Brasil e [&hellip;]<\/p>","protected":false},"author":1,"featured_media":0,"parent":0,"menu_order":0,"comment_status":"closed","ping_status":"closed","template":"","meta":{"footnotes":""},"_links":{"self":[{"href":"https:\/\/tecnologia.ufpr.br\/ccec\/en\/wp-json\/wp\/v2\/pages\/463"}],"collection":[{"href":"https:\/\/tecnologia.ufpr.br\/ccec\/en\/wp-json\/wp\/v2\/pages"}],"about":[{"href":"https:\/\/tecnologia.ufpr.br\/ccec\/en\/wp-json\/wp\/v2\/types\/page"}],"author":[{"embeddable":true,"href":"https:\/\/tecnologia.ufpr.br\/ccec\/en\/wp-json\/wp\/v2\/users\/1"}],"replies":[{"embeddable":true,"href":"https:\/\/tecnologia.ufpr.br\/ccec\/en\/wp-json\/wp\/v2\/comments?post=463"}],"version-history":[{"count":5,"href":"https:\/\/tecnologia.ufpr.br\/ccec\/en\/wp-json\/wp\/v2\/pages\/463\/revisions"}],"predecessor-version":[{"id":7400,"href":"https:\/\/tecnologia.ufpr.br\/ccec\/en\/wp-json\/wp\/v2\/pages\/463\/revisions\/7400"}],"wp:attachment":[{"href":"https:\/\/tecnologia.ufpr.br\/ccec\/en\/wp-json\/wp\/v2\/media?parent=463"}],"curies":[{"name":"wp","href":"https:\/\/api.w.org\/{rel}","templated":true}]}}