{"id":45,"date":"2016-04-05T15:45:02","date_gmt":"2016-04-05T15:45:02","guid":{"rendered":"https:\/\/tecnologia.ufpr.br\/cceq\/?page_id=45"},"modified":"2024-11-04T12:02:57","modified_gmt":"2024-11-04T15:02:57","slug":"matriculas","status":"publish","type":"page","link":"https:\/\/tecnologia.ufpr.br\/ccec\/en\/matriculas\/","title":{"rendered":"Matr\u00edculas"},"content":{"rendered":"<p>A solicita\u00e7\u00e3o de matr\u00edcula de alunos veteranos (excetuando-se apenas os alunos ingressantes ou calouros) dever\u00e1 ser feita obrigatoriamente no \u201c<a href=\"https:\/\/sistemas.ufpr.br\/auth\/realms\/producao\/protocol\/openid-connect\/auth?client_id=portal-sistemas&amp;scope=openid&amp;response_type=code&amp;redirect_uri=https%3A%2F%2Fsistemas.ufpr.br%2Flogin%2Fcallback\" target=\"_blank\" rel=\"noreferrer noopener\">Sistema SIGA<\/a>\u201d no site da UFPR, dentro dos prazos estipulados no <a href=\"https:\/\/tecnologia.ufpr.br\/ccec\/en\/calendario\/\" target=\"_blank\" rel=\"noreferrer noopener\">Calend\u00e1rio Acad\u00eamico<\/a>.<\/p>\n\n\n\n<h2 class=\"wp-block-heading\" style=\"font-size:24px\">Acesso<\/h2>\n\n\n\n<p>1- Como testar seu acesso e recuperar senhas: <a href=\"https:\/\/youtu.be\/2B4IsrSgaKA\">https:\/\/youtu.be\/2B4IsrSgaKA<\/a><\/p>\n\n\n\n<p>2- Como solicitar sua matr\u00edcula: <a href=\"https:\/\/youtu.be\/I0A9_WlXzms\">https:\/\/youtu.be\/I0A9_WlXzms<\/a> Fique atento aos prazos e n\u00e3o esque\u00e7a de solicitar sua matr\u00edcula!<\/p>\n\n\n\n<hr class=\"wp-block-separator has-alpha-channel-opacity\" \/>\n\n\n\n<h4 class=\"wp-block-heading\">ATEN\u00c7\u00c3O: N\u00e3o ser\u00e1 permitida a matr\u00edcula de aluno que se encontre em situa\u00e7\u00e3o de inadimpl\u00eancia com o Sistema Integrado de Bibliotecas da UFPR.<\/h4>\n\n\n\n<hr class=\"wp-block-separator has-alpha-channel-opacity\" \/>\n\n\n\n<h3 class=\"wp-block-heading\" style=\"font-size:24px\">&nbsp;Observa\u00e7\u00f5es:<\/h3>\n\n\n\n<p>&#8211; A verifica\u00e7\u00e3o de pr\u00e9-requisito ser\u00e1 feita somente no processamento da matr\u00edcula.&nbsp;No processamento da matr\u00edcula, o sistema montar\u00e1 sua grade hor\u00e1ria considerando os pr\u00e9-requisitos e hor\u00e1rios.<br>&#8211; Caso uma turma n\u00e3o esteja na lista ou ela n\u00e3o foi ofertada ou voc\u00ea j\u00e1 cursou a disciplina.<br>&#8211; Caso apare\u00e7a uma disciplina que voc\u00ea j\u00e1 cursou, \u00e9 prov\u00e1vel que a nota n\u00e3o tenha sido lan\u00e7ada. Verifique no departamento.<br>&#8211; Verifique no Sistema SIGA o resultado do processamento da solicita\u00e7\u00e3o de matr\u00edcula e solicite as disciplinas de outros cursos que desejar cursar.<br>&#8211; <span style=\"color: #ff0000\"><strong>ATEN\u00c7\u00c3O<\/strong><\/span>: Alunos em situa\u00e7\u00e3o de inadimpl\u00eancia com a biblioteca n\u00e3o poder\u00e3o efetuar sua solicita\u00e7\u00e3o de matr\u00edcula at\u00e9 que regularizem sua pend\u00eancia na biblioteca.<\/p>\n\n\n\n<p>&nbsp;<strong>&#8211; Caso o aluno tenha quatro (04) ou mais reprova\u00e7\u00f5es pendentes em disciplinas obrigat\u00f3rias distintas, ele dever\u00e1 matricular-se somente nestas disciplinas (<a href=\"http:\/\/www.soc.ufpr.br\/wp-content\/uploads\/2016\/07\/Res-37-97-CEPE-atividades-acad%C3%AAmicas-alterada-modificada-18.04.2018-1.pdf\">Resolu\u00e7\u00e3o 37\/97 CEPE).<\/a><\/strong><\/p>\n\n\n\n<hr class=\"wp-block-separator has-alpha-channel-opacity\" \/>\n\n\n\n<p><strong>IMPORTANTE! A solicita\u00e7\u00e3o de matr\u00edcula n\u00e3o garante vaga nas turmas. \u00c9 imprescind\u00edvel que voc\u00ea confira o \u201cComprovante de Matr\u00edcula\u201d, dispon\u00edvel no Sistema SIGA ap\u00f3s o prazo final do ajuste de matr\u00edculas.<\/strong><\/p>\n\n\n\n<p>Eventuais inclus\u00f5es ou exclus\u00f5es de disciplinas poder\u00e3o ser feitas pelo aluno diretamente no Sistema SIGA no per\u00edodo de ajuste de matr\u00edculas, conforme calend\u00e1rio previamente divulgado.<\/p>\n\n\n\n<p><span style=\"color: #ff0000\"><strong>Vale lembrar: os alunos que n\u00e3o efetuarem matr\u00edcula ter\u00e3o seu Registro Acad\u00eamico cancelado por abandono de curso, conforme Art. 119 da Resolu\u00e7\u00e3o n\u00ba 37\/97-CEPE.<\/strong><\/span><\/p>\n\n\n\n<h5 class=\"wp-block-heading\">&nbsp;<strong>Segundo a Resolu\u00e7\u00e3o 37\/97, Art. 40 do CEPE,&nbsp;<\/strong>Art. 40 :<\/h5>\n\n\n\n<p>\u00a7 1\u00ba &#8211; Nos casos de perda de prazo da matr\u00edcula pelo aluno, caber\u00e1 ao coordenador de curso examinar e decidir sobre a aceita\u00e7\u00e3o do requerimento, <strong>at\u00e9 a data da corre\u00e7\u00e3o de matr\u00edcula<\/strong> fixada no artigo 46 desta Resolu\u00e7\u00e3o. (veja as datas no calend\u00e1rios acad\u00eamico vigente).<\/p>\n\n\n\n<p>\u00a7 2\u00ba &#8211; Uma vez ultrapassado este prazo n\u00e3o ser\u00e3o mais aceitos pedidos de matr\u00edcula, caracterizando-se o abandono de curso.<\/p>\n\n\n\n<p>\u00a7 3\u00ba <strong>&#8211; \u00c9 de inteira responsabilidade do aluno certificar-se, mediante confer\u00eancia do comprovante de matr\u00edcula e consulta aos editais da coordena\u00e7\u00e3o do curso, se sua matr\u00edcula foi deferida e efetivada no sistema de controle acad\u00eamico, e, em caso negativo, providenciar, sob orienta\u00e7\u00e3o da coordena\u00e7\u00e3o do curso, as eventuais corre\u00e7\u00f5es, nos prazos previstos no artigo 46 desta Resolu\u00e7\u00e3o.<\/strong><\/p>\n\n\n\n<div style=\"height:100px\" aria-hidden=\"true\" class=\"wp-block-spacer\"><\/div>\n\n\n\n<div class=\"wp-block-group is-nowrap is-layout-flex wp-container-core-group-is-layout-1 wp-block-group-is-layout-flex\">\n<p>Atualizado em: <\/p>\n\n\n<div class=\"wp-block-post-date__modified-date wp-block-post-date\"><time datetime=\"2024-11-04T12:02:57-03:00\">4 de November de 2024<\/time><\/div><\/div>","protected":false},"excerpt":{"rendered":"<p>A solicita\u00e7\u00e3o de matr\u00edcula de alunos veteranos (excetuando-se apenas os alunos ingressantes ou calouros) dever\u00e1 ser feita obrigatoriamente no \u201cSistema SIGA\u201d no site da UFPR, [&hellip;]<\/p>","protected":false},"author":1,"featured_media":0,"parent":0,"menu_order":0,"comment_status":"closed","ping_status":"closed","template":"","meta":{"footnotes":""},"_links":{"self":[{"href":"https:\/\/tecnologia.ufpr.br\/ccec\/en\/wp-json\/wp\/v2\/pages\/45"}],"collection":[{"href":"https:\/\/tecnologia.ufpr.br\/ccec\/en\/wp-json\/wp\/v2\/pages"}],"about":[{"href":"https:\/\/tecnologia.ufpr.br\/ccec\/en\/wp-json\/wp\/v2\/types\/page"}],"author":[{"embeddable":true,"href":"https:\/\/tecnologia.ufpr.br\/ccec\/en\/wp-json\/wp\/v2\/users\/1"}],"replies":[{"embeddable":true,"href":"https:\/\/tecnologia.ufpr.br\/ccec\/en\/wp-json\/wp\/v2\/comments?post=45"}],"version-history":[{"count":17,"href":"https:\/\/tecnologia.ufpr.br\/ccec\/en\/wp-json\/wp\/v2\/pages\/45\/revisions"}],"predecessor-version":[{"id":7364,"href":"https:\/\/tecnologia.ufpr.br\/ccec\/en\/wp-json\/wp\/v2\/pages\/45\/revisions\/7364"}],"wp:attachment":[{"href":"https:\/\/tecnologia.ufpr.br\/ccec\/en\/wp-json\/wp\/v2\/media?parent=45"}],"curies":[{"name":"wp","href":"https:\/\/api.w.org\/{rel}","templated":true}]}}