{"id":446,"date":"2016-04-13T02:28:31","date_gmt":"2016-04-13T02:28:31","guid":{"rendered":"https:\/\/tecnologia.ufpr.br\/cceq\/?page_id=446"},"modified":"2024-11-05T13:25:04","modified_gmt":"2024-11-05T16:25:04","slug":"mobilidade-academica","status":"publish","type":"page","link":"https:\/\/tecnologia.ufpr.br\/ccec\/en\/mobilidade-academica\/","title":{"rendered":"Mobilidade Acad\u00eamica &#8212;&gt;"},"content":{"rendered":"<h3 class=\"wp-block-heading\">Mobilidade acad\u00eamica Nacional e Internacional &#8211; Interc\u00e2mbio<\/h3>\n\n\n\n<hr class=\"wp-block-separator has-alpha-channel-opacity\" \/>\n\n\n\n<p>Voc\u00ea encontra maiores informa\u00e7\u00f5es sobre interc\u00e2mbios no site da ARI:&nbsp;<a href=\"http:\/\/www.internacional.ufpr.br\/\" target=\"_blank\" rel=\"noopener\">http:\/\/www.internacional.ufpr.br\/<\/a><\/p>\n\n\n\n<div style=\"height:40px\" aria-hidden=\"true\" class=\"wp-block-spacer\"><\/div>\n\n\n\n<h2 class=\"wp-block-heading\"><strong>Matr\u00edcula em PC;<\/strong><\/h2>\n\n\n\n<p>Todo o aluno UFPR que sai em Mobilidade Acad\u00eamica, independente do Programa, deve entregar pessoalmente \u00e0 Assessoria de Rela\u00e7\u00f5es Internacionais (ARI), antes de sair do pa\u00eds, o formul\u00e1rio de solicita\u00e7\u00e3o de matr\u00edcula em PC (Participa\u00e7\u00e3o de Conv\u00eanio) devidamente assinado e carimbado pelo seu Coordenador de Curso juntamente com a carta de aceite da Universidade de Destino. Isso garantir\u00e1 o v\u00ednculo do aluno &nbsp;com a Universidade Federal do Paran\u00e1 durante o processo de Mobilidade.<\/p>\n\n\n\n<p><em>Conforme descrito no mencionado documento, durante a mobilidade, o aluno dever\u00e1 estar <strong>APENAS e UNICAMENTE<\/strong> matriculado na disciplina de PC, qualquer matr\u00edcula em disciplinas regulares dever\u00e1 ser cancelada pelo aluno antes de sua sa\u00edda.<\/em><\/p>\n\n\n\n<ul>\n<li>ATEN\u00c7\u00c3O : O per\u00edodo de afastamento ser\u00e1 computado no prazo de integraliza\u00e7\u00e3o do curso, e, portanto, quando retornar, o aluno estar\u00e1 automaticamente desperiodizado em rela\u00e7\u00e3o \u00e0 periodiza\u00e7\u00e3o recomendada.<\/li>\n\n\n\n<li>ENCERRADO O PER\u00cdODO DE AFASTAMENTO, o aluno dever\u00e1 apresentar \u00e0 coordena\u00e7\u00e3o do respectivo curso documenta\u00e7\u00e3o comprobat\u00f3ria das atividades realizadas sob o conv\u00eanio para aprecia\u00e7\u00e3o do colegiado de curso e posterior encaminhamento, pela coordena\u00e7\u00e3o ao DAA, para fins de registro (<a href=\"http:\/\/www.soc.ufpr.br\/wp-content\/uploads\/2016\/07\/Res-37-97-CEPE-atividades-acad%C3%AAmicas-alterada-modificada-18.04.2018-1.pdf\">RESOLU\u00c7\u00c3O 37\/97-CEPE<\/a>).<\/li>\n<\/ul>\n\n\n\n<h4 class=\"wp-block-heading\">&nbsp;<\/h4>\n\n\n\n<p><strong>RETORNO DO INTERC\u00c2MBIO: O QUE SE DEVE FAZER?<\/strong><\/p>\n\n\n\n<ul>\n<li>Para validar a sua PC (PARTICIPA\u00c7\u00c3O DE CONV\u00caNIO) \u00a0e regularizar a sua situa\u00e7\u00e3o com a ARI, o aluno deve enviar seu boletim de notas e relat\u00f3rio de interc\u00e2mbio\u00a0a ARI.<\/li>\n\n\n\n<li><strong>ALUNO, FIQUE ATENTO: CASO O ALUNO N\u00c3O REGULARIZE SUA SITUA\u00c7\u00c3O E FINALIZE AS PEND\u00caNCIAS JUNTO A ARI NO IMEDIATO RETORNO DO INTERC\u00c2MBIO, TER\u00c1 PROBLEMAS PARA REALIZAR A MATR\u00cdCULA EM DISCIPLINAS DO CURSO, AL\u00c9M DE FICAR COM ESTA PEND\u00caNCIA NO HIST\u00d3RICO ESCOLAR, O QUE IMPEDIR\u00c1 A SUA \u00a0COLA\u00c7\u00c3O DE GRAU!!!!<\/strong><\/li>\n\n\n\n<li>Pedidos de equival\u00eancias devem ser solicitadas diretamente \u00e0 Coordena\u00e7\u00e3o UFPR, pois ser\u00e1 o colegiado que avaliar\u00e1 o pedido. A documenta\u00e7\u00e3o exigida depende de cada curso, entretanto, sugerimos trazer as ementas das disciplinas cursadas, onde conste o total de horas da disciplina e a situa\u00e7\u00e3o final ( se aprovado ou n\u00e3o).<\/li>\n<\/ul>\n\n\n\n<div style=\"height:100px\" aria-hidden=\"true\" class=\"wp-block-spacer\"><\/div>\n\n\n\n<div class=\"wp-block-group is-nowrap is-layout-flex wp-container-core-group-is-layout-1 wp-block-group-is-layout-flex\">\n<p>Atualizado em: <\/p>\n\n\n<div class=\"wp-block-post-date__modified-date wp-block-post-date\"><time datetime=\"2024-11-05T13:25:04-03:00\">5 de November de 2024<\/time><\/div><\/div>","protected":false},"excerpt":{"rendered":"<p>Mobilidade acad\u00eamica Nacional e Internacional &#8211; Interc\u00e2mbio Voc\u00ea encontra maiores informa\u00e7\u00f5es sobre interc\u00e2mbios no site da ARI:&nbsp;http:\/\/www.internacional.ufpr.br\/ Matr\u00edcula em PC; Todo o aluno UFPR que [&hellip;]<\/p>","protected":false},"author":1,"featured_media":0,"parent":0,"menu_order":0,"comment_status":"closed","ping_status":"closed","template":"","meta":{"footnotes":""},"_links":{"self":[{"href":"https:\/\/tecnologia.ufpr.br\/ccec\/en\/wp-json\/wp\/v2\/pages\/446"}],"collection":[{"href":"https:\/\/tecnologia.ufpr.br\/ccec\/en\/wp-json\/wp\/v2\/pages"}],"about":[{"href":"https:\/\/tecnologia.ufpr.br\/ccec\/en\/wp-json\/wp\/v2\/types\/page"}],"author":[{"embeddable":true,"href":"https:\/\/tecnologia.ufpr.br\/ccec\/en\/wp-json\/wp\/v2\/users\/1"}],"replies":[{"embeddable":true,"href":"https:\/\/tecnologia.ufpr.br\/ccec\/en\/wp-json\/wp\/v2\/comments?post=446"}],"version-history":[{"count":6,"href":"https:\/\/tecnologia.ufpr.br\/ccec\/en\/wp-json\/wp\/v2\/pages\/446\/revisions"}],"predecessor-version":[{"id":7392,"href":"https:\/\/tecnologia.ufpr.br\/ccec\/en\/wp-json\/wp\/v2\/pages\/446\/revisions\/7392"}],"wp:attachment":[{"href":"https:\/\/tecnologia.ufpr.br\/ccec\/en\/wp-json\/wp\/v2\/media?parent=446"}],"curies":[{"name":"wp","href":"https:\/\/api.w.org\/{rel}","templated":true}]}}