{"id":408,"date":"2016-04-12T20:38:26","date_gmt":"2016-04-12T20:38:26","guid":{"rendered":"https:\/\/tecnologia.ufpr.br\/cceq\/?page_id=408"},"modified":"2024-11-05T11:25:37","modified_gmt":"2024-11-05T14:25:37","slug":"calouros","status":"publish","type":"page","link":"https:\/\/tecnologia.ufpr.br\/ccec\/en\/calouros\/","title":{"rendered":"Calouros"},"content":{"rendered":"<h3 class=\"wp-block-heading\" style=\"font-size:24px\">Bem Vindo!<\/h3>\n\n\n\n<p>Voc\u00ea agora \u00e9 estudante da Universidade Federal do Paran\u00e1, uma universidade p\u00fablica, gratuita e com compromisso social. Aqui, voc\u00ea dar\u00e1 continuidade \u00e0 sua forma\u00e7\u00e3o estudantil, como futuro profissional e, sobretudo, como cidad\u00e3o.<\/p>\n\n\n\n<p>Seu aprendizado come\u00e7a com a navega\u00e7\u00e3o neste site e com a leitura do <a href=\"http:\/\/www.prograd.ufpr.br\/portal\/manual-do-estudante\/\" target=\"_blank\" rel=\"noreferrer noopener\">manual do estudante<\/a>, nos quais voc\u00ea encontrar\u00e1 as principais orienta\u00e7\u00f5es para aproveitar ao m\u00e1ximo tudo o que a UFPR e o curso t\u00eam a oferecer.<\/p>\n\n\n\n<hr class=\"wp-block-separator has-alpha-channel-opacity\" \/>\n\n\n\n<h3 class=\"wp-block-heading\" style=\"font-size:24px\">Recep\u00e7\u00e3o ao novo estudante da UFPR<\/h3>\n\n\n\n<p>As atividades da Semana de Recep\u00e7\u00e3o a calouros e calouras da UFPR devem estar inseridas na cultura de paz defendida e buscada constantemente pela Universidade. <\/p>\n\n\n\n<p>O ingresso na UFPR deve ser marcado com a\u00e7\u00f5es de boas vindas, de acolhimento aos novos estudantes da UFPR. Por isso, caso a\u00e7\u00f5es violentas e discriminat\u00f3rias aconte\u00e7am durante as atividades promovidas na ocasi\u00e3o do registro acad\u00eamico ou nas primeiras semanas de aula.<\/p>\n\n\n\n<p> A universidade disponibiliza os seguintes canais institucionais para denunciar atitudes violentas, ofensivas e discriminat\u00f3rias: o e-mail <strong>alertatrote@ufpr.br<\/strong>, o telefone <strong>(41) 3888-7757<\/strong> e o WhatsApp <strong>(41) 98424-0034<\/strong>.<\/p>\n\n\n\n<div style=\"height:40px\" aria-hidden=\"true\" class=\"wp-block-spacer\"><\/div>\n\n\n\n<h3 class=\"wp-block-heading\" style=\"font-size:24px\">Registro Acad\u00eamico dos Calouros:<\/h3>\n\n\n\n<ul>\n<li>Ao ingressar em um curso da UFPR, todo estudante recebe um n\u00famero de identifica\u00e7\u00e3o na Institui\u00e7\u00e3o, chamado registro acad\u00eamico. Este n\u00famero ser\u00e1 necess\u00e1rio durante a&nbsp;sua perman\u00eancia na Universidade.<\/li>\n<\/ul>\n\n\n\n<div style=\"height:40px\" aria-hidden=\"true\" class=\"wp-block-spacer\"><\/div>\n\n\n\n<p>Para obter o seu registro acad\u00eamico, o candidato classificado <strong>dever\u00e1 consultar o per\u00edodo de envio de documentos para o registro acad\u00eamico divulgado no edital do Processo seletivo UFPR vigente no ano<\/strong> <strong>de ingresso<\/strong>. <\/p>\n\n\n\n<div style=\"height:40px\" aria-hidden=\"true\" class=\"wp-block-spacer\"><\/div>\n\n\n\n<h4 class=\"wp-block-heading\" style=\"font-size:24px\">Para saber mais, consulte o <a href=\"https:\/\/servicos.nc.ufpr.br\/PortalNC\/Contato\">N\u00facleo de Concursos.<\/a><\/h4>\n\n\n\n<div class=\"wp-block-group is-content-justification-left is-nowrap is-layout-flex wp-container-core-group-is-layout-1 wp-block-group-is-layout-flex\">\n<p class=\"has-text-align-center\"><strong>Endere\u00e7o:<\/strong><\/p>\n\n\n\n<p>Campus I da UFPR ( Agr\u00e1rias)<br>Rua dos Funcion\u00e1rios, 1540 \u2013 Juvev\u00ea \u2013 Curitiba-PR<br>CEP: 80035-050<\/p>\n<\/div>\n\n\n\n<div class=\"wp-block-group is-content-justification-left is-nowrap is-layout-flex wp-container-core-group-is-layout-2 wp-block-group-is-layout-flex\">\n<p class=\"has-text-align-center\"><strong>Atendimento:<\/strong><\/p>\n\n\n\n<p>De segunda a sexta-feira<br>Das 08h \u00e0s 12h e das 13h \u00e0s 17h.<\/p>\n<\/div>\n\n\n\n<div style=\"height:40px\" aria-hidden=\"true\" class=\"wp-block-spacer\"><\/div>\n\n\n\n<p>Ap\u00f3s efetuar o registro acad\u00eamico<strong> o candidato dever\u00e1 comparecer \u00e0 secretaria da coordena\u00e7\u00e3o do curso,<\/strong> no per\u00edodo previsto na declara\u00e7\u00e3o assinada por ocasi\u00e3o do registro acad\u00eamico para confirmar sua matr\u00edcula e efetiva ocupa\u00e7\u00e3o de sua vaga, em formul\u00e1rio pr\u00f3prio.<\/p>\n\n\n\n<div style=\"height:40px\" aria-hidden=\"true\" class=\"wp-block-spacer\"><\/div>\n\n\n\n<p class=\"has-text-align-center\"><strong><mark style=\"background-color:#ffffff\" class=\"has-inline-color has-vivid-red-color\">O n\u00e3o comparecimento do aluno ou de pessoa por ele autorizada para tal caracterizar-se-\u00e1 como desist\u00eancia, o que ocasionar\u00e1 o cancelamento do seu registro acad\u00eamico e consequente chamamento, para a ocupa\u00e7\u00e3o da vaga correspondente, do primeiro candidato ainda n\u00e3o convocado, arrolado na ordem de classifica\u00e7\u00e3o do mesmo ano e curso.<\/mark><\/strong><\/p>\n\n\n\n<p>Perguntas Frequentes sobre o Registro Acad\u00eamicos. <a href=\"http:\/\/www.prograd.ufpr.br\/portal\/copap\/unidade-de-ocupacao-de-vagas\/\" data-type=\"link\" data-id=\"http:\/\/www.prograd.ufpr.br\/portal\/copap\/unidade-de-ocupacao-de-vagas\/\" target=\"_blank\" rel=\"noreferrer noopener\">D\u00favidas gerais, acesse aqui:<\/a><\/p>\n\n\n\n<div style=\"height:100px\" aria-hidden=\"true\" class=\"wp-block-spacer\"><\/div>\n\n\n\n<div class=\"wp-block-group is-nowrap is-layout-flex wp-container-core-group-is-layout-3 wp-block-group-is-layout-flex\">\n<p>Atualizado em:<\/p>\n\n\n<div class=\"wp-block-post-date__modified-date wp-block-post-date\"><time datetime=\"2024-11-05T11:25:37-03:00\">5 de November de 2024<\/time><\/div><\/div>","protected":false},"excerpt":{"rendered":"<p>Bem Vindo! Voc\u00ea agora \u00e9 estudante da Universidade Federal do Paran\u00e1, uma universidade p\u00fablica, gratuita e com compromisso social. Aqui, voc\u00ea dar\u00e1 continuidade \u00e0 sua [&hellip;]<\/p>","protected":false},"author":1,"featured_media":0,"parent":0,"menu_order":0,"comment_status":"closed","ping_status":"closed","template":"","meta":{"footnotes":""},"_links":{"self":[{"href":"https:\/\/tecnologia.ufpr.br\/ccec\/en\/wp-json\/wp\/v2\/pages\/408"}],"collection":[{"href":"https:\/\/tecnologia.ufpr.br\/ccec\/en\/wp-json\/wp\/v2\/pages"}],"about":[{"href":"https:\/\/tecnologia.ufpr.br\/ccec\/en\/wp-json\/wp\/v2\/types\/page"}],"author":[{"embeddable":true,"href":"https:\/\/tecnologia.ufpr.br\/ccec\/en\/wp-json\/wp\/v2\/users\/1"}],"replies":[{"embeddable":true,"href":"https:\/\/tecnologia.ufpr.br\/ccec\/en\/wp-json\/wp\/v2\/comments?post=408"}],"version-history":[{"count":7,"href":"https:\/\/tecnologia.ufpr.br\/ccec\/en\/wp-json\/wp\/v2\/pages\/408\/revisions"}],"predecessor-version":[{"id":7387,"href":"https:\/\/tecnologia.ufpr.br\/ccec\/en\/wp-json\/wp\/v2\/pages\/408\/revisions\/7387"}],"wp:attachment":[{"href":"https:\/\/tecnologia.ufpr.br\/ccec\/en\/wp-json\/wp\/v2\/media?parent=408"}],"curies":[{"name":"wp","href":"https:\/\/api.w.org\/{rel}","templated":true}]}}