{"id":350,"date":"2016-04-11T21:27:26","date_gmt":"2016-04-11T21:27:26","guid":{"rendered":"https:\/\/tecnologia.ufpr.br\/cceq\/?page_id=350"},"modified":"2025-01-15T10:17:06","modified_gmt":"2025-01-15T13:17:06","slug":"assistencia-socio-economica","status":"publish","type":"page","link":"https:\/\/tecnologia.ufpr.br\/ccec\/en\/assistencia-socio-economica\/","title":{"rendered":"Assist\u00eancia S\u00f3cio-Econ\u00f4mica"},"content":{"rendered":"<p><em><strong><span style=\"font-size: 14pt\">BOLSAS ASSISTENCIAIS<\/span><\/strong><\/em><\/p>\n\n\n\n<p>A Coordenadoria de Assist\u00eancia Estudantil da Pr\u00f3-reitoria de Assuntos Estudantis (PRAE) gerencia diversos programas de aux\u00edlio aos estudantes, concedendo bolsas de car\u00e1ter assistencial para estudantes carentes como aux\u00edlio perman\u00eancia,&nbsp;&nbsp;moradia, refei\u00e7\u00e3o etc. Para saber mais acesse <a href=\"http:\/\/www.prae.ufpr.br\/prae\/assistencia-socioeconomica\/\" target=\"_blank\" rel=\"noopener\">www.prae.ufpr.br<\/a><\/p>\n\n\n\n<hr class=\"wp-block-separator has-alpha-channel-opacity\" \/>\n\n\n\n<ul>\n<li><strong>Bolsa Perman\u00eancia &#8211;<\/strong>&nbsp;proporciona aux\u00edlio financeiro estudantil : &nbsp;Site<a href=\"http:\/\/www.prae.ufpr.br\/prae\/assistencia-socioeconomica\/\" target=\"_blank\" rel=\"noopener\">&nbsp;http:\/\/www.prae.ufpr.br\/prae\/assistencia-socioeconomica\/<\/a><\/li>\n\n\n\n<li><strong><a href=\"http:\/\/www.prae.ufpr.br\/prae\/assistencia-socioeconomica\/probem\/\" target=\"_blank\" rel=\"noopener\"><span style=\"color: #000000\">PROBEM<\/span>:<\/a><span style=\"font-size: 12pt\">&nbsp;<\/span><span style=\"font-size: 12pt\">criado para apoiar os estudantes com fragilidade socioecon\u00f4mica que precisam de aux\u00edlio financeiro para se manter no curso \u00e9 constitu\u00eddo pelos seguintes benef\u00edcios, isolados ou em composi\u00e7\u00e3o: Aux\u00edlio Perman\u00eancia, Aux\u00edlio Refei\u00e7\u00e3o, Aux\u00edlio Moradia e Aux\u00edlio Creche.<\/span><\/strong><\/li>\n<\/ul>\n\n\n\n<p><strong>\u25ba<mark style=\"color:#00548e\" class=\"has-inline-color\"><em>Aux\u00edlio Perman\u00eancia<\/em>,<\/mark><\/strong> aux\u00edlio financeiro, visa subsidiar gastos inerentes \u00e0 forma\u00e7\u00e3o acad\u00eamica como fotoc\u00f3pias, compra de livros, materiais para aulas pr\u00e1ticas, etc.;<\/p>\n\n\n\n<p><strong>\u25ba<mark style=\"color:#00548e\" class=\"has-inline-color\"><em>Aux\u00edlio Refei\u00e7\u00e3o<\/em>,<\/mark><\/strong> fornece isen\u00e7\u00e3o das taxas nas refei\u00e7\u00f5es feitas nos restaurantes universit\u00e1rios da universidade, 3 refei\u00e7\u00f5es por dia, 7 dias por semana;<\/p>\n\n\n\n<p><strong>\u25ba<mark style=\"color:#00548e\" class=\"has-inline-color\"><em>Aux\u00edlio Moradia<\/em>,<\/mark><\/strong> aux\u00edlio financeiro \u00a0para a manuten\u00e7\u00e3o do estudante oriundo de outras cidades, nos locais em que residam durante o per\u00edodo do curso;<\/p>\n\n\n\n<p><strong>\u25ba<mark style=\"color:#00548e\" class=\"has-inline-color\">Aux\u00edlio Creche,<\/mark><\/strong>\u00a0aux\u00edlio financeiro destinado aos estudantes vinculados ao PROBEM que possuem filhos na faixa et\u00e1ria de 0 a 6 anos incompletos, devidamente matriculados em Centros de Educa\u00e7\u00e3o Infantil particulares ou conveniados.<\/p>\n\n\n\n<p>Site:&nbsp;<a href=\"http:\/\/www.prae.ufpr.br\/prae\/assistencia-socioeconomica\/probem\/\" target=\"_blank\" rel=\"noopener\">http:\/\/www.prae.ufpr.br\/prae\/assistencia-socioeconomica\/probem\/<\/a><\/p>\n\n\n\n<ul>\n<li><strong>PROMISAES :&nbsp;<\/strong>O programa de bolsas PROMISAES \u00e9 destinada a estudantes estrangeiros participantes do Programa PEC-G, regularmente matriculados em Cursos de Gradua\u00e7\u00e3o ou de Ensino Profissionalizante da UFPR, com bom desempenho acad\u00eamico e fragilidade socioecon\u00f4mica visando cooperar na manuten\u00e7\u00e3o dos estudantes durante o curso. Maiores informa\u00e7\u00f5es acesse o site da PRAE:&nbsp;<a href=\"http:\/\/www.prae.ufpr.br\">http:\/\/www.prae.ufpr.br<\/a><\/li>\n<\/ul>\n\n\n\n<hr class=\"wp-block-separator has-alpha-channel-opacity\" \/>\n\n\n\n<h4 class=\"wp-block-heading\"><strong><em>MORADIA UNIVERSIT\u00c1RIA<\/em><\/strong><\/h4>\n\n\n\n<p>Site:&nbsp;<a href=\"http:\/\/www.prae.ufpr.br\/prae\/vida-academica\/casas-estudantis\/\" target=\"_blank\" rel=\"noopener\">http:\/\/www.prae.ufpr.br\/prae\/vida-academica\/casas-estudantis\/<\/a><\/p>\n\n\n\n<div style=\"height:100px\" aria-hidden=\"true\" class=\"wp-block-spacer\"><\/div>\n\n\n\n<div class=\"wp-block-group is-nowrap is-layout-flex wp-container-core-group-is-layout-1 wp-block-group-is-layout-flex\">\n<p>Atualizado em:<\/p>\n\n\n<div class=\"wp-block-post-date__modified-date wp-block-post-date\"><time datetime=\"2025-01-15T10:17:06-03:00\">15 de January de 2025<\/time><\/div><\/div>","protected":false},"excerpt":{"rendered":"<p>BOLSAS ASSISTENCIAIS A Coordenadoria de Assist\u00eancia Estudantil da Pr\u00f3-reitoria de Assuntos Estudantis (PRAE) gerencia diversos programas de aux\u00edlio aos estudantes, concedendo bolsas de car\u00e1ter assistencial [&hellip;]<\/p>","protected":false},"author":1,"featured_media":0,"parent":0,"menu_order":0,"comment_status":"closed","ping_status":"closed","template":"","meta":{"footnotes":""},"_links":{"self":[{"href":"https:\/\/tecnologia.ufpr.br\/ccec\/en\/wp-json\/wp\/v2\/pages\/350"}],"collection":[{"href":"https:\/\/tecnologia.ufpr.br\/ccec\/en\/wp-json\/wp\/v2\/pages"}],"about":[{"href":"https:\/\/tecnologia.ufpr.br\/ccec\/en\/wp-json\/wp\/v2\/types\/page"}],"author":[{"embeddable":true,"href":"https:\/\/tecnologia.ufpr.br\/ccec\/en\/wp-json\/wp\/v2\/users\/1"}],"replies":[{"embeddable":true,"href":"https:\/\/tecnologia.ufpr.br\/ccec\/en\/wp-json\/wp\/v2\/comments?post=350"}],"version-history":[{"count":6,"href":"https:\/\/tecnologia.ufpr.br\/ccec\/en\/wp-json\/wp\/v2\/pages\/350\/revisions"}],"predecessor-version":[{"id":7596,"href":"https:\/\/tecnologia.ufpr.br\/ccec\/en\/wp-json\/wp\/v2\/pages\/350\/revisions\/7596"}],"wp:attachment":[{"href":"https:\/\/tecnologia.ufpr.br\/ccec\/en\/wp-json\/wp\/v2\/media?parent=350"}],"curies":[{"name":"wp","href":"https:\/\/api.w.org\/{rel}","templated":true}]}}