{"id":33,"date":"2016-04-05T15:43:13","date_gmt":"2016-04-05T15:43:13","guid":{"rendered":"https:\/\/tecnologia.ufpr.br\/cceq\/?page_id=33"},"modified":"2024-10-30T14:44:51","modified_gmt":"2024-10-30T17:44:51","slug":"transferencias","status":"publish","type":"page","link":"https:\/\/tecnologia.ufpr.br\/ccec\/en\/transferencias\/","title":{"rendered":"PROVAR"},"content":{"rendered":"<h4 class=\"wp-block-heading\">&nbsp;<\/h4>\n\n\n\n<div style=\"height:40px\" aria-hidden=\"true\" class=\"wp-block-spacer\"><\/div>\n\n\n\n<p>O PROVAR \u00e9 o mecanismo da UFPR para ocupa\u00e7\u00e3o das vagas remanescentes em gradua\u00e7\u00e3o, \u00e9 uma sele\u00e7\u00e3o anual da UFPR para preencher as vagas remanescentes a partir do 2\u00ba ano dos cursos da UFPR. O Provar atende tanto alunos de outras institui\u00e7\u00f5es, como ex-alunos e alunos da UFPR, a depender da modalidade ofertada. Confira as modalidades abaixo:<\/p>\n\n\n\n<figure class=\"wp-block-table\"><table><thead><tr><th>Modalidades do PROVAR<\/th><th>Descri\u00e7\u00e3o<\/th><\/tr><\/thead><tbody><tr><td><strong>Aproveitamento de curso superior:<\/strong><\/td><td>para graduados em qualquer institui\u00e7\u00e3o de ensino superior interessados em ingressar na UFPR para obter uma nova gradua\u00e7\u00e3o em curso ofertado pela UFPR.<\/td><\/tr><tr><td><strong>Complementa\u00e7\u00e3o de estudos:<\/strong><\/td><td>para estudantes graduados em qualquer institui\u00e7\u00e3o de ensino superior interessados em obter uma nova habilita\u00e7\u00e3o em curso ofertado pela UFPR.<\/td><\/tr><tr><td><strong>Mudan\u00e7a de campus:<\/strong><\/td><td>para estudantes da UFPR interessados em mudan\u00e7a para outro campus entre cursos com matrizes curriculares similares que permitam um elevado n\u00famero de equival\u00eancias entre si. Inscri\u00e7\u00f5es at\u00e9 15 de julho. Sem taxa de inscri\u00e7\u00e3o.<\/td><\/tr><tr><td><strong>Mudan\u00e7a de habilita\u00e7\u00e3o:<\/strong><\/td><td>para estudantes da UFPR interessados em mudan\u00e7a de habilita\u00e7\u00e3o entre cursos com matrizes curriculares similares que permitam um elevado n\u00famero de equival\u00eancias entre si.<\/td><\/tr><tr><td><strong>Mudan\u00e7a de turno:<\/strong><\/td><td>para estudantes da UFPR interessados em mudan\u00e7a de turno entre cursos com matrizes curriculares similares que permitam um elevado n\u00famero de equival\u00eancias entre si.<\/td><\/tr><tr><td><strong>Reop\u00e7\u00e3o de curso:<\/strong><\/td><td>para estudantes da UFPR interessados em mudan\u00e7a entre cursos com matrizes curriculares distintas, desde que o curso de origem seja identificado como curso afim pela coordena\u00e7\u00e3o do curso desejado.<\/td><\/tr><tr><td><strong>Reintegra\u00e7\u00e3o de ex-aluno:<\/strong><\/td><td>para estudantes com registro cancelado na UFPR interessados em reingressar em vers\u00e3o ativa do seu curso de origem.<\/td><\/tr><\/tbody><\/table><\/figure>\n\n\n\n<p>As inscri\u00e7\u00f5es devem ser feitas pelo site do N\u00facleo de Concursos da UFPR (<a href=\"https:\/\/servicos.nc.ufpr.br\/PortalNC\/Home\">www.nc.ufpr.br<\/a>). Confira abaixo os crit\u00e9rios e prazos de inscri\u00e7\u00e3o para cada modalidade:<\/p>\n\n\n\n<p>O processo de ocupa\u00e7\u00e3o de vagas acontece uma vez. Fique atento as datas para n\u00e3o perder os prazos!<\/p>\n\n\n\n<p>Maiores Informa\u00e7\u00f5es verificar: <a href=\"https:\/\/servicos.nc.ufpr.br\/PortalNC\/Home\">site do N\u00facleo de Concursos<\/a><\/p>\n\n\n\n<div style=\"height:100px\" aria-hidden=\"true\" class=\"wp-block-spacer\"><\/div>\n\n\n\n<div class=\"wp-block-group is-nowrap is-layout-flex wp-container-core-group-is-layout-2 wp-block-group-is-layout-flex\">\n<div class=\"wp-block-group is-nowrap is-layout-flex wp-container-core-group-is-layout-1 wp-block-group-is-layout-flex\">\n<p>Atualizado em: <\/p>\n<\/div>\n\n\n<div class=\"wp-block-post-date__modified-date wp-block-post-date\"><time datetime=\"2024-10-30T14:44:51-03:00\">30 de October de 2024<\/time><\/div><\/div>","protected":false},"excerpt":{"rendered":"<p>&nbsp; O PROVAR \u00e9 o mecanismo da UFPR para ocupa\u00e7\u00e3o das vagas remanescentes em gradua\u00e7\u00e3o, \u00e9 uma sele\u00e7\u00e3o anual da UFPR para preencher as vagas [&hellip;]<\/p>","protected":false},"author":1,"featured_media":0,"parent":0,"menu_order":0,"comment_status":"closed","ping_status":"closed","template":"","meta":{"footnotes":""},"_links":{"self":[{"href":"https:\/\/tecnologia.ufpr.br\/ccec\/en\/wp-json\/wp\/v2\/pages\/33"}],"collection":[{"href":"https:\/\/tecnologia.ufpr.br\/ccec\/en\/wp-json\/wp\/v2\/pages"}],"about":[{"href":"https:\/\/tecnologia.ufpr.br\/ccec\/en\/wp-json\/wp\/v2\/types\/page"}],"author":[{"embeddable":true,"href":"https:\/\/tecnologia.ufpr.br\/ccec\/en\/wp-json\/wp\/v2\/users\/1"}],"replies":[{"embeddable":true,"href":"https:\/\/tecnologia.ufpr.br\/ccec\/en\/wp-json\/wp\/v2\/comments?post=33"}],"version-history":[{"count":13,"href":"https:\/\/tecnologia.ufpr.br\/ccec\/en\/wp-json\/wp\/v2\/pages\/33\/revisions"}],"predecessor-version":[{"id":7334,"href":"https:\/\/tecnologia.ufpr.br\/ccec\/en\/wp-json\/wp\/v2\/pages\/33\/revisions\/7334"}],"wp:attachment":[{"href":"https:\/\/tecnologia.ufpr.br\/ccec\/en\/wp-json\/wp\/v2\/media?parent=33"}],"curies":[{"name":"wp","href":"https:\/\/api.w.org\/{rel}","templated":true}]}}