{"id":3128,"date":"2017-10-11T11:42:45","date_gmt":"2017-10-11T14:42:45","guid":{"rendered":"https:\/\/tecnologia.ufpr.br\/ccec\/?page_id=3128"},"modified":"2024-10-04T16:41:08","modified_gmt":"2024-10-04T19:41:08","slug":"certificado-de-conclusao-de-curso","status":"publish","type":"page","link":"https:\/\/tecnologia.ufpr.br\/ccec\/en\/certificado-de-conclusao-de-curso\/","title":{"rendered":"Certificado de Conclus\u00e3o de Curso"},"content":{"rendered":"<p>O Certificado de Conclus\u00e3o de Curso de Engenharia Civil, v\u00e1lido por 1 (um) ano, \u00e9 emitido ap\u00f3s a solenidade de Cola\u00e7\u00e3o de Grau.<\/p>\n\n\n\n<p>Ap\u00f3s a Cola\u00e7\u00e3o de Grau o formando receber\u00e1, no e-mail cadastrado do SIGA, o certificado de conclus\u00e3o do curso, hist\u00f3rico escolar e o tutorial do portal do egresso.<\/p>\n\n\n\n<p>Em posse do Certificado de Cola\u00e7\u00e3o de Grau e do hist\u00f3rico escolar, o estudante poder\u00e1 dar entrada no Registro provis\u00f3rio do CREA.<\/p>\n\n\n\n<p>Desde 2023, conforme determina\u00e7\u00e3o do MEC, os diplomas da UFPR s\u00e3o emitidos em formato digital, o prazo para expedi\u00e7\u00e3o e registro do diploma \u00e9 de at\u00e9 120 dias ap\u00f3s a data de cola\u00e7\u00e3o de grau. Ap\u00f3s o prazo o egresso poder\u00e1 acessar seu diploma pelo Portal do Egresso.&nbsp;&nbsp;<\/p>\n\n\n\n<p>Para maiores informa\u00e7\u00f5es sobre o diploma digital, acesse <a href=\"http:\/\/portal.mec.gov.br\/diplomadigital\/\" target=\"_blank\" rel=\"noreferrer noopener\">http:\/\/portal.mec.gov.br\/diplomadigital\/<\/a>&nbsp;&nbsp;<\/p>\n\n\n\n<div style=\"height:100px\" aria-hidden=\"true\" class=\"wp-block-spacer\"><\/div>\n\n\n\n<div class=\"wp-block-group is-nowrap is-layout-flex wp-container-core-group-is-layout-2 wp-block-group-is-layout-flex\">\n<div class=\"wp-block-group is-nowrap is-layout-flex wp-container-core-group-is-layout-1 wp-block-group-is-layout-flex\">\n<p>Atualizado em: <\/p>\n<\/div>\n\n\n<div class=\"wp-block-post-date__modified-date wp-block-post-date\"><time datetime=\"2024-10-04T16:41:08-03:00\">4 de October de 2024<\/time><\/div><\/div>","protected":false},"excerpt":{"rendered":"<p>O Certificado de Conclus\u00e3o de Curso de Engenharia Civil, v\u00e1lido por 1 (um) ano, \u00e9 emitido ap\u00f3s a solenidade de Cola\u00e7\u00e3o de Grau. Ap\u00f3s a [&hellip;]<\/p>","protected":false},"author":1,"featured_media":0,"parent":0,"menu_order":0,"comment_status":"closed","ping_status":"closed","template":"","meta":{"footnotes":""},"_links":{"self":[{"href":"https:\/\/tecnologia.ufpr.br\/ccec\/en\/wp-json\/wp\/v2\/pages\/3128"}],"collection":[{"href":"https:\/\/tecnologia.ufpr.br\/ccec\/en\/wp-json\/wp\/v2\/pages"}],"about":[{"href":"https:\/\/tecnologia.ufpr.br\/ccec\/en\/wp-json\/wp\/v2\/types\/page"}],"author":[{"embeddable":true,"href":"https:\/\/tecnologia.ufpr.br\/ccec\/en\/wp-json\/wp\/v2\/users\/1"}],"replies":[{"embeddable":true,"href":"https:\/\/tecnologia.ufpr.br\/ccec\/en\/wp-json\/wp\/v2\/comments?post=3128"}],"version-history":[{"count":7,"href":"https:\/\/tecnologia.ufpr.br\/ccec\/en\/wp-json\/wp\/v2\/pages\/3128\/revisions"}],"predecessor-version":[{"id":7267,"href":"https:\/\/tecnologia.ufpr.br\/ccec\/en\/wp-json\/wp\/v2\/pages\/3128\/revisions\/7267"}],"wp:attachment":[{"href":"https:\/\/tecnologia.ufpr.br\/ccec\/en\/wp-json\/wp\/v2\/media?parent=3128"}],"curies":[{"name":"wp","href":"https:\/\/api.w.org\/{rel}","templated":true}]}}