{"id":31,"date":"2016-04-05T15:42:42","date_gmt":"2016-04-05T15:42:42","guid":{"rendered":"https:\/\/tecnologia.ufpr.br\/cceq\/?page_id=31"},"modified":"2024-10-30T11:43:02","modified_gmt":"2024-10-30T14:43:02","slug":"equivalencias","status":"publish","type":"page","link":"https:\/\/tecnologia.ufpr.br\/ccec\/en\/equivalencias\/","title":{"rendered":"Equival\u00eancia de Disciplinas"},"content":{"rendered":"<p>Se voc\u00ea foi aprovado em alguma disciplina com conte\u00fado program\u00e1tico id\u00eantico ou semelhante a disciplina existente no curr\u00edculo do seu curso, poder\u00e1 pedir&nbsp;equival\u00eancia de disciplina na Coordena\u00e7\u00e3o de seu Curso.<\/p>\n\n\n\n<ul>\n<li>Entende-se por equival\u00eancia em disciplina junto ao registro ativo do aluno na UFPR, a isen\u00e7\u00e3o da obrigatoriedade de cursar uma disciplina por haver sido aprovado em disciplina com conte\u00fado program\u00e1tico id\u00eantico ou semelhante ou de conte\u00fado relevante para a forma\u00e7\u00e3o profissional, cursada em outro registro, curr\u00edculo, curso ou institui\u00e7\u00e3o.<\/li>\n\n\n\n<li>Essa disciplina pode ter sido cursada na UFPR ou em outra Institui\u00e7\u00e3o de Ensino Superior.<\/li>\n\n\n\n<li>A <a href=\"http:\/\/www.soc.ufpr.br\/wp-content\/uploads\/2016\/07\/resolucao_cepe_08012014-860.pdf\">Resolu\u00e7\u00e3o 92\/13\u2010CEPE<\/a> estabelece que o aluno s\u00f3 pode solicitar equival\u00eancia de disciplinas uma vez:\u00a0<strong>por ocasi\u00e3o do ingresso na UFPR e, quando for o caso, NO RETORNO DE INTERC\u00c2MBIO<\/strong> na Coordena\u00e7\u00e3o do curso.<\/li>\n\n\n\n<li>Para alunos que retornam de interc\u00e2mbio, estes DEVEM\u00a0fazer o pedido de suas equival\u00eancias logo ap\u00f3s o seu retorno.<\/li>\n\n\n\n<li>O calend\u00e1rio acad\u00eamico estabelece o prazo final para solicita\u00e7\u00e3o das equival\u00eancias de disciplinas.<\/li>\n\n\n\n<li>As equival\u00eancias s\u00e3o registradas sem a nota ou o conceito.<\/li>\n\n\n\n<li>O per\u00edodo de afastamento ser\u00e1 computado no prazo de integraliza\u00e7\u00e3o do curso, e, portanto, quando retornar, o aluno estar\u00e1 automaticamente desperiodizado em rela\u00e7\u00e3o \u00e0 periodiza\u00e7\u00e3o recomendada.<\/li>\n<\/ul>\n\n\n\n<div style=\"height:40px\" aria-hidden=\"true\" class=\"wp-block-spacer\"><\/div>\n\n\n\n<h2 class=\"wp-block-heading\" style=\"font-size:24px\">Procedimento para requerer equival\u00eancia:<\/h2>\n\n\n\n<p>As solicita\u00e7\u00f5es de equival\u00eancia devem ser realizadas no <a href=\"https:\/\/sistemas.ufpr.br\/auth\/realms\/producao\/protocol\/openid-connect\/auth?client_id=portal-sistemas&amp;scope=openid&amp;response_type=code&amp;redirect_uri=https%3A%2F%2Fsistemas.ufpr.br%2Flogin%2Fcallback\">Sistema SIGA<\/a> nas datas estabelecidas em <a href=\"https:\/\/tecnologia.ufpr.br\/ccec\/en\/calendario\/\">Calend\u00e1rio Acad\u00eamico<\/a> vigente.<\/p>\n\n\n\n<div class=\"wp-block-group\"><div class=\"wp-block-group__inner-container is-layout-constrained wp-block-group-is-layout-constrained\">\n<p class=\"has-text-color has-link-color has-medium-font-size wp-elements-04fa3a32f664a6cf8ee4b4279ae26c0d\" style=\"color:#066aab\"><strong>Anexar no SIGA:<\/strong><\/p>\n\n\n\n<div class=\"wp-block-group is-nowrap is-layout-flex wp-container-core-group-is-layout-6 wp-block-group-is-layout-flex\">\n<div class=\"wp-block-group is-nowrap is-layout-flex wp-container-core-group-is-layout-2 wp-block-group-is-layout-flex\">\n<p class=\"has-text-align-center has-text-color has-link-color wp-elements-2d506f69a058cc2dd3eedad2920658fc\" style=\"color:#066aab;font-size:24px;text-transform:uppercase\"><strong> <\/strong><\/p>\n\n\n\n<div class=\"wp-block-group is-vertical is-layout-flex wp-container-core-group-is-layout-1 wp-block-group-is-layout-flex\">\n<p>  <\/p>\n<\/div>\n<\/div>\n\n\n\n<hr class=\"wp-block-separator has-alpha-channel-opacity\" \/>\n\n\n\n<div class=\"wp-block-group is-vertical is-layout-flex wp-container-core-group-is-layout-5 wp-block-group-is-layout-flex\">\n<div class=\"wp-block-group is-vertical is-layout-flex wp-container-core-group-is-layout-3 wp-block-group-is-layout-flex\">\n<p><strong>Ementas das disciplinas:<\/strong> Programas das disciplinas cursadas na institui\u00e7\u00e3o de origem com autentica\u00e7\u00e3o (carimbo, visto ou autentica\u00e7\u00e3o eletr\u00f4nica, etc&#8230;), onde constem os planos de ensinos (ementa, carga hor\u00e1ria, objetivos, conte\u00fado program\u00e1tico ou desdobramento da \u00e1rea de conhecimento em unidades, procedimentos did\u00e1ticos, formas de avalia\u00e7\u00e3o e bibliografia b\u00e1sica utilizada);<\/p>\n<\/div>\n\n\n\n<div class=\"wp-block-group is-vertical is-layout-flex wp-container-core-group-is-layout-4 wp-block-group-is-layout-flex\">\n<p><span style=\"text-align: justify\"><strong>Hist\u00f3rico escolar ou certificado<\/strong> originais: da \u00e9poca de conclus\u00e3o da disciplina, completo e atualizado, em que constem a denomina\u00e7\u00e3o da disciplina, sua carga hor\u00e1ria total, nota ou conceito e frequ\u00eancia obtidas, bem como os par\u00e2metros m\u00ednimos para aprova\u00e7\u00e3o na Institui\u00e7\u00e3o de origem.\u00a0<\/span><\/p>\n<\/div>\n<\/div>\n<\/div>\n\n\n\n<div style=\"height:40px\" aria-hidden=\"true\" class=\"wp-block-spacer\"><\/div>\n\n\n\n<h2 class=\"wp-block-heading\" style=\"font-size:24px\">Mobilidade Acad\u00eamica<\/h2>\n\n\n\n<p class=\"has-text-color has-link-color has-medium-font-size wp-elements-5119295e9105abaefb1ce93ebeaac8b4\" style=\"color:#066aab\"><strong><strong>Enviar para <em><a href=\"\/ccec\/en\/civilsecretaria@ufpr.br\/\" data-type=\"link\" data-id=\"civilsecretaria@ufpr.br\">E-mail da secretaria<\/a>:<\/em><\/strong><\/strong><\/p>\n\n\n\n<div class=\"wp-block-group is-nowrap is-layout-flex wp-container-core-group-is-layout-12 wp-block-group-is-layout-flex\">\n<div class=\"wp-block-group is-nowrap is-layout-flex wp-container-core-group-is-layout-8 wp-block-group-is-layout-flex\">\n<p class=\"has-text-align-center has-text-color has-link-color wp-elements-2d506f69a058cc2dd3eedad2920658fc\" style=\"color:#066aab;font-size:24px;text-transform:uppercase\"><strong> <\/strong><\/p>\n\n\n\n<div class=\"wp-block-group is-vertical is-layout-flex wp-container-core-group-is-layout-7 wp-block-group-is-layout-flex\">\n<p>  <\/p>\n<\/div>\n<\/div>\n\n\n\n<hr class=\"wp-block-separator has-alpha-channel-opacity\" \/>\n\n\n\n<div class=\"wp-block-group is-vertical is-layout-flex wp-container-core-group-is-layout-11 wp-block-group-is-layout-flex\">\n<div class=\"wp-block-group is-vertical is-layout-flex wp-container-core-group-is-layout-9 wp-block-group-is-layout-flex\">\n<p><strong>Hist\u00f3rico escolar ou documentos equivalentes que comprovem a conclus\u00e3o de disciplina em institui\u00e7\u00f5es de pa\u00edses estrangeiros<\/strong> devem ser legalizados, unicamente, junto \u00e0s Reparti\u00e7\u00f5es Consulares do Minist\u00e9rio das Rela\u00e7\u00f5es Exteriores (MRE) no exterior. Esses documentos devem ser acompanhados de tradu\u00e7\u00e3o juramentada.<\/p>\n<\/div>\n\n\n\n<div class=\"wp-block-group is-vertical is-layout-flex wp-container-core-group-is-layout-10 wp-block-group-is-layout-flex\">\n<p><span style=\"text-align: justify\"><strong>Ementa das disciplinas:<\/strong> Os programas das disciplinas e demais atividades formativas devem ser acompanhados de tradu\u00e7\u00e3o simples; isto n\u00e3o se aplica para as disciplinas cursadas em fun\u00e7\u00e3o de conv\u00eanios assinadas pela Universidade com outras Institui\u00e7\u00f5es de Ensino Superior.<\/span><\/p>\n<\/div>\n<\/div>\n<\/div>\n<\/div><\/div>\n\n\n\n<p><span style=\"text-align: justify\"><\/span><\/p>\n\n\n\n<div style=\"height:40px\" aria-hidden=\"true\" class=\"wp-block-spacer\"><\/div>\n\n\n\n<hr class=\"wp-block-separator has-alpha-channel-opacity\" \/>\n\n\n\n<p class=\"has-text-color has-link-color wp-elements-882136dcf760422400d18bacfc4a004f\" style=\"color:#066aab\"><strong>CRIT\u00c9RIOS PARA EQUIVAL\u00caNCIA:<\/strong><\/p>\n\n\n\n<p>Os crit\u00e9rios para equival\u00eancia ser\u00e3o (<a href=\"https:\/\/soc.ufpr.br\/wp-content\/uploads\/2018\/09\/in0114CEPEmodificada.pdf\">INSTRU\u00c7\u00c3O NORMATIVA N\u00b0 01\/14 \u2013 PROGRAD<\/a>)<\/p>\n\n\n\n<hr class=\"wp-block-separator has-alpha-channel-opacity\" \/>\n\n\n\n<div style=\"height:100px\" aria-hidden=\"true\" class=\"wp-block-spacer\"><\/div>\n\n\n\n<div class=\"wp-block-group is-nowrap is-layout-flex wp-container-core-group-is-layout-15 wp-block-group-is-layout-flex\">\n<div class=\"wp-block-group is-nowrap is-layout-flex wp-container-core-group-is-layout-14 wp-block-group-is-layout-flex\">\n<p>Atualizado em: <\/p>\n<\/div>\n\n\n<div class=\"wp-block-post-date__modified-date wp-block-post-date\"><time datetime=\"2024-10-30T11:43:02-03:00\">30 de October de 2024<\/time><\/div><\/div>\n\n\n\n<h3 class=\"wp-block-heading\">&nbsp;<\/h3>","protected":false},"excerpt":{"rendered":"<p>Se voc\u00ea foi aprovado em alguma disciplina com conte\u00fado program\u00e1tico id\u00eantico ou semelhante a disciplina existente no curr\u00edculo do seu curso, poder\u00e1 pedir&nbsp;equival\u00eancia de disciplina [&hellip;]<\/p>","protected":false},"author":1,"featured_media":0,"parent":0,"menu_order":0,"comment_status":"closed","ping_status":"closed","template":"","meta":{"footnotes":""},"_links":{"self":[{"href":"https:\/\/tecnologia.ufpr.br\/ccec\/en\/wp-json\/wp\/v2\/pages\/31"}],"collection":[{"href":"https:\/\/tecnologia.ufpr.br\/ccec\/en\/wp-json\/wp\/v2\/pages"}],"about":[{"href":"https:\/\/tecnologia.ufpr.br\/ccec\/en\/wp-json\/wp\/v2\/types\/page"}],"author":[{"embeddable":true,"href":"https:\/\/tecnologia.ufpr.br\/ccec\/en\/wp-json\/wp\/v2\/users\/1"}],"replies":[{"embeddable":true,"href":"https:\/\/tecnologia.ufpr.br\/ccec\/en\/wp-json\/wp\/v2\/comments?post=31"}],"version-history":[{"count":11,"href":"https:\/\/tecnologia.ufpr.br\/ccec\/en\/wp-json\/wp\/v2\/pages\/31\/revisions"}],"predecessor-version":[{"id":7324,"href":"https:\/\/tecnologia.ufpr.br\/ccec\/en\/wp-json\/wp\/v2\/pages\/31\/revisions\/7324"}],"wp:attachment":[{"href":"https:\/\/tecnologia.ufpr.br\/ccec\/en\/wp-json\/wp\/v2\/media?parent=31"}],"curies":[{"name":"wp","href":"https:\/\/api.w.org\/{rel}","templated":true}]}}