{"id":23,"date":"2016-04-05T15:40:55","date_gmt":"2016-04-05T15:40:55","guid":{"rendered":"https:\/\/tecnologia.ufpr.br\/cceq\/?page_id=23"},"modified":"2025-01-14T11:22:36","modified_gmt":"2025-01-14T14:22:36","slug":"calendario","status":"publish","type":"page","link":"https:\/\/tecnologia.ufpr.br\/ccec\/en\/calendario\/","title":{"rendered":"Calend\u00e1rio Acad\u00eamico"},"content":{"rendered":"<div style=\"height:40px\" aria-hidden=\"true\" class=\"wp-block-spacer\"><\/div>\n\n\n\n<p><strong>Estabelece os prazos para a realiza\u00e7\u00e3o das diversas atividades administrativas dos cursos de gradua\u00e7\u00e3o da UFPR. <\/strong><strong>Fora dos prazos, quaisquer solicita\u00e7\u00f5es n\u00e3o poder\u00e3o ser realizadas.&nbsp;<\/strong><\/p>\n\n\n\n<p>Cont\u00e9m prazos para matr\u00edculas, in\u00edcio e t\u00e9rmino de semestres letivos, feriados, recessos entre outros.<\/p>\n\n\n\n<p>Fiquem atentos ao calend\u00e1rio para n\u00e3o perder os prazos!<\/p>\n\n\n\n<ul>\n<li>Calend\u00e1rio acad\u00eamico 2025 &#8211; Resolu\u00e7\u00e3o n\u00ba 19\/24 &#8211; CEPE: <a href=\"https:\/\/soc.ufpr.br\/wp-content\/uploads\/2024\/12\/RESOLUCAO-No-19-24-CEPE-1.pdf\">Calend\u00e1rio 2025<\/a>.<\/li>\n<\/ul>\n\n\n\n<p>O calend\u00e1rio atualizado sempre poder\u00e1 ser encontrado no fim da p\u00e1gina do site da prograd: <a href=\"http:\/\/www.prograd.ufpr.br\/portal\/calendario-academico\/\" data-wplink-edit=\"true\">http:\/\/www.prograd.ufpr.br\/<\/a><\/p>\n\n\n\n<h2 class=\"wp-block-heading\"><span style=\"font-size: 18pt\">Esclarecimento<\/span><\/h2>\n\n\n\n<div style=\"height:40px\" aria-hidden=\"true\" class=\"wp-block-spacer\"><\/div>\n\n\n\n<p>Todo ano, o&nbsp;Conselho Universit\u00e1rio&nbsp;\u2013 que \u00e9 o&nbsp;\u00f3rg\u00e3o colegiado m\u00e1ximo da UFPR \u2013 define, por meio de uma de suas resolu\u00e7\u00f5es, um Calend\u00e1rio Acad\u00eamico a ser seguido por todas as unidades da institui\u00e7\u00e3o no ano posterior. A&nbsp;<a href=\"http:\/\/www.soc.ufpr.br\/portal\/\" target=\"_blank\" rel=\"noopener noreferrer\">Secretaria de \u00d3rg\u00e3os Colegiados<\/a>&nbsp;(SOC) publica e eventualmente atualiza todas as resolu\u00e7\u00f5es dos Conselhos Superiores, inclusive a que estabelece o calend\u00e1rio.<\/p>\n\n\n\n<p>O <a href=\"http:\/\/www.soc.ufpr.br\/portal\/cepe\/\">Conselho de Ensino, Pesquisa e Extens\u00e3o<\/a> da UFPR (Cepe) estabelece o&nbsp;<strong>calend\u00e1rio escolar&nbsp;<\/strong>para os cursos de gradua\u00e7\u00e3o e de educa\u00e7\u00e3o profissional e tecnol\u00f3gica do&nbsp;ano letivo.<\/p>\n\n\n\n<hr class=\"wp-block-separator has-alpha-channel-opacity\" \/>\n\n\n\n<div style=\"height:115px\" aria-hidden=\"true\" class=\"wp-block-spacer\"><\/div>\n\n\n\n<div class=\"wp-block-group is-nowrap is-layout-flex wp-container-core-group-is-layout-2 wp-block-group-is-layout-flex\">\n<div class=\"wp-block-group is-nowrap is-layout-flex wp-container-core-group-is-layout-1 wp-block-group-is-layout-flex\">\n<p>Atualizado em: <\/p>\n<\/div>\n\n\n<div class=\"wp-block-post-date__modified-date wp-block-post-date\"><time datetime=\"2025-01-14T11:22:36-03:00\">14 de January de 2025<\/time><\/div><\/div>\n\n\n\n<p><\/p>","protected":false},"excerpt":{"rendered":"<p>Estabelece os prazos para a realiza\u00e7\u00e3o das diversas atividades administrativas dos cursos de gradua\u00e7\u00e3o da UFPR. Fora dos prazos, quaisquer solicita\u00e7\u00f5es n\u00e3o poder\u00e3o ser realizadas.&nbsp; [&hellip;]<\/p>","protected":false},"author":1,"featured_media":0,"parent":0,"menu_order":0,"comment_status":"closed","ping_status":"closed","template":"","meta":{"footnotes":""},"_links":{"self":[{"href":"https:\/\/tecnologia.ufpr.br\/ccec\/en\/wp-json\/wp\/v2\/pages\/23"}],"collection":[{"href":"https:\/\/tecnologia.ufpr.br\/ccec\/en\/wp-json\/wp\/v2\/pages"}],"about":[{"href":"https:\/\/tecnologia.ufpr.br\/ccec\/en\/wp-json\/wp\/v2\/types\/page"}],"author":[{"embeddable":true,"href":"https:\/\/tecnologia.ufpr.br\/ccec\/en\/wp-json\/wp\/v2\/users\/1"}],"replies":[{"embeddable":true,"href":"https:\/\/tecnologia.ufpr.br\/ccec\/en\/wp-json\/wp\/v2\/comments?post=23"}],"version-history":[{"count":19,"href":"https:\/\/tecnologia.ufpr.br\/ccec\/en\/wp-json\/wp\/v2\/pages\/23\/revisions"}],"predecessor-version":[{"id":7613,"href":"https:\/\/tecnologia.ufpr.br\/ccec\/en\/wp-json\/wp\/v2\/pages\/23\/revisions\/7613"}],"wp:attachment":[{"href":"https:\/\/tecnologia.ufpr.br\/ccec\/en\/wp-json\/wp\/v2\/media?parent=23"}],"curies":[{"name":"wp","href":"https:\/\/api.w.org\/{rel}","templated":true}]}}