{"id":2151,"date":"2016-08-17T18:01:12","date_gmt":"2016-08-17T18:01:12","guid":{"rendered":"https:\/\/tecnologia.ufpr.br\/cceq\/?page_id=2151"},"modified":"2018-10-16T13:10:26","modified_gmt":"2018-10-16T16:10:26","slug":"projeto-de-final-de-curso-pfc","status":"publish","type":"page","link":"https:\/\/tecnologia.ufpr.br\/ccec\/en\/projeto-de-final-de-curso-pfc\/","title":{"rendered":"Trabalho de Final de Curso &#8211; TFC"},"content":{"rendered":"<p>A partir do nono per\u00edodo, os alunos realizam o <strong>Trabalho de Final de Curso &#8211; TFC<\/strong><\/p>\n<p>O objetivo destas disciplinas \u00e9 formar engenheiros civis de alta qualidade para o mercado de trabalho, permitindo que todos tenham a oportunidade de evoluir, de desenvolver novas habilidades e de se superar.<\/p>\n<p>Os alunos tem a oportunidade de exercitar os conhecimentos adquiridos durante TODO o curso, al\u00e9m de utilizar as diversas ferramentas da engenharia civil com as quais teve contato durante toda a sua forma\u00e7\u00e3o acad\u00eamica.<\/p>\n<p>No Curso de Engenharia Civil temos:<\/p>\n<ul>\n<li>\u00a0TC081 &#8211; Trabalho Final de Curso em Constru\u00e7\u00e3o Civil I<\/li>\n<li>TC082 &#8211; Trabalho Final de Curso em Constru\u00e7\u00e3o Civil II<\/li>\n<li>TH061 &#8211; Trabalho Final de Curso em Engenharia em Hidr\u00e1ulica, Hidrologia e Saneamento I<\/li>\n<li>TH062 &#8211; Trabalho Final de Curso em Engenharia em Hidr\u00e1ulica, Hidrologia e Saneamento II<\/li>\n<li>TT071 &#8211; Trabalho Final de Curso em Engenharia em Transportes I<\/li>\n<li>TT072 &#8211; Trabalho Final de Curso em Engenharia de Transportes II<\/li>\n<\/ul>\n<p>&nbsp;<\/p>\n<hr \/>\n<p>&nbsp;<\/p>\n<p>&nbsp;<\/p>\n<p>&nbsp;<\/p>\n<p>&nbsp;<\/p>","protected":false},"excerpt":{"rendered":"<p>A partir do nono per\u00edodo, os alunos realizam o Trabalho de Final de Curso &#8211; TFC O objetivo destas disciplinas \u00e9 formar engenheiros civis de [&hellip;]<\/p>","protected":false},"author":1,"featured_media":0,"parent":0,"menu_order":0,"comment_status":"closed","ping_status":"closed","template":"","meta":{"footnotes":""},"_links":{"self":[{"href":"https:\/\/tecnologia.ufpr.br\/ccec\/en\/wp-json\/wp\/v2\/pages\/2151"}],"collection":[{"href":"https:\/\/tecnologia.ufpr.br\/ccec\/en\/wp-json\/wp\/v2\/pages"}],"about":[{"href":"https:\/\/tecnologia.ufpr.br\/ccec\/en\/wp-json\/wp\/v2\/types\/page"}],"author":[{"embeddable":true,"href":"https:\/\/tecnologia.ufpr.br\/ccec\/en\/wp-json\/wp\/v2\/users\/1"}],"replies":[{"embeddable":true,"href":"https:\/\/tecnologia.ufpr.br\/ccec\/en\/wp-json\/wp\/v2\/comments?post=2151"}],"version-history":[{"count":3,"href":"https:\/\/tecnologia.ufpr.br\/ccec\/en\/wp-json\/wp\/v2\/pages\/2151\/revisions"}],"predecessor-version":[{"id":3731,"href":"https:\/\/tecnologia.ufpr.br\/ccec\/en\/wp-json\/wp\/v2\/pages\/2151\/revisions\/3731"}],"wp:attachment":[{"href":"https:\/\/tecnologia.ufpr.br\/ccec\/en\/wp-json\/wp\/v2\/media?parent=2151"}],"curies":[{"name":"wp","href":"https:\/\/api.w.org\/{rel}","templated":true}]}}