{"id":21,"date":"2016-04-05T15:40:42","date_gmt":"2016-04-05T15:40:42","guid":{"rendered":"https:\/\/tecnologia.ufpr.br\/cceq\/?page_id=21"},"modified":"2024-11-07T11:32:29","modified_gmt":"2024-11-07T14:32:29","slug":"atribuicoes-do-engenheiro-quimico","status":"publish","type":"page","link":"https:\/\/tecnologia.ufpr.br\/ccec\/en\/atribuicoes-do-engenheiro-quimico\/","title":{"rendered":"Atribui\u00e7\u00f5es do Engenheiro Civil"},"content":{"rendered":"<div style=\"height:40px\" aria-hidden=\"true\" class=\"wp-block-spacer\"><\/div>\n\n\n\n<div class=\"wp-block-group is-nowrap is-layout-flex wp-container-core-group-is-layout-1 wp-block-group-is-layout-flex\">\n<p>As atividades e atribui\u00e7\u00f5es podem ser conferidas na Resolu\u00e7\u00e3o 1048\/2013-CONFEA:<\/p>\n\n\n\n<figure class=\"wp-block-image size-full is-resized\"><a href=\"https:\/\/tecnologia.ufpr.br\/ccec\/wp-content\/uploads\/sites\/32\/2019\/10\/cartilha_resolucao1048.pdf\" target=\"_blank\" rel=\"noreferrer noopener\"><img loading=\"lazy\" decoding=\"async\" width=\"512\" height=\"512\" src=\"https:\/\/tecnologia.ufpr.br\/ccec\/wp-content\/uploads\/sites\/32\/2024\/11\/documento.png\" alt=\"\" class=\"wp-image-7455\" style=\"width:35px\" srcset=\"https:\/\/tecnologia.ufpr.br\/ccec\/wp-content\/uploads\/sites\/32\/2024\/11\/documento.png 512w, https:\/\/tecnologia.ufpr.br\/ccec\/wp-content\/uploads\/sites\/32\/2024\/11\/documento-300x300.png 300w, https:\/\/tecnologia.ufpr.br\/ccec\/wp-content\/uploads\/sites\/32\/2024\/11\/documento-150x150.png 150w, https:\/\/tecnologia.ufpr.br\/ccec\/wp-content\/uploads\/sites\/32\/2024\/11\/documento-12x12.png 12w, https:\/\/tecnologia.ufpr.br\/ccec\/wp-content\/uploads\/sites\/32\/2024\/11\/documento-98x98.png 98w, https:\/\/tecnologia.ufpr.br\/ccec\/wp-content\/uploads\/sites\/32\/2024\/11\/documento-57x57.png 57w\" sizes=\"(max-width: 512px) 100vw, 512px\" \/><\/a><\/figure>\n<\/div>\n\n\n\n<div style=\"height:100px\" aria-hidden=\"true\" class=\"wp-block-spacer\"><\/div>\n\n\n\n<div class=\"wp-block-group is-nowrap is-layout-flex wp-container-core-group-is-layout-2 wp-block-group-is-layout-flex\">\n<div style=\"height:100px;width:0px\" aria-hidden=\"true\" class=\"wp-block-spacer wp-container-content-1\"><\/div>\n<\/div>\n\n\n\n<div class=\"wp-block-group is-nowrap is-layout-flex wp-container-core-group-is-layout-3 wp-block-group-is-layout-flex\">\n<p>Atualizado em: <\/p>\n\n\n<div class=\"wp-block-post-date__modified-date wp-block-post-date\"><time datetime=\"2024-11-07T11:32:29-03:00\">7 de November de 2024<\/time><\/div><\/div>","protected":false},"excerpt":{"rendered":"<p>As atividades e atribui\u00e7\u00f5es podem ser conferidas na Resolu\u00e7\u00e3o 1048\/2013-CONFEA: Atualizado em:<\/p>","protected":false},"author":1,"featured_media":0,"parent":0,"menu_order":0,"comment_status":"closed","ping_status":"closed","template":"","meta":{"footnotes":""},"_links":{"self":[{"href":"https:\/\/tecnologia.ufpr.br\/ccec\/en\/wp-json\/wp\/v2\/pages\/21"}],"collection":[{"href":"https:\/\/tecnologia.ufpr.br\/ccec\/en\/wp-json\/wp\/v2\/pages"}],"about":[{"href":"https:\/\/tecnologia.ufpr.br\/ccec\/en\/wp-json\/wp\/v2\/types\/page"}],"author":[{"embeddable":true,"href":"https:\/\/tecnologia.ufpr.br\/ccec\/en\/wp-json\/wp\/v2\/users\/1"}],"replies":[{"embeddable":true,"href":"https:\/\/tecnologia.ufpr.br\/ccec\/en\/wp-json\/wp\/v2\/comments?post=21"}],"version-history":[{"count":10,"href":"https:\/\/tecnologia.ufpr.br\/ccec\/en\/wp-json\/wp\/v2\/pages\/21\/revisions"}],"predecessor-version":[{"id":7453,"href":"https:\/\/tecnologia.ufpr.br\/ccec\/en\/wp-json\/wp\/v2\/pages\/21\/revisions\/7453"}],"wp:attachment":[{"href":"https:\/\/tecnologia.ufpr.br\/ccec\/en\/wp-json\/wp\/v2\/media?parent=21"}],"curies":[{"name":"wp","href":"https:\/\/api.w.org\/{rel}","templated":true}]}}