{"id":1865,"date":"2016-05-31T15:35:06","date_gmt":"2016-05-31T15:35:06","guid":{"rendered":"https:\/\/tecnologia.ufpr.br\/cceq\/?page_id=1865"},"modified":"2024-10-29T14:40:50","modified_gmt":"2024-10-29T17:40:50","slug":"avaliacao-das-disciplinas","status":"publish","type":"page","link":"https:\/\/tecnologia.ufpr.br\/ccec\/en\/avaliacao-das-disciplinas\/","title":{"rendered":"AVALIA\u00c7\u00c3O INSTITUCIONAL ANUAL DAS DISCIPLINAS E DA ORGANIZA\u00c7\u00c3O DO ENSINO DO CURSO DE ENGENHARIA CIVIL DA UFPR"},"content":{"rendered":"<div style=\"height:40px\" aria-hidden=\"true\" class=\"wp-block-spacer\"><\/div>\n\n\n\n<hr class=\"wp-block-separator has-alpha-channel-opacity\" \/>\n\n\n\n<div class=\"wp-block-group is-nowrap is-layout-flex wp-container-core-group-is-layout-2 wp-block-group-is-layout-flex\">\n<div class=\"wp-block-group is-nowrap is-layout-flex wp-container-core-group-is-layout-1 wp-block-group-is-layout-flex\">\n<h3 class=\"wp-block-heading has-vivid-red-color has-text-color has-link-color wp-elements-2b9139449c66b2954b6042f83769163f\">Pr\u00f3xima avalia\u00e7\u00e3o institucional ser\u00e1 publicada aqui<\/h3>\n<\/div>\n\n\n\n<p>Per\u00edodo de avalia\u00e7\u00e3o institucional<br>Link: <\/p>\n<\/div>\n\n\n\n<hr class=\"wp-block-separator has-alpha-channel-opacity\" \/>\n\n\n\n<div style=\"height:40px\" aria-hidden=\"true\" class=\"wp-block-spacer\"><\/div>\n\n\n\n<p><strong>Anualmente, a Universidade Federal do Paran\u00e1 aplica um question\u00e1rio online destinado aos alunos para que estes avaliem a qualidade do curso e das disciplinas ministradas, assim como a qualidade das aulas e da infraestrutura.<\/strong><\/p>\n\n\n\n<p><strong>Todos os alunos s\u00e3o convocados a responder a um question\u00e1rio sobre a UFPR, sobre seu curso e sobre as disciplinas que cursou. \u00c9 uma ferramenta de avalia\u00e7\u00e3o cont\u00ednua.<\/strong><\/p>\n\n\n\n<p>A pesquisa \u00e9 aplicada pela Coordena\u00e7\u00e3o de Pol\u00edticas de Avalia\u00e7\u00e3o Institucional de Ensino &#8211; COPAIE, como parte integrante da PROGRAD, compreende a avalia\u00e7\u00e3o como um processo din\u00e2mico e integrador. Tem por objetivo gerar e subsidiar diagn\u00f3sticos avaliativos, propondo instrumentos de corre\u00e7\u00e3o e melhorias.<\/p>\n\n\n\n<div style=\"height:40px\" aria-hidden=\"true\" class=\"wp-block-spacer\"><\/div>\n\n\n\n<p class=\"has-text-align-center\"><span style=\"color: #993300\"><strong><span style=\"color: #ff0000\">PARA QUE SE TENHA UM RESULTADO REPRESENTATIVO, \u00c9 EXTREMAMENTE IMPORTANTE A PARTICIPA\u00c7\u00c3O DE TODOS OS ALUNOS DE NOSSO CURSO, COMO TAMB\u00c9M QUE RESPONDAM O QUESTION\u00c1RIO DE FORMA CONSCIENTE, RESPONS\u00c1VEL, REFLETINDO ANTES SOBRE A PERGUNTA E SOBRE AS REPOSTAS.<\/span>&nbsp;<\/strong><\/span><\/p>\n\n\n\n<div style=\"height:40px\" aria-hidden=\"true\" class=\"wp-block-spacer\"><\/div>\n\n\n\n<p>A partir dos relat\u00f3rios gerados, prop\u00f5em-se instrumentos de corre\u00e7\u00e3o e melhorias, visando a qualidade do ensino dos alunos de gradua\u00e7\u00e3o.<\/p>\n\n\n\n<p>A participa\u00e7\u00e3o dos alunos \u00e9 importante para consolidarmos este processo,&nbsp;garantindo que a UFPR tenha informa\u00e7\u00f5es sobre a avalia\u00e7\u00e3o das disciplinas&nbsp;regularmente.<\/p>\n\n\n\n<div style=\"height:45px\" aria-hidden=\"true\" class=\"wp-block-spacer\"><\/div>\n\n\n\n<h2 class=\"wp-block-heading has-text-align-center\">Guia da Faculdade Estad\u00e3o<br> Edi\u00e7\u00e3o 2024<\/h2>\n\n\n\n<figure class=\"wp-block-image size-large is-resized\"><img loading=\"lazy\" decoding=\"async\" width=\"1024\" height=\"346\" src=\"https:\/\/tecnologia.ufpr.br\/ccec\/wp-content\/uploads\/sites\/32\/2024\/10\/guiaestadao2023-1-1024x346.jpg\" alt=\"\" class=\"wp-image-7287\" style=\"width:850px;height:auto\" srcset=\"https:\/\/tecnologia.ufpr.br\/ccec\/wp-content\/uploads\/sites\/32\/2024\/10\/guiaestadao2023-1-1024x346.jpg 1024w, https:\/\/tecnologia.ufpr.br\/ccec\/wp-content\/uploads\/sites\/32\/2024\/10\/guiaestadao2023-1-300x101.jpg 300w, https:\/\/tecnologia.ufpr.br\/ccec\/wp-content\/uploads\/sites\/32\/2024\/10\/guiaestadao2023-1-768x259.jpg 768w, https:\/\/tecnologia.ufpr.br\/ccec\/wp-content\/uploads\/sites\/32\/2024\/10\/guiaestadao2023-1-18x6.jpg 18w, https:\/\/tecnologia.ufpr.br\/ccec\/wp-content\/uploads\/sites\/32\/2024\/10\/guiaestadao2023-1-160x54.jpg 160w, https:\/\/tecnologia.ufpr.br\/ccec\/wp-content\/uploads\/sites\/32\/2024\/10\/guiaestadao2023-1.jpg 1255w\" sizes=\"(max-width: 1024px) 100vw, 1024px\" \/><\/figure>\n\n\n\n<div style=\"height:40px\" aria-hidden=\"true\" class=\"wp-block-spacer\"><\/div>\n\n\n\n<h2 class=\"wp-block-heading has-text-align-center\">Ranking Universit\u00e1rio Folha <br>Edi\u00e7\u00e3o 2024<\/h2>\n\n\n\n<figure class=\"wp-block-image size-large is-resized\"><img loading=\"lazy\" decoding=\"async\" width=\"1024\" height=\"136\" src=\"https:\/\/tecnologia.ufpr.br\/ccec\/wp-content\/uploads\/sites\/32\/2024\/10\/RUF2024-1-1024x136.jpg\" alt=\"\" class=\"wp-image-7289\" style=\"width:848px;height:auto\" srcset=\"https:\/\/tecnologia.ufpr.br\/ccec\/wp-content\/uploads\/sites\/32\/2024\/10\/RUF2024-1-1024x136.jpg 1024w, https:\/\/tecnologia.ufpr.br\/ccec\/wp-content\/uploads\/sites\/32\/2024\/10\/RUF2024-1-300x40.jpg 300w, https:\/\/tecnologia.ufpr.br\/ccec\/wp-content\/uploads\/sites\/32\/2024\/10\/RUF2024-1-768x102.jpg 768w, https:\/\/tecnologia.ufpr.br\/ccec\/wp-content\/uploads\/sites\/32\/2024\/10\/RUF2024-1-18x2.jpg 18w, https:\/\/tecnologia.ufpr.br\/ccec\/wp-content\/uploads\/sites\/32\/2024\/10\/RUF2024-1-160x21.jpg 160w, https:\/\/tecnologia.ufpr.br\/ccec\/wp-content\/uploads\/sites\/32\/2024\/10\/RUF2024-1.jpg 1300w\" sizes=\"(max-width: 1024px) 100vw, 1024px\" \/><\/figure>\n\n\n\n<div style=\"height:120px\" aria-hidden=\"true\" class=\"wp-block-spacer\"><\/div>\n\n\n\n<div class=\"wp-block-group is-nowrap is-layout-flex wp-container-core-group-is-layout-4 wp-block-group-is-layout-flex\">\n<div class=\"wp-block-group is-nowrap is-layout-flex wp-container-core-group-is-layout-3 wp-block-group-is-layout-flex\">\n<p>Atualizado em:<\/p>\n<\/div>\n\n\n<div class=\"wp-block-post-date__modified-date wp-block-post-date\"><time datetime=\"2024-10-29T14:40:50-03:00\">29 de October de 2024<\/time><\/div><\/div>","protected":false},"excerpt":{"rendered":"<p>Pr\u00f3xima avalia\u00e7\u00e3o institucional ser\u00e1 publicada aqui Per\u00edodo de avalia\u00e7\u00e3o institucionalLink: Anualmente, a Universidade Federal do Paran\u00e1 aplica um question\u00e1rio online destinado aos alunos para que [&hellip;]<\/p>","protected":false},"author":1,"featured_media":0,"parent":0,"menu_order":0,"comment_status":"closed","ping_status":"closed","template":"","meta":{"footnotes":""},"_links":{"self":[{"href":"https:\/\/tecnologia.ufpr.br\/ccec\/en\/wp-json\/wp\/v2\/pages\/1865"}],"collection":[{"href":"https:\/\/tecnologia.ufpr.br\/ccec\/en\/wp-json\/wp\/v2\/pages"}],"about":[{"href":"https:\/\/tecnologia.ufpr.br\/ccec\/en\/wp-json\/wp\/v2\/types\/page"}],"author":[{"embeddable":true,"href":"https:\/\/tecnologia.ufpr.br\/ccec\/en\/wp-json\/wp\/v2\/users\/1"}],"replies":[{"embeddable":true,"href":"https:\/\/tecnologia.ufpr.br\/ccec\/en\/wp-json\/wp\/v2\/comments?post=1865"}],"version-history":[{"count":16,"href":"https:\/\/tecnologia.ufpr.br\/ccec\/en\/wp-json\/wp\/v2\/pages\/1865\/revisions"}],"predecessor-version":[{"id":7293,"href":"https:\/\/tecnologia.ufpr.br\/ccec\/en\/wp-json\/wp\/v2\/pages\/1865\/revisions\/7293"}],"wp:attachment":[{"href":"https:\/\/tecnologia.ufpr.br\/ccec\/en\/wp-json\/wp\/v2\/media?parent=1865"}],"curies":[{"name":"wp","href":"https:\/\/api.w.org\/{rel}","templated":true}]}}