{"id":13,"date":"2016-04-05T15:39:16","date_gmt":"2016-04-05T15:39:16","guid":{"rendered":"https:\/\/tecnologia.ufpr.br\/cceq\/?page_id=13"},"modified":"2025-11-12T14:57:18","modified_gmt":"2025-11-12T17:57:18","slug":"nucleo-docente-estruturante","status":"publish","type":"page","link":"https:\/\/tecnologia.ufpr.br\/ccec\/en\/nucleo-docente-estruturante\/","title":{"rendered":"NDE &#8211; N\u00facleo Docente Estruturante"},"content":{"rendered":"<div style=\"height:100px\" aria-hidden=\"true\" class=\"wp-block-spacer\"><\/div>\n\n\n\n<h4 class=\"wp-block-heading\"><span style=\"color: #000080;font-size: 14pt\">O que \u00e9 o NDE &#8211; N\u00facleo Docente Estruturante?<\/span><\/h4>\n\n\n\n<hr class=\"wp-block-separator has-alpha-channel-opacity\" \/>\n\n\n\n<p>De acordo com a RESOLU\u00c7\u00c3O N\u00ba 75\/09-CEPE e 34\/11 &#8211; CEPE:<\/p>\n\n\n\n<ul>\n<li>O N\u00facleo Docente Estruturante constitui segmento da estrutura de gest\u00e3o acad\u00eamica em cada Curso de Gradua\u00e7\u00e3o com atribui\u00e7\u00f5es consultivas, propositivas e de assessoria sobre mat\u00e9ria de natureza acad\u00eamica, co-respons\u00e1vel pela elabora\u00e7\u00e3o, implementa\u00e7\u00e3o e consolida\u00e7\u00e3o do Projeto Pedag\u00f3gico de Curso.<\/li>\n<\/ul>\n\n\n\n<h5 class=\"wp-block-heading\"><span style=\"color: #000080\">&nbsp;<span style=\"font-size: 14pt\">Integrantes<\/span><\/span><\/h5>\n\n\n\n<ul>\n<li>O N\u00facleo Docente Estruturante ser\u00e1 constitu\u00eddo pelo(a) Coordenador(a) de Curso, como seu presidente nato, e por pelo menos mais 04 (quatro) docentes atuantes no curso de gradua\u00e7\u00e3o;<\/li>\n\n\n\n<li>O Presidente poder\u00e1 ser substitu\u00eddo por outro docente do curso por ele delegado;<\/li>\n\n\n\n<li>O N\u00facleo Docente Estruturante ser\u00e1 constitu\u00eddo por membros do corpo docente efetivo do curso.<\/li>\n<\/ul>\n\n\n\n<h5 class=\"wp-block-heading\"><span style=\"color: #000080;font-size: 14pt\">Atribui\u00e7\u00f5es<\/span><\/h5>\n\n\n\n<h6 class=\"wp-block-heading\"><span style=\"color: #000080\"><strong>S\u00e3o atribui\u00e7\u00f5es do N\u00facleo Docente Estruturante, entre outras:<\/strong><\/span><\/h6>\n\n\n\n<ul>\n<li>I- contribuir para a consolida\u00e7\u00e3o do perfil profissional do egresso do curso;<\/li>\n\n\n\n<li>II- zelar pela integra\u00e7\u00e3o curricular interdisciplinar entre as diferentes atividades de ensino constantes no curr\u00edculo;<\/li>\n\n\n\n<li>III- indicar formas de incentivo ao desenvolvimento de linhas de pesquisa e extens\u00e3o, oriundas de necessidades da gradua\u00e7\u00e3o, de exig\u00eancias do mercado de trabalho e afinadas com as pol\u00edticas p\u00fablicas relativas \u00e0 \u00e1rea de conhecimento do curso;<\/li>\n\n\n\n<li>IV- zelar pelo cumprimento das Diretrizes Curriculares Nacionais para os Cursos de Gradua\u00e7\u00e3o.<\/li>\n<\/ul>\n\n\n\n<hr class=\"wp-block-separator has-alpha-channel-opacity\" \/>\n\n\n\n<h4 class=\"wp-block-heading\"><span style=\"color: #000080\">Membros do NDE (N\u00facleo Docente Estruturante) do Curso de Engenharia Civil &#8211; UFPR<\/span><\/h4>\n\n\n\n<p>PROFESSOR \/ DEPARTAMENTO \/ E-MAIL<\/p>\n\n\n\n<ul>\n<li><span style=\"color: #000000\">Ana Paula Brand\u00e3o Capraro \/ DCC \/ ana.brandao@ufpr.br<\/span><\/li>\n\n\n\n<li><span style=\"color: #000000\">Elv\u00eddio Gavassoni Neto \/ DCC \/ gavassoni@ufpr.br<\/span><\/li>\n\n\n\n<li><span style=\"color: #000000\">Marienne do Rocio de Mello Maron da Costa \/ DCC \/ mariennecosta@ufpr.br<\/span><\/li>\n\n\n\n<li><span style=\"color: #000000\">Roberta Bomfim Boszczowski<\/span> \/ DCC \/ roberta.bomfim@ufpr.br<\/li>\n\n\n\n<li>Daniel Costa dos Santos \/ DHS \/ dcsantos.dhs@ufpr.br<\/li>\n\n\n\n<li>Willian Bonino Rauen\/ DHS \/ wbr@ufpr.br<\/li>\n\n\n\n<li>Alexandre Guetter \/ DHS \/ guetter.dhs@ufpr.br<\/li>\n\n\n\n<li>Daniane Franciesca Vicentini \/ DTT \/ vicentini@ufpr.br<\/li>\n\n\n\n<li>Diego Fernandes Neris \/ DTT \/ diego.neris@ufpr.br<\/li>\n\n\n\n<li>Jos\u00e9 Thomaz Mendes Filho \/ DTT \/ thomaz@ufpr.br<\/li>\n<\/ul>\n\n\n\n<div style=\"height:100px\" aria-hidden=\"true\" class=\"wp-block-spacer\"><\/div>\n\n\n\n<div class=\"wp-block-group is-nowrap is-layout-flex wp-container-core-group-is-layout-2 wp-block-group-is-layout-flex\">\n<div class=\"wp-block-group is-nowrap is-layout-flex wp-container-core-group-is-layout-1 wp-block-group-is-layout-flex\">\n<p>Atualizado em: <\/p>\n<\/div>\n\n\n<div class=\"wp-block-post-date__modified-date wp-block-post-date\"><time datetime=\"2025-11-12T14:57:18-03:00\">12 de November de 2025<\/time><\/div><\/div>","protected":false},"excerpt":{"rendered":"<p>O que \u00e9 o NDE &#8211; N\u00facleo Docente Estruturante? De acordo com a RESOLU\u00c7\u00c3O N\u00ba 75\/09-CEPE e 34\/11 &#8211; CEPE: &nbsp;Integrantes Atribui\u00e7\u00f5es S\u00e3o atribui\u00e7\u00f5es do [&hellip;]<\/p>","protected":false},"author":1,"featured_media":0,"parent":0,"menu_order":0,"comment_status":"closed","ping_status":"closed","template":"","meta":{"footnotes":""},"_links":{"self":[{"href":"https:\/\/tecnologia.ufpr.br\/ccec\/en\/wp-json\/wp\/v2\/pages\/13"}],"collection":[{"href":"https:\/\/tecnologia.ufpr.br\/ccec\/en\/wp-json\/wp\/v2\/pages"}],"about":[{"href":"https:\/\/tecnologia.ufpr.br\/ccec\/en\/wp-json\/wp\/v2\/types\/page"}],"author":[{"embeddable":true,"href":"https:\/\/tecnologia.ufpr.br\/ccec\/en\/wp-json\/wp\/v2\/users\/1"}],"replies":[{"embeddable":true,"href":"https:\/\/tecnologia.ufpr.br\/ccec\/en\/wp-json\/wp\/v2\/comments?post=13"}],"version-history":[{"count":14,"href":"https:\/\/tecnologia.ufpr.br\/ccec\/en\/wp-json\/wp\/v2\/pages\/13\/revisions"}],"predecessor-version":[{"id":7741,"href":"https:\/\/tecnologia.ufpr.br\/ccec\/en\/wp-json\/wp\/v2\/pages\/13\/revisions\/7741"}],"wp:attachment":[{"href":"https:\/\/tecnologia.ufpr.br\/ccec\/en\/wp-json\/wp\/v2\/media?parent=13"}],"curies":[{"name":"wp","href":"https:\/\/api.w.org\/{rel}","templated":true}]}}