{"id":15,"date":"2016-03-30T17:21:41","date_gmt":"2016-03-30T17:21:41","guid":{"rendered":"https:\/\/tecnologia.ufpr.br\/cbta\/?page_id=15"},"modified":"2016-11-03T12:15:10","modified_gmt":"2016-11-03T12:15:10","slug":"fale-conosco","status":"publish","type":"page","link":"https:\/\/tecnologia.ufpr.br\/cbta\/fale-conosco\/","title":{"rendered":"Fale Conosco"},"content":{"rendered":"<p>Email: <a href=\"mailto:cbta@ufpr.br\">cbta@ufpr.br<\/a><\/p>\n<p>Endere\u00e7o: LABERG (Laborat\u00f3rio de Ergonomia e Usabilidade da UFPR)- RUA FRANCISCO H. DOS SANTOS, 210 &#8211; CENTRO POLIT\u00c9CNICO<\/p>\n","protected":false},"excerpt":{"rendered":"<p>Email: cbta@ufpr.br Endere\u00e7o: LABERG (Laborat\u00f3rio de Ergonomia e Usabilidade da UFPR)- RUA FRANCISCO H. DOS SANTOS, 210 &#8211; CENTRO POLIT\u00c9CNICO<\/p>\n","protected":false},"author":1,"featured_media":0,"parent":0,"menu_order":0,"comment_status":"closed","ping_status":"closed","template":"","meta":{"footnotes":""},"_links":{"self":[{"href":"https:\/\/tecnologia.ufpr.br\/cbta\/wp-json\/wp\/v2\/pages\/15"}],"collection":[{"href":"https:\/\/tecnologia.ufpr.br\/cbta\/wp-json\/wp\/v2\/pages"}],"about":[{"href":"https:\/\/tecnologia.ufpr.br\/cbta\/wp-json\/wp\/v2\/types\/page"}],"author":[{"embeddable":true,"href":"https:\/\/tecnologia.ufpr.br\/cbta\/wp-json\/wp\/v2\/users\/1"}],"replies":[{"embeddable":true,"href":"https:\/\/tecnologia.ufpr.br\/cbta\/wp-json\/wp\/v2\/comments?post=15"}],"version-history":[{"count":3,"href":"https:\/\/tecnologia.ufpr.br\/cbta\/wp-json\/wp\/v2\/pages\/15\/revisions"}],"predecessor-version":[{"id":178,"href":"https:\/\/tecnologia.ufpr.br\/cbta\/wp-json\/wp\/v2\/pages\/15\/revisions\/178"}],"wp:attachment":[{"href":"https:\/\/tecnologia.ufpr.br\/cbta\/wp-json\/wp\/v2\/media?parent=15"}],"curies":[{"name":"wp","href":"https:\/\/api.w.org\/{rel}","templated":true}]}}