{"id":990,"date":"2015-03-05T09:32:10","date_gmt":"2015-03-05T12:32:10","guid":{"rendered":"http:\/\/www.cau.ufpr.br\/?page_id=990"},"modified":"2021-01-22T01:27:57","modified_gmt":"2021-01-22T04:27:57","slug":"apresentacao-2","status":"publish","type":"page","link":"https:\/\/tecnologia.ufpr.br\/cau\/apresentacao-2\/","title":{"rendered":"Apresenta\u00e7\u00e3o"},"content":{"rendered":"\n<p><strong>Curso de Arquitetura e Urbanismo<\/strong><\/p>\n\n\n\n<p><strong>Arquitetura e Urbanismo \u01c0 Feira das Profiss\u00f5es UFPR\/2014<\/strong><\/p>\n\n\n\n<p>O Curso de Arquitetura e Urbanismo da UFPR (<a href=\"http:\/\/www.cau.ufpr.br\/\">www.cau.ufpr.br<\/a>) completou 52 anos em 2014, formando aproximadamente 2500 profissionais que atuam tanto no mercado privado como em \u00f3rg\u00e3os governamentais \u2013 pesquisando, projetando e coordenando a constru\u00e7\u00e3o de edif\u00edcios e seus espa\u00e7os internos e externos, paisagens e espa\u00e7os urbanos, planos diretores de cidades ou o restauro de pr\u00e9dios hist\u00f3ricos (ver <a href=\"http:\/\/vimeo.com\/84249313\">http:\/\/vimeo.com\/84249313<\/a>).<\/p>\n\n\n\n<p><strong>Vagas\/Per\u00edodos\/Objetivos do Curso<\/strong><\/p>\n\n\n\n<p>S\u00e3o oferecidas 60 vagas para ingresso nessa carreira, sendo 20 delas destinadas para as cotas sociais, segundo a legisla\u00e7\u00e3o em vigor na UFPR. Historicamente \u00e9 uma das quatro carreiras mais disputadas no Vestibular da UFPR. O curso \u00e9 de per\u00edodo integral (manh\u00e3s e tardes) e objetiva formar um profissional generalista em cinco ou, no m\u00e1ximo, oito anos ao longo de tr\u00eas etapas: <em>introdut\u00f3rio, profissionalizante e trabalho final de gradua\u00e7\u00e3o<\/em>. O arquiteto e urbanista \u00e9 habilitado para compreender e traduzir as necessidades dos indiv\u00edduos, grupos sociais e comunidades com rela\u00e7\u00e3o \u00e0 concep\u00e7\u00e3o, organiza\u00e7\u00e3o e constru\u00e7\u00e3o do espa\u00e7o exterior e interior; abrangendo a edifica\u00e7\u00e3o, o urbanismo, o paisagismo, assim como a conserva\u00e7\u00e3o e preserva\u00e7\u00e3o do patrim\u00f4nio constru\u00eddo, a prote\u00e7\u00e3o do ambiente natural e a utiliza\u00e7\u00e3o racional dos recursos dispon\u00edveis.<\/p>\n\n\n\n<p><strong>Campo profissional e a forma\u00e7\u00e3o do Arquiteto e Urbanista<\/strong><\/p>\n\n\n\n<p>Arquitetura e Urbanismo constitui um campo de conhecimento interdisciplinar, cujo leque de atividades profissionais compreende o estudo e o projeto dos espa\u00e7os livres e edificados necess\u00e1rios para a vida social e o desenvolvimento humano. Concorrem na forma\u00e7\u00e3o desses profissionais conhecimentos das ci\u00eancias humanas, artes e tecnologia. A Lei N\u00ba 12.378, de 31.12.2010 regulamentou o exerc\u00edcio profissional do Arquiteto e Urbanista no Brasil, fiscalizado pelo Conselho de Arquitetura e Urbanismo do Brasil (<a href=\"http:\/\/www.caubr.gov.br\">www.<strong>caubr<\/strong>.gov.br<\/a>). A habilita\u00e7\u00e3o \u00e9 \u00fanica &#8211; ou seja, <em>n\u00e3o existem modalidades da profiss\u00e3o<\/em>.<\/p>\n\n\n\n<p><strong>Corpo docente e curr\u00edculo do Curso<\/strong><\/p>\n\n\n\n<p>O CAU\/UFPR conta atualmente com 26 professores efetivos e outros 03 tempor\u00e1rios, sendo 22 doutores, 05 mestres e 02 especialistas. Os conte\u00fados essenciais para a gradua\u00e7\u00e3o em Arquitetura e Urbanismo s\u00e3o definidos pela Resolu\u00e7\u00e3o 02-CNE\/MEC, que estabelece as diretrizes curriculares para os cursos de gradua\u00e7\u00e3o nessa \u00e1rea \u2013 compreendendo Conhecimentos de Fundamenta\u00e7\u00e3o, Profissionais e o Trabalho Final de Gradua\u00e7\u00e3o. O curr\u00edculo atual \u00e9 de seria\u00e7\u00e3o semestral e possui 3.960 horas.<\/p>\n\n\n\n<p>(<a href=\"https:\/\/tecnologia.ufpr.br\/cau\/wp-content\/uploads\/sites\/45\/2018\/02\/05.-resol-8613-CEPE-CAU.pdf\">Resolu\u00e7\u00e3o 86\/13 &#8211; CEPE<\/a>):<\/p>\n\n\n\n<p class=\"has-text-align-center\"><strong>Tabela resumo da distribui\u00e7\u00e3o da carga hor\u00e1ria no curr\u00edculo atual:<\/strong><\/p>\n\n\n\n<div class=\"wp-block-image\"><figure class=\"aligncenter size-large\"><img loading=\"lazy\" decoding=\"async\" width=\"604\" height=\"215\" src=\"https:\/\/tecnologia.ufpr.br\/cau\/wp-content\/uploads\/sites\/45\/2021\/01\/Tabela-resumo-da-distribuicao-da-carga-horaria.png\" alt=\"\" class=\"wp-image-2088\" srcset=\"https:\/\/tecnologia.ufpr.br\/cau\/wp-content\/uploads\/sites\/45\/2021\/01\/Tabela-resumo-da-distribuicao-da-carga-horaria.png 604w, https:\/\/tecnologia.ufpr.br\/cau\/wp-content\/uploads\/sites\/45\/2021\/01\/Tabela-resumo-da-distribuicao-da-carga-horaria-300x107.png 300w, https:\/\/tecnologia.ufpr.br\/cau\/wp-content\/uploads\/sites\/45\/2021\/01\/Tabela-resumo-da-distribuicao-da-carga-horaria-160x57.png 160w\" sizes=\"(max-width: 604px) 100vw, 604px\" \/><\/figure><\/div>\n\n\n\n<p><strong>Conhecimentos de Fundamenta\u00e7\u00e3o<\/strong><\/p>\n\n\n\n<p>Est\u00e9tica e Hist\u00f3ria da Arte<br>Estudos Sociais e Econ\u00f4micos<br>Estudos Ambientais<br>Desenho e Meios de Express\u00e3o<br>Mec\u00e2nica\/Est\u00e1tica e Resist\u00eancia dos Materiais<\/p>\n\n\n\n<p><strong>Conhecimentos Profissionais<\/strong><\/p>\n\n\n\n<p>Teoria e Hist\u00f3ria da Arquitetura, do Urbanismo e do Paisagismo<br>Projeto de Arquitetura, do Urbanismo e do Paisagismo<br>Planejamento Urbano e Regional<br>Topografia e Inform\u00e1tica Aplicada<br>Tecnologia da Constru\u00e7\u00e3o (Materiais, Constru\u00e7\u00e3o Civil, Instala\u00e7\u00f5es Prediais)<br>Sistemas Estruturais (Estruturas em Concreto Armado, Met\u00e1licas e de Madeira)<br>Ambiente Constru\u00eddo (Ac\u00fastica, Conforto Ambiental e Sustentabilidade)<br>Patrim\u00f4nio Constru\u00eddo (Teoria e T\u00e9cnicas de Restauro e Preserva\u00e7\u00e3o do Patrim\u00f4nio).<\/p>\n\n\n\n<p><strong>Trabalho Final de Gradua\u00e7\u00e3o (TFG)<\/strong><\/p>\n\n\n\n<p>No CAUUFPR, consiste na pesquisa e desenvolvimento de um projeto de edifica\u00e7\u00e3o ou de espa\u00e7o urbano ou paisag\u00edstico <em>durante o \u00faltimo ano do curso<\/em> \u2013 cujo <em>tema e orientador \u00e9 escolhido pelo estudante<\/em>. Desenvolvido em duas etapas: <em>uma de pesquisa e outra de projeto<\/em>.<\/p>\n\n\n\n<p><strong>Perfil do Candidato<\/strong><\/p>\n\n\n\n<p>O candidato para essa carreira deve desenvolver aptid\u00f5es e habilidades para possuir um <em>olhar sens\u00edvel e cr\u00edtico sobre a hist\u00f3ria da humanidade e suas manifesta\u00e7\u00f5es culturais e tecnol\u00f3gicas<\/em>, atrav\u00e9s do estudo da arquiteturae das artes, do urbanismo e do paisagismo. Assim como, deve <em>se interessar por se atualizar em rela\u00e7\u00e3o aos problemas socioambientais das comunidades, das cidades e do territ\u00f3rio brasileiro<\/em>.O estudante desse curso deve <em>aprender a desenhar e expressar suas ideias graficamente<\/em>. O vestibular para ingresso ao Curso inclui uma prova de habilidades espec\u00edficas, de car\u00e1ter classificat\u00f3rio. O objetivo desse exame \u00e9 verificar o dom\u00ednio e habilidades do candidato (a) em rela\u00e7\u00e3o \u00e0: percep\u00e7\u00e3o e representa\u00e7\u00e3o espacial; composi\u00e7\u00e3o no plano bidimensional; t\u00e9cnicas de representa\u00e7\u00e3o de suas ideias atrav\u00e9s do desenho.<\/p>\n\n\n\n<p><strong>Pesquisa e Extens\u00e3o\/P\u00f3s-gradua\u00e7\u00e3o<\/strong><\/p>\n\n\n\n<p>O Curso propicia a participa\u00e7\u00e3o em atividades de inicia\u00e7\u00e3o ao ensino, \u00e0 pesquisa e \u00e0 extens\u00e3o desenvolvidas em seis laborat\u00f3rios: computa\u00e7\u00e3o gr\u00e1fica, urbanismo e habita\u00e7\u00e3o, conforto ambiental, maquetes, projeto e paisagem, e geoprocessamento \u2013 al\u00e9m, da Biblioteca Setorial. O interc\u00e2mbio nacional e internacional \u00e9 estimulado, permitindo ao estudante realizar um semestre ou ano letivo em outra institui\u00e7\u00e3o no pa\u00eds ou exterioratrav\u00e9sde programas da UFPR e do Governo Federal (AUGM e Ci\u00eancias Sem Fronteiras\/CNPq). Em 2014 ser\u00e1 ofertada a especializa\u00e7\u00e3o em Projeto e Paisagem Urbana (in\u00edcio set\/2014) e um novo curso de Mestrado em Planejamento Urbano e Regional iniciar\u00e1 em mar\u00e7o de 2015.<\/p>\n\n\n\n<p><strong>Infraestrutura<\/strong><\/p>\n\n\n\n<p>As atividades do Curso se desenvolvem integralmente no Bloco D do Centro Polit\u00e9cnico da UFPR, em 06 ateli\u00eas, 05 salas multim\u00eddia e 06 laborat\u00f3rios. Os espa\u00e7os de ensino e aprendizagem do CAU\/UFPR s\u00e3o amplos e modernos, dispondo de mobili\u00e1rio adequado e equipamentos de inform\u00e1tica com softwares compat\u00edveis, rede WIFI, projetores multim\u00eddia, etc. O Curso disp\u00f5e ainda de um espa\u00e7o coberto de conviv\u00eancia e de uma sede pr\u00f3pria para o Gr\u00eamio de Arquitetura e Urbanismo (<a href=\"mailto:ufpr.gau@gmail.com\">ufpr.gau@gmail.com<\/a>).<\/p>\n\n\n\n<p class=\"has-text-align-center\"><strong>Curso de Arquitetura e Urbanismo da UFPR<\/strong><\/p>\n\n\n\n<p class=\"has-text-align-center\">Setor de Tecnologia da UFPR \u2502 Departamento de Arquitetura e Urbanismo<br>Rua Francisco H. dos Santos, 100 |Centro Polit\u00e9cnico |Caixa Postal 19.011<br>CEP 81530-990 \u2013 Curitiba, Paran\u00e1 \u2502<br>Telefone\/Fax: (41) 3361 3084\/3085 | Internet:<a href=\"http:\/\/www.cau.ufpr.br\">www.cau.ufpr.br<\/a><\/p>\n","protected":false},"excerpt":{"rendered":"<p>Curso de Arquitetura e Urbanismo Arquitetura e Urbanismo \u01c0 Feira das Profiss\u00f5es UFPR\/2014 O Curso de Arquitetura e Urbanismo da UFPR (www.cau.ufpr.br) completou 52 anos em 2014, formando aproximadamente 2500 profissionais que atuam tanto no mercado privado como em \u00f3rg\u00e3os governamentais \u2013 pesquisando, projetando e coordenando a constru\u00e7\u00e3o de edif\u00edcios e seus espa\u00e7os internos e [&hellip;]<\/p>\n","protected":false},"author":1078,"featured_media":0,"parent":0,"menu_order":0,"comment_status":"open","ping_status":"open","template":"","meta":{"footnotes":""},"_links":{"self":[{"href":"https:\/\/tecnologia.ufpr.br\/cau\/wp-json\/wp\/v2\/pages\/990"}],"collection":[{"href":"https:\/\/tecnologia.ufpr.br\/cau\/wp-json\/wp\/v2\/pages"}],"about":[{"href":"https:\/\/tecnologia.ufpr.br\/cau\/wp-json\/wp\/v2\/types\/page"}],"author":[{"embeddable":true,"href":"https:\/\/tecnologia.ufpr.br\/cau\/wp-json\/wp\/v2\/users\/1078"}],"replies":[{"embeddable":true,"href":"https:\/\/tecnologia.ufpr.br\/cau\/wp-json\/wp\/v2\/comments?post=990"}],"version-history":[{"count":12,"href":"https:\/\/tecnologia.ufpr.br\/cau\/wp-json\/wp\/v2\/pages\/990\/revisions"}],"predecessor-version":[{"id":2095,"href":"https:\/\/tecnologia.ufpr.br\/cau\/wp-json\/wp\/v2\/pages\/990\/revisions\/2095"}],"wp:attachment":[{"href":"https:\/\/tecnologia.ufpr.br\/cau\/wp-json\/wp\/v2\/media?parent=990"}],"curies":[{"name":"wp","href":"https:\/\/api.w.org\/{rel}","templated":true}]}}