{"id":957,"date":"2015-03-04T14:40:56","date_gmt":"2015-03-04T17:40:56","guid":{"rendered":"http:\/\/www.cau.ufpr.br\/?page_id=957"},"modified":"2025-12-10T15:26:02","modified_gmt":"2025-12-10T18:26:02","slug":"calendario-academico","status":"publish","type":"page","link":"https:\/\/tecnologia.ufpr.br\/cau\/calendario-academico\/","title":{"rendered":"Calend\u00e1rio"},"content":{"rendered":"\n<h3 class=\"wp-block-heading\">Calend\u00e1rio acad\u00eamico 2025<\/h3>\n\n\n\n<p><a href=\"https:\/\/soc.ufpr.br\/wp-content\/uploads\/2024\/12\/RESOLUCAO-No-19-24-CEPE-1.pdf\">RESOLU\u00c7\u00c3O N\u00ba 19\/24-CEPE (geral):<\/a>\u00a0Estabelece o calend\u00e1rio acad\u00eamico dos cursos de gradua\u00e7\u00e3o e educa\u00e7\u00e3o profissional e tecnol\u00f3gica da Universidade Federal do Paran\u00e1 para o ano letivo de 2025 (disciplinas de 15 a 18 semanas no semestre).<\/p>\n\n\n\n<h3 class=\"wp-block-heading\">Calend\u00e1rio acad\u00eamico 2026<\/h3>\n\n\n\n<p><a href=\"https:\/\/soc.ufpr.br\/wp-content\/uploads\/2025\/11\/Res.-no-22-25-CEPE-.pdf\">RESOLU\u00c7\u00c3O N\u00ba22\/25-CEPE:<\/a> Estabelece o calend\u00e1rio acad\u00eamico dos cursos de gradua\u00e7\u00e3o e educa\u00e7\u00e3o profissional e tecnol\u00f3gica da Universidade Federal do Paran\u00e1 para o ano letivo de 2026 (disciplinas de 15 a 18 semanas no semestre).<\/p>\n\n\n\n<p><br><\/p>\n","protected":false},"excerpt":{"rendered":"<p>Calend\u00e1rio acad\u00eamico 2025 RESOLU\u00c7\u00c3O N\u00ba 19\/24-CEPE (geral):\u00a0Estabelece o calend\u00e1rio acad\u00eamico dos cursos de gradua\u00e7\u00e3o e educa\u00e7\u00e3o profissional e tecnol\u00f3gica da Universidade Federal do Paran\u00e1 para o ano letivo de 2025 (disciplinas de 15 a 18 semanas no semestre). Calend\u00e1rio acad\u00eamico 2026 RESOLU\u00c7\u00c3O N\u00ba22\/25-CEPE: Estabelece o calend\u00e1rio acad\u00eamico dos cursos de gradua\u00e7\u00e3o e educa\u00e7\u00e3o profissional e [&hellip;]<\/p>\n","protected":false},"author":1077,"featured_media":0,"parent":0,"menu_order":0,"comment_status":"open","ping_status":"open","template":"","meta":{"footnotes":""},"_links":{"self":[{"href":"https:\/\/tecnologia.ufpr.br\/cau\/wp-json\/wp\/v2\/pages\/957"}],"collection":[{"href":"https:\/\/tecnologia.ufpr.br\/cau\/wp-json\/wp\/v2\/pages"}],"about":[{"href":"https:\/\/tecnologia.ufpr.br\/cau\/wp-json\/wp\/v2\/types\/page"}],"author":[{"embeddable":true,"href":"https:\/\/tecnologia.ufpr.br\/cau\/wp-json\/wp\/v2\/users\/1077"}],"replies":[{"embeddable":true,"href":"https:\/\/tecnologia.ufpr.br\/cau\/wp-json\/wp\/v2\/comments?post=957"}],"version-history":[{"count":19,"href":"https:\/\/tecnologia.ufpr.br\/cau\/wp-json\/wp\/v2\/pages\/957\/revisions"}],"predecessor-version":[{"id":4930,"href":"https:\/\/tecnologia.ufpr.br\/cau\/wp-json\/wp\/v2\/pages\/957\/revisions\/4930"}],"wp:attachment":[{"href":"https:\/\/tecnologia.ufpr.br\/cau\/wp-json\/wp\/v2\/media?parent=957"}],"curies":[{"name":"wp","href":"https:\/\/api.w.org\/{rel}","templated":true}]}}